{"id":1,"date":"2009-05-21T11:58:14","date_gmt":"2009-05-21T15:58:14","guid":{"rendered":""},"modified":"2009-07-01T19:33:58","modified_gmt":"2009-07-01T23:33:58","slug":"about","status":"publish","type":"page","link":"https:\/\/blog.espol.edu.ec\/pdel\/about\/","title":{"rendered":"LO \u00daLTIMO EN TECNOLOG\u00cdA DE TELEVISORES SAMSUNG"},"content":{"rendered":"<h2 class=\"topic-title\"><a name=\"42151\" href=\"http:\/\/virtualnextgen.superforo.net\/nuevas-tecnologas-f58\/los-nuevos-televisores-de-samsung-llevan-iluminacin-led-t3847.htm#42151\">Los nuevos televisores de Samsung llevan iluminaci\u00f3n LED<\/a><\/h2>\n<p class=\"author\"><img decoding=\"async\" src=\"http:\/\/illiweb.com\/fa\/bbtech\/icon_minipost.gif\" alt=\"Mensaje\" \/> por\u00a0<a href=\"http:\/\/virtualnextgen.superforo.net\/profile.forum?mode=viewprofile&amp;u=1\"><span style=\"color: #ce7905\"><strong>Makeijan<\/strong><\/span><\/a> el Mar Ene 13, 2009 3:20 pm<\/p>\n<div class=\"content clearfix\"><!--  google_ad_section_start --><a href=\"http:\/\/www.flickr.com\/photos\/26158685@N04\/3191225162\/\" target=\"_blank\"><img decoding=\"async\" src=\"http:\/\/farm4.static.flickr.com\/3259\/3191225162_6361dab46a_o.jpg\" alt=\"\" \/><\/a><br \/>\n<a href=\"http:\/\/www.flickr.com\/photos\/26158685@N04\/3176810930\/\" target=\"_blank\"><img decoding=\"async\" src=\"http:\/\/farm4.static.flickr.com\/3306\/3176810930_8bb0621e87_o.jpg\" alt=\"\" \/><\/a><br \/>\nEn los <strong>televisores de cristal l\u00edquido (LCD) <\/strong>el <strong>negro nunca es negro<\/strong> de verdad. <strong>Es gris.<\/strong> En las escenas nocturnas de las pel\u00edculas, la noche nunca se ve real y <strong>en esas im\u00e1genes oscuras no terminan de distinguirse bien los objetos y las personas. <\/strong>Al final, por mucho que traten de enga\u00f1arnos con sus cifras las firmas de electr\u00f3nica, el contraste de los televisores de cristal l\u00edquido nunca termina de ser suficientemente bueno (y eso que estas teles LCD son muy buenas representando los blancos). Esto es lo que tratan de solucionar los \u00faltimos televisores de <strong>Samsung <\/strong>de las seires <strong>8000, 7000 y 6000 <\/strong>con la<strong> retroilumuinaci\u00f3n <\/strong>de sus pantallas a base de <strong>diodos LED <\/strong>que la firma <strong>coreana <\/strong>tiene previsto lanzar al mercado.<br \/>\nLos grandes fabricantes de televisores llevan tiempo tratando de resolver este problema y la soluci\u00f3n m\u00e1s efectiva que han encontrado tiene que ver con el uso de <strong>diodos LED para iluminar la pantalla<\/strong>. En lugar de colocar en la parte trasera l\u00e1mparas fluorescentes de catodos fr\u00edos (<strong>CCFL<\/strong>), estas teles LCD <strong>usan diodos LED<\/strong> que son muy r\u00e1pidas a la hora de encenderse y apagarse. Estos <strong>diodos hiperluminosos no est\u00e1n siempre encendidos. Se apagan cuando la imagen es negra del todo. <\/strong>Y \u00e9sa es la clave.<br \/>\nEn el <strong><a href=\"http:\/\/www.tuexperto.com\/tag\/ces-2009\" target=\"_blank\"><span style=\"color: cyan\">CES 2009<\/span><\/a><\/strong> <strong><a href=\"http:\/\/www.tuexperto.com\/tag\/samsung\" target=\"_blank\"><span style=\"color: cyan\">Samsung<\/span><\/a><\/strong> ha presentado esta <strong>nueva colecci\u00f3n de televisores<\/strong> que funcionan con <strong>iluminaci\u00f3n LED<\/strong>. Unos televisores que destacan por su <strong>escaso grosor<\/strong>, cualidad que permite <strong>dise\u00f1os m\u00e1s art\u00edstico<\/strong>s y, lo que es m\u00e1s importante, un <strong>ahorro considerable en el gasto de energ\u00eda<\/strong><br \/>\n<a href=\"http:\/\/www.flickr.com\/photos\/26158685@N04\/3191220230\/\" target=\"_blank\"><img decoding=\"async\" src=\"http:\/\/farm4.static.flickr.com\/3335\/3191220230_be42bc5e48_o.jpg\" alt=\"\" \/><\/a><\/p>\n<p>Como a\u00f1adido \u00fatil, la mayor\u00eda de estos televisores contar\u00e1n <strong>con conexi\u00f3n a algunos servicios de Internet<\/strong> como <strong><a href=\"http:\/\/www.tuexperto.com\/tag\/flickr\" target=\"_blank\"><span style=\"color: cyan\">Flickr<\/span><\/a><\/strong>, <strong><a href=\"http:\/\/www.tuexperto.com\/tag\/yahoo\" target=\"_blank\"><span style=\"color: cyan\">Yahoo<\/span><\/a><\/strong> o incluso <strong>usar\u00e1n el servicio InfoLink<\/strong> como lector de <strong>feeds RSS<\/strong> para recibir las \u00faltimas noticias. De momento, el <strong>precio y la fecha de salida<\/strong> de estos televisores, todav\u00eda es una inc\u00f3gnita.<\/div>\n<p><object width=\"425\" height=\"344\"><param name=\"movie\" value=\"http:\/\/www.youtube.com\/v\/fsnzA3B4qps&amp;hl=es&amp;fs=1&amp;\"><\/param><param name=\"allowFullScreen\" value=\"true\"><\/param><param name=\"allowscriptaccess\" value=\"always\"><\/param><embed src=\"http:\/\/www.youtube.com\/v\/fsnzA3B4qps&amp;hl=es&amp;fs=1&amp;\" type=\"application\/x-shockwave-flash\" width=\"425\" height=\"344\"><\/embed><\/object><br \/>\n<object width=\"425\" height=\"344\"><param name=\"movie\" value=\"http:\/\/www.youtube.com\/v\/Pt7MAbRrifM&amp;hl=es&amp;fs=1&amp;\"><\/param><param name=\"allowFullScreen\" value=\"true\"><\/param><param name=\"allowscriptaccess\" value=\"always\"><\/param><embed src=\"http:\/\/www.youtube.com\/v\/Pt7MAbRrifM&amp;hl=es&amp;fs=1&amp;\" type=\"application\/x-shockwave-flash\" width=\"425\" height=\"344\"><\/embed><\/object><br \/>\n<object width=\"560\" height=\"340\"><param name=\"movie\" value=\"http:\/\/www.youtube.com\/v\/kTTkcw4EBUA&amp;hl=es&amp;fs=1&amp;\"><\/param><param name=\"allowFullScreen\" value=\"true\"><\/param><param name=\"allowscriptaccess\" value=\"always\"><\/param><embed src=\"http:\/\/www.youtube.com\/v\/kTTkcw4EBUA&amp;hl=es&amp;fs=1&amp;\" type=\"application\/x-shockwave-flash\" width=\"560\" height=\"340\"><\/embed><\/object><\/p>\n","protected":false},"excerpt":{"rendered":"<p>Los nuevos televisores de Samsung llevan iluminaci\u00f3n LED por\u00a0Makeijan el Mar Ene 13, 2009 3:20 pm En los televisores de cristal l\u00edquido (LCD) el negro nunca es negro de verdad. Es gris. En las escenas nocturnas de las pel\u00edculas, la noche nunca se ve real y en esas im\u00e1genes oscuras no terminan de distinguirse bien [&hellip;]<\/p>\n","protected":false},"author":1600,"featured_media":0,"parent":0,"menu_order":0,"comment_status":"open","ping_status":"open","template":"","meta":{"footnotes":""},"class_list":["post-1","page","type-page","status-publish","hentry"],"_links":{"self":[{"href":"https:\/\/blog.espol.edu.ec\/pdel\/wp-json\/wp\/v2\/pages\/1","targetHints":{"allow":["GET"]}}],"collection":[{"href":"https:\/\/blog.espol.edu.ec\/pdel\/wp-json\/wp\/v2\/pages"}],"about":[{"href":"https:\/\/blog.espol.edu.ec\/pdel\/wp-json\/wp\/v2\/types\/page"}],"author":[{"embeddable":true,"href":"https:\/\/blog.espol.edu.ec\/pdel\/wp-json\/wp\/v2\/users\/1600"}],"replies":[{"embeddable":true,"href":"https:\/\/blog.espol.edu.ec\/pdel\/wp-json\/wp\/v2\/comments?post=1"}],"version-history":[{"count":5,"href":"https:\/\/blog.espol.edu.ec\/pdel\/wp-json\/wp\/v2\/pages\/1\/revisions"}],"predecessor-version":[{"id":34,"href":"https:\/\/blog.espol.edu.ec\/pdel\/wp-json\/wp\/v2\/pages\/1\/revisions\/34"}],"wp:attachment":[{"href":"https:\/\/blog.espol.edu.ec\/pdel\/wp-json\/wp\/v2\/media?parent=1"}],"curies":[{"name":"wp","href":"https:\/\/api.w.org\/{rel}","templated":true}]}}