{"id":276,"date":"2011-09-30T23:48:23","date_gmt":"2011-10-01T03:48:23","guid":{"rendered":"http:\/\/blog.espol.edu.ec\/pechever\/?page_id=276"},"modified":"2011-09-30T23:50:26","modified_gmt":"2011-10-01T03:50:26","slug":"aps-proyectos-primer-termino-2011-instituto-de-ciencias-matematicas-espol","status":"publish","type":"page","link":"https:\/\/blog.espol.edu.ec\/pechever\/aps-proyectos-primer-termino-2011-instituto-de-ciencias-matematicas-espol\/","title":{"rendered":"Advanced Planning and Schedulling"},"content":{"rendered":"<p><iframe loading=\"lazy\" width=\"560\" height=\"315\" src=\"http:\/\/www.youtube.com\/embed\/FrI9rdinKxQ\" frameborder=\"0\" allowfullscreen><\/iframe><br \/>\nControl \u00d3ptimo En Sistemas MAKE-TO-ORDER<\/p>\n<p><iframe loading=\"lazy\" width=\"560\" height=\"315\" src=\"http:\/\/www.youtube.com\/embed\/KAbgx1OZ5Z4\" frameborder=\"0\" allowfullscreen><\/iframe><br \/>\nOptimizaci\u00f3n Del Dise\u00f1o De Una Bodega Y Asignaci\u00f3n De Actividades Para Montacargas<\/p>\n<p><iframe loading=\"lazy\" width=\"560\" height=\"315\" src=\"http:\/\/www.youtube.com\/embed\/4J8v7M7Hazg\" frameborder=\"0\" allowfullscreen><\/iframe><br \/>\nImplementaci\u00f3n De Un Problema De Ruteo Vehicular Con Ventanas De Tiempo (VRPTW)<\/p>\n<p><iframe loading=\"lazy\" width=\"560\" height=\"315\" src=\"http:\/\/www.youtube.com\/embed\/HDmJ4RCWS54\" frameborder=\"0\" allowfullscreen><\/iframe><br \/>\nProgramaci\u00f3n Entera Mixta Para Redistribuci\u00f3n De Antenas Inal\u00e1mbricas<\/p>\n<p><iframe loading=\"lazy\" width=\"560\" height=\"315\" src=\"http:\/\/www.youtube.com\/embed\/us0MHL5qsYc\" frameborder=\"0\" allowfullscreen><\/iframe><br \/>\nUn Problema Log\u00edstico De Programaci\u00f3n De Veh\u00edculos Con Ventanas De Tiempo (VRPTW)<\/p>\n<p><iframe loading=\"lazy\" width=\"560\" height=\"315\" src=\"http:\/\/www.youtube.com\/embed\/BB9kIKjgNKw\" frameborder=\"0\" allowfullscreen><\/iframe><br \/>\nElaboraci\u00f3n De Un Algoritmo Para Recorrer La Bodega En El Proceso De Picking<\/p>\n","protected":false},"excerpt":{"rendered":"<p>Control \u00d3ptimo En Sistemas MAKE-TO-ORDER Optimizaci\u00f3n Del Dise\u00f1o De Una Bodega Y Asignaci\u00f3n De Actividades Para Montacargas Implementaci\u00f3n De Un Problema De Ruteo Vehicular Con Ventanas De Tiempo (VRPTW) Programaci\u00f3n Entera Mixta Para Redistribuci\u00f3n De Antenas Inal\u00e1mbricas Un Problema Log\u00edstico &hellip; <a href=\"https:\/\/blog.espol.edu.ec\/pechever\/aps-proyectos-primer-termino-2011-instituto-de-ciencias-matematicas-espol\/\">Sigue leyendo <span class=\"meta-nav\">&rarr;<\/span><\/a><\/p>\n","protected":false},"author":5,"featured_media":0,"parent":0,"menu_order":0,"comment_status":"open","ping_status":"open","template":"","meta":{"_monsterinsights_skip_tracking":false,"_monsterinsights_sitenote_active":false,"_monsterinsights_sitenote_note":"","_monsterinsights_sitenote_category":0,"footnotes":""},"class_list":["post-276","page","type-page","status-publish","hentry"],"_links":{"self":[{"href":"https:\/\/blog.espol.edu.ec\/pechever\/wp-json\/wp\/v2\/pages\/276","targetHints":{"allow":["GET"]}}],"collection":[{"href":"https:\/\/blog.espol.edu.ec\/pechever\/wp-json\/wp\/v2\/pages"}],"about":[{"href":"https:\/\/blog.espol.edu.ec\/pechever\/wp-json\/wp\/v2\/types\/page"}],"author":[{"embeddable":true,"href":"https:\/\/blog.espol.edu.ec\/pechever\/wp-json\/wp\/v2\/users\/5"}],"replies":[{"embeddable":true,"href":"https:\/\/blog.espol.edu.ec\/pechever\/wp-json\/wp\/v2\/comments?post=276"}],"version-history":[{"count":5,"href":"https:\/\/blog.espol.edu.ec\/pechever\/wp-json\/wp\/v2\/pages\/276\/revisions"}],"predecessor-version":[{"id":281,"href":"https:\/\/blog.espol.edu.ec\/pechever\/wp-json\/wp\/v2\/pages\/276\/revisions\/281"}],"wp:attachment":[{"href":"https:\/\/blog.espol.edu.ec\/pechever\/wp-json\/wp\/v2\/media?parent=276"}],"curies":[{"name":"wp","href":"https:\/\/api.w.org\/{rel}","templated":true}]}}