{"id":35,"date":"2009-04-15T13:19:35","date_gmt":"2009-04-15T17:19:35","guid":{"rendered":"http:\/\/blog.espol.edu.ec\/pechever\/?page_id=35"},"modified":"2009-05-31T16:38:25","modified_gmt":"2009-05-31T20:38:25","slug":"tecnologias-aplicadas-al-internet","status":"publish","type":"page","link":"https:\/\/blog.espol.edu.ec\/pechever\/tecnologias-aplicadas-al-internet\/","title":{"rendered":"Tecnolog\u00edas aplicadas al Internet"},"content":{"rendered":"<p>1. <strong>Wikininomic en diapositivas<\/strong><br \/>\nComo parte del contenido se presentan algunos medios que fueron utilizados en clase y la investigaci\u00f3n de la influencia de la Web 2.0.<\/p>\n<p><a href='http:\/\/blog.espol.edu.ec\/pechever\/tecnologias-aplicadas-al-internet\/the-prosumers-wikinomics\/' rel='attachment wp-att-44'>Prosumers<\/a><br \/>\n<a href='http:\/\/blog.espol.edu.ec\/pechever\/tecnologias-aplicadas-al-internet\/los-neoalejandrinos\/' rel='attachment wp-att-48'>Los Neoalejandrinos<\/a><br \/>\n<a href='http:\/\/blog.espol.edu.ec\/pechever\/tecnologias-aplicadas-al-internet\/ideagoras\/' rel='attachment wp-att-51'>Ideagoras<\/a><br \/>\n<a href='http:\/\/blog.espol.edu.ec\/pechever\/files\/2009\/04\/la-planta-de-produccion-global.ppt'>La Planta de Producci\u00f3n Global<\/a>Esta p\u00e1gina est\u00e1 en desarrollo.... disculpas por las molestias<\/p>\n<p>2. <strong>Seo On Page<\/strong><br \/>\nEn esta materia los estudiantes del <a href=\"http:\/\/www.msig.espol.edu.ec\">MSIG<\/a>, hacen analisis de <a href=\"http:\/\/blog.espol.edu.ec\/pechever\/2009\/05\/31\/analisis-de-on-page-seo-y-off-page-seo-de-empresas-ecuatorianas\/\">SEO On Page de algunas empresas del Ecuador<\/a>, espero que sus resultados sean utilizados por las mismas ya fueron desarrolladas en el Mes de Marzo 2009.<\/p>\n","protected":false},"excerpt":{"rendered":"<p>1. Wikininomic en diapositivas Como parte del contenido se presentan algunos medios que fueron utilizados en clase y la investigaci\u00f3n de la influencia de la Web 2.0. Prosumers Los Neoalejandrinos Ideagoras La Planta de Producci\u00f3n GlobalEsta p\u00e1gina est\u00e1 en desarrollo.... &hellip; <a href=\"https:\/\/blog.espol.edu.ec\/pechever\/tecnologias-aplicadas-al-internet\/\">Sigue leyendo <span class=\"meta-nav\">&rarr;<\/span><\/a><\/p>\n","protected":false},"author":5,"featured_media":0,"parent":0,"menu_order":0,"comment_status":"open","ping_status":"open","template":"","meta":{"_monsterinsights_skip_tracking":false,"_monsterinsights_sitenote_active":false,"_monsterinsights_sitenote_note":"","_monsterinsights_sitenote_category":0,"footnotes":""},"class_list":["post-35","page","type-page","status-publish","hentry"],"_links":{"self":[{"href":"https:\/\/blog.espol.edu.ec\/pechever\/wp-json\/wp\/v2\/pages\/35","targetHints":{"allow":["GET"]}}],"collection":[{"href":"https:\/\/blog.espol.edu.ec\/pechever\/wp-json\/wp\/v2\/pages"}],"about":[{"href":"https:\/\/blog.espol.edu.ec\/pechever\/wp-json\/wp\/v2\/types\/page"}],"author":[{"embeddable":true,"href":"https:\/\/blog.espol.edu.ec\/pechever\/wp-json\/wp\/v2\/users\/5"}],"replies":[{"embeddable":true,"href":"https:\/\/blog.espol.edu.ec\/pechever\/wp-json\/wp\/v2\/comments?post=35"}],"version-history":[{"count":18,"href":"https:\/\/blog.espol.edu.ec\/pechever\/wp-json\/wp\/v2\/pages\/35\/revisions"}],"predecessor-version":[{"id":139,"href":"https:\/\/blog.espol.edu.ec\/pechever\/wp-json\/wp\/v2\/pages\/35\/revisions\/139"}],"wp:attachment":[{"href":"https:\/\/blog.espol.edu.ec\/pechever\/wp-json\/wp\/v2\/media?parent=35"}],"curies":[{"name":"wp","href":"https:\/\/api.w.org\/{rel}","templated":true}]}}