{"id":1,"date":"2009-01-30T15:03:19","date_gmt":"2009-01-30T20:03:19","guid":{"rendered":""},"modified":"2009-12-24T00:43:00","modified_gmt":"2009-12-24T05:43:00","slug":"about","status":"publish","type":"page","link":"https:\/\/blog.espol.edu.ec\/people\/about\/","title":{"rendered":"Acerca del Autor"},"content":{"rendered":"<p>Lo primero que se preguntar\u00e1n es \u00bfpor qu\u00e9 el blog se llama people?. Bueno realmente este blog lo dise\u00f1\u00e9 pensando en la gente (PEOPLE),\u00a0aqu\u00ed encontrar\u00e1s\u00a0informaci\u00f3n variada con respecto a mi peque\u00f1a experiencia sobre la edici\u00f3n de videos, esperando que sea de su agrado.<\/p>\n<p><strong><span style=\"font-family: mceinline\">Algo de mi:<\/span><\/strong><\/p>\n<p>Nombres: Erika Perugachi<\/p>\n<p>Edad: 20 a\u00f1os<\/p>\n<p>Actividades:<\/p>\n<p>*Estudiante de la ESPOL de Ingenier\u00eda en Computaci\u00f3n en Sistemas Multimedia.<\/p>\n<p>*Editora de videos en el Centro de Desarrollo de Emprendedores -\u00a0<a href=\"http:\/\/www.ceemp.espol.edu.ec\" target=\"_blank\">CEEMP<\/a><\/p>\n<p>*Editora de videos por diversi\u00f3n [<a href=\"http:\/\/www.youtube.com\/erikaperugachi\" target=\"_blank\">portfolio<\/a>]<\/p>\n<p>*Vicepresidenta de Marketing y Relaciones P\u00fablicas de Club de Emprendedores ESPOL - <a href=\"http:\/\/blog.espol.edu.ec\/clubemprendedores\" target=\"_self\">CE<\/a><\/p>\n<p>Ciudad, pa\u00eds: Guayaquil - Ecuador<\/p>\n<p>Si deseas que toque alg\u00fan tema en especial, s\u00f3lo escr\u00edbeme <a href=\"mailto:erisperu@espol.edu.ec\">eperugac@fiec.espol.edu.ec<\/a> y lo har\u00e9 con gusto!!<\/p>\n","protected":false},"excerpt":{"rendered":"<p>Lo primero que se preguntar\u00e1n es \u00bfpor qu\u00e9 el blog se llama people?. Bueno realmente este blog lo dise\u00f1\u00e9 pensando en la gente (PEOPLE),\u00a0aqu\u00ed encontrar\u00e1s\u00a0informaci\u00f3n variada con respecto a mi peque\u00f1a experiencia sobre la edici\u00f3n de videos, esperando que sea de su agrado. Algo de mi: Nombres: Erika Perugachi Edad: 20 a\u00f1os Actividades: *Estudiante de [&hellip;]<\/p>\n","protected":false},"author":92,"featured_media":0,"parent":0,"menu_order":0,"comment_status":"open","ping_status":"open","template":"","meta":{"footnotes":""},"class_list":["post-1","page","type-page","status-publish","hentry"],"_links":{"self":[{"href":"https:\/\/blog.espol.edu.ec\/people\/wp-json\/wp\/v2\/pages\/1","targetHints":{"allow":["GET"]}}],"collection":[{"href":"https:\/\/blog.espol.edu.ec\/people\/wp-json\/wp\/v2\/pages"}],"about":[{"href":"https:\/\/blog.espol.edu.ec\/people\/wp-json\/wp\/v2\/types\/page"}],"author":[{"embeddable":true,"href":"https:\/\/blog.espol.edu.ec\/people\/wp-json\/wp\/v2\/users\/92"}],"replies":[{"embeddable":true,"href":"https:\/\/blog.espol.edu.ec\/people\/wp-json\/wp\/v2\/comments?post=1"}],"version-history":[{"count":12,"href":"https:\/\/blog.espol.edu.ec\/people\/wp-json\/wp\/v2\/pages\/1\/revisions"}],"predecessor-version":[{"id":164,"href":"https:\/\/blog.espol.edu.ec\/people\/wp-json\/wp\/v2\/pages\/1\/revisions\/164"}],"wp:attachment":[{"href":"https:\/\/blog.espol.edu.ec\/people\/wp-json\/wp\/v2\/media?parent=1"}],"curies":[{"name":"wp","href":"https:\/\/api.w.org\/{rel}","templated":true}]}}