{"id":299,"date":"2009-04-26T20:58:42","date_gmt":"2009-04-27T01:58:42","guid":{"rendered":"http:\/\/blog.espol.edu.ec\/people\/?page_id=299"},"modified":"2009-09-28T01:16:54","modified_gmt":"2009-09-28T06:16:54","slug":"galeria-blogs","status":"publish","type":"page","link":"https:\/\/blog.espol.edu.ec\/people\/galeria-blogs\/","title":{"rendered":"Galer\u00eda Blogs"},"content":{"rendered":"<p>Esta es la galer\u00eda de <span style=\"text-decoration: underline\">\"Blogs Recomendados\"<\/span> aqu\u00ed podr\u00e1s ver im\u00e1genes de algunos blogs. Puedes copiar los c\u00f3digos y pegarlos en tu blog, web, etc., podr\u00e1s escoger que blog deseas recomendar!!!...<\/p>\n<p>Si no tienes una imagen, para recomendar tu propio blog, haz click aqui:<span style=\"color: #333399\"><strong><a title=\"Im\u00e1genes para blogs\" href=\"http:\/\/blog.espol.edu.ec\/people\/imagenes-para-blogs\/\">Im\u00e1genes para Blogs<\/a><\/strong><\/span><\/p>\n<p style=\"text-align: center\"><img loading=\"lazy\" decoding=\"async\" class=\"alignnone size-full wp-image-291\" src=\"http:\/\/blog.espol.edu.ec\/people\/files\/2009\/04\/people1.png\" alt=\"people1\" width=\"150\" height=\"50\" \/><\/p>\n<p style=\"text-align: center\"><textarea rows=\"2\" cols=\"60\"><a href=\"http:\/\/blog.espol.edu.ec\/people\"><img loading=\"lazy\" decoding=\"async\" border=\"0\" height=\"50\" width=\"150\" src=\"http:\/\/blog.espol.edu.ec\/people\/files\/2009\/04\/people2.png\" \/><\/a><\/textarea><\/p>\n<p><a href=\"http:\/\/blog.espol.edu.ec\/clubemprendedores\"><img loading=\"lazy\" decoding=\"async\" border=\"0\" height=\"50\" width=\"150\" src=\"http:\/\/blog.espol.edu.ec\/clubemprendedores\/files\/2009\/03\/clubemprendedores.png\" \/><\/a><textarea rows=\"2\" cols=\"48\">**Este c\u00f3digo solo se dar\u00e1 a quienes son miembros del Club de Emprendedores ESPOL<\/textarea><\/p>\n<p><a href=\"http:\/\/blog.espol.edu.ec\/makubex\"><img loading=\"lazy\" decoding=\"async\" border=\"0\" height=\"50\" width=\"150\" src=\"http:\/\/blog.espol.edu.ec\/people\/files\/2009\/04\/makubexcorner1.png\" \/><\/a><textarea rows=\"2\" cols=\"48\"><a href=\"http:\/\/blog.espol.edu.ec\/makubex\"><img loading=\"lazy\" decoding=\"async\" border=\"0\" height=\"50\" width=\"150\" src=\"http:\/\/blog.espol.edu.ec\/people\/files\/2009\/04\/makubexcorner1.png\" \/><\/a><\/textarea><\/p>\n<p><a href=\"http:\/\/blog.espol.edu.ec\/patty\"><img loading=\"lazy\" decoding=\"async\" border=\"0\" height=\"50\" width=\"150\" src=\"http:\/\/blog.espol.edu.ec\/people\/files\/2009\/04\/patty.png\" \/><\/a><textarea rows=\"2\" cols=\"48\"><a href=\"http:\/\/blog.espol.edu.ec\/patty\"><img loading=\"lazy\" decoding=\"async\" border=\"0\" height=\"50\" width=\"150\" src=\"http:\/\/blog.espol.edu.ec\/people\/files\/2009\/04\/patty.png\" \/><\/a><\/textarea><\/p>\n<p>** Dicho c\u00f3digo se dar\u00e1, solicit\u00e1ndolo al correo eperugac@fiec.espol.edu.ec<\/p>\n","protected":false},"excerpt":{"rendered":"<p>Esta es la galer\u00eda de \"Blogs Recomendados\" aqu\u00ed podr\u00e1s ver im\u00e1genes de algunos blogs. Puedes copiar los c\u00f3digos y pegarlos en tu blog, web, etc., podr\u00e1s escoger que blog deseas recomendar!!!... Si no tienes una imagen, para recomendar tu propio blog, haz click aqui:Im\u00e1genes para Blogs **Este c\u00f3digo solo se dar\u00e1 a quienes son miembros [&hellip;]<\/p>\n","protected":false},"author":92,"featured_media":0,"parent":0,"menu_order":0,"comment_status":"open","ping_status":"open","template":"","meta":{"footnotes":""},"class_list":["post-299","page","type-page","status-publish","hentry"],"_links":{"self":[{"href":"https:\/\/blog.espol.edu.ec\/people\/wp-json\/wp\/v2\/pages\/299","targetHints":{"allow":["GET"]}}],"collection":[{"href":"https:\/\/blog.espol.edu.ec\/people\/wp-json\/wp\/v2\/pages"}],"about":[{"href":"https:\/\/blog.espol.edu.ec\/people\/wp-json\/wp\/v2\/types\/page"}],"author":[{"embeddable":true,"href":"https:\/\/blog.espol.edu.ec\/people\/wp-json\/wp\/v2\/users\/92"}],"replies":[{"embeddable":true,"href":"https:\/\/blog.espol.edu.ec\/people\/wp-json\/wp\/v2\/comments?post=299"}],"version-history":[{"count":21,"href":"https:\/\/blog.espol.edu.ec\/people\/wp-json\/wp\/v2\/pages\/299\/revisions"}],"predecessor-version":[{"id":307,"href":"https:\/\/blog.espol.edu.ec\/people\/wp-json\/wp\/v2\/pages\/299\/revisions\/307"}],"wp:attachment":[{"href":"https:\/\/blog.espol.edu.ec\/people\/wp-json\/wp\/v2\/media?parent=299"}],"curies":[{"name":"wp","href":"https:\/\/api.w.org\/{rel}","templated":true}]}}