{"id":101,"date":"2011-11-15T16:48:41","date_gmt":"2011-11-15T16:48:41","guid":{"rendered":"http:\/\/blog.espol.edu.ec\/pepinalex\/?page_id=101"},"modified":"2011-11-15T16:54:57","modified_gmt":"2011-11-15T16:54:57","slug":"galaxias","status":"publish","type":"page","link":"https:\/\/blog.espol.edu.ec\/pepinalex\/galaxias\/","title":{"rendered":"Galaxias"},"content":{"rendered":"<p><a href=\"..\/files\/2011\/11\/galaxia2.jpg\"><img loading=\"lazy\" decoding=\"async\" title=\"galaxia\" src=\"..\/files\/2011\/11\/galaxia2-300x227.jpg\" alt=\"\" width=\"300\" height=\"227\" \/><\/a><\/p>\n<p>Una <strong>galaxia<\/strong> es un sistema masivo de nubes de gas, planetas,  polvo c\u00f3smico, y quiz\u00e1 materia oscura, y energ\u00eda oscura, unido  gravitatoriamente. La cantidad de estrellas que forman una galaxia es  contable, desde las enanas, con 10<sup>7<\/sup>, hasta las gigantes, con 10<sup>12<\/sup> estrellas (seg\u00fan datos de la NASA del \u00faltimo trimestre del 2009).  Formando parte de una galaxia existen subestructuras como las nebulosas,  los c\u00famulos estelares y los sistemas estelares m\u00faltiples.<\/p>\n<p>Hist\u00f3ricamente, las galaxias han sido clasificadas de acuerdo a su   forma aparente (morfolog\u00eda visual, como se le suele nombrar). Una forma   com\u00fan es la de galaxia el\u00edptica, que, como lo indica su nombre, tiene  el  perfil luminoso de una elipse. Las galaxias espirales tienen forma   circular pero con estructura de brazos curvos envueltos en polvo.   Galaxias con formas irregulares o inusuales se llaman galaxias   irregulares, y son, t\u00edpicamente, el resultado de perturbaciones   provocadas por la atracci\u00f3n gravitacional de galaxias vecinas. Estas   interacciones entre galaxias vecinas (que pueden provocar la fusi\u00f3n de   galaxias) pueden inducir el intenso nacimiento de estrellas. Finalmente   tenemos las galaxias peque\u00f1as que carecen de una estructura coherente y  a  las que tambi\u00e9n se les llama galaxias irregulares.<\/p>\n<p>Se estima que existen m\u00e1s de cien mil millones (100.000.000.000) de   galaxias en el universo observable. La mayor\u00eda de las galaxias tienen un   di\u00e1metro entre cien y cien mil parsecs y est\u00e1n usualmente separadas  por distancias del orden de un mill\u00f3n de parsecs. El espacio  intergal\u00e1ctico est\u00e1 compuesto por un tenue gas, cuya densidad media no  supera un \u00e1tomo por metro c\u00fabico. La mayor\u00eda de las galaxias est\u00e1n  dispuestas en una  jerarqu\u00eda de agregados, llamados c\u00famulos, que a su  vez pueden formar  agregados m\u00e1s grandes, llamados superc\u00famulos. Estas  estructuras mayores  est\u00e1n dispuestas en hojas o en filamentos rodeados  de inmensas zonas de  vac\u00edo en el universo.<\/p>\n<p>Se especula que la materia oscura constituye el 90% de la masa en la   mayor\u00eda de las galaxias. La naturaleza de este componente no est\u00e1   demostrado que verdaderamente existe, ya que te\u00f3ricamente es una materia   extra\u00f1a que no se puede encontrar nada m\u00e1s que en el universo.<\/p>\n<p><a href=\"..\/files\/2011\/11\/galaxia-espiral-barrada.jpg\"><img loading=\"lazy\" decoding=\"async\" title=\"galaxia espiral barrada\" src=\"..\/files\/2011\/11\/galaxia-espiral-barrada-300x300.jpg\" alt=\"\" width=\"300\" height=\"300\" \/><\/a><\/p>\n","protected":false},"excerpt":{"rendered":"<p>Una galaxia es un sistema masivo de nubes de gas, planetas, polvo c\u00f3smico, y quiz\u00e1 materia oscura, y energ\u00eda oscura, unido gravitatoriamente. La cantidad de estrellas que forman una galaxia es contable, desde las enanas, con 107, hasta las gigantes, con 1012 estrellas (seg\u00fan datos de la NASA del \u00faltimo trimestre del 2009). Formando parte [&hellip;]<\/p>\n","protected":false},"author":6970,"featured_media":0,"parent":0,"menu_order":0,"comment_status":"open","ping_status":"open","template":"","meta":{"footnotes":""},"class_list":["post-101","page","type-page","status-publish","hentry"],"_links":{"self":[{"href":"https:\/\/blog.espol.edu.ec\/pepinalex\/wp-json\/wp\/v2\/pages\/101","targetHints":{"allow":["GET"]}}],"collection":[{"href":"https:\/\/blog.espol.edu.ec\/pepinalex\/wp-json\/wp\/v2\/pages"}],"about":[{"href":"https:\/\/blog.espol.edu.ec\/pepinalex\/wp-json\/wp\/v2\/types\/page"}],"author":[{"embeddable":true,"href":"https:\/\/blog.espol.edu.ec\/pepinalex\/wp-json\/wp\/v2\/users\/6970"}],"replies":[{"embeddable":true,"href":"https:\/\/blog.espol.edu.ec\/pepinalex\/wp-json\/wp\/v2\/comments?post=101"}],"version-history":[{"count":4,"href":"https:\/\/blog.espol.edu.ec\/pepinalex\/wp-json\/wp\/v2\/pages\/101\/revisions"}],"predecessor-version":[{"id":103,"href":"https:\/\/blog.espol.edu.ec\/pepinalex\/wp-json\/wp\/v2\/pages\/101\/revisions\/103"}],"wp:attachment":[{"href":"https:\/\/blog.espol.edu.ec\/pepinalex\/wp-json\/wp\/v2\/media?parent=101"}],"curies":[{"name":"wp","href":"https:\/\/api.w.org\/{rel}","templated":true}]}}