{"id":110,"date":"2011-11-15T16:55:24","date_gmt":"2011-11-15T16:55:24","guid":{"rendered":"http:\/\/blog.espol.edu.ec\/pepinalex\/?page_id=110"},"modified":"2011-11-15T16:55:24","modified_gmt":"2011-11-15T16:55:24","slug":"planetas","status":"publish","type":"page","link":"https:\/\/blog.espol.edu.ec\/pepinalex\/planetas\/","title":{"rendered":"Planetas"},"content":{"rendered":"<p><a href=\"..\/files\/2011\/11\/planeta.jpg\"><img loading=\"lazy\" decoding=\"async\" title=\"planeta\" src=\"..\/files\/2011\/11\/planeta-300x204.jpg\" alt=\"\" width=\"300\" height=\"204\" \/><\/a><\/p>\n<p>Un <strong>planeta<\/strong> es, seg\u00fan la <a title=\"Redefinici\u00f3n de planeta de 2006\" href=\"http:\/\/es.wikipedia.org\/wiki\/Redefinici%C3%B3n_de_planeta_de_2006\">definici\u00f3n adoptada<\/a> por la <a title=\"Uni\u00f3n Astron\u00f3mica Internacional\" href=\"http:\/\/es.wikipedia.org\/wiki\/Uni%C3%B3n_Astron%C3%B3mica_Internacional\">Uni\u00f3n Astron\u00f3mica Internacional<\/a> el <a title=\"24 de agosto\" href=\"http:\/\/es.wikipedia.org\/wiki\/24_de_agosto\">24 de agosto<\/a> de <a title=\"2006\" href=\"http:\/\/es.wikipedia.org\/wiki\/2006\">2006<\/a>, un <a title=\"Cuerpo celeste\" href=\"http:\/\/es.wikipedia.org\/wiki\/Cuerpo_celeste\">cuerpo celeste<\/a> que:<\/p>\n<ol>\n<li>Orbita alrededor de una estrella o remanente de ella.<\/li>\n<li>Tiene suficiente <a title=\"Masa\" href=\"http:\/\/es.wikipedia.org\/wiki\/Masa\">masa<\/a> para que su <a title=\"Gravedad\" href=\"http:\/\/es.wikipedia.org\/wiki\/Gravedad\">gravedad<\/a> supere las fuerzas del cuerpo r\u00edgido, de manera que asuma una forma en <a title=\"Equilibrio hidrost\u00e1tico\" href=\"http:\/\/es.wikipedia.org\/wiki\/Equilibrio_hidrost%C3%A1tico\">equilibrio hidrost\u00e1tico<\/a> (pr\u00e1cticamente esf\u00e9rica).<\/li>\n<li>Ha limpiado la vecindad de su <a title=\"\u00d3rbita\" href=\"http:\/\/es.wikipedia.org\/wiki\/%C3%93rbita\">\u00f3rbita<\/a> de <a title=\"Planetesimal\" href=\"http:\/\/es.wikipedia.org\/wiki\/Planetesimal\">planetesimales<\/a>, o lo que es lo mismo tiene <a title=\"Dominancia orbital\" href=\"http:\/\/es.wikipedia.org\/wiki\/Dominancia_orbital\">dominancia orbital<\/a>.<\/li>\n<\/ol>\n<p>Seg\u00fan la definici\u00f3n mencionada, el <a title=\"Sistema Solar\" href=\"http:\/\/es.wikipedia.org\/wiki\/Sistema_Solar\">Sistema Solar<\/a> consta de ocho planetas: Mercurio, Venus, Tierra, Marte, J\u00fapiter, Saturno, Urano y Neptuno. <a title=\"Plut\u00f3n (planeta enano)\" href=\"http:\/\/es.wikipedia.org\/wiki\/Plut%C3%B3n_%28planeta_enano%29\">Plut\u00f3n<\/a>, que hasta 2006 se consideraba un planeta, ha pasado a clasificarse como <a title=\"Planeta enano\" href=\"http:\/\/es.wikipedia.org\/wiki\/Planeta_enano\">planeta enano<\/a>, junto a <a title=\"Ceres (planeta enano)\" href=\"http:\/\/es.wikipedia.org\/wiki\/Ceres_%28planeta_enano%29\">Ceres<\/a>, tambi\u00e9n considerado planeta durante alg\u00fan tiempo, ya que era un referente en la <a title=\"Ley de Titius-Bode\" href=\"http:\/\/es.wikipedia.org\/wiki\/Ley_de_Titius-Bode\">ley de Titius-Bode<\/a>, y m\u00e1s recientemente considerado como <a title=\"Asteroide\" href=\"http:\/\/es.wikipedia.org\/wiki\/Asteroide\">asteroide<\/a>, y <a title=\"Eris (planeta enano)\" href=\"http:\/\/es.wikipedia.org\/wiki\/Eris_%28planeta_enano%29\">Eris<\/a>, un objeto transneptuniano similar a Plut\u00f3n. Ciertamente desde los <a title=\"A\u00f1os 1970\" href=\"http:\/\/es.wikipedia.org\/wiki\/A%C3%B1os_1970\">a\u00f1os 70<\/a> exist\u00eda un amplio debate sobre el concepto de planeta a la luz de los   nuevos datos referentes al tama\u00f1o de Plut\u00f3n (menor de lo calculado en un   principio), un debate que aument\u00f3 en los a\u00f1os siguientes al  descubrirse  nuevos objetos que pod\u00edan tener tama\u00f1os similares. De esta  forma, esta  nueva definici\u00f3n de planeta introduce el concepto de  planeta enano, que  incluye a <a title=\"Ceres (planeta enano)\" href=\"http:\/\/es.wikipedia.org\/wiki\/Ceres_%28planeta_enano%29\">Ceres<\/a>, <a title=\"Plut\u00f3n (planeta enano)\" href=\"http:\/\/es.wikipedia.org\/wiki\/Plut%C3%B3n_%28planeta_enano%29\">Plut\u00f3n<\/a>, <a title=\"Haumea (planeta enano)\" href=\"http:\/\/es.wikipedia.org\/wiki\/Haumea_%28planeta_enano%29\">Haumea<\/a>, <a title=\"Makemake (planeta enano)\" href=\"http:\/\/es.wikipedia.org\/wiki\/Makemake_%28planeta_enano%29\">Makemake<\/a> y <a title=\"Eris (planeta enano)\" href=\"http:\/\/es.wikipedia.org\/wiki\/Eris_%28planeta_enano%29\">Eris<\/a>; y tiene la diferencia de definici\u00f3n en (2), ya que no ha despejado la zona local de su \u00f3rbita y no es un <a title=\"Sat\u00e9lite natural\" href=\"http:\/\/es.wikipedia.org\/wiki\/Sat%C3%A9lite_natural\">sat\u00e9lite<\/a> de otro cuerpo.<\/p>\n<p>Los cuerpos que giran en torno a otras estrellas se denominan generalmente planetas extrasolares o <a title=\"Exoplaneta\" href=\"http:\/\/es.wikipedia.org\/wiki\/Exoplaneta\">exoplanetas<\/a>.   Las condiciones que han de cumplir para ser considerados como tales  son  las mismas que se\u00f1ala la definici\u00f3n de planeta para el Sistema  Solar,  si bien giran en torno a sus respectivas estrellas. Incluyen  adem\u00e1s una  condici\u00f3n m\u00e1s en cuanto al l\u00edmite superior de su tama\u00f1o, que  no ha de  exceder las 13 masas jovianas y que constituye el umbral de <a title=\"Masa\" href=\"http:\/\/es.wikipedia.org\/wiki\/Masa\">masa<\/a> que impide la <a title=\"Fusi\u00f3n nuclear\" href=\"http:\/\/es.wikipedia.org\/wiki\/Fusi%C3%B3n_nuclear\">fusi\u00f3n nuclear<\/a> de <a title=\"Deuterio\" href=\"http:\/\/es.wikipedia.org\/wiki\/Deuterio\">deuterio<\/a>.<\/p>\n<p><a href=\"..\/files\/2011\/11\/planetas2.jpg\"><img loading=\"lazy\" decoding=\"async\" title=\"Planetas\" src=\"..\/files\/2011\/11\/planetas2-300x220.jpg\" alt=\"\" width=\"300\" height=\"220\" \/><\/a><\/p>\n","protected":false},"excerpt":{"rendered":"<p>Un planeta es, seg\u00fan la definici\u00f3n adoptada por la Uni\u00f3n Astron\u00f3mica Internacional el 24 de agosto de 2006, un cuerpo celeste que: Orbita alrededor de una estrella o remanente de ella. Tiene suficiente masa para que su gravedad supere las fuerzas del cuerpo r\u00edgido, de manera que asuma una forma en equilibrio hidrost\u00e1tico (pr\u00e1cticamente esf\u00e9rica). [&hellip;]<\/p>\n","protected":false},"author":6970,"featured_media":0,"parent":0,"menu_order":0,"comment_status":"open","ping_status":"open","template":"","meta":{"footnotes":""},"class_list":["post-110","page","type-page","status-publish","hentry"],"_links":{"self":[{"href":"https:\/\/blog.espol.edu.ec\/pepinalex\/wp-json\/wp\/v2\/pages\/110","targetHints":{"allow":["GET"]}}],"collection":[{"href":"https:\/\/blog.espol.edu.ec\/pepinalex\/wp-json\/wp\/v2\/pages"}],"about":[{"href":"https:\/\/blog.espol.edu.ec\/pepinalex\/wp-json\/wp\/v2\/types\/page"}],"author":[{"embeddable":true,"href":"https:\/\/blog.espol.edu.ec\/pepinalex\/wp-json\/wp\/v2\/users\/6970"}],"replies":[{"embeddable":true,"href":"https:\/\/blog.espol.edu.ec\/pepinalex\/wp-json\/wp\/v2\/comments?post=110"}],"version-history":[{"count":1,"href":"https:\/\/blog.espol.edu.ec\/pepinalex\/wp-json\/wp\/v2\/pages\/110\/revisions"}],"predecessor-version":[{"id":111,"href":"https:\/\/blog.espol.edu.ec\/pepinalex\/wp-json\/wp\/v2\/pages\/110\/revisions\/111"}],"wp:attachment":[{"href":"https:\/\/blog.espol.edu.ec\/pepinalex\/wp-json\/wp\/v2\/media?parent=110"}],"curies":[{"name":"wp","href":"https:\/\/api.w.org\/{rel}","templated":true}]}}