{"id":21,"date":"2011-11-01T21:21:23","date_gmt":"2011-11-01T21:21:23","guid":{"rendered":"http:\/\/blog.espol.edu.ec\/pepinalex\/?page_id=21"},"modified":"2011-11-01T21:21:23","modified_gmt":"2011-11-01T21:21:23","slug":"el-universo","status":"publish","type":"page","link":"https:\/\/blog.espol.edu.ec\/pepinalex\/el-universo\/","title":{"rendered":"El Universo"},"content":{"rendered":"<ul>\n<li><a href=\"..\/files\/2011\/11\/sn94d_hiz_big.jpg\"><img loading=\"lazy\" decoding=\"async\" title=\"sn94d_hiz_big\" src=\"..\/files\/2011\/11\/sn94d_hiz_big-300x300.jpg\" alt=\"\" width=\"300\" height=\"300\" \/><\/a><\/li>\n<li>De tan magnitud es el espacio\u00a0f\u00edsico integrado por eltiempo y el espacio de todas las formas de\u00a0energ\u00eda\u00a0y materia<\/li>\n<li>Con una\u00a0extensi\u00f3n\u00a0de 93000 millones de a\u00f1os luz<\/li>\n<li>Ultimas observaciones han demostrado que se\u00a0extiende\u00a0cada ves con mas rapidez<\/li>\n<li>Se cree que al principio era un caliente y denso plasma que al  expandirse fue reduciendo su temperatura\u00a0permitiendo\u00a0la\u00a0formaci\u00f3n\u00a0de  los\u00a0\u00e1tomos<\/li>\n<li>Su edad se estima en unos 13.700 millones de a\u00f1os, con un margen de error de un 1% (137 millones de a\u00f1os)<\/li>\n<li>En el Universo las distancias que separan los astros son tan grandes  que, si las quisi\u00e9ramos expresar en metros, tendr\u00edamos que utilizar  cifras muy grandes. Debido a ello, se utiliza como unidad de longitud el  a\u00f1o luz, que corresponde a la distancia que recorre la luz en un a\u00f1o.<\/li>\n<\/ul>\n","protected":false},"excerpt":{"rendered":"<p>De tan magnitud es el espacio\u00a0f\u00edsico integrado por eltiempo y el espacio de todas las formas de\u00a0energ\u00eda\u00a0y materia Con una\u00a0extensi\u00f3n\u00a0de 93000 millones de a\u00f1os luz Ultimas observaciones han demostrado que se\u00a0extiende\u00a0cada ves con mas rapidez Se cree que al principio era un caliente y denso plasma que al expandirse fue reduciendo su temperatura\u00a0permitiendo\u00a0la\u00a0formaci\u00f3n\u00a0de los\u00a0\u00e1tomos Su [&hellip;]<\/p>\n","protected":false},"author":6970,"featured_media":0,"parent":0,"menu_order":0,"comment_status":"open","ping_status":"open","template":"","meta":{"footnotes":""},"class_list":["post-21","page","type-page","status-publish","hentry"],"_links":{"self":[{"href":"https:\/\/blog.espol.edu.ec\/pepinalex\/wp-json\/wp\/v2\/pages\/21","targetHints":{"allow":["GET"]}}],"collection":[{"href":"https:\/\/blog.espol.edu.ec\/pepinalex\/wp-json\/wp\/v2\/pages"}],"about":[{"href":"https:\/\/blog.espol.edu.ec\/pepinalex\/wp-json\/wp\/v2\/types\/page"}],"author":[{"embeddable":true,"href":"https:\/\/blog.espol.edu.ec\/pepinalex\/wp-json\/wp\/v2\/users\/6970"}],"replies":[{"embeddable":true,"href":"https:\/\/blog.espol.edu.ec\/pepinalex\/wp-json\/wp\/v2\/comments?post=21"}],"version-history":[{"count":3,"href":"https:\/\/blog.espol.edu.ec\/pepinalex\/wp-json\/wp\/v2\/pages\/21\/revisions"}],"predecessor-version":[{"id":24,"href":"https:\/\/blog.espol.edu.ec\/pepinalex\/wp-json\/wp\/v2\/pages\/21\/revisions\/24"}],"wp:attachment":[{"href":"https:\/\/blog.espol.edu.ec\/pepinalex\/wp-json\/wp\/v2\/media?parent=21"}],"curies":[{"name":"wp","href":"https:\/\/api.w.org\/{rel}","templated":true}]}}