{"id":97,"date":"2011-11-15T16:46:28","date_gmt":"2011-11-15T16:46:28","guid":{"rendered":"http:\/\/blog.espol.edu.ec\/pepinalex\/?page_id=97"},"modified":"2011-11-15T16:46:28","modified_gmt":"2011-11-15T16:46:28","slug":"para-reflexionar","status":"publish","type":"page","link":"https:\/\/blog.espol.edu.ec\/pepinalex\/para-reflexionar\/","title":{"rendered":"Para reflexionar"},"content":{"rendered":"<p><a href=\"..\/files\/2011\/11\/einstein.jpg\"><img loading=\"lazy\" decoding=\"async\" title=\"Einstein\" src=\"..\/files\/2011\/11\/einstein-214x300.jpg\" alt=\"\" width=\"214\" height=\"300\" \/><\/a><\/p>\n<p>\"Hay dos cosas infinitas: el Universo y la estupidez humana. Y del Universo no estoy seguro.\"<\/p>\n<p>\"Hay una fuerza motriz m\u00e1s poderosa que el vapor, la electricidad y la energ\u00eda at\u00f3mica: la voluntad.\"<\/p>\n<p>\"Nunca  consideres el estudio como una obligaci\u00f3n, sino como una  oportunidad  para penetrar en el bello y maravilloso mundo del saber.\"<\/p>\n<p>\"El hombre encuentra a Dios detr\u00e1s de cada puerta que la ciencia logra  abrir.\"<\/p>\n<p>\"El azar no existe; Dios no juega a los dados.\"<\/p>\n<p><a href=\"..\/files\/2011\/11\/newton.jpg\"><img loading=\"lazy\" decoding=\"async\" title=\"Newton\" src=\"..\/files\/2011\/11\/newton-300x270.jpg\" alt=\"\" width=\"300\" height=\"270\" \/><\/a><\/p>\n<p>\"La unidad es la variedad, y la variedad en la unidad es la ley suprema  del universo.\"<\/p>\n<p>\"Si hubiera esperado que otra gente hiciera mis herramientas y mis cosas  nunca hubiera hecho nada.\"<\/p>\n<p><a href=\"..\/files\/2011\/11\/220px-Thomas_Carlyle_2.jpg\"><img loading=\"lazy\" decoding=\"async\" title=\"Thomas Carlyle\" src=\"..\/files\/2011\/11\/220px-Thomas_Carlyle_2.jpg\" alt=\"\" width=\"220\" height=\"278\" \/><\/a><\/p>\n<p>\"El universo no es sino un vasto s\u00edmbolo de Dios.\"<\/p>\n<p>\"El universo con todas sus pompas y con toda su hermosura es un caos para  el hombre sin fe.\" - Juan Valera<\/p>\n","protected":false},"excerpt":{"rendered":"<p>\"Hay dos cosas infinitas: el Universo y la estupidez humana. Y del Universo no estoy seguro.\" \"Hay una fuerza motriz m\u00e1s poderosa que el vapor, la electricidad y la energ\u00eda at\u00f3mica: la voluntad.\" \"Nunca consideres el estudio como una obligaci\u00f3n, sino como una oportunidad para penetrar en el bello y maravilloso mundo del saber.\" \"El [&hellip;]<\/p>\n","protected":false},"author":6970,"featured_media":0,"parent":0,"menu_order":0,"comment_status":"open","ping_status":"open","template":"","meta":{"footnotes":""},"class_list":["post-97","page","type-page","status-publish","hentry"],"_links":{"self":[{"href":"https:\/\/blog.espol.edu.ec\/pepinalex\/wp-json\/wp\/v2\/pages\/97","targetHints":{"allow":["GET"]}}],"collection":[{"href":"https:\/\/blog.espol.edu.ec\/pepinalex\/wp-json\/wp\/v2\/pages"}],"about":[{"href":"https:\/\/blog.espol.edu.ec\/pepinalex\/wp-json\/wp\/v2\/types\/page"}],"author":[{"embeddable":true,"href":"https:\/\/blog.espol.edu.ec\/pepinalex\/wp-json\/wp\/v2\/users\/6970"}],"replies":[{"embeddable":true,"href":"https:\/\/blog.espol.edu.ec\/pepinalex\/wp-json\/wp\/v2\/comments?post=97"}],"version-history":[{"count":1,"href":"https:\/\/blog.espol.edu.ec\/pepinalex\/wp-json\/wp\/v2\/pages\/97\/revisions"}],"predecessor-version":[{"id":98,"href":"https:\/\/blog.espol.edu.ec\/pepinalex\/wp-json\/wp\/v2\/pages\/97\/revisions\/98"}],"wp:attachment":[{"href":"https:\/\/blog.espol.edu.ec\/pepinalex\/wp-json\/wp\/v2\/media?parent=97"}],"curies":[{"name":"wp","href":"https:\/\/api.w.org\/{rel}","templated":true}]}}