{"id":100,"date":"2016-05-31T03:28:10","date_gmt":"2016-05-31T03:28:10","guid":{"rendered":"http:\/\/blog.espol.edu.ec\/pguamuro\/?page_id=100"},"modified":"2016-06-02T20:40:21","modified_gmt":"2016-06-02T20:40:21","slug":"poesia","status":"publish","type":"page","link":"https:\/\/blog.espol.edu.ec\/pguamuro\/escritos\/poesia\/","title":{"rendered":"Poes\u00eda"},"content":{"rendered":"<p style=\"text-align: center\"><strong>Tr<\/strong><strong>iste noche<\/strong><\/p>\n<p style=\"text-align: center\">Hoy llueve y estoy solo<\/p>\n<p style=\"text-align: center\">las l\u00e1grimas del cielo cubren mi cuerpo<\/p>\n<p style=\"text-align: center\">y l\u00e1grimas m\u00edas cubren mi alma<\/p>\n<p style=\"text-align: center\">hoy hay llanto en esta noche fr\u00eda.<\/p>\n<p>&nbsp;<\/p>\n<p style=\"text-align: center\">Hoy el negro cielo llora<\/p>\n<p style=\"text-align: center\">pozos de nostalgia se forman<\/p>\n<p style=\"text-align: center\">charcos que reflejan la tristeza que me consume<\/p>\n<p style=\"text-align: center\">pozos que reflejan la oscuridad de mi alma<\/p>\n<p style=\"text-align: center\">\u00a0 \u00a0 \u00a0 \u00a0 \u00a0 \u00a0 \u00a0 \u00a0 \u00a0 \u00a0 \u00a0 \u00a0 Hoy la lluvia adolorida me acaricia<\/p>\n<p style=\"text-align: center\">hoy la tristeza me da un abrazo<\/p>\n<p style=\"text-align: center\">hoy el dolor congela mi alma<\/p>\n<p style=\"text-align: center\">hoy la soledad es la que me acompa\u00f1a.<\/p>\n<p>&nbsp;<\/p>\n<p style=\"text-align: right\">P.M. Guamuro<\/p>\n<p style=\"text-align: right\">\n<p style=\"text-align: center\">\n<p style=\"text-align: center\">\n<p style=\"text-align: center\">\n<p style=\"text-align: center\">\n<p style=\"text-align: center\"><strong>Musa<\/strong><\/p>\n<p style=\"text-align: center\">Eres fuente de belleza, fuente de vida<\/p>\n<p style=\"text-align: center\">eres energ\u00eda que renueva esperanza<\/p>\n<p style=\"text-align: center\">eres pensamiento sublime<\/p>\n<p style=\"text-align: center\">eres palabra pura<\/p>\n<p style=\"text-align: center\">eres lluvia que ba\u00f1a el alma<\/p>\n<p style=\"text-align: center\">eres sol que funde mis huesos con tu sonrisa<\/p>\n<p style=\"text-align: center\">eres flor radiante en primavera<\/p>\n<p style=\"text-align: center\">eres luz suave de luna llena.<\/p>\n<p style=\"text-align: center\">Eres el brillo tierno de tus ojos<\/p>\n<p style=\"text-align: center\">y la dulce curva de tu sonrisa<\/p>\n<p style=\"text-align: center\">eres la suavidad de tus manos<\/p>\n<p style=\"text-align: center\">y lo agradable de tu risa<\/p>\n<p style=\"text-align: center\">eres esencia bella<\/p>\n<p style=\"text-align: center\">eres musa\u2026<\/p>\n<p style=\"text-align: center\">Porque cada vez que te miro mi alma respira<\/p>\n<p style=\"text-align: center\">porque cada vez que te pienso mi ser se inquieta<\/p>\n<p style=\"text-align: center\">porque cada vez que me miras veo el cielo<\/p>\n<p style=\"text-align: center\">porque eres musa y m\u00e1s que musa<\/p>\n<p style=\"text-align: center\">eres vida.<\/p>\n<p>&nbsp;<\/p>\n<p style=\"text-align: right\">P.M. Guamuro<\/p>\n","protected":false},"excerpt":{"rendered":"<p>Triste noche Hoy llueve y estoy solo las l\u00e1grimas del cielo cubren mi cuerpo y l\u00e1grimas m\u00edas cubren mi alma hoy hay llanto en esta noche fr\u00eda. &nbsp; Hoy el negro cielo llora pozos de nostalgia se forman charcos que reflejan la tristeza que me consume pozos que reflejan la oscuridad de mi alma \u00a0 [&hellip;]<\/p>\n","protected":false},"author":10382,"featured_media":0,"parent":97,"menu_order":0,"comment_status":"closed","ping_status":"closed","template":"","meta":{"footnotes":""},"class_list":["post-100","page","type-page","status-publish","hentry"],"aioseo_notices":[],"_links":{"self":[{"href":"https:\/\/blog.espol.edu.ec\/pguamuro\/wp-json\/wp\/v2\/pages\/100","targetHints":{"allow":["GET"]}}],"collection":[{"href":"https:\/\/blog.espol.edu.ec\/pguamuro\/wp-json\/wp\/v2\/pages"}],"about":[{"href":"https:\/\/blog.espol.edu.ec\/pguamuro\/wp-json\/wp\/v2\/types\/page"}],"author":[{"embeddable":true,"href":"https:\/\/blog.espol.edu.ec\/pguamuro\/wp-json\/wp\/v2\/users\/10382"}],"replies":[{"embeddable":true,"href":"https:\/\/blog.espol.edu.ec\/pguamuro\/wp-json\/wp\/v2\/comments?post=100"}],"version-history":[{"count":5,"href":"https:\/\/blog.espol.edu.ec\/pguamuro\/wp-json\/wp\/v2\/pages\/100\/revisions"}],"predecessor-version":[{"id":231,"href":"https:\/\/blog.espol.edu.ec\/pguamuro\/wp-json\/wp\/v2\/pages\/100\/revisions\/231"}],"up":[{"embeddable":true,"href":"https:\/\/blog.espol.edu.ec\/pguamuro\/wp-json\/wp\/v2\/pages\/97"}],"wp:attachment":[{"href":"https:\/\/blog.espol.edu.ec\/pguamuro\/wp-json\/wp\/v2\/media?parent=100"}],"curies":[{"name":"wp","href":"https:\/\/api.w.org\/{rel}","templated":true}]}}