{"id":75,"date":"2009-07-03T18:13:05","date_gmt":"2009-07-03T22:13:05","guid":{"rendered":"http:\/\/blog.espol.edu.ec\/pjcastro\/?page_id=75"},"modified":"2009-07-03T18:13:05","modified_gmt":"2009-07-03T22:13:05","slug":"biodieselmade-in-espol","status":"publish","type":"page","link":"https:\/\/blog.espol.edu.ec\/pjcastro\/biodieselmade-in-espol\/","title":{"rendered":"Biodi\u00e9sel..made in ESPOL"},"content":{"rendered":"<p><object width=\"425\" height=\"344\"><param name=\"movie\" value=\"http:\/\/www.youtube.com\/v\/yeqBpQt8HOw&amp;hl=es&amp;fs=1&amp;\"><\/param><param name=\"allowFullScreen\" value=\"true\"><\/param><param name=\"allowscriptaccess\" value=\"always\"><\/param><embed src=\"http:\/\/www.youtube.com\/v\/yeqBpQt8HOw&amp;hl=es&amp;fs=1&amp;\" type=\"application\/x-shockwave-flash\" width=\"425\" height=\"344\"><\/embed><\/object><\/p>\n<p>El biodiesel  es un biocombustible sint\u00e9tico l\u00edquido que se obtiene a partir de l\u00edpidos naturales como aceites vegetales o grasas animales, nuevos o usados, mediante procesos industriales de esterificaci\u00f3n y transesterificaci\u00f3n, y que se aplica en la preparaci\u00f3n de sustitutos totales o parciales del petrodi\u00e9sel o gas\u00f3leo obtenido del petr\u00f3leo.<\/p>\n<p>El biodi\u00e9sel puede mezclarse con gas\u00f3leo procedente del refino de petr\u00f3leo en diferentes cantidades. Se utilizan notaciones abreviadas seg\u00fan el porcentaje por volumen de biodi\u00e9sel en la mezcla: B100 en caso de utilizar s\u00f3lo biodi\u00e9sel, u otras notaciones como B5, B15, B30 o B50, donde la numeraci\u00f3n indica el porcentaje por volumen de biodi\u00e9sel en la mezcla.<\/p>\n<p>El aceite vegetal, cuyas propiedades para la impulsi\u00f3n de motores se conocen desde la invenci\u00f3n del motor di\u00e9sel gracias a los trabajos de Rudolf Diesel, ya se destinaba a la combusti\u00f3n en motores de ciclo di\u00e9sel convencionales o adaptados. A principios del siglo XXI, en el contexto de b\u00fasqueda de nuevas fuentes de energ\u00eda y la creciente preocupaci\u00f3n por el calentamiento global del planeta, se impuls\u00f3 su desarrollo para su utilizaci\u00f3n en autom\u00f3viles como combustible alternativo a los derivados del petr\u00f3leo.<\/p>\n<p>El biodi\u00e9sel descompone el caucho natural, por lo que es necesario sustituir \u00e9ste por elast\u00f3meros sint\u00e9ticos en caso de utilizar mezclas de combustible con alto contenido de biodi\u00e9sel.<\/p>\n<p>El impacto ambiental y las consecuencias sociales de su previsible producci\u00f3n y comercializaci\u00f3n masiva, especialmente en los pa\u00edses en v\u00edas de desarrollo o del Tercer Mundo generan aumento de la deforestaci\u00f3n de bosques nativos, expansi\u00f3n indiscriminada de la frontera agr\u00edcola, desplazamiento de cultivos alimentarios y ganader\u00eda, destrucci\u00f3n del ecosistema y la biodiversidad, desplazamiento de trabajadores rurales.<\/p>\n<p>Se ha propuesto en los \u00faltimos tiempos denominarlo agrodi\u00e9sel ya que el prefijo \u00abbio-\u00bb a menudo es asociado err\u00f3neamente con algo ecol\u00f3gico y respetuoso con el medio ambiente. Sin embargo, algunas marcas de productos del petr\u00f3leo ya denominan agrodi\u00e9sel al gas\u00f3leo agr\u00edcola o gas\u00f3leo B, empleado en maquinaria agr\u00edcola.<\/p>\n","protected":false},"excerpt":{"rendered":"<p>El biodiesel es un biocombustible sint\u00e9tico l\u00edquido que se obtiene a partir de l\u00edpidos naturales como aceites vegetales o grasas animales, nuevos o usados, mediante procesos industriales de esterificaci\u00f3n y transesterificaci\u00f3n, y que se aplica en la preparaci\u00f3n de sustitutos totales o parciales del petrodi\u00e9sel o gas\u00f3leo obtenido del petr\u00f3leo. El biodi\u00e9sel puede mezclarse con [&hellip;]<\/p>\n","protected":false},"author":1672,"featured_media":0,"parent":0,"menu_order":0,"comment_status":"open","ping_status":"open","template":"","meta":{"footnotes":""},"class_list":["post-75","page","type-page","status-publish","hentry"],"_links":{"self":[{"href":"https:\/\/blog.espol.edu.ec\/pjcastro\/wp-json\/wp\/v2\/pages\/75","targetHints":{"allow":["GET"]}}],"collection":[{"href":"https:\/\/blog.espol.edu.ec\/pjcastro\/wp-json\/wp\/v2\/pages"}],"about":[{"href":"https:\/\/blog.espol.edu.ec\/pjcastro\/wp-json\/wp\/v2\/types\/page"}],"author":[{"embeddable":true,"href":"https:\/\/blog.espol.edu.ec\/pjcastro\/wp-json\/wp\/v2\/users\/1672"}],"replies":[{"embeddable":true,"href":"https:\/\/blog.espol.edu.ec\/pjcastro\/wp-json\/wp\/v2\/comments?post=75"}],"version-history":[{"count":1,"href":"https:\/\/blog.espol.edu.ec\/pjcastro\/wp-json\/wp\/v2\/pages\/75\/revisions"}],"predecessor-version":[{"id":76,"href":"https:\/\/blog.espol.edu.ec\/pjcastro\/wp-json\/wp\/v2\/pages\/75\/revisions\/76"}],"wp:attachment":[{"href":"https:\/\/blog.espol.edu.ec\/pjcastro\/wp-json\/wp\/v2\/media?parent=75"}],"curies":[{"name":"wp","href":"https:\/\/api.w.org\/{rel}","templated":true}]}}