{"id":16,"date":"2016-05-30T14:11:00","date_gmt":"2016-05-30T14:11:00","guid":{"rendered":"http:\/\/blog.espol.edu.ec\/pjquimi\/?page_id=16"},"modified":"2016-05-30T14:11:00","modified_gmt":"2016-05-30T14:11:00","slug":"primicias","status":"publish","type":"page","link":"https:\/\/blog.espol.edu.ec\/pjquimi\/primicias\/","title":{"rendered":"Primicias"},"content":{"rendered":"<p class=\"lead\">&nbsp;<\/p>\n<p>&nbsp;<\/p>\n<p>&nbsp;<\/p>\n<img loading=\"lazy\" decoding=\"async\" class=\"alignnone wp-image-15\" src=\"http:\/\/blog.espol.edu.ec\/pjquimi\/files\/2016\/05\/RiobambadesdeCacha-300x200.jpg\" alt=\"RiobambadesdeCacha\" width=\"580\" height=\"387\" srcset=\"https:\/\/blog.espol.edu.ec\/pjquimi\/files\/2016\/05\/RiobambadesdeCacha-300x200.jpg 300w, https:\/\/blog.espol.edu.ec\/pjquimi\/files\/2016\/05\/RiobambadesdeCacha-768x512.jpg 768w, https:\/\/blog.espol.edu.ec\/pjquimi\/files\/2016\/05\/RiobambadesdeCacha.jpg 992w\" sizes=\"auto, (max-width: 580px) 100vw, 580px\" \/>\n<p>Riobamba es llamada la ciudad de las primicias ya que ha sido protagonista de hechos fundamentales en la vida de la patria, a continuaci\u00f3n algunas de las primicias:<\/p>\n<ul>\n<li><b>La primera ciudad espa\u00f1ola en el Ecuador<\/b>. El hecho, hist\u00f3ricamente, se realiz\u00f3 cerca de la laguna de\u00a0Colta, lugar donde se asent\u00f3 Riobamba colonial hasta antes del\u00a0terremoto de 1797. El 15 de agosto de 1534 se funda la ciudad de Santiago de Quito, con su cabildo de soldados y sus 67 vecinos, nombrados de entre quienes manifestaren su deseo de quedarse. Lo realiza\u00a0Diego de Almagro.<\/li>\n<\/ul>\n<ul>\n<li><b>Primer Escudo de Armas<\/b>. otorgado por el rey\u00a0Felipe IV\u00a0de\u00a0Espa\u00f1a, privilegio de muy pocas ciudades fundadas por los espa\u00f1oles en Am\u00e9rica. El Padre\u00a0Juan de Velasco\u00a0se\u00f1ala:<br \/>\n<blockquote class=\"citado\"><p><i>\"en 1.623, por Real C\u00e9dula muy honor\u00edfica del Se\u00f1or Felipe IV, conc\u00e9dele al cabildo tantos privilegios y gracias que lo hizo una de las m\u00e1s ilustres del reino, d\u00e1ndole a la Villa los t\u00edtulos de Ciudad Muy Noble y Muy Leal de San Pedro de Riobamba, y por escudo de armas una cabeza atravesada de dos espadas al pie de la custodia del sacramento\".<\/i><\/p><\/blockquote>\n<\/li>\n<\/ul>\n<ul>\n<li><b>El primer cabildo municipal<\/b>. El mi\u00e9rcoles 19 de agosto de 1534 se instal\u00f3 el primer cabildo de Santiago de Quito (Riobamba) y sesion\u00f3 por primera vez un cabildo municipal en lo que posteriormente ser\u00eda llamado\u00a0Ecuador. Por este motivo se celebra cada 19 de agosto, el D\u00eda del Municipio Ecuatoriano.<\/li>\n<\/ul>\n<ul>\n<li><b>El primer convento<\/b>. En la plaza mayor se levanta la catedral de la ciudad. Es una hermosa construcci\u00f3n, edificada con piedras tra\u00eddas de antiguos templos de la villa colonial Riobamba.<\/li>\n<\/ul>\n<ul>\n<li><b>El primer historiador<\/b>.\u00a0Juan de Velasco\u00a0es el primer historiador de Ecuador.<\/li>\n<li><img loading=\"lazy\" decoding=\"async\" class=\"size-full wp-image-19 alignleft\" src=\"http:\/\/blog.espol.edu.ec\/pjquimi\/files\/2016\/05\/velasco-juan-de-.jpg\" alt=\"velasco, juan de\" width=\"201\" height=\"218\" \/><\/li>\n<\/ul>\n<ul>\n<li><b>La primera ciudadela<\/b>. Con la creaci\u00f3n del ferrocarril, empresarios de Quito, Guayaquil, Siria, L\u00edbano, Norteam\u00e9rica, Francia y de pa\u00edses europeos, se establecieron en Riobamba como sitio ideal para instalar sus negocios. Y ellos requer\u00edan un lugar apropiado para residir. As\u00ed, en 1924, naci\u00f3 el proyecto de crear la primera ciudadela residencial del pa\u00eds, con el nombre de Bellavista.<\/li>\n<\/ul>\n<ul>\n<li><b>La primera insurgencia femenina en Ecuador<\/b>. El 22 de octubre de 1976, se realiz\u00f3 la primera huelga femenina, en protesta a bajos sueldos y el temor del reemplazo de la mano de obra de las trabajadoras de la f\u00e1brica de textiles propiedad del espa\u00f1ol\u00a0<a class=\"new\" title=\"Francisco Dalmau (a\u00fan no redactado)\" href=\"http:\/\/es.wikipedia.org\/w\/index.php?title=Francisco_Dalmau&amp;action=edit&amp;redlink=1\">Francisco Dalmau<\/a>.<\/li>\n<\/ul>\n<ul>\n<li><b>El primer\u00a0hip\u00f3dromo<\/b>. Con la creaci\u00f3n de la ciudadela Bellavista, el espa\u00f1ol\u00a0<a class=\"new\" title=\"Francisco Dalmau (a\u00fan no redactado)\" href=\"http:\/\/es.wikipedia.org\/w\/index.php?title=Francisco_Dalmau&amp;action=edit&amp;redlink=1\">Francisco Dalmau<\/a>\u00a0apoy\u00f3 la realizaci\u00f3n de temporadas h\u00edpicas, tradici\u00f3n y gusto de la poblaci\u00f3n de esa \u00e9poca mayormente de Europa.<\/li>\n<\/ul>\n<ul>\n<li><b>La primera radiodifusora<\/b>. Radio el Prado 1925.<\/li>\n<\/ul>\n<ul>\n<li><b>La primera feria nacional agropecuaria<\/b>. En 1941, se cre\u00f3 con la feria agropecuaria de Macaj\u00ed que a\u00f1o tras a\u00f1o sigue desarroll\u00e1ndose con gran afluencia de personas y la m\u00e1s reconocida en la provincia.<\/li>\n<\/ul>\n<ul>\n<li><b>La primera iglesia del pa\u00eds\u00a0<\/b>En Balbanera se encuentra la primera iglesia espa\u00f1ola construida en la antigua ciudad de Riobamba.<\/li>\n<li><img loading=\"lazy\" decoding=\"async\" class=\"size-medium wp-image-18 alignright\" src=\"http:\/\/blog.espol.edu.ec\/pjquimi\/files\/2016\/05\/220px-Iglesia_de_Balbanera-201x300.jpg\" alt=\"220px-Iglesia_de_Balbanera\" width=\"201\" height=\"300\" srcset=\"https:\/\/blog.espol.edu.ec\/pjquimi\/files\/2016\/05\/220px-Iglesia_de_Balbanera-201x300.jpg 201w, https:\/\/blog.espol.edu.ec\/pjquimi\/files\/2016\/05\/220px-Iglesia_de_Balbanera.jpg 220w\" sizes=\"auto, (max-width: 201px) 100vw, 201px\" \/><\/li>\n<\/ul>\n<ul>\n<li><b>Primer tranv\u00eda del pa\u00eds<\/b>. De tracci\u00f3n animal: inicios del siglo XX.<\/li>\n<\/ul>\n<ul>\n<li><b>El primer estadio ol\u00edmpico, las primeras olimpiadas y el primer campe\u00f3n de f\u00fatbol<\/b>. En marzo de 1926, la ciudad obtiene el honor de organizar las primeras olimpiadas del Ecuador.<\/li>\n<\/ul>\n<ul>\n<li><b>La primera Constituyente y la primera Constituci\u00f3n del Ecuador<\/b>. La fecha escogida, el 14 de agosto de 1830, 16 de los 20 diputados electos, se re\u00fanen en el Palacio del jefe de Estado en Riobamba<\/li>\n<\/ul>\n<ul>\n<li><b><img loading=\"lazy\" decoding=\"async\" class=\"size-full wp-image-21 alignleft\" src=\"http:\/\/blog.espol.edu.ec\/pjquimi\/files\/2016\/05\/descarga.jpg\" alt=\"descarga\" width=\"172\" height=\"293\" \/>El primer cient\u00edfico y autor del primer mapa de Ecuador<\/b>.\u00a0Pedro Vicente Maldonado.<\/li>\n<\/ul>\n<ul>\n<li><b>La primera Feria Ciudadana del Ecuador<\/b>. La fecha de creaci\u00f3n, el 1 de marzo de 2007,con el nombre de Feria Ciudadana \"MACAJI\", est\u00e1 considerada como la mejor Feria de Econom\u00eda Popular y Solidaria del Pa\u00eds, donde los productores en su mayor\u00eda ind\u00edgenas entregan los productos directamente a los consumidores los d\u00edas s\u00e1bados en las canchas del\u00a0Magap.<\/li>\n<\/ul>\n","protected":false},"excerpt":{"rendered":"<p>&nbsp; &nbsp; &nbsp; Riobamba es llamada la ciudad de las primicias ya que ha sido protagonista de hechos fundamentales en la vida de la patria, a continuaci\u00f3n algunas de las primicias: La primera ciudad espa\u00f1ola en el Ecuador. El hecho, hist\u00f3ricamente, se realiz\u00f3 cerca de la laguna de\u00a0Colta, lugar donde se asent\u00f3 Riobamba colonial hasta...  <a class=\"excerpt-read-more\" href=\"https:\/\/blog.espol.edu.ec\/pjquimi\/primicias\/\" title=\"ReadPrimicias\">Read more &raquo;<\/a><\/p>\n","protected":false},"author":10335,"featured_media":0,"parent":0,"menu_order":0,"comment_status":"closed","ping_status":"closed","template":"","meta":{"footnotes":""},"class_list":["post-16","page","type-page","status-publish","hentry"],"_links":{"self":[{"href":"https:\/\/blog.espol.edu.ec\/pjquimi\/wp-json\/wp\/v2\/pages\/16","targetHints":{"allow":["GET"]}}],"collection":[{"href":"https:\/\/blog.espol.edu.ec\/pjquimi\/wp-json\/wp\/v2\/pages"}],"about":[{"href":"https:\/\/blog.espol.edu.ec\/pjquimi\/wp-json\/wp\/v2\/types\/page"}],"author":[{"embeddable":true,"href":"https:\/\/blog.espol.edu.ec\/pjquimi\/wp-json\/wp\/v2\/users\/10335"}],"replies":[{"embeddable":true,"href":"https:\/\/blog.espol.edu.ec\/pjquimi\/wp-json\/wp\/v2\/comments?post=16"}],"version-history":[{"count":4,"href":"https:\/\/blog.espol.edu.ec\/pjquimi\/wp-json\/wp\/v2\/pages\/16\/revisions"}],"predecessor-version":[{"id":26,"href":"https:\/\/blog.espol.edu.ec\/pjquimi\/wp-json\/wp\/v2\/pages\/16\/revisions\/26"}],"wp:attachment":[{"href":"https:\/\/blog.espol.edu.ec\/pjquimi\/wp-json\/wp\/v2\/media?parent=16"}],"curies":[{"name":"wp","href":"https:\/\/api.w.org\/{rel}","templated":true}]}}