{"id":67,"date":"2016-06-01T07:06:53","date_gmt":"2016-06-01T07:06:53","guid":{"rendered":"http:\/\/blog.espol.edu.ec\/pjquimi\/?page_id=67"},"modified":"2016-06-01T07:06:53","modified_gmt":"2016-06-01T07:06:53","slug":"turismo","status":"publish","type":"page","link":"https:\/\/blog.espol.edu.ec\/pjquimi\/turismo\/","title":{"rendered":"Turismo"},"content":{"rendered":"<p class=\"lead\"><img loading=\"lazy\" decoding=\"async\" class=\"wp-image-68 alignleft\" src=\"http:\/\/blog.espol.edu.ec\/pjquimi\/files\/2016\/06\/ab76c3189af41bd4bc118966b1ea5996-300x200.jpg\" alt=\"ab76c3189af41bd4bc118966b1ea5996\" width=\"428\" height=\"285\" srcset=\"https:\/\/blog.espol.edu.ec\/pjquimi\/files\/2016\/06\/ab76c3189af41bd4bc118966b1ea5996-300x200.jpg 300w, https:\/\/blog.espol.edu.ec\/pjquimi\/files\/2016\/06\/ab76c3189af41bd4bc118966b1ea5996-768x512.jpg 768w, https:\/\/blog.espol.edu.ec\/pjquimi\/files\/2016\/06\/ab76c3189af41bd4bc118966b1ea5996.jpg 980w\" sizes=\"auto, (max-width: 428px) 100vw, 428px\" \/>El tren Crucero del Ecuador se restauro y se ha promocionado como uno de los destinos tur\u00edsticos de Ecuador, en el que mediante una ruta que cruza el pa\u00eds, el viajero puede visitar la costa, sierra y volcanes que regalan al visitante una espectacular visi\u00f3n del este maravilloso pa\u00eds, un resumen del Tren Crucero del Ecuador aqu\u00ed<a href=\"http:\/\/www.minube.com\/rincon\/riobamba-_-viajar-en-el-techo-de-un-tren-a54603#modal-69230\">#TrenRiobamba<\/a><\/p>\n","protected":false},"excerpt":{"rendered":"<p>El tren Crucero del Ecuador se restauro y se ha promocionado como uno de los destinos tur\u00edsticos de Ecuador, en el que mediante una ruta que cruza el pa\u00eds, el viajero puede visitar la costa, sierra y volcanes que regalan al visitante una espectacular visi\u00f3n del este maravilloso pa\u00eds, un resumen del Tren Crucero del...  <a class=\"excerpt-read-more\" href=\"https:\/\/blog.espol.edu.ec\/pjquimi\/turismo\/\" title=\"ReadTurismo\">Read more &raquo;<\/a><\/p>\n","protected":false},"author":10335,"featured_media":0,"parent":0,"menu_order":0,"comment_status":"closed","ping_status":"closed","template":"","meta":{"footnotes":""},"class_list":["post-67","page","type-page","status-publish","hentry"],"_links":{"self":[{"href":"https:\/\/blog.espol.edu.ec\/pjquimi\/wp-json\/wp\/v2\/pages\/67","targetHints":{"allow":["GET"]}}],"collection":[{"href":"https:\/\/blog.espol.edu.ec\/pjquimi\/wp-json\/wp\/v2\/pages"}],"about":[{"href":"https:\/\/blog.espol.edu.ec\/pjquimi\/wp-json\/wp\/v2\/types\/page"}],"author":[{"embeddable":true,"href":"https:\/\/blog.espol.edu.ec\/pjquimi\/wp-json\/wp\/v2\/users\/10335"}],"replies":[{"embeddable":true,"href":"https:\/\/blog.espol.edu.ec\/pjquimi\/wp-json\/wp\/v2\/comments?post=67"}],"version-history":[{"count":1,"href":"https:\/\/blog.espol.edu.ec\/pjquimi\/wp-json\/wp\/v2\/pages\/67\/revisions"}],"predecessor-version":[{"id":69,"href":"https:\/\/blog.espol.edu.ec\/pjquimi\/wp-json\/wp\/v2\/pages\/67\/revisions\/69"}],"wp:attachment":[{"href":"https:\/\/blog.espol.edu.ec\/pjquimi\/wp-json\/wp\/v2\/media?parent=67"}],"curies":[{"name":"wp","href":"https:\/\/api.w.org\/{rel}","templated":true}]}}