{"id":2,"date":"2011-05-20T17:39:30","date_gmt":"2011-05-20T17:39:30","guid":{"rendered":""},"modified":"2011-06-10T01:02:09","modified_gmt":"2011-06-10T03:02:09","slug":"about","status":"publish","type":"page","link":"https:\/\/blog.espol.edu.ec\/plandeta\/about\/","title":{"rendered":"Escritores"},"content":{"rendered":"<p style=\"text-align: left\">Hola... para darle inicio a mi blog, se me ocurre empezar con\u00a0algunos de los escritores y poetas m\u00e1s famosos, a continuaci\u00f3n:<\/p>\n<p style=\"text-align: center\">Gabriela Mistral<\/p>\n<p style=\"text-align: center\"><img loading=\"lazy\" decoding=\"async\" class=\"size-medium wp-image-12   aligncenter\" title=\"Gabriela Mistral\" src=\"http:\/\/blog.espol.edu.ec\/plandeta\/files\/2011\/05\/mistral1-300x244.jpg\" alt=\"\" width=\"300\" height=\"244\" srcset=\"https:\/\/blog.espol.edu.ec\/plandeta\/files\/2011\/05\/mistral1-300x244.jpg 300w, https:\/\/blog.espol.edu.ec\/plandeta\/files\/2011\/05\/mistral1.jpg 340w\" sizes=\"auto, (max-width: 300px) 100vw, 300px\" \/><\/p>\n<p style=\"text-align: left\">Lucila de Mar\u00eda del Perpetuo Socorro Godoy Alcayaga, conocida por su seud\u00f3nimo Gabriela Mistral (Vicu\u00f1a, 7 de abril de 1889 \u2013 Nueva York, 10 de enero de 1957), fue una destacada poetisa, diplom\u00e1tica y pedagoga chilena. Gabriela Mistral, una de las principales figuras de la literatura chilena y latinoamericana, es la primera persona latinoamericana y primera mujer americana en ganar el Premio Nobel de Literatura, el cual recibi\u00f3 en 1945.<\/p>\n<ul>\n<li><em>Sonetos de la Muerte<\/em> (1914)<\/li>\n<li><em>Desolaci\u00f3n<\/em> (1922)<\/li>\n<li><em>Lecturas para mujeres<\/em> (1923)<\/li>\n<li><em>Ternura<\/em> (1924)<\/li>\n<li><em>Nubes blancas y breve descripci\u00f3n de Chile<\/em> (1934)<\/li>\n<li><em>Tala<\/em> (1938)<\/li>\n<li><em>Todas \u00edbamos a ser reinas (1938)<\/em><\/li>\n<li><em>Antolog\u00eda<\/em> (1941)<\/li>\n<li><em>Lagar<\/em> (1954)<\/li>\n<li><em>Recados, contando a Chile<\/em> (1957)<\/li>\n<li><em>Poema de Chile<\/em> (1967, edici\u00f3n p\u00f3stuma)<\/li>\n<li><em>Alm\u00e1cigo<\/em> (2008, edici\u00f3n p\u00f3stuma de poemas in\u00e9ditos)<\/li>\n<li><em>Ni\u00f1a errante<\/em> (2009, epistolario con Doris Dana)<\/li>\n<\/ul>\n<p style=\"text-align: center\">Gabriel Garc\u00eda M\u00e1rquez<\/p>\n<p style=\"text-align: center\"><img loading=\"lazy\" decoding=\"async\" class=\"aligncenter size-medium wp-image-17\" title=\"Gabriel Garc\u00eda M\u00e1rquez\" src=\"http:\/\/blog.espol.edu.ec\/plandeta\/files\/2011\/05\/mistral2-235x300.jpg\" alt=\"\" width=\"235\" height=\"300\" srcset=\"https:\/\/blog.espol.edu.ec\/plandeta\/files\/2011\/05\/mistral2-235x300.jpg 235w, https:\/\/blog.espol.edu.ec\/plandeta\/files\/2011\/05\/mistral2.jpg 392w\" sizes=\"auto, (max-width: 235px) 100vw, 235px\" \/><\/p>\n<p>Gabriel Jos\u00e9 de la Concordia Garc\u00eda M\u00e1rquez (Aracataca, Colombia, 6 de marzo de 1927)<sup> <\/sup>es un novelista, cuentista, guionista y periodista colombiano. En 1982 recibi\u00f3 el Premio Nobel de Literatura.<\/p>\n<p>Gabriel Garc\u00eda M\u00e1rquez es famoso tanto por su genio como escritor, como por su habilidad de usar este talento para compartir sus ideolog\u00edas pol\u00edticas. Su amistad con el l\u00edder cubano Fidel Castro ha causado mucha controversia en el mundo literario y pol\u00edtico.<\/p>\n<p>Cuentos y relatos<\/p>\n<ul>\n<li>1947: <em>La tercera resignaci\u00f3n<\/em><\/li>\n<li>1948: <em>La otra costilla de la muerte<\/em><\/li>\n<li>1948: <em>Eva est\u00e1 dentro de su gato<\/em><\/li>\n<li>1949: <em>Amargura para tres son\u00e1mbulos<\/em><\/li>\n<li>1949: <em>Di\u00e1logo del espejo<\/em><\/li>\n<li>1950: <em>Ojos de perro azul<\/em><\/li>\n<li>1950: <em>La mujer que llegaba a las seis<\/em><\/li>\n<li>1951: <em>Nabo, el negro que hizo esperar a los \u00e1ngeles<\/em><\/li>\n<li>1952: <em>Alguien desordena estas rosas<\/em><\/li>\n<li>1953: <em>La noche de los alcaravanes<\/em><\/li>\n<li>1955: <em>Mon\u00f3logo de Isabel viendo llover en Macondo<\/em><\/li>\n<li>1962: <em>La siesta del martes<\/em><\/li>\n<li>1962: <em>Un d\u00eda de \u00e9stos<\/em><\/li>\n<li>1962: <em>En este pueblo no hay ladrones<\/em><\/li>\n<li>1962: <em>La prodigiosa tarde de Baltazar<\/em><\/li>\n<li>1962: <em>La viuda de Montiel<\/em><\/li>\n<li>1962: <em>Un d\u00eda despu\u00e9s del s\u00e1bado<\/em><\/li>\n<li>1962: <em>Rosas artificiales<\/em><\/li>\n<li>1962: <em>Los funerales de la Mam\u00e1 Grande<\/em><\/li>\n<li>1968: <em>Un se\u00f1or muy viejo con unas alas enormes<\/em><\/li>\n<li>1968: <em>La luz es como el agua<\/em><\/li>\n<li>1961: <em>El mar del tiempo perdido<\/em><\/li>\n<li>1968: <em>El ahogado m\u00e1s hermoso del mundo<\/em><\/li>\n<li>1968: <em>El \u00faltimo viaje del buque fantasma<\/em><\/li>\n<li>1968: <em>Blacam\u00e1n el bueno vendedor de milagros<\/em><\/li>\n<li>1970: <em>Muerte constante m\u00e1s all\u00e1 del amor<\/em><\/li>\n<li>1972: <em>La incre\u00edble y triste historia de la c\u00e1ndida Er\u00e9ndira y de su abuela desalmada<\/em><\/li>\n<li>1992: <em>Doce cuentos peregrinos<\/em><\/li>\n<\/ul>\n<p>Novelas, libros de recopilaciones y reportajes<\/p>\n<ul>\n<li>1955: <em>La hojarasca<\/em><\/li>\n<li>1961: <em>El coronel no tiene quien le escriba<\/em><\/li>\n<li>1962: <em>La mala hora<\/em><\/li>\n<li>1962: <em>Los funerales de la Mam\u00e1 Grande<\/em><\/li>\n<li>1967: <em>Cien a\u00f1os de soledad<\/em><\/li>\n<li>1968: <em>Mon\u00f3logo de Isabel viendo llover en Macondo<\/em><\/li>\n<li>1970: <em>Relato de un n\u00e1ufrago<\/em> (edici\u00f3n en formato libro), compila el reportaje publicado en 1955<\/li>\n<li>1973: <em>Ojos de perro azul<\/em> (libro recopilatorio de cuentos; aparece por primera vez ese a\u00f1o, pero no ser\u00e1 hasta la edici\u00f3n de 1974 de Plaza &amp; Jan\u00e9s cuando se publicar\u00e1 la versi\u00f3n definitiva con todos los cuentos que lo componen).<\/li>\n<li>1973: <em>Cuando era feliz e indocumentado<\/em><\/li>\n<li>1974: <em>Chile, el golpe y los gringos<\/em><\/li>\n<li>1975: <em>El oto\u00f1o del patriarca<\/em><\/li>\n<li>1947-1972, 1976: <em>Todos los cuentos<\/em><\/li>\n<li>1978: <em>De viaje por los pa\u00edses socialistas<\/em><\/li>\n<li>1948-1952: <em>Obra period\u00edstica 1: Textos coste\u00f1os<\/em><\/li>\n<li>1954-1955: <em>Obra period\u00edstica 2: Entre cachacos<\/em><\/li>\n<li>1955-1960: <em>Obra period\u00edstica 3: De Europa y Am\u00e9rica<\/em><\/li>\n<li>1974-1995: <em>Obra period\u00edstica 4: Por la libre<\/em><\/li>\n<li>1980-1984: <em>Obra period\u00edstica 5: Notas de prensa<\/em><\/li>\n<li>1981: <em>Cr\u00f3nica de una muerte anunciada<\/em><\/li>\n<li>1982: <em>Viva Sandino<\/em><\/li>\n<li>1982: <em>El secuestro<\/em><\/li>\n<li>1982: <em>El olor de la guayaba<\/em><\/li>\n<li>1983: <em>El asalto: el operativo con el que el FSLN se lanz\u00f3 al mundo<\/em><\/li>\n<li>1983: <em>Er\u00e9ndira<\/em>, guion basado en el relato La incre\u00edble y triste historia de la c\u00e1ndida Er\u00e9ndira y de su abuela desalmada<\/li>\n<li>1985: <em>El amor en los tiempos del c\u00f3lera<\/em><\/li>\n<li>1986: <em>La aventura de Miguel Litt\u00edn clandestino en Chile<\/em><\/li>\n<li>1989: <em>El general en su laberinto<\/em><\/li>\n<li>1992: <em>Doce cuentos peregrinos<\/em><\/li>\n<li>1994: <em>Del amor y otros demonios<\/em><\/li>\n<li>1996: <em>Noticia de un secuestro<\/em><\/li>\n<li>2002: <em>Vivir para contarla<\/em><\/li>\n<li>2004: <em>Memoria de mis putas tristes<\/em><\/li>\n<li>2010: <em>Yo no vengo a decir un discurso<\/em><\/li>\n<\/ul>\n<p>Textos teatrales<\/p>\n<ul>\n<li>1994: <em>Diatriba de amor contra un hombre sentado<\/em><\/li>\n<\/ul>\n<p style=\"text-align: center\"><em>Pablo Neruda<\/em><\/p>\n<p style=\"text-align: center\"><em><img loading=\"lazy\" decoding=\"async\" class=\"aligncenter size-medium wp-image-21\" title=\"Pablo Neruda\" src=\"http:\/\/blog.espol.edu.ec\/plandeta\/files\/2011\/05\/mistral3-300x300.jpg\" alt=\"\" width=\"300\" height=\"300\" srcset=\"https:\/\/blog.espol.edu.ec\/plandeta\/files\/2011\/05\/mistral3-300x300.jpg 300w, https:\/\/blog.espol.edu.ec\/plandeta\/files\/2011\/05\/mistral3-150x150.jpg 150w, https:\/\/blog.espol.edu.ec\/plandeta\/files\/2011\/05\/mistral3.jpg 400w\" sizes=\"auto, (max-width: 300px) 100vw, 300px\" \/><\/em><\/p>\n<p>Ricardo Eli\u00e9cer Neftal\u00ed Reyes Basoalto (Parral, 12 de julio de 1904 \u2013 Santiago de Chile, 23 de septiembre de 1973) conocido por el seud\u00f3nimo y, m\u00e1s tarde (1946), el nombre legal de Pablo Neruda, fue un poeta y militante comunista chileno, considerado entre los mejores y m\u00e1s influyentes de su siglo, siendo llamado por el novelista Gabriel Garc\u00eda M\u00e1rquez \u00abel m\u00e1s grande poeta del siglo XX en cualquier idioma\u00bb.<sup> <\/sup>Tambi\u00e9n fue un destacado activista pol\u00edtico, siendo senador de la Rep\u00fablica, integrante del Comit\u00e9 Central del Partido Comunista y precandidato a la presidencia de su pa\u00eds. Entre sus m\u00faltiples reconocimientos destacan el Premio Nobel de Literatura en 1971 y un Doctorado Honoris Causa por la Universidad de Oxford. En palabras del cr\u00edtico literario Harold Bloom, \u00abning\u00fan poeta del hemisferio occidental de nuestro siglo admite comparaci\u00f3n con \u00e9l\u00bb, consider\u00e1ndolo uno de los veintis\u00e9is autores centrales del canon de la literatura occidental de todos los tiempos.<\/p>\n<p><em>Publicadas en vida<\/em><\/p>\n<p><em>Neruda durante una visita a Estados Unidos en 1966.<\/em><\/p>\n<ul>\n<li><em>Crepusculario<\/em><em>. Santiago, Ediciones Claridad, 1923.<\/em><\/li>\n<li><em>Veinte poemas de amor y una canci\u00f3n desesperada<\/em><em>. Santiago, Editorial Nascimento, 1924.<\/em><\/li>\n<li><em>Tentativa del hombre infinito<\/em><em>. Santiago, Editorial Nascimento, 1926.<\/em><\/li>\n<li><em>Anillos<\/em><em> Santiago, Editorial Nascimento, 1926. (Prosa po\u00e9tica de Pablo Neruda y Tom\u00e1s Lago.)<\/em><\/li>\n<li><em>El hondero entusiasta<\/em><em> Santiago, Empresa Letras, 1933.<\/em><\/li>\n<li><em>El habitante y su esperanza<\/em><em>. Novela. Santiago, Editorial Nascimento, 1926.<\/em><\/li>\n<li><em>Residencia en la tierra (1925\u20131931)<\/em><em>. Madrid, Ediciones del \u00c1rbol, 1935.<\/em><\/li>\n<li><em>Espa\u00f1a en el coraz\u00f3n<\/em><em>. Himno a las glorias del pueblo en la guerra: (1936\u20131937). Santiago, Ediciones Ercilla, 1937.<\/em><\/li>\n<li><em>Nuevo canto de amor a Stalingrado<\/em><em>. M\u00e9xico, 1943.<\/em><\/li>\n<li><em>Tercera residencia (1935\u20131945)<\/em><em>. Buenos Aires, Losada, 1947.<\/em><\/li>\n<li><em>Canto general<\/em><em>. M\u00e9xico, Talleres Gr\u00e1ficos de la Naci\u00f3n, 1950.<\/em><\/li>\n<li><em>Los versos del capit\u00e1n<\/em><em>. Imprenta L'Arte Tipografica, Napoli, 1952, 184 pp.<\/em><\/li>\n<li><em>Todo el amor<\/em><em>. Santiago, Editorial Nascimento, 1953.<\/em><\/li>\n<li><em>Las uvas y el viento<\/em><em>. Santiago, Editorial Nascimento, 1954.<\/em><\/li>\n<li><em>Odas elementales<\/em><em>. Buenos Aires, Editorial Losada, 1954.<\/em><\/li>\n<li><em>Nuevas odas elementales<\/em><em>. Buenos Aires, Editorial Losada, 1955.<\/em><\/li>\n<li><em>Tercer libro de las odas<\/em><em>. Buenos Aires, Losada, 1957.<\/em><\/li>\n<li><em>Estravagario<\/em><em>. Buenos Aires, Editorial Losada, 1958.<\/em><\/li>\n<li><em>Navegaciones y regresos<\/em><em> Buenos Aires, Editorial Losada, 1959.<\/em><\/li>\n<li><em>Cien sonetos de amor<\/em><em>. Santiago, Editorial Universitaria, 1959.<\/em><\/li>\n<li><em>Canci\u00f3n de gesta<\/em><em>. La Habana, Imprenta Nacional de Cuba, 1960.<\/em><\/li>\n<li><em>Poes\u00edas: Las piedras de Chile<\/em><em>. Buenos Aires, Editorial Losada, 1960.Las Piedras de Pablo Neruda<\/em><\/li>\n<li><em>Cantos ceremoniales<\/em><em>. Buenos Aires, Losada, 1961.<\/em><\/li>\n<li><em>Memorial de Isla Negra<\/em><em>. Buenos Aires, Losada, 1964. 5 vol\u00famenes.<\/em><\/li>\n<li><em>Arte de p\u00e1jaros<\/em><em>. Santiago, Ediciones Sociedad de Amigos del Arte Contempor\u00e1neo, 1966.<\/em><\/li>\n<li><em>Fulgor y muerte de Joaqu\u00edn Murieta<\/em><em>. Santiago, Zig-Zag, 1967. La obra fue escrita con la intenci\u00f3n de servir de libreto para una \u00f3pera de Sergio Ortega.<\/em><\/li>\n<li><em>La Barcarola<\/em><em>. Buenos Aires, Losada, 1967.<\/em><\/li>\n<li><em>Las manos del d\u00eda<\/em><em>. Buenos Aires, Losada, 1968.<\/em><\/li>\n<li><em>Comiendo en Hungr\u00eda<\/em><em>. Editorial Lumen, Barcelona, 1969. (En co-autor\u00eda con Miguel \u00c1ngel Asturias)<\/em><\/li>\n<li><em>Fin del mundo<\/em><em>. Santiago, Edici\u00f3n de la Sociedad de Arte Contempor\u00e1neo, 1969. Con Ilustraciones de Mario Carre\u00f1o, Nemesio Ant\u00fanez, Pedro Millar, Mar\u00eda Martner, Julio Esc\u00e1mez y Osvaldo Guayasam\u00edn.<\/em><\/li>\n<li><em>A\u00fan<\/em><em>. Editorial Nascimento, Santiago, 1969.<\/em><\/li>\n<li><em>Maremoto<\/em><em>. Santiago, Sociedad de Arte Contempor\u00e1neo, 1970. Con Xilograf\u00edas a color de Carin Oldfelt Hjertonsson.<\/em><\/li>\n<li><em>La espada encendida<\/em><em>. Buenos Aires, Losada, 1970.<\/em><\/li>\n<li><em>Las piedras del cielo<\/em><em>. Editorial Losada, Buenos Aires, 1970.<\/em><\/li>\n<li><em>Discurso de Estocolmo<\/em><em>. Alpignano, Italia, A. Tallone, 1972.<\/em><\/li>\n<li><em>Geograf\u00eda infructuosa<\/em><em> Buenos Aires, Editorial Losada, 1972.<\/em><\/li>\n<li><em>La rosa separada<\/em><em>. \u00c9ditions du Dragon, Paris, 1972 con grabados de Enrique Za\u00f1artu.<\/em><\/li>\n<li><em>Incitaci\u00f3n al Nixonicidio y alabanza de la revoluci\u00f3n chilena<\/em><em>. Santiago, Empresa Editora Nacional Quimant\u00fa, Santiago, 1973.<\/em><\/li>\n<li><em>Geograf\u00eda de Pablo Neruda<\/em><em>. Editorial Aym\u00e1, Barcelona, 1973. Glosas aut\u00f3grafas de Neruda, Fotos de Sara Facio y Alicia D'Amico.<\/em><\/li>\n<\/ul>\n<p><em>Publicaci\u00f3n p\u00f3stuma<\/em><\/p>\n<p><em>Neruda en su \u00faltima aparici\u00f3n en p\u00fablico (1972).<\/em><\/p>\n<ul>\n<li><em>El mar y las campanas<\/em><em>. Editorial Losada, Buenos Aires, 1973<\/em><\/li>\n<li><em>2000<\/em><em>. Editorial Losada, Buenos Aires, 1974<\/em><\/li>\n<li><em>Eleg\u00eda<\/em><em>. Editorial Losada, Buenos Aires, 1974.<\/em><\/li>\n<li><em>El coraz\u00f3n amarillo<\/em><em>. Editorial Losada, Buenos Aires, 1974<\/em><\/li>\n<li><em>Jard\u00edn de invierno<\/em><em>. Editorial Losada, Buenos Aires, 1974.<\/em><\/li>\n<li><em>Confieso que he vivido<\/em><em>. Memorias. Barcelona, Seix Barral, 1974. (autobiograf\u00eda)<\/em><\/li>\n<li><em>Cartas de amor de Pablo Neruda<\/em><em>. Ediciones Rodas, Madrid, 1975.<\/em><\/li>\n<li><em>Para nacer he nacido<\/em><em>. Editorial Seix Barral, Barcelona, 1978.<\/em><\/li>\n<li><em>Cartas a Laura<\/em><em>. Centro Iberoamericano de Cooperaci\u00f3n, Madrid, 1978.<\/em><\/li>\n<li><em>Poes\u00edas escogidas<\/em><em>. Biblioteca Premios Nobel. Aguilar S.A. de ediciones, 1980.<\/em><\/li>\n<li><em>El r\u00edo invisible<\/em><em> Editorial Seix Barral, Barcelona, 1980.<\/em><\/li>\n<li><em>Neruda\/Eandi, Correspondencia durante Residencia en la tierra<\/em><em>. Editorial Sudamericana, Buenos Aires, 1980.<\/em><\/li>\n<li><em>El fin del viaje<\/em><em>. Editorial Seix Barral, Barcelona, 1982.<\/em><\/li>\n<li><em>Pablo Neruda, Discursos Parlamentarios. (1945-1948)<\/em><em>. Editorial Ant\u00e1rtica, Santiago, 1997.<\/em><\/li>\n<li><em>Pablo Neruda, Cuadernos de Temuco<\/em><em> Seix Barral, Buenos Aires.<\/em><\/li>\n<li><em>Pablo Neruda, Pr\u00f3logos<\/em><em>. Editorial Sudamericana, Santiago, 2000.<\/em><\/li>\n<li><em>Pablo Neruda, Epistolario viajero. (1927-1973)<\/em><em>Editorial RIL, Santiago, 2004.<\/em><\/li>\n<li><em>Pablo Neruda en O\u2019Cruzeiro Internacional<\/em><em>. Editorial Puerto de Palos, Santiago, 2004.<\/em><\/li>\n<li><em>Pablo Neruda. Yo respondo con mi obra: Conferencias, Discursos, Cartas, Declaraciones. (1932 - 1959).<\/em><em> Ediciones Universidad de Salamanca, Salamanca, Espa\u00f1a, 2004.<\/em><\/li>\n<li><em>David Bautista. Yo respondo con mi obra: tus ojos, Discursos, Cartas, Declaraciones. (1932 - 1959).<\/em><em> Ediciones Universidad de Salamanca, Salamanca, Espa\u00f1a, 2004.<\/em><\/li>\n<li><em>Pablo Neruda, J.M. Coetzee, W. Faulkner, Doris Lessing, G.G. M\u00e1rquez, Discursos, Alpha Decay, Barcelona, 2008.<\/em><\/li>\n<li><em>Real Academia Espa\u00f1ola, Asociaci\u00f3n Chilena del Libro, Hern\u00e1n Loyola y otros. \"Antolog\u00eda Completa\". Alfaguara, Santiago de Chile, 2010.<\/em><\/li>\n<\/ul>\n<p style=\"text-align: center\"><em>Octavio Paz<\/em><\/p>\n<p style=\"text-align: center\"><img loading=\"lazy\" decoding=\"async\" class=\"aligncenter size-medium wp-image-25\" title=\"Octavio Paz\" src=\"http:\/\/blog.espol.edu.ec\/plandeta\/files\/2011\/05\/mistral4-223x300.jpg\" alt=\"\" width=\"223\" height=\"300\" srcset=\"https:\/\/blog.espol.edu.ec\/plandeta\/files\/2011\/05\/mistral4-223x300.jpg 223w, https:\/\/blog.espol.edu.ec\/plandeta\/files\/2011\/05\/mistral4.jpg 350w\" sizes=\"auto, (max-width: 223px) 100vw, 223px\" \/><\/p>\n<p>Octavio Paz Lozano (Ciudad de M\u00e9xico, 31 de marzo de 1914 - Ib\u00eddem, 19 de abril de 1998) fue un poeta, escritor, ensayista y diplom\u00e1tico mexicano, Premio Nobel de Literatura 1990. Se le considera uno de los m\u00e1s grandes escritores del siglo XX y uno de los grandes poetas hispanos de todos los tiempos.<sup>[1]<\/sup> Su extensa obra abarc\u00f3 g\u00e9neros diversos, entre los que sobresalieron textos po\u00e9ticos, el ensayo y traducciones.<\/p>\n<p>POES\u00cdA<\/p>\n<ul>\n<li>1933 - <em>Luna silvestre<\/em><\/li>\n<li>1938 - 1946 - Puerta condenada<\/li>\n<li>1937 - <em>La rama<\/em><\/li>\n<li>1942 - <em>A la orilla del mundo<\/em>, recopilaci\u00f3n<\/li>\n<li>1949 - <em>Libertad bajo palabra<\/em>, libro dividido en 5 secciones que incluye, entre otros, el poema <em>Piedra de sol<\/em>. De esta obra Paz hizo otras tres ediciones, conn sucesivas correcciones, omisiones y reposiciones<\/li>\n<li>1962 - <em>Salamandra<\/em><\/li>\n<li>1969 - <em>La centena<\/em>, selecci\u00f3n de su poes\u00eda escrita entre 1935 y 1968<\/li>\n<li>1969 - <em>Ladera este<\/em><\/li>\n<li>1972 - <em>Le singe grammairien<\/em>, traducci\u00f3n francesa de Claude Esteban publicada por el editor Albert Skira en Ginebra (Suiza). La versi\u00f3n en castellano, <em>El mono gram\u00e1tico<\/em>, apareci\u00f3 en 1974.<\/li>\n<li>1975 - <em>Pasado en claro<\/em><\/li>\n<li>1976 - <em>Vuelta<\/em><\/li>\n<li>1979 - <em>Poemas<\/em> (1935-1975)<\/li>\n<li>1987 - <em>\u00c1rbol adentro<\/em><\/li>\n<li>1989 - <em>El fuego de cada d\u00eda<\/em>, selecci\u00f3n realizada por Paz de su poes\u00eda escrita a partir de 1969<\/li>\n<\/ul>\n<p>Ensayo<\/p>\n<ul>\n<li>1950 - <em>El laberinto de la soledad<\/em><\/li>\n<li>1956 - <em>El arco y la lira<\/em><\/li>\n<li>1957 - <em>Las peras del olmo<\/em><\/li>\n<li>1965 - <em>Cuadrivio<\/em><\/li>\n<li>1966 - <em>Puertas al campo<\/em><\/li>\n<li>1967 - <em>Corriente alterna<\/em><\/li>\n<li>1967 - <em>Claude Levi-Strauss o el nuevo fest\u00edn de Esopo<\/em><\/li>\n<li>1968 - <em>Marcel Duchamp o el castillo de la Pureza<\/em>, con su reedici\u00f3n ampliada <em>Apariencia desnuda<\/em> (1973)<\/li>\n<li>1969 - <em>Conjunciones y disyunciones<\/em><\/li>\n<li>1969 - <em>Postdata<\/em>, continuaci\u00f3n de <em>El laberinto de la soledad<\/em>.<\/li>\n<li>1973 - <em>El signo y el garabato<\/em><\/li>\n<li>1974 - <em>Los hijos del limo<\/em><\/li>\n<li>1974 - <em>La b\u00fasqueda del comienzo (escritos sobre el surrealismo)<\/em> (2a. edici\u00f3n: 1980)<\/li>\n<li>1978 - <em>Xavier Villaurrutia en persona y en obra<\/em><\/li>\n<li>1979 - <em>El ogro filantr\u00f3pico<\/em><\/li>\n<li>1979 - <em>In-mediaciones<\/em><\/li>\n<li>1982 - <em>Sor Juana In\u00e9s de la Cruz o las trampas de la fe<\/em><\/li>\n<li>1983 - <em>Tiempo nublado<\/em><\/li>\n<li>1983 - <em>Sombras de obras<\/em><\/li>\n<li>1984 - <em>Hombres en su siglo<\/em><\/li>\n<li>1985 - <em>Pasi\u00f3n cr\u00edtica<\/em>, conversaciones con diversos interlocutores<\/li>\n<li>1988 - <em>Primeras letras<\/em>, colecci\u00f3n de sus prosas de juventud<\/li>\n<li>1990 - <em>Peque\u00f1a cr\u00f3nica de grandes d\u00edas<\/em><\/li>\n<li>1990 - <em>La otra voz. Poes\u00eda y fin de siglo<\/em><\/li>\n<li>1991 - <em>Convergencias<\/em><\/li>\n<li>1992 - <em>Al paso<\/em><\/li>\n<li>1993 - <em>La llama doble<\/em><\/li>\n<li>1993 - <em>Un m\u00e1s all\u00e1 er\u00f3tico: Sade<\/em><\/li>\n<li>1994 - <em>Itinerario<\/em><\/li>\n<li>1995 - <em>Vislumbres de la India<\/em><\/li>\n<li>1997 - <em>Las hojas<\/em><\/li>\n<\/ul>\n<p><em>\u00a0<\/em><\/p>\n<p><em>Las obras de estos escritores y poetas las he copilado gracias a <a href=\"http:\/\/es.wikipedia.org\" target=\"_blank\">Wikipedia<\/a><\/em><\/p>\n","protected":false},"excerpt":{"rendered":"<p>Hola... para darle inicio a mi blog, se me ocurre empezar con\u00a0algunos de los escritores y poetas m\u00e1s famosos, a continuaci\u00f3n: Gabriela Mistral Lucila de Mar\u00eda del Perpetuo Socorro Godoy Alcayaga, conocida por su seud\u00f3nimo Gabriela Mistral (Vicu\u00f1a, 7 de abril de 1889 \u2013 Nueva York, 10 de enero de 1957), fue una destacada poetisa, [&hellip;]<\/p>\n","protected":false},"author":5760,"featured_media":0,"parent":0,"menu_order":0,"comment_status":"open","ping_status":"open","template":"","meta":{"footnotes":""},"class_list":["post-2","page","type-page","status-publish","hentry"],"_links":{"self":[{"href":"https:\/\/blog.espol.edu.ec\/plandeta\/wp-json\/wp\/v2\/pages\/2","targetHints":{"allow":["GET"]}}],"collection":[{"href":"https:\/\/blog.espol.edu.ec\/plandeta\/wp-json\/wp\/v2\/pages"}],"about":[{"href":"https:\/\/blog.espol.edu.ec\/plandeta\/wp-json\/wp\/v2\/types\/page"}],"author":[{"embeddable":true,"href":"https:\/\/blog.espol.edu.ec\/plandeta\/wp-json\/wp\/v2\/users\/5760"}],"replies":[{"embeddable":true,"href":"https:\/\/blog.espol.edu.ec\/plandeta\/wp-json\/wp\/v2\/comments?post=2"}],"version-history":[{"count":17,"href":"https:\/\/blog.espol.edu.ec\/plandeta\/wp-json\/wp\/v2\/pages\/2\/revisions"}],"predecessor-version":[{"id":8,"href":"https:\/\/blog.espol.edu.ec\/plandeta\/wp-json\/wp\/v2\/pages\/2\/revisions\/8"}],"wp:attachment":[{"href":"https:\/\/blog.espol.edu.ec\/plandeta\/wp-json\/wp\/v2\/media?parent=2"}],"curies":[{"name":"wp","href":"https:\/\/api.w.org\/{rel}","templated":true}]}}