{"id":48,"date":"2011-06-07T14:17:58","date_gmt":"2011-06-07T16:17:58","guid":{"rendered":"http:\/\/blog.espol.edu.ec\/plandeta\/?page_id=48"},"modified":"2011-06-10T03:22:40","modified_gmt":"2011-06-10T05:22:40","slug":"mi-aficion-gracias-a-rumiko","status":"publish","type":"page","link":"https:\/\/blog.espol.edu.ec\/plandeta\/mi-aficion-gracias-a-rumiko\/","title":{"rendered":"Mi Afici\u00f3n Gracias a Rumiko"},"content":{"rendered":"<p style=\"text-align: center\">\u00bfQui\u00e9n es Rumiko Takahashi?<\/p>\n<p>Pues, sencillo, ella es la mejor mangaka que ha existido(y existir\u00e1) sobre la faz de la tierra...<\/p>\n<p style=\"text-align: center\"><a href=\"http:\/\/blog.espol.edu.ec\/plandeta\/files\/2011\/06\/rumiko1.gif\"><img loading=\"lazy\" decoding=\"async\" class=\"aligncenter size-full wp-image-53\" title=\"Rumiko Takahashi\" src=\"http:\/\/blog.espol.edu.ec\/plandeta\/files\/2011\/06\/rumiko1.gif\" alt=\"\" width=\"234\" height=\"252\" \/><\/a><\/p>\n<p><em><strong>Rumiko Takahashi<\/strong><\/em> (\u9ad8\u6a4b \u7559\u7f8e\u5b50, <em>Takahashi Rumiko<\/em>) es una historietista ('mangaka') japonesa, nacida en Niigata (Jap\u00f3n) el 10 de octubre de 1957. Estudia Qu\u00edmica en la Universidad, al mismo tiempo que crea mangas.<\/p>\n<p>Artista prol\u00edfica y con obras del m\u00e1s variado pelaje, Rumiko Takahashi ha sido y es una de las artistas del manga m\u00e1s impresionantes, con obras como <a title=\"Urusei Yatsura\" href=\"http:\/\/es.wikipedia.org\/wiki\/Urusei_Yatsura\">Lamu\/Lum<\/a> (<a title=\"Urusei Yatsura\" href=\"http:\/\/es.wikipedia.org\/wiki\/Urusei_yatsura\" target=\"_blank\">Urusei Yatsura<\/a>), <a title=\"Maison Ikkoku\" href=\"http:\/\/es.wikipedia.org\/wiki\/Maison_Ikkoku\">Maison Ikkoku<\/a>, Ranma 1\/2 e <a title=\"InuYasha\" href=\"http:\/\/es.wikipedia.org\/wiki\/InuYasha\">InuYasha<\/a> entre otras muchas. En el a\u00f1o 2009 se ha presentado su siguiente obra titulada <a title=\"Ky\u014dkai no Rinne\" href=\"http:\/\/es.wikipedia.org\/wiki\/Ky%C5%8Dkai_no_Rinne\">Ky\u014dkai no Rinne<\/a>.<\/p>\n<p>Ella ha demostrado a TODO el mundo que NO TIENE L\u00cdMITES en cuanto a ingenio, capacidad mental, creatividad, etc., etc.<\/p>\n<p>Empez\u00f3 de muy buena manera su carrera art\u00edstica, pues desde\u00a0 su primera obra peg\u00f3 y ha continuado as\u00ed desde entonces, osea DESDE 1978, sin duda TODO UN LOGRO. Imponiendo un estilo dif\u00edcil de imitar y muy atractivo a vista de todos.<\/p>\n<p>Es por esto y m\u00e1s que se la conoce como la PRINCESA DEL MANGA.<\/p>\n<p>Entre sus creaciones est\u00e1n:<\/p>\n<h2>Obras<\/h2>\n<ul>\n<li>1978-1987 <a title=\"Urusei Yatsura\" href=\"http:\/\/es.wikipedia.org\/wiki\/Urusei_Yatsura\">Urusei Yatsura<\/a>\uff08\u3046\u308b\u661f\u3084\u3064\u3089\uff09<\/li>\n<li>1980-1987 <a title=\"Maison Ikkoku\" href=\"http:\/\/es.wikipedia.org\/wiki\/Maison_Ikkoku\">Maison Ikkoku<\/a> (\u3081\u305e\u3093\u4e00\u523b)<\/li>\n<li>1984-1994 <a title=\"Mermaid Saga\" href=\"http:\/\/es.wikipedia.org\/wiki\/Mermaid_Saga\">Mermaid Saga<\/a> (\u4eba\u9b5a\u30b7\u30ea\u30fc\u30ba)<\/li>\n<li>1989-1996 <a title=\"El mundo de Rumiko\" href=\"http:\/\/es.wikipedia.org\/wiki\/El_mundo_de_Rumiko\">El mundo de Rumiko<\/a> (\u308b\u30fc\u307f\u3063\u304f\u308f\u30fc\u308b\u3069)<\/li>\n<li>1987-1996 <a title=\"Ranma \u00bd\" href=\"http:\/\/es.wikipedia.org\/wiki\/Ranma_%C2%BD\">Ranma \u00bd<\/a> (\u3089\u3093\u307e\u00bd)<\/li>\n<li>1987-2006 <a title=\"One Pound Gospel\" href=\"http:\/\/es.wikipedia.org\/wiki\/One_Pound_Gospel\">One Pound Gospel<\/a> (1\u30dd\u30f3\u30c9\u306e\u798f\u97f3)<\/li>\n<li>1987-1993 <a title=\"La tragedia de P\" href=\"http:\/\/es.wikipedia.org\/wiki\/La_tragedia_de_P\">La tragedia de P<\/a> (\u9ad8\u6a4b\u7559\u7435\u5b50\u5091\u4f5c\u96c6\uff30\u306e\u60b2\u5287)<\/li>\n<li>1994-1997 <a title=\"1 or W\" href=\"http:\/\/es.wikipedia.org\/wiki\/1_or_W\">1 or W<\/a>\uff08\u30ef\u30f3\u30fb\u30aa\u30a2\u30fb\u30c0\u30d6\u30eb\uff09<\/li>\n<li>1996-2008 <a title=\"InuYasha\" href=\"http:\/\/es.wikipedia.org\/wiki\/InuYasha\">InuYasha<\/a> (\u72ac\u591c\u53c9)<\/li>\n<li>2009- <a title=\"Ky\u014dkai no Rinne\" href=\"http:\/\/es.wikipedia.org\/wiki\/Ky%C5%8Dkai_no_Rinne\">Ky\u014dkai no Rinne<\/a> (\u5883\u754c\u306eRINNE) (manga a\u00fan en publicaci\u00f3n)<\/li>\n<\/ul>\n<h2>Obra adaptada<\/h2>\n<ul>\n<li><a title=\"El teatro de Rumiko\" href=\"http:\/\/es.wikipedia.org\/wiki\/El_teatro_de_Rumiko\">El teatro de Rumiko<\/a> (\u308b\u30fc\u307f\u3063\u304f\u308f\u30fc\u308b\u3069)<\/li>\n<\/ul>\n<p style=\"text-align: center\"><a href=\"http:\/\/blog.espol.edu.ec\/plandeta\/files\/2011\/06\/takahasi_rumiko.jpg\"><img loading=\"lazy\" decoding=\"async\" class=\"aligncenter size-medium wp-image-51\" title=\"Rumiko Takahashi\" src=\"http:\/\/blog.espol.edu.ec\/plandeta\/files\/2011\/06\/takahasi_rumiko-213x300.jpg\" alt=\"\" width=\"213\" height=\"300\" srcset=\"https:\/\/blog.espol.edu.ec\/plandeta\/files\/2011\/06\/takahasi_rumiko-213x300.jpg 213w, https:\/\/blog.espol.edu.ec\/plandeta\/files\/2011\/06\/takahasi_rumiko.jpg 597w\" sizes=\"auto, (max-width: 213px) 100vw, 213px\" \/><\/a><\/p>\n<p>Wow... y todas reconocidas jeje =o<\/p>\n<p>Pero bueno... de las que yo puedo hablar porque me las he visto(o lo estoy haciendo) son de las siguientes:<\/p>\n<p style=\"text-align: center\"><a title=\"Ranma \u00bd\" href=\"http:\/\/es.wikipedia.org\/wiki\/Ranma_%C2%BD\">Ranma \u00bd<\/a>\u00a0\u00a0\u00a0\u00a0\u00a0\u00a0\u00a0\u00a0\u00a0\u00a0\u00a0\u00a0\u00a0\u00a0\u00a0\u00a0\u00a0\u00a0\u00a0 <a title=\"InuYasha\" href=\"http:\/\/es.wikipedia.org\/wiki\/InuYasha\">InuYasha<\/a>\u00a0\u00a0\u00a0\u00a0\u00a0\u00a0\u00a0\u00a0\u00a0\u00a0\u00a0\u00a0\u00a0\u00a0\u00a0\u00a0\u00a0\u00a0\u00a0 <a title=\"Urusei Yatsura\" href=\"http:\/\/es.wikipedia.org\/wiki\/Urusei_Yatsura\">Urusei Yatsura<\/a>\u00a0\u00a0\u00a0\u00a0\u00a0\u00a0\u00a0\u00a0\u00a0\u00a0\u00a0\u00a0\u00a0\u00a0\u00a0\u00a0\u00a0\u00a0\u00a0 <a title=\"Maison Ikkoku\" href=\"http:\/\/es.wikipedia.org\/wiki\/Maison_Ikkoku\">Maison Ikkoku<\/a><\/p>\n<p style=\"text-align: left\">Listadas en el orden en que las he visto, pero la\u00a0\u00faltima reci\u00e9n la estoy viendo\u00a0jeje<\/p>\n<p style=\"text-align: left\">\u00a0<\/p>\n<p style=\"text-align: left\">Pues s\u00ed, s\u00f3lo he visto esas en toooda mi vida, pero porque son increibles, me encantan y no me queda duda que vale todo el tiempo que les dedico. Adem\u00e1s que las personas que me conocen saben que\u00a0 no me gustar\u00edan si no fuesen super-increibles.<\/p>\n<p>\u00a0<\/p>\n<div><strong><span style=\"font-size: x-large;font-family: FreeSerifBold\"><span style=\"font-size: x-large;font-family: FreeSerifBold\">Ranma \u00bd<\/span><\/span><\/strong><strong><span style=\"font-size: x-large;font-family: FreeSerifBold\"><span style=\"font-size: x-large;font-family: FreeSerifBold\">\u00a0<\/span><\/span><\/strong>La historia narra las aventuras de Ranma Saotome un adolescente que luego de caer a un pozo encantado, cada vez que se moja con agua fr\u00eda se convierte en una chica y vive todas las aventuras que significa este cambio. Lleno de personajes muy divertidos este anime te interna en un mundo de fantas\u00eda donde la risa es el \u00fanico requisito para disfrutar de la serie.<\/p>\n<p><span style=\"font-size: x-small\">Seguramente te estar\u00e1s preguntando qu\u00e9 es Ranma 1\/2... pues bien, esta es una de las mejores series de manga y anime hecha por Rumiko Takahashi. Primero, publicado como manga (historietas impresas) y m\u00e1s tarde, debido a su \u00e9xito, llevado a la televisi\u00f3n como anime, con mucho \u00e9xito tambi\u00e9n.<\/span><\/p>\n<p><span style=\"font-size: x-small\">Seguramente te estar\u00e1s preguntando qu\u00e9 es Ranma 1\/2... pues bien, esta es una de las mejores series de manga y anime hecha por Rumiko Takahashi. Primero, publicado como manga (historietas impresas) y m\u00e1s tarde, debido a su \u00e9xito, llevado a la televisi\u00f3n como anime, con mucho \u00e9xito tambi\u00e9n.<\/span><\/p>\n<p><span style=\"font-size: x-small\">Adem\u00e1s de esto, Ranma \u00bd tambi\u00e9n lleg\u00f3 a los televisores en ediciones especiales llamadas OAV's (Original Animation Videos) y a la pantalla grande en diversas pel\u00edculas. Tambi\u00e9n cuentan las canciones editadas por CoCo y DoCo, grupos que se encargaron de hacer casi toda la banda sonora del anime, y sigue contando, con todo el merchadising que se puede encontrar alrededor de esta serie, as\u00ed que hay Ranma \u00bd para buen rato!!!!!.... ^_^<\/span><\/p>\n<p><a href=\"http:\/\/blog.espol.edu.ec\/plandeta\/files\/2011\/06\/ranma-y-akane-10.jpg\"><img loading=\"lazy\" decoding=\"async\" class=\"aligncenter size-medium wp-image-76\" title=\"ranma y akane\" src=\"http:\/\/blog.espol.edu.ec\/plandeta\/files\/2011\/06\/ranma-y-akane-10-300x235.jpg\" alt=\"\" width=\"300\" height=\"235\" srcset=\"https:\/\/blog.espol.edu.ec\/plandeta\/files\/2011\/06\/ranma-y-akane-10-300x235.jpg 300w, https:\/\/blog.espol.edu.ec\/plandeta\/files\/2011\/06\/ranma-y-akane-10.jpg 720w\" sizes=\"auto, (max-width: 300px) 100vw, 300px\" \/><\/a><\/p>\n<p><strong><\/p>\n<p class=\"MsoNormal\" style=\"margin: 0cm 0cm 10pt\"><strong><span>\u00a0InuYasha\u00a0<\/span><\/strong><span style=\"font-size: 20pt;line-height: 115%\"><\/span><\/p>\n<p><\/strong><\/p>\n<p>Acci\u00f3n, emoci\u00f3n, romance y amistad, son algunos de los elementos de esta serie, de Rumiko Takahashi, que tiene como escenario principal el antiguo Jap\u00f3n donde son comunes la magia, monstruos y demonios.<\/p>\n<p>Kagome es una chica normal que va a la escuela secundaria y vive con su familia en un templo. En su cumplea\u00f1os n\u00famero 15, es arrastrada por un demonio ciempi\u00e9s a un pozo que est\u00e1 en el templo y es transportada al Jap\u00f3n Feudal gracias al poder del shikon no tama, una joya m\u00e1gica capaz de incrementar el poder de hombres y monstruos, que se hallaba dentro de su cuerpo. Al llegar al antiguo Jap\u00f3n se encuentra con el hanyou (medio demonio) Inuyasha, quien fue sellado por la sacerdotisa Kikyo a un \u00e1rbol mediante una flecha sagrada. Posteriormente, Kagome conoce a Kaede la hermana de Kikyo y sacerdotisa de la localidad. Un monstruo arrebata a Kagome el shikon no tama y para derrotarlo se ven en la necesidad de despertar a Inuyasha. \u00c9ste, vence al monstruo pero tambi\u00e9n desea apoderarse de la joya por lo que Kaede le coloca un collar m\u00e1gico para dominarlo.<\/p>\n<p>Los demonios que habitan en esa \u00e9poca sienten el poder del shikon no tama e intentan apoderarse de \u00e9l. Kagome pierde nuevamente la joya y en un intento por recuperarla la rompe en varios pedazos. Los fragmentos se dispersan por el aire en muchas direcciones y de ah\u00ed en adelante Kagome, Inuyasha y otros compa\u00f1eros, que posteriormente se les unir\u00e1n, emprender\u00e1n un viaje para reunir todos los fragmentos de la joya, teniendo que vencer muchos adversarios y obst\u00e1culos, entre ellos el hermano de Inuyasha y el demonio Naraku.<\/p>\n<p><a href=\"http:\/\/blog.espol.edu.ec\/plandeta\/files\/2011\/06\/inuyasha-y-aome.jpg\"><img loading=\"lazy\" decoding=\"async\" class=\"aligncenter size-medium wp-image-78\" title=\"inuyasha y aome\" src=\"http:\/\/blog.espol.edu.ec\/plandeta\/files\/2011\/06\/inuyasha-y-aome-300x225.jpg\" alt=\"\" width=\"300\" height=\"225\" srcset=\"https:\/\/blog.espol.edu.ec\/plandeta\/files\/2011\/06\/inuyasha-y-aome-300x225.jpg 300w, https:\/\/blog.espol.edu.ec\/plandeta\/files\/2011\/06\/inuyasha-y-aome.jpg 1024w\" sizes=\"auto, (max-width: 300px) 100vw, 300px\" \/><\/a><\/p>\n<\/div>\n","protected":false},"excerpt":{"rendered":"<p>\u00bfQui\u00e9n es Rumiko Takahashi? Pues, sencillo, ella es la mejor mangaka que ha existido(y existir\u00e1) sobre la faz de la tierra... Rumiko Takahashi (\u9ad8\u6a4b \u7559\u7f8e\u5b50, Takahashi Rumiko) es una historietista ('mangaka') japonesa, nacida en Niigata (Jap\u00f3n) el 10 de octubre de 1957. Estudia Qu\u00edmica en la Universidad, al mismo tiempo que crea mangas. Artista prol\u00edfica [&hellip;]<\/p>\n","protected":false},"author":5760,"featured_media":0,"parent":0,"menu_order":0,"comment_status":"open","ping_status":"open","template":"","meta":{"footnotes":""},"class_list":["post-48","page","type-page","status-publish","hentry"],"_links":{"self":[{"href":"https:\/\/blog.espol.edu.ec\/plandeta\/wp-json\/wp\/v2\/pages\/48","targetHints":{"allow":["GET"]}}],"collection":[{"href":"https:\/\/blog.espol.edu.ec\/plandeta\/wp-json\/wp\/v2\/pages"}],"about":[{"href":"https:\/\/blog.espol.edu.ec\/plandeta\/wp-json\/wp\/v2\/types\/page"}],"author":[{"embeddable":true,"href":"https:\/\/blog.espol.edu.ec\/plandeta\/wp-json\/wp\/v2\/users\/5760"}],"replies":[{"embeddable":true,"href":"https:\/\/blog.espol.edu.ec\/plandeta\/wp-json\/wp\/v2\/comments?post=48"}],"version-history":[{"count":10,"href":"https:\/\/blog.espol.edu.ec\/plandeta\/wp-json\/wp\/v2\/pages\/48\/revisions"}],"predecessor-version":[{"id":50,"href":"https:\/\/blog.espol.edu.ec\/plandeta\/wp-json\/wp\/v2\/pages\/48\/revisions\/50"}],"wp:attachment":[{"href":"https:\/\/blog.espol.edu.ec\/plandeta\/wp-json\/wp\/v2\/media?parent=48"}],"curies":[{"name":"wp","href":"https:\/\/api.w.org\/{rel}","templated":true}]}}