{"id":43,"date":"2014-12-17T06:53:32","date_gmt":"2014-12-17T06:53:32","guid":{"rendered":"http:\/\/blog.espol.edu.ec\/planetafutbol\/?page_id=43"},"modified":"2014-12-17T06:53:32","modified_gmt":"2014-12-17T06:53:32","slug":"barras-bravas-del-ecuador","status":"publish","type":"page","link":"https:\/\/blog.espol.edu.ec\/planetafutbol\/barras-bravas-del-ecuador\/","title":{"rendered":"BARRAS BRAVAS DEL ECUADOR"},"content":{"rendered":"<p>&nbsp;<\/p>\n<p style=\"text-align: center\">BOCA DEL POZO<\/p>\n<p>La Boca del Pozo fue fundada el 25 de Julio de 1980, en un tradicional Barrio guayaquile\u00f1o ubicado en los bajos de los cerros. En sus inicios fue conformada por hinchas de Emelec que resid\u00edan en los sectores aleda\u00f1os del barrio de la Boca del Pozo, gente del cerro Santa Ana, Cerro del Carmen, Las Pe\u00f1as y otros hinchas del norte de la ciudad.<\/p>\n<p>&nbsp;<\/p>\n<p><a href=\"http:\/\/www.labocadelpozo.com\/wp-content\/uploads\/2014\/09\/lbdp-historia-01.jpg\" target=\"_blank\"><img loading=\"lazy\" decoding=\"async\" class=\"wp-image-88 size-full\" src=\"http:\/\/www.labocadelpozo.com\/wp-content\/uploads\/2014\/09\/lbdp-historia-01.jpg\" alt=\"\" width=\"458\" height=\"189\" \/><\/a><\/p>\n<p>&nbsp;<\/p>\n<p>Ese grupo de hinchas fue comandado por el actual L\u00edder Giusseppe Cavana que con amigos como Guillermo Intriago, Carlos Riofr\u00edo, Cheli G\u00f3mez, Los Narv\u00e1ez , Los Flores, Ernesto Hurel, Los Hermanos Zambrano, Los G\u00f3nzales, Los del Salto, Los Mites, Los Canon, Los Rodr\u00edguez, Los B\u00e1ez, Los Once, Los Endara, Los Land\u00e1zuri , Los Orellana entre otros empezaron a coger fuerza dentro de las populares hasta que lograron ubicarse en la parte baja del marcador central del Estadio Modelo.<\/p>\n<p>La Boca del Pozo siempre se caracteriz\u00f3 por ser pionera e impuso los c\u00e1nticos barristas en Ecuador, siendo la primera barra brava del pa\u00eds por los enfrentamientos violentos desde sus inicios para ganarse un puesto en la general y otros enfrentamientos contra la polic\u00eda ya que no exist\u00eda ninguna otra barra organizada en la general.<\/p>\n<p>La barra iba ganando fan\u00e1ticos, la gente se un\u00eda a esta innovadora forma de alentar al equipo con una nueva mentalidad. A pesar de que los 80 fue una d\u00e9cada gris para Emelec, la Boca iba ganando respeto por su aliento constante y su carnaval a pesar de que los resultados no acompa\u00f1aban al equipo. Esto fue fundamental para que seamos lo que somos ahora.<\/p>\n<p>La primera ubicaci\u00f3n de la barra fue en la parte central de la general, justo debajo del antiguo marcador por donde ingresaba la ambulancia. Actualmente en los partidos jugados en el modelo a\u00fan se estaciona en ese lugar la asistencia m\u00e9dica.<\/p>\n<p><a href=\"http:\/\/www.labocadelpozo.com\/wp-content\/uploads\/2014\/09\/lbdp-historia-13.jpg\" target=\"_blank\"><img loading=\"lazy\" decoding=\"async\" class=\"alignright wp-image-94 size-full\" src=\"http:\/\/www.labocadelpozo.com\/wp-content\/uploads\/2014\/09\/lbdp-historia-13.jpg\" alt=\"\" width=\"458\" height=\"188\" \/><\/a><\/p>\n<p>En el colorido y el carnaval, la barra fue avanzando y confeccionaron banderas de asta y los primeros lienzos que existieron en el pa\u00eds y que fueron colocados como tiras largas. En cada lienzo dec\u00eda Emelec. Los primeros instrumentos musicales dentro de los cuales cont\u00e1bamos con bombos y platillos, fueron obtenidos del Colegio Huancavilca.<\/p>\n<p>A pu\u00f1o limpio y con mucho coraz\u00f3n los fundadores fueron ganando espacio dentro de la general donde era muy dif\u00edcil que entre un emelecista porque el populacho lo imped\u00eda. Ya a mediados de los 80 y con muchas peleas encima, la barra se logr\u00f3 ubicar con grupos de 1000 a 2000 personas debajo el marcador en el Estadio Modelo. Como uno de los trabajos de ese entonces se pint\u00f3 las gradas de la general de azul con una banda ploma.<\/p>\n<p><a href=\"http:\/\/www.labocadelpozo.com\/wp-content\/uploads\/2014\/09\/lbdp-historia-14.jpg\" target=\"_blank\"><img loading=\"lazy\" decoding=\"async\" class=\"alignright wp-image-95 size-full\" src=\"http:\/\/www.labocadelpozo.com\/wp-content\/uploads\/2014\/09\/lbdp-historia-14.jpg\" alt=\"\" width=\"610\" height=\"200\" \/><\/a><br \/>\nEl campeonato del 88 fue fundamental en la historia de Emelec por cuanto el Club volv\u00eda en el aspecto futbol\u00edstico al primer lugar donde pertenecemos. Luego de disputar la final contra Deportivo Quito y definirla a nuestro favor en la capital, la delegaci\u00f3n lleg\u00f3 a Guayaquil y una masa gigantesca de hinchas los recibieron en el aeropuerto. Toda Guayaquil estaba de fiesta.<\/p>\n<p>En los bajos de los cerros, la Boca del Pozo arm\u00f3 un fiest\u00f3n con banda musical incluida y con la llegada de algunos de los jugadores y dirigentes influyentes de la \u00e9poca. 2.000 personas celebraron el campeonato de EMELEC en el tradicional barrio donde la noche nunca termin\u00f3.<\/p>\n<p>&nbsp;<\/p>\n<p>Les dejamos una serie de videos con cantos de la famosa barra \"La Boca del Pozo\" hinchada del Club Sport Emelec<\/p>\n<div class=\"embed-container\"><iframe loading=\"lazy\" width=\"750\" height=\"563\" src=\"https:\/\/www.youtube.com\/embed\/b0q-NFK6JuI?feature=oembed\" frameborder=\"0\" allow=\"autoplay; encrypted-media\" allowfullscreen><\/iframe><\/div>\n<p>&nbsp;<\/p>\n<div class=\"embed-container\"><iframe loading=\"lazy\" width=\"750\" height=\"422\" src=\"https:\/\/www.youtube.com\/embed\/GyvQxMkqvT0?feature=oembed\" frameborder=\"0\" allow=\"autoplay; encrypted-media\" allowfullscreen><\/iframe><\/div>\n","protected":false},"excerpt":{"rendered":"<p>&nbsp; BOCA DEL POZO La Boca del Pozo fue fundada el 25 de Julio de 1980, en un tradicional Barrio guayaquile\u00f1o ubicado en los bajos de los cerros. En sus inicios fue conformada por hinchas de Emelec que resid\u00edan en los sectores aleda\u00f1os del barrio de la Boca del Pozo, gente del cerro Santa Ana, &hellip; <\/p>\n<p><a class=\"more-link btn\" href=\"https:\/\/blog.espol.edu.ec\/planetafutbol\/barras-bravas-del-ecuador\/\">Seguir leyendo<\/a><\/p>\n","protected":false},"author":9518,"featured_media":0,"parent":0,"menu_order":0,"comment_status":"open","ping_status":"open","template":"","meta":{"footnotes":""},"class_list":["post-43","page","type-page","status-publish","hentry","nodate","item-wrap"],"_links":{"self":[{"href":"https:\/\/blog.espol.edu.ec\/planetafutbol\/wp-json\/wp\/v2\/pages\/43","targetHints":{"allow":["GET"]}}],"collection":[{"href":"https:\/\/blog.espol.edu.ec\/planetafutbol\/wp-json\/wp\/v2\/pages"}],"about":[{"href":"https:\/\/blog.espol.edu.ec\/planetafutbol\/wp-json\/wp\/v2\/types\/page"}],"author":[{"embeddable":true,"href":"https:\/\/blog.espol.edu.ec\/planetafutbol\/wp-json\/wp\/v2\/users\/9518"}],"replies":[{"embeddable":true,"href":"https:\/\/blog.espol.edu.ec\/planetafutbol\/wp-json\/wp\/v2\/comments?post=43"}],"version-history":[{"count":3,"href":"https:\/\/blog.espol.edu.ec\/planetafutbol\/wp-json\/wp\/v2\/pages\/43\/revisions"}],"predecessor-version":[{"id":47,"href":"https:\/\/blog.espol.edu.ec\/planetafutbol\/wp-json\/wp\/v2\/pages\/43\/revisions\/47"}],"wp:attachment":[{"href":"https:\/\/blog.espol.edu.ec\/planetafutbol\/wp-json\/wp\/v2\/media?parent=43"}],"curies":[{"name":"wp","href":"https:\/\/api.w.org\/{rel}","templated":true}]}}