{"id":55,"date":"2015-01-14T05:58:37","date_gmt":"2015-01-14T05:58:37","guid":{"rendered":"http:\/\/blog.espol.edu.ec\/planetafutbol\/?page_id=55"},"modified":"2015-01-14T06:56:46","modified_gmt":"2015-01-14T06:56:46","slug":"futbol-ecuatoriano","status":"publish","type":"page","link":"https:\/\/blog.espol.edu.ec\/planetafutbol\/futbol-ecuatoriano\/","title":{"rendered":"F\u00daTBOL ECUATORIANO"},"content":{"rendered":"<div class=\"TituloArticulo\">\n<header>\n<div class=\"TituloArticulo\" style=\"text-align: center\"><strong>Quinteros con cl\u00e1usula de rescisi\u00f3n en Emelec si sale la propuesta de Ecuador<\/strong><\/div>\n<div class=\"BarraFecha\"><\/div>\n<div class=\"ContenidoArticulo\">\n<div align=\"justify\">\n<p>El Director T\u00e9cnico de Emelec, Gustavo Quinteros, en di\u00e1logo con Radio Sucre, dio a conocer como va la pre temporada del equipo en tierras argentinas, previo al nuevo campeonato ecuatoriano de f\u00fatbol 2015. Adem\u00e1s habl\u00f3 sobre el tema de su contrato con los \u2018Millonarios\u2019 en caso de tener una propuesta de la selecci\u00f3n.<\/p>\n<div align=\"center\"><img loading=\"lazy\" decoding=\"async\" id=\"irc_mi\" src=\"http:\/\/www.ecuagol.com\/ecuagol\/resources\/image\/fotos\/eliminatorias\/ECUADOR%20VS%20URUGUAY%202013\/triunfo%20ecuador%20uruguay%2010.JPG\" alt=\"\" width=\"433\" height=\"303\" \/><\/div>\n<p>Quinteros se refiri\u00f3 primero sobre el trabajo en Argentina: \u201cEste es un lugar que te da todo, tiene todo para hacer un buen trabajo, salimos de Guayaquil por el clima y porque no se puede entrenar bien por la lluvia y adem\u00e1s ac\u00e1 podemos jugar partidos importantes contra equipos competitivos y en buenas canchas\u201d, indic\u00f3.<\/p>\n<p>\u201cEstamos bien con el plantel que tenemos, los extranjeros siguen en el club y tienen contrato vigente. Se incorporaron Henry Le\u00f3n que nos fortalecer\u00e1 el mediocampo y adem\u00e1s puede ser central y el chico De La Cruz es una apuesta a mediano plazo\u201d, indic\u00f3.<\/p>\n<p>Sobre el temade llegar a la selecci\u00f3n de Ecuador, Gustavo Quinteros se\u00f1al\u00f3: \"Hemos hablado con el Presidente del club, hay una cl\u00e1usula en caso de que la FEF me elija a mi como directo t\u00e9cnico de la selecci\u00f3n, ya est\u00e1 todo hablado\", finaliz\u00f3.<\/p>\n<p>Fuente: www.ecuagol.com<\/p>\n<p>&nbsp;<\/p>\n<p>&nbsp;<\/p>\n<p>&nbsp;<\/p>\n<p>&nbsp;<\/p>\n<\/div>\n<\/div>\n<h1 class=\"node-title\" style=\"text-align: center\"><strong>Emelec, entre los 30 mejores clubes del mundo<\/strong><\/h1>\n<p><img loading=\"lazy\" decoding=\"async\" id=\"irc_mi\" class=\" aligncenter\" src=\"http:\/\/www.ecuagol.com\/ecuagol\/resources\/image\/fotos\/nacional\/emelec\/FOTOS-2014\/Emelec-triunfo-LigadeQuito1.JPG\" alt=\"\" width=\"320\" height=\"211\" border=\"0\" hspace=\"5\" vspace=\"5\" \/><\/p>\n<\/header>\n<div class=\"content clearfix\">\n<div class=\"submitted\"><\/div>\n<div class=\"field field-name-body field-type-text-with-summary field-label-hidden\">\n<div class=\"field-items\">\n<div class=\"field-item even\">\n<p>El Club Sport Emelec, bicampe\u00f3n del f\u00fatbol ecuatoriano, se ubica entre los 30 mejores clubes a nivel mundial, seg\u00fan el ranking que public\u00f3 este martes la Federaci\u00f3n Internacional de Historia y Estad\u00edstica de F\u00fatbol <strong><a href=\"http:\/\/www.iffhs.de\/en\/\" target=\"_blank\">(IFFHS)<\/a><\/strong>.<\/p>\n<p>Los millonarios se sit\u00faan en el puesto 27 con 184 puntos; a nivel de Sudam\u00e9rica ocupa la casilla n\u00famero siete; el primero a nivel del continente es Atl\u00e9tico Nacional, de Colombia, seguido de River Plate, de Argentina; Cruzeiro y Atl\u00e9tico Mineiro, de Brasil; y los argentinos San Lorenzo y Lan\u00fas.<\/p>\n<p><img decoding=\"async\" src=\"http:\/\/www.eluniverso.com\/sites\/default\/files\/461-3669.jpg\" alt=\"\" width=\"100%\" \/><\/p>\n<p>\u201cEs motivo de orgullo estar dentro de los mejores equipos de Am\u00e9rica. Esto motiva mucho m\u00e1s para seguir trabajando y mejorando d\u00eda a d\u00eda y pensar que tenemos objetivos importantes en el 2015\u201d, coment\u00f3 Gustavo Quinteros, entrenador del Bombillo, a <strong><em><a href=\"http:\/\/www.eluniverso.com\/\" target=\"_blank\">eluniverso.com<\/a><\/em><\/strong>. El cuadro azul est\u00e1 en Argentina realizando sus trabajos de pretemporada.<\/p>\n<p>El ranking mundial de la IFFHS est\u00e1 liderado por el Real Madrid de Espa\u00f1a, club que gan\u00f3 la Liga de Campeones, Copa del Rey, la Supercopa de Europa y el Mundial de Clubes.\u200b <strong>(D)<\/strong><\/p>\n<p>&nbsp;<\/p>\n<p>Fuente: www.eluniverso.com<\/p>\n<p>&nbsp;<\/p>\n<p>&nbsp;<\/p>\n<p>&nbsp;<\/p>\n<p>&nbsp;<\/p>\n<header>\n<h1 class=\"node-title\" style=\"text-align: center\"><strong>Emelec confirma que la Explosi\u00f3n Azul ser\u00e1 el 27 de enero en el Capwell<\/strong><\/h1>\n<\/header>\n<div class=\"content clearfix\">\n<div class=\"submitted\"><\/div>\n<div class=\"field field-name-body field-type-text-with-summary field-label-hidden\">\n<div class=\"field-items\">\n<div class=\"field-item even\">\n<p>La Explosi\u00f3n Azul, el d\u00eda en que el CS Emelec presenta a su plantilla de jugadores para la nueva temporada, ser\u00e1 el 27 de enero en el estadio George Capwell.<\/p>\n<p>El rival para ese partido se confirmar\u00e1 en los pr\u00f3ximos d\u00edas, as\u00ed lo revel\u00f3 a EL UNIVERSO una fuente del club azul.<\/p>\n<p>\"Ese d\u00eda se pondr\u00e1 la primera piedra. Lo har\u00e1 Ferdinand Hidalgo como el expresidente en vida m\u00e1s antiguo del club. Habr\u00e1 una programaci\u00f3n y festejos varios\", detall\u00f3.<\/p>\n<p>Luego del encuentro, el escenario deportivo ser\u00e1 cerrado. Al d\u00eda siguiente, el mi\u00e9rcoles 28 se iniciar\u00e1n los trabajos de ampliaci\u00f3n y remodelaci\u00f3n. Emelec ya cuenta con el respectivo permiso de demolici\u00f3n y permiso preaprobaci\u00f3n municipal de obras.<\/p>\n<p>\"El actual c\u00e9sped de la cancha ser\u00e1 seccionada en cuadros de 20cm por 20cm y se vender\u00e1 como recuerdo a socios e hinchas que quieran tener para siempre un pedazo del c\u00e9sped del estadio donde Emelec, desde 1991 hasta la fecha, logr\u00f3 seis campeonatos (la mitad de todos los que tiene en su historial). El precio y los detalles ser\u00e1n informados oportunamente\", inform\u00f3 la fuente de la instituci\u00f3n.<\/p>\n<p>Adem\u00e1s, la camiseta conmemorativa del \u00faltimo partido donde se defini\u00f3 la final del campeonato 2014 (ante Barcelona SC), saldr\u00e1 a la venta el d\u00eda de la 'Explosi\u00f3n Azul' o dos d\u00edas antes, en varios puntos de venta del pa\u00eds. Ser\u00e1n 50.000 unidades las que se vender\u00e1n.<\/p>\n<p>La remera llevar\u00e1 estampado el marcador del partido (3-0) en la parte posterior y las leyendas \"Hay fechas que jam\u00e1s se olvidan\" y \"21-12-2014\".<\/p>\n<p><img decoding=\"async\" src=\"http:\/\/www.eluniverso.com\/sites\/default\/files\/585-3115.jpg\" alt=\"\" width=\"100%\" \/><\/p>\n<p>Fuente: www.eluniverso.com<\/p>\n<p>&nbsp;<\/p>\n<p>&nbsp;<\/p>\n<p>&nbsp;<\/p>\n<h1 class=\"node-title\" style=\"text-align: center\"><strong>Cristhian Noboa: \u2018Este no era el momento de regresar a Emelec\u2019<\/strong><\/h1>\n<p>&nbsp;<\/p>\n<div class=\"content clearfix\">\n<div class=\"submitted\">\n<div class=\"field field-name-field-fuentes field-type-taxonomy-term-reference field-label-hidden\">\n<div class=\"field-items\">\n<div class=\"field-item even\"><strong>ALEJANDRO FIERRO<\/strong><\/div>\n<\/div>\n<\/div>\n<\/div>\n<div class=\"field field-name-body field-type-text-with-summary field-label-hidden\">\n<div class=\"field-items\">\n<div class=\"field-item even\">\n<p>Cristhian Noboa arrib\u00f3 ayer a Grecia para incorporarse al PAOK de Sal\u00f3nica, su nuevo club. Con el l\u00edder del balompi\u00e9 hel\u00e9nico quiere jugar la Liga de Campeones. El volante de 29 a\u00f1os tuvo la oportunidad de volver a Emelec, pero su llegada no se concret\u00f3. El <em>Zar <\/em>afirma que su meta en el futuro es ser el\u00e9ctrico.<\/p>\n<div class=\"embed-container\"><iframe loading=\"lazy\" width=\"750\" height=\"422\" src=\"https:\/\/www.youtube.com\/embed\/13mHT-F7wso?feature=oembed\" frameborder=\"0\" allow=\"autoplay; encrypted-media\" allowfullscreen><\/iframe><\/div>\n<p>&nbsp;<\/p>\n<p><strong>\u00bfGrecia era el destino futbol\u00edstico que esperaba?<\/strong><br \/>\nHubo contactos de Espa\u00f1a (Sevilla). Pero puse mis condiciones al PAOK de Sal\u00f3nica, las aceptaron todas y por eso acced\u00ed.<\/p>\n<p><strong>\u00bfYa averigu\u00f3 c\u00f3mo es la ciudad Sal\u00f3nica?<\/strong><br \/>\nS\u00ed, la he visto por internet. Sal\u00f3nica es una ciudad frente al mar. Cuando llegue all\u00e1 podr\u00e9 ver c\u00f3mo es.<\/p>\n<p><strong>\u00bfRegresar a Ecuador era un retroceso en su carrera?<\/strong><br \/>\nNo lo pienso as\u00ed. Era regresar por amor a Emelec. Ni retroceso ni avance, solo es un regreso por llegar a Ecuador y jugar por el club que me gusta.<\/p>\n<p><strong>\u00bfPor qu\u00e9 razones no fich\u00f3 por Emelec para el 2015?<\/strong><br \/>\nPienso que a\u00fan no es el momento. Fue dif\u00edcil decirle no a Emelec; lo pens\u00e9, lo analic\u00e9 (...), pero para m\u00ed no es el momento de volver. Mi idea es en Europa, quedarme el tiempo que sea necesario y despu\u00e9s retornar. Tampoco quiero decir que vendr\u00e9 como un viejo a estorbar; todo lo contrario, vendr\u00e9 a reforzar al equipo con las mismas ganas que siempre he tenido y por el amor que tengo por Emelec.<\/p>\n<p><strong>\u00bfLlegar con su sueldo de \u2018europeo\u2019 habr\u00eda incomodado al resto de la plantilla?<\/strong><br \/>\nYo no iba a ganar la plata que se piensa. El presidente (Nassib Neme) me dijo que pod\u00eda pagarme lo que est\u00e1n ganando todos en el club.<\/p>\n<p>Lo que yo menos quer\u00eda era que el resto piense mal, pretend\u00eda ayudar al equipo y que todos estemos felices.<\/p>\n<p><strong>\u00bfQu\u00e9 le propuso Emelec?<\/strong><br \/>\n\u00c9l (Neme) me ofreci\u00f3 que firme por una temporada, pero que no me retendr\u00eda si hab\u00eda algo (oferta del exterior), en junio o julio cuando se abren los libro de pases, y hab\u00eda un equipo interesado. Le dije que la oferta era muy buena, pero no s\u00e9 c\u00f3mo me ver\u00edan jugando en Sudam\u00e9rica, quiz\u00e1 bien o quiz\u00e1 mal. Yo quiero venir a Emelec pero para quedarme en Emelec. Cuando vuelva de Europa en lo \u00fanico que voy a pensar es en Emelec y en nada m\u00e1s. Neme me dijo \u201cqu\u00e9date\u201d.<\/p>\n<p><strong>\u00bfCharl\u00f3 con el entrenador Gustavo Quinteros?<\/strong><br \/>\nLe dije profe, \u201c\u00bfqu\u00e9 pasa si vengo ac\u00e1?\u201d. Me respondi\u00f3: \u201cNo me emociones. Ac\u00e1 est\u00e1n los mejores jugadores de Ecuador, t\u00fa no vienes como titular. Vienes a pelear por tu puesto\u201d. Yo le dije: perfecto.<\/p>\n<p><strong>\u00bfVer las finales contra Barcelona lo tent\u00f3 a volver?<\/strong><br \/>\nEstar en la final (de vuelta) y ganar as\u00ed (3-0), hizo que me vinieran muchas cosas a la cabeza. Me dec\u00eda \u201c\u00a1yo me quedo aqu\u00ed, no me voy m\u00e1s. Me quedo aqu\u00ed jugando, disfrutando del f\u00fatbol!\u201d. Pero eso lo dec\u00eda con cabeza caliente y emoci\u00f3n. Con cabeza fr\u00eda uno ya piensa lo que cost\u00f3 mucho salir de Ecuador, estar en Rusia, ganar un nombre en ese pa\u00eds. A\u00fan tengo posibilidades en Europa y por eso me voy all\u00e1 (Grecia).<\/p>\n<p><strong>Usted es mundialista y tiene la posibilidad de jugar la Liga de Campeones con PAOK.<\/strong><br \/>\nS\u00ed. Esas cosas me atrajeron del PAOK, que es puntero en Grecia faltando dieciocho fechas. El primero y el segundo entran a la Liga de Campeones, son cosas que a uno s\u00ed lo seducen; saber que te quiere un equipo que es l\u00edder, que puede ir a la Champions y que tiene un buen plantel.<\/p>\n<p><strong>\u00bfC\u00f3mo califica su paso por el balompi\u00e9 de Rusia?<\/strong><br \/>\nDe los tres a\u00f1os que estuve (en D\u00ednamo) salimos dos veces cuartos, entramos a Europa League, clasificamos (a los dieciseisavos) ganando todos los partidos. De los seis partidos jugu\u00e9 cinco como titular y ganamos los cinco, creo que hice mucho. Ocho a\u00f1os en Rusia es bastante (lleg\u00f3 primero al Rubin Kazan, con el que tambi\u00e9n jug\u00f3 la Champions y se coron\u00f3 como monarca de Rusia).<\/p>\n<p><strong>\u00bfEs verdad que era tensa su relaci\u00f3n con el gerente deportivo del D\u00ednamo?<\/strong><br \/>\nS\u00ed, no hab\u00eda ese buen trato con esa persona. Creo que si no pasaba eso habr\u00eda firmado otra vez con el D\u00ednamo, me habr\u00eda quedado m\u00e1s tiempo. Creo que eso se dio para que yo pueda salir y probar qu\u00e9 m\u00e1s hay en Europa.<\/p>\n<p><strong>\u00bfY el plan en PAOK de Sal\u00f3nica es jugar medio a\u00f1o y esperar una propuesta de otro club o disputar\u00e1 una temporada completa?<\/strong><br \/>\nAhora lo \u00fanico en lo que pienso es en el PAOK. Si todo el contrato est\u00e1 correcto y si firmo ma\u00f1ana (ayer), en lo \u00fanico que pensar\u00e9 ser\u00e1 en el PAOK. Despu\u00e9s, si en julio hay oportunidad de ir a otro lado, bienvenido sea. Pero ahora mi cabeza est\u00e1 puesta en Grecia.<\/p>\n<p><strong>Usted anticip\u00f3 que luego del Mundial Rusia 2018 desea regresar a Ecuador para retirarse \u00bfLo ratifica?<\/strong><br \/>\nPodr\u00eda ser que s\u00ed, en mi cabeza pasa eso. Despu\u00e9s del Mundial 2018 voy a regresar y ahora s\u00ed voy a venir con todo ac\u00e1.<\/p>\n<p><strong>\u00bfY sigue con la \u2018pica\u2019 de jugar la Copa Libertadores?<\/strong><br \/>\nS\u00ed, esa es mi meta. Primero ser campe\u00f3n con Emelec (fue vicecampe\u00f3n en el 2006). Volver al equipo que me dio la oportunidad de debutar, al que toda mi vida he querido.<\/p>\n<p><strong>\u00bfLe dijo su hermano David (uno de los juveniles de Emelec) que se quede?<\/strong><br \/>\nS\u00ed, convers\u00e9 con \u00e9l. Sab\u00eda que si regresaba iba a tener un apoyo m\u00e1s en este momento, pero creo que cada uno se marca su camino solo. Le dije que si vuelvo no es para a ayudarlo, me contest\u00f3 \u201cyo quiero ganarte el puesto\u201d. <strong>(D)<\/strong><\/p>\n<blockquote><p>Yo no vendr\u00e9 a estorbar a Emelec; muchos dicen que yo volver\u00e9 viejo, yo vendr\u00e9 a luchar por un puesto. Quiero lo mejor para Emelec.<br \/>\n<strong>Cristhian Noboa<br \/>\nVolante ecuatoriano.<\/strong><\/p><\/blockquote>\n<\/div>\n<\/div>\n<\/div>\n<div class=\"tags-lea-ademas\">\n<div class=\"field field-name-field-personajes field-type-taxonomy-term-reference field-label-hidden\">\n<div class=\"field-items\">\n<div class=\"field-item even\"><\/div>\n<\/div>\n<\/div>\n<\/div>\n<\/div>\n<\/div>\n<\/div>\n<\/div>\n<\/div>\n<\/div>\n<\/div>\n<\/div>\n<\/div>\n<\/div>\n<div class=\"ContenidoArticulo\">\u00a0Fuente: www.eluniverso.com<\/div>\n<div class=\"ContenidoArticulo\"><\/div>\n<div class=\"ContenidoArticulo\"><\/div>\n<div class=\"ContenidoArticulo\"><\/div>\n<div class=\"ContenidoArticulo\"><\/div>\n<div class=\"ContenidoArticulo\"><\/div>\n<div class=\"ContenidoArticulo\"><\/div>\n","protected":false},"excerpt":{"rendered":"<p>Quinteros con cl\u00e1usula de rescisi\u00f3n en Emelec si sale la propuesta de Ecuador El Director T\u00e9cnico de Emelec, Gustavo Quinteros, en di\u00e1logo con Radio Sucre, dio a conocer como va la pre temporada del equipo en tierras argentinas, previo al nuevo campeonato ecuatoriano de f\u00fatbol 2015. Adem\u00e1s habl\u00f3 sobre el tema de su contrato con &hellip; <\/p>\n<p><a class=\"more-link btn\" href=\"https:\/\/blog.espol.edu.ec\/planetafutbol\/futbol-ecuatoriano\/\">Seguir leyendo<\/a><\/p>\n","protected":false},"author":9518,"featured_media":0,"parent":0,"menu_order":0,"comment_status":"open","ping_status":"open","template":"","meta":{"footnotes":""},"class_list":["post-55","page","type-page","status-publish","hentry","nodate","item-wrap"],"_links":{"self":[{"href":"https:\/\/blog.espol.edu.ec\/planetafutbol\/wp-json\/wp\/v2\/pages\/55","targetHints":{"allow":["GET"]}}],"collection":[{"href":"https:\/\/blog.espol.edu.ec\/planetafutbol\/wp-json\/wp\/v2\/pages"}],"about":[{"href":"https:\/\/blog.espol.edu.ec\/planetafutbol\/wp-json\/wp\/v2\/types\/page"}],"author":[{"embeddable":true,"href":"https:\/\/blog.espol.edu.ec\/planetafutbol\/wp-json\/wp\/v2\/users\/9518"}],"replies":[{"embeddable":true,"href":"https:\/\/blog.espol.edu.ec\/planetafutbol\/wp-json\/wp\/v2\/comments?post=55"}],"version-history":[{"count":5,"href":"https:\/\/blog.espol.edu.ec\/planetafutbol\/wp-json\/wp\/v2\/pages\/55\/revisions"}],"predecessor-version":[{"id":70,"href":"https:\/\/blog.espol.edu.ec\/planetafutbol\/wp-json\/wp\/v2\/pages\/55\/revisions\/70"}],"wp:attachment":[{"href":"https:\/\/blog.espol.edu.ec\/planetafutbol\/wp-json\/wp\/v2\/media?parent=55"}],"curies":[{"name":"wp","href":"https:\/\/api.w.org\/{rel}","templated":true}]}}