{"id":79,"date":"2015-01-12T08:22:55","date_gmt":"2015-01-12T08:22:55","guid":{"rendered":"http:\/\/blog.espol.edu.ec\/planetafutbol\/?page_id=79"},"modified":"2015-01-14T08:29:24","modified_gmt":"2015-01-14T08:29:24","slug":"ecuatorianos-en-el-exterior","status":"publish","type":"page","link":"https:\/\/blog.espol.edu.ec\/planetafutbol\/ecuatorianos-en-el-exterior\/","title":{"rendered":"ECUATORIANOS EN EL EXTERIOR"},"content":{"rendered":"<div class=\"TituloArticulo\" style=\"text-align: center\">\n<div class=\"TituloArticulo\">\n<div class=\"TituloArticulo\">\n<div class=\"TituloArticulo\">\n<div class=\"TituloArticulo\"><strong>Prensa internacional elogia la actuaci\u00f3n de Felipe Caicedo<\/strong><\/div>\n<div class=\"BarraFecha\"><\/div>\n<div class=\"ContenidoArticulo\">\n<p style=\"text-align: left\">Espanyol se clasific\u00f3 a cuartos de final de la Copa del Rey al derrotar 2-0 a Valencia gracias a una brillante actuaci\u00f3n del ecuatoriano Felipe Caicedo. El delantero de 26 a\u00f1os sali\u00f3 de la banca y anot\u00f3 los dos goles con los que el cuadro 'Periquito' avanz\u00f3 a la siguiente fase del torneo.<\/p>\n<p style=\"text-align: left\">Posterior al partido, la prensa internacional destac\u00f3 el partido del futbolista tricolor. El portal de la <strong>FIFA<\/strong> titul\u00f3 Caicedo pone al Espayol en cuartos. En dicho reporte, el m\u00e1ximo organismo hizo eco del rendimiento de 'Felipao' que con sus anotaciones instarl\u00f3 a Espanyol en la siguiente fase.<\/p>\n<p style=\"text-align: left\">Mientras tanto el diario <strong>El Mundo<\/strong> de Espa\u00f1a titul\u00f3: Caicedo tumba al Valencia. All\u00ed el medio del pa\u00eds ib\u00e9rico menciona que 'Felipao', obr\u00f3 la remontada en tres minutos.<\/p>\n<p style=\"text-align: left\">\n<div align=\"center\"><strong>1.- FIFA titul\u00f3 en su p\u00e1gina web: Caicedo pone al Espanyol en cuartos<\/strong><\/div>\n<div align=\"center\"><img loading=\"lazy\" decoding=\"async\" src=\"http:\/\/www.ecuagol.com\/ecuagol\/resources\/image\/reac_fel1.jpg\" alt=\"\" width=\"450\" height=\"529\" align=\"middle\" border=\"0\" hspace=\"5\" vspace=\"5\" \/><\/div>\n<p><strong>2.- Diario El Mundo titula: Caicedo tumba al Valencia<\/strong><\/p>\n<p><img loading=\"lazy\" decoding=\"async\" src=\"http:\/\/www.ecuagol.com\/ecuagol\/resources\/image\/reac_fel.jpg\" alt=\"\" width=\"449\" height=\"396\" align=\"middle\" border=\"0\" hspace=\"5\" vspace=\"5\" \/><\/p>\n<\/div>\n<div align=\"center\"><\/div>\n<div style=\"text-align: left\" align=\"center\"><\/div>\n<div style=\"text-align: left\" align=\"center\">Fuente: www.ecuagol.com<\/div>\n<div style=\"text-align: left\" align=\"center\"><\/div>\n<div style=\"text-align: left\" align=\"center\"><\/div>\n<div style=\"text-align: left\" align=\"center\"><\/div>\n<div style=\"text-align: left\" align=\"center\"><\/div>\n<div style=\"text-align: left\" align=\"center\"><\/div>\n<\/div>\n<\/div>\n<div class=\"TituloArticulo\"><strong>Espanyol de 'Felipao' avanz\u00f3 a cuartos en Copa del Rey<\/strong><\/div>\n<div class=\"BarraFecha\"><\/div>\n<div class=\"ContenidoArticulo\">\n<div align=\"justify\">\n<p align=\"center\"><img loading=\"lazy\" decoding=\"async\" class=\" aligncenter\" src=\"http:\/\/www.ecuagol.com\/ecuagol\/resources\/image\/felipao_espanyol.jpg\" alt=\"\" width=\"360\" height=\"215\" align=\"middle\" border=\"0\" hspace=\"5\" vspace=\"5\" \/><\/p>\n<p><em><br \/>\n<\/em><br \/>\nEspanyol derrot\u00f3 2-0 a Valencia en la vuelta de octavos de final por Copa del Rey y con ello el cuadro 'Periquito' se clasific\u00f3 a cuartos del torneo espa\u00f1ol con un global de 3-2 ante su rival valenciano.<\/p>\n<p>Ambos conjuntos se midieron este martes en el Power stadium escenario deportivo donde hace de local Espanyol. El cuadro due\u00f1o de casa sali\u00f3 desde el inicio con la presi\u00f3n de dar vuelta al marcador de la ida en donde Valencia se impuso por 2-1. La primera etapa culmin\u00f3 sin goles pero el cuadro donde milita Felipe Caicedo ejerc\u00eda mayor posesi\u00f3n del bal\u00f3n.<\/p>\n<p>En la segunda etapa, ingres\u00f3 al cambio el delantero ecuatoriano Felipe Caicedo al minuto 75' en reemplazo de Salva Sevilla. Solo le vast\u00f3 cuatro minutos al atacante tricolor para abrir el marcador, tras anticipar al portero de Valencia y anotar de cabeza.<\/p>\n<p>Sin embargo, el propio 'Felipao' se encarg\u00f3 de liquidar el compromiso a favor de Espanyol. A los 89', otro ataque del cuadro due\u00f1o de casa culmin\u00f3 en golazo del ariete ecuatoriano. Al final, Espanyol clasific\u00f3 a cuartos de final en Copa del Rey y espera al vencedor de la eliminatoria entre Sevilla vs Granada.<\/p>\n<\/div>\n<div align=\"justify\"><\/div>\n<div align=\"justify\">https:\/\/www.youtube.com\/watch?v=MW627CLXNx0<\/div>\n<div align=\"justify\"><\/div>\n<div align=\"justify\">Fuente: www.ecuagol.com<\/div>\n<div align=\"justify\"><\/div>\n<div align=\"justify\"><\/div>\n<div align=\"justify\"><\/div>\n<p>&nbsp;<\/p>\n<div align=\"center\"><\/div>\n<\/div>\n<\/div>\n<\/div>\n<div class=\"TituloArticulo\" style=\"text-align: center\"><strong>Enner marc\u00f3 en la clasificaci\u00f3n del West Ham<\/strong><\/div>\n<div class=\"BarraFecha\"><\/div>\n<div class=\"ContenidoArticulo\">\n<div align=\"center\">https:\/\/www.youtube.com\/watch?v=iYu1C_5BMAA<\/div>\n<div align=\"center\"><\/div>\n<p align=\"justify\">Ante el Everton, el ecuatoriano Enner Valencia, marc\u00f3 el primer gol para su equipo West Ham United. Por la FA Cup el mundialista anot\u00f3 un buen gol al minuto 50 para, luego de una gran diagonal, y sobre la marca poder rematar de derecha y vencer al portero rival.<\/p>\n<p align=\"justify\">Para el tiempo extra, el West Ham logr\u00f3 igualar el partido luego de ir abajo en el marcador y aspir\u00f3 a la tanda de penales, donde el ecuatoriano fue el s\u00e9ptimo jugador en cobrar y sin problemas marc\u00f3 el desde los doce pasos.<\/p>\n<p align=\"justify\">Fuente: www.ecuagol.com<\/p>\n<\/div>\n<div class=\"TituloArticulo\" style=\"text-align: center\"><strong>Medio mexicano: \"Chiqui y Gonz\u00e1lez fueron una pesadilla para Monterrey\"<\/strong><\/div>\n<div class=\"BarraFecha\"><\/div>\n<div class=\"ContenidoArticulo\">\n<div align=\"justify\">\n<p align=\"center\"><img loading=\"lazy\" decoding=\"async\" src=\"http:\/\/www.ecuagol.com\/ecuagol\/resources\/image\/guerrero%20y%20gonzalez.jpg\" alt=\"\" width=\"320\" height=\"240\" align=\"middle\" border=\"0\" hspace=\"5\" vspace=\"5\" \/><\/p>\n<p>El buen debut de Leones Negros ante Monterrey deja un buen sabor para los hinchas del cuadro tricolor que tuvo su primer triunfo del a\u00f1o gracias a un cabezazo del atacante, Fidel Mart\u00ednez quien estuvo bien acompa\u00f1ado por las bandas.<\/p>\n<p>Fue el reconocido medio 'azteca' Vavel que dedic\u00f3 una nota a los nuevos fichajes del club: Jonathan Gonz\u00e1lez y 'Chiqui' Guerrero quienes estuvieron brillantes en ambas bandas, teniendo la velocidad, el atrevimiento y el quiebre como principales herramientas ante un opaco Monterrey que tuvo m\u00e1s de un dolor de cabeza en sus carrileros, \u201cChispa\u201d Velarde y de Severo Meza quienes tuvieron la imposible tarea de frenar a ambos ecuatorianos.<\/p>\n<p>Aqu\u00ed la nota:<\/p>\n<p><em>Los Leones Negros empezaron el Clausura 2015 con el pie derecho, derrotando 1-0 a los Rayados de Monterrey en casa, en un partido que dejo un buen sabor de boca a la afici\u00f3n.<\/em><\/p>\n<p>El equipo tapat\u00edo mostro una cara diferente respecto al torneo pasado, con una delantera renovada tras la llegada de los jugadores ecuatorianos: Fernando Guerrero, Jonathan Gonz\u00e1les y Juan Anangon\u00f3, adem\u00e1s de la partida del uruguayo William Ferreira.<\/p>\n<p>La UDG mostr\u00f3 mucha movilidad en el campo, esto gracias a la gran velocidad de sus dos refuerzos ecuatorianos: Fernando Guerrero y Jonathan Gonz\u00e1les, quienes hicieron su debut en la Liga Mx.<\/p>\n<p>Ambos jugadores se desempe\u00f1an de extremos, uno por izquierda y el otro por derecha respectivamente, convirtiendo las bandas en avenidas por su gran velocidad con la que juegan.<\/p>\n<p>Durante el encuentro contra Monterrey los ecuatorianos mostraron su gran velocidad en diversas ocasiones, dejando atr\u00e1s a los defensores rayados de una manera muy f\u00e1cil, convirti\u00e9ndose en la pesadilla\u00a0 del \u201cChispa\u201d Velarde y de Severo Meza.<\/p>\n<p><strong>FERNANDO GUERRERO<\/strong><\/p>\n<p align=\"center\"><strong><img loading=\"lazy\" decoding=\"async\" src=\"http:\/\/www.ecuagol.com\/ecuagol\/resources\/image\/chiqui%20guerrero%20leones%20negros%20debut.jpg\" alt=\"\" width=\"290\" height=\"193\" align=\"middle\" border=\"0\" hspace=\"5\" vspace=\"5\" \/><\/strong><\/p>\n<p align=\"justify\"><em>El ecuatoriano hizo su debut y jug\u00f3 los 90 minutos en el partido contra Monterrey. Guerrero lleg\u00f3 a la Perla Tapat\u00eda el pasado diciembre procedente del equipo Independiente del Valle en donde disput\u00f3 187 partidos y logr\u00f3 anotar 39 goles en total.<\/em><\/p>\n<p>El Chiqui, omo lo apodan en Ecuador, emigr\u00f3 cuando era ni\u00f1o a Espa\u00f1a para jugar con el Real Madrid, equipo con el que pudo debutar en su filial el Real Madrid Castilla. Tambi\u00e9n cuenta con experiencia en Inglaterra, jugando con el Burnley en la Premier League<\/p>\n<p align=\"justify\"><strong>JONATHAN GONZ\u00c1LEZ<\/strong><\/p>\n<p align=\"center\"><strong><img loading=\"lazy\" decoding=\"async\" src=\"http:\/\/www.ecuagol.com\/ecuagol\/resources\/image\/jonathan%20gonzalez%20leones%20negros%20debut.jpg\" alt=\"\" width=\"290\" height=\"193\" align=\"middle\" border=\"0\" hspace=\"5\" vspace=\"5\" \/><\/strong><\/p>\n<p align=\"justify\"><em>Gonzales tambi\u00e9n hizo su debut en al partido contra la pandilla, disput\u00f3 89 minutos y sali\u00f3 de cambio en los \u00faltimos minutos del partido.<\/em><\/p>\n<p>El ecuatoriano llega procedente de Independiente del Valle al igual que su compatriota, el jugador disput\u00f3 97 partidos y anot\u00f3 14 goles con su club. El joven de 19 a\u00f1os llega a los Leones Negros con el t\u00edtulo de: \u201cJoven Revelaci\u00f3n del Campeonato Ecuatoriano 2013\u201d.<\/p>\n<p>&nbsp;<\/p>\n<p>Fuente: www.ecuagol.com<\/p>\n<\/div>\n<\/div>\n","protected":false},"excerpt":{"rendered":"<p>Prensa internacional elogia la actuaci\u00f3n de Felipe Caicedo Espanyol se clasific\u00f3 a cuartos de final de la Copa del Rey al derrotar 2-0 a Valencia gracias a una brillante actuaci\u00f3n del ecuatoriano Felipe Caicedo. El delantero de 26 a\u00f1os sali\u00f3 de la banca y anot\u00f3 los dos goles con los que el cuadro 'Periquito' avanz\u00f3 &hellip; <\/p>\n<p><a class=\"more-link btn\" href=\"https:\/\/blog.espol.edu.ec\/planetafutbol\/ecuatorianos-en-el-exterior\/\">Seguir leyendo<\/a><\/p>\n","protected":false},"author":9518,"featured_media":0,"parent":0,"menu_order":0,"comment_status":"open","ping_status":"open","template":"","meta":{"footnotes":""},"class_list":["post-79","page","type-page","status-publish","hentry","nodate","item-wrap"],"_links":{"self":[{"href":"https:\/\/blog.espol.edu.ec\/planetafutbol\/wp-json\/wp\/v2\/pages\/79","targetHints":{"allow":["GET"]}}],"collection":[{"href":"https:\/\/blog.espol.edu.ec\/planetafutbol\/wp-json\/wp\/v2\/pages"}],"about":[{"href":"https:\/\/blog.espol.edu.ec\/planetafutbol\/wp-json\/wp\/v2\/types\/page"}],"author":[{"embeddable":true,"href":"https:\/\/blog.espol.edu.ec\/planetafutbol\/wp-json\/wp\/v2\/users\/9518"}],"replies":[{"embeddable":true,"href":"https:\/\/blog.espol.edu.ec\/planetafutbol\/wp-json\/wp\/v2\/comments?post=79"}],"version-history":[{"count":8,"href":"https:\/\/blog.espol.edu.ec\/planetafutbol\/wp-json\/wp\/v2\/pages\/79\/revisions"}],"predecessor-version":[{"id":87,"href":"https:\/\/blog.espol.edu.ec\/planetafutbol\/wp-json\/wp\/v2\/pages\/79\/revisions\/87"}],"wp:attachment":[{"href":"https:\/\/blog.espol.edu.ec\/planetafutbol\/wp-json\/wp\/v2\/media?parent=79"}],"curies":[{"name":"wp","href":"https:\/\/api.w.org\/{rel}","templated":true}]}}