{"id":3,"date":"2009-04-15T15:08:32","date_gmt":"2009-04-15T19:08:32","guid":{"rendered":"http:\/\/blog.espol.edu.ec\/plasticos\/?page_id=3"},"modified":"2009-04-15T15:52:30","modified_gmt":"2009-04-15T19:52:30","slug":"informacion","status":"publish","type":"page","link":"https:\/\/blog.espol.edu.ec\/plasticos\/informacion\/","title":{"rendered":"Informaci\u00f3n"},"content":{"rendered":"<p><strong>Perfil Profesional<\/strong><\/p>\n<p><strong><\/strong><\/p>\n<ul>\n<li>Conocimientos: Materias, Procesamiento, Equipos, Mantenimiento.<\/li>\n<li>Programaci\u00f3n, supervisi\u00f3n plan de procesamiento calidad o producci\u00f3n.<\/li>\n<\/ul>\n<p><strong>Perfil Ocupacional<\/strong><\/p>\n<ul>\n<li>T\u00e9cnico de : Mantenimiento de maquinas de procesamiento, moldes, instalaci\u00f3n y montaje.<\/li>\n<li>Supervisor de: Calidad , ensayos y productos.<\/li>\n<li>Operador de maquinaria de procesamiento.<\/li>\n<li>Dise\u00f1ador y dibujante de moldes.<\/li>\n<li>Asesor t\u00e9cnico comercial.<\/li>\n<li>Docente a nivel medio y universitario.<\/li>\n<\/ul>\n","protected":false},"excerpt":{"rendered":"<p>Perfil Profesional Conocimientos: Materias, Procesamiento, Equipos, Mantenimiento. Programaci\u00f3n, supervisi\u00f3n plan de procesamiento calidad o producci\u00f3n. Perfil Ocupacional T\u00e9cnico de : Mantenimiento de maquinas de procesamiento, moldes, instalaci\u00f3n y montaje. Supervisor de: Calidad , ensayos y productos. Operador de maquinaria de procesamiento. Dise\u00f1ador y dibujante de moldes. Asesor t\u00e9cnico comercial. Docente a nivel medio y universitario.<\/p>\n","protected":false},"author":1505,"featured_media":0,"parent":0,"menu_order":0,"comment_status":"open","ping_status":"open","template":"","meta":{"footnotes":""},"class_list":["post-3","page","type-page","status-publish","hentry"],"_links":{"self":[{"href":"https:\/\/blog.espol.edu.ec\/plasticos\/wp-json\/wp\/v2\/pages\/3","targetHints":{"allow":["GET"]}}],"collection":[{"href":"https:\/\/blog.espol.edu.ec\/plasticos\/wp-json\/wp\/v2\/pages"}],"about":[{"href":"https:\/\/blog.espol.edu.ec\/plasticos\/wp-json\/wp\/v2\/types\/page"}],"author":[{"embeddable":true,"href":"https:\/\/blog.espol.edu.ec\/plasticos\/wp-json\/wp\/v2\/users\/1505"}],"replies":[{"embeddable":true,"href":"https:\/\/blog.espol.edu.ec\/plasticos\/wp-json\/wp\/v2\/comments?post=3"}],"version-history":[{"count":4,"href":"https:\/\/blog.espol.edu.ec\/plasticos\/wp-json\/wp\/v2\/pages\/3\/revisions"}],"predecessor-version":[{"id":20,"href":"https:\/\/blog.espol.edu.ec\/plasticos\/wp-json\/wp\/v2\/pages\/3\/revisions\/20"}],"wp:attachment":[{"href":"https:\/\/blog.espol.edu.ec\/plasticos\/wp-json\/wp\/v2\/media?parent=3"}],"curies":[{"name":"wp","href":"https:\/\/api.w.org\/{rel}","templated":true}]}}