{"id":44,"date":"2009-05-15T11:52:13","date_gmt":"2009-05-15T16:52:13","guid":{"rendered":"http:\/\/blog.espol.edu.ec\/plasticos\/?page_id=44"},"modified":"2009-05-15T14:15:40","modified_gmt":"2009-05-15T19:15:40","slug":"cambios-y-convalidaciones","status":"publish","type":"page","link":"https:\/\/blog.espol.edu.ec\/plasticos\/cambios-y-convalidaciones\/","title":{"rendered":"Convalidaciones"},"content":{"rendered":"<h3>REQUISITOS PARA EL TR\u00c1MITE DE CAMBIO DE OTRAS UNIVERSIDADES\u00a0Y CONVALIDACION DE MATERIAS APROBADAS<\/h3>\n<ol>\n<li>Certificado de materias aprobadas\u00a0 debidamente certificados por la Universidad de donde procede con su equivalencia internacional (FIRMA Y SELLO ORIGINAL DEL SECRETARIO GENERAL DE LA UNIVERSIDAD)\u00a0<\/li>\n<li>Programas de materias aprobadas certificadas por\u00a0 la Universidad de donde\u00a0\u00a0 procede.\u00a0 (FIRMA Y SELLO ORIGINAL DEL SECRETARIO GENERAL DE LA UIVERSIDAD)<\/li>\n<li>\u00a0Certificaci\u00f3n de Estudios-fechas (dd\/mm\/aaa) de INGRESO Y SALIDA de la Universidad, especificando la CARRERA que proviene (definici\u00f3n exacta). (FIRMA Y SELLO ORIGINAL DEL SECRETARIO GENERAL DE LA UNIVERSIDAD).\u00a0<\/li>\n<li>Certificado de conducta (FIRMA Y SELLO ORIGINAL DEL SECRETARIO GENERAL DE LA UNIVERSIDAD)<\/li>\n<li>Fotocopia de la C\u00e9dula de Identidad o Pasaporte con su visa correspondiente para solicitantes extranjeros no residentes (pasaporte y visa de estudiante).<\/li>\n<li>Partida de Nacimiento.<\/li>\n<li>Acta de Grado o T\u00edtulo de Bachiller original (Si entrega copia tiene que estar certificada por la Subdirecci\u00f3n de Educaci\u00f3n).<\/li>\n<li>Copia del Carnet militar actualizado ( varones)<\/li>\n<li>Hoja de Datos Personales (formulario)<\/li>\n<li>El solicitante, presentar\u00e1 la documentaci\u00f3n en la Secretar\u00eda T\u00e9cnica Acad\u00e9mica de la ESPOL con la solicitud en especie valorada US$ 1.00 dirigida al ING. ARMANDO ALTAMIRANO CHAVEZ-VICERRECTOR\u00a0 GENERAL de la ESPOL.<br \/>\n\u00a0<\/li>\n<\/ol>\n<p><strong>NOTAS:<\/strong><\/p>\n<ul>\n<li>Se recomienda entregar la documentaci\u00f3n lo mas pronto posible , para ser considerado en el siguiente t\u00e9rmino acad\u00e9mico que empieza el 15 de mayo del 2009<\/li>\n<li>Una vez autorizada las convalidaciones, el interesado deber\u00e1 cancelar el valor vigente por concepto de Tasa de convalidaci\u00f3n de materias. Este valor se lo ingresar\u00e1 en el sistema como DEUDAS.\n<ul>\n<li>Las tasas que el estudiante deber\u00e1n cancelar las DEUDAS que aparecen en el sistema son:<\/li>\n<li>Tasa de convalidaci\u00f3n o acreditaci\u00f3n por materia $10,00\n<ul>\n<li>Tr\u00e1mite de ingreso por equiparaci\u00f3n de estudios para continuar estudios en ESPOL para estudiantes de otras universidades $ 200,00<\/li>\n<li>\u00a0Graduados de pregrado en la ESPOL o en una universidad p\u00fablica: $120 . Este valor deber\u00e1 ser cancelado en cada termino<\/li>\n<\/ul>\n<\/li>\n<\/ul>\n<\/li>\n<\/ul>\n<p><strong>\u00a0Pago de valores<\/strong><\/p>\n<p>Los pagos podr\u00e1n ser realizados:<\/p>\n<ul>\n<li>En los Bancos habilitados para el efecto por la ESPOL.\u00a0<\/li>\n<li>\u00a0En la Tesorer\u00eda de la ESPOL.<\/li>\n<li>Con tarjetas de cr\u00e9dito, con el recargo del servicio.<\/li>\n<li>Con cheques certificados<\/li>\n<\/ul>\n","protected":false},"excerpt":{"rendered":"<p>REQUISITOS PARA EL TR\u00c1MITE DE CAMBIO DE OTRAS UNIVERSIDADES\u00a0Y CONVALIDACION DE MATERIAS APROBADAS Certificado de materias aprobadas\u00a0 debidamente certificados por la Universidad de donde procede con su equivalencia internacional (FIRMA Y SELLO ORIGINAL DEL SECRETARIO GENERAL DE LA UNIVERSIDAD)\u00a0 Programas de materias aprobadas certificadas por\u00a0 la Universidad de donde\u00a0\u00a0 procede.\u00a0 (FIRMA Y SELLO ORIGINAL DEL [&hellip;]<\/p>\n","protected":false},"author":1505,"featured_media":0,"parent":0,"menu_order":0,"comment_status":"open","ping_status":"open","template":"","meta":{"footnotes":""},"class_list":["post-44","page","type-page","status-publish","hentry"],"_links":{"self":[{"href":"https:\/\/blog.espol.edu.ec\/plasticos\/wp-json\/wp\/v2\/pages\/44","targetHints":{"allow":["GET"]}}],"collection":[{"href":"https:\/\/blog.espol.edu.ec\/plasticos\/wp-json\/wp\/v2\/pages"}],"about":[{"href":"https:\/\/blog.espol.edu.ec\/plasticos\/wp-json\/wp\/v2\/types\/page"}],"author":[{"embeddable":true,"href":"https:\/\/blog.espol.edu.ec\/plasticos\/wp-json\/wp\/v2\/users\/1505"}],"replies":[{"embeddable":true,"href":"https:\/\/blog.espol.edu.ec\/plasticos\/wp-json\/wp\/v2\/comments?post=44"}],"version-history":[{"count":4,"href":"https:\/\/blog.espol.edu.ec\/plasticos\/wp-json\/wp\/v2\/pages\/44\/revisions"}],"predecessor-version":[{"id":46,"href":"https:\/\/blog.espol.edu.ec\/plasticos\/wp-json\/wp\/v2\/pages\/44\/revisions\/46"}],"wp:attachment":[{"href":"https:\/\/blog.espol.edu.ec\/plasticos\/wp-json\/wp\/v2\/media?parent=44"}],"curies":[{"name":"wp","href":"https:\/\/api.w.org\/{rel}","templated":true}]}}