{"id":53,"date":"2009-05-15T13:38:25","date_gmt":"2009-05-15T18:38:25","guid":{"rendered":"http:\/\/blog.espol.edu.ec\/plasticos\/?page_id=53"},"modified":"2009-05-15T13:38:25","modified_gmt":"2009-05-15T18:38:25","slug":"costos","status":"publish","type":"page","link":"https:\/\/blog.espol.edu.ec\/plasticos\/costos\/","title":{"rendered":"Costos"},"content":{"rendered":"<ul>\n<li>Costos (Financiamiento a trav\u00e9s de cr\u00e9dito IECE)\n<ul>\n<li>Bachilleres\n<ul>\n<li>Examen de Ingreso, tasa USD 10<\/li>\n<li>Curso de nivel cero, tasa de USD 20<\/li>\n<li>Costo de termino, tasa administrativas y estudiantes USD 20<\/li>\n<li>Derechos por Sustentaci\u00f3n y Graduaci\u00f3n USD 100<\/li>\n<\/ul>\n<\/li>\n<li>Profesional T\u00e9cnico con titulo de Ingeniero o Tecn\u00f3logo Mec\u00e1nico, El\u00e9ctrico , Electr\u00f3nico, Refrigeraci\u00f3n o Industrial\n<ul>\n<li>Derechos de Matricula por termino, Tasa USD 120,00<\/li>\n<li>Tasa de Convalidaci\u00f3n por materia 10,00<\/li>\n<li>Tramite de ingreso por equiparaci\u00f3n de estudios para continuar estudios , USD 200<\/li>\n<li>Derecho de graduaci\u00f3n USD 100<\/li>\n<\/ul>\n<\/li>\n<li>Solo Cursos\n<ul>\n<li>Los estudiantes libres extranjeros no residentes, pagar\u00e1n $ 60 por cr\u00e9dito u hora de clase.<\/li>\n<\/ul>\n<\/li>\n<li>Ejemplo:\n<ul>\n<li>Ingeniero mec\u00e1nico convalida 15 materias\n<ul>\n<li>Costos : USD 150 por convalidaci\u00f3n de 15 materias, USD 200 por equiparaci\u00f3n de estudios<\/li>\n<li>Derechos de matricula por 3 t\u00e9rminos : USD 360<\/li>\n<li>Derecho de graduaci\u00f3n USD 100<\/li>\n<\/ul>\n<\/li>\n<\/ul>\n<\/li>\n<\/ul>\n<\/li>\n<li>En todos los casos se incrementan los costos por perder materias por primera y segunda, registros equivocados. Todo certificado tiene una tasa.<\/li>\n<\/ul>\n","protected":false},"excerpt":{"rendered":"<p>Costos (Financiamiento a trav\u00e9s de cr\u00e9dito IECE) Bachilleres Examen de Ingreso, tasa USD 10 Curso de nivel cero, tasa de USD 20 Costo de termino, tasa administrativas y estudiantes USD 20 Derechos por Sustentaci\u00f3n y Graduaci\u00f3n USD 100 Profesional T\u00e9cnico con titulo de Ingeniero o Tecn\u00f3logo Mec\u00e1nico, El\u00e9ctrico , Electr\u00f3nico, Refrigeraci\u00f3n o Industrial Derechos de [&hellip;]<\/p>\n","protected":false},"author":1505,"featured_media":0,"parent":0,"menu_order":0,"comment_status":"open","ping_status":"open","template":"","meta":{"footnotes":""},"class_list":["post-53","page","type-page","status-publish","hentry"],"_links":{"self":[{"href":"https:\/\/blog.espol.edu.ec\/plasticos\/wp-json\/wp\/v2\/pages\/53","targetHints":{"allow":["GET"]}}],"collection":[{"href":"https:\/\/blog.espol.edu.ec\/plasticos\/wp-json\/wp\/v2\/pages"}],"about":[{"href":"https:\/\/blog.espol.edu.ec\/plasticos\/wp-json\/wp\/v2\/types\/page"}],"author":[{"embeddable":true,"href":"https:\/\/blog.espol.edu.ec\/plasticos\/wp-json\/wp\/v2\/users\/1505"}],"replies":[{"embeddable":true,"href":"https:\/\/blog.espol.edu.ec\/plasticos\/wp-json\/wp\/v2\/comments?post=53"}],"version-history":[{"count":1,"href":"https:\/\/blog.espol.edu.ec\/plasticos\/wp-json\/wp\/v2\/pages\/53\/revisions"}],"predecessor-version":[{"id":54,"href":"https:\/\/blog.espol.edu.ec\/plasticos\/wp-json\/wp\/v2\/pages\/53\/revisions\/54"}],"wp:attachment":[{"href":"https:\/\/blog.espol.edu.ec\/plasticos\/wp-json\/wp\/v2\/media?parent=53"}],"curies":[{"name":"wp","href":"https:\/\/api.w.org\/{rel}","templated":true}]}}