{"id":17,"date":"2011-06-06T19:42:04","date_gmt":"2011-06-06T19:42:04","guid":{"rendered":"http:\/\/blog.espol.edu.ec\/pmorocho\/?page_id=17"},"modified":"2011-06-07T03:02:16","modified_gmt":"2011-06-07T03:02:16","slug":"acerca-de-mi-2","status":"publish","type":"page","link":"https:\/\/blog.espol.edu.ec\/pmorocho\/acerca-de-mi-2\/","title":{"rendered":"Yo"},"content":{"rendered":"<address><span style=\"color: #000000\"><em><strong>Nombre: <\/strong>Pa\u00fal Andr\u00e9s Morocho Jaramillo<strong><br \/>\n<\/strong><\/em><\/span><\/address>\n<address><span style=\"color: #000000\"><em><strong>Fecha  de nacimiento: <\/strong>23 de octubre de 1992<strong><br \/>\n<\/strong><\/em><\/span><\/address>\n<address><span style=\"color: #000000\"><em><strong>Estudios:<\/strong>Biolog\u00eda  Marina(ESPOL)<strong><br \/>\n<\/strong><\/em><\/span><\/address>\n<address><span style=\"color: #ffffff\"><em><span style=\"color: #000000\"><strong>Hobbies: <\/strong>Soy  pianista y amo el baile<\/span><strong><br \/>\n<\/strong><\/em><\/span><\/address>\n<address><span style=\"color: #ffffff\"><em><strong>Correo  Electronico:<\/strong><\/em>paulandres94@hotmail.com<\/span><\/address>\n<address><span style=\"color: #000080\"><\/p>\n<div id=\"attachment_18\" style=\"width: 200px\" class=\"wp-caption aligncenter\"><a href=\"http:\/\/blog.espol.edu.ec\/pmorocho\/files\/2011\/06\/piul-morocho.jpg\"><img loading=\"lazy\" decoding=\"async\" aria-describedby=\"caption-attachment-18\" class=\"size-medium wp-image-18\" title=\"piul morocho\" src=\"http:\/\/blog.espol.edu.ec\/pmorocho\/files\/2011\/06\/piul-morocho-190x300.jpg\" alt=\"\" width=\"190\" height=\"300\" srcset=\"https:\/\/blog.espol.edu.ec\/pmorocho\/files\/2011\/06\/piul-morocho-190x300.jpg 190w, https:\/\/blog.espol.edu.ec\/pmorocho\/files\/2011\/06\/piul-morocho.jpg 353w\" sizes=\"auto, (max-width: 190px) 100vw, 190px\" \/><\/a><p id=\"caption-attachment-18\" class=\"wp-caption-text\">mi persona<\/p><\/div>\n<p><\/span><\/address>\n","protected":false},"excerpt":{"rendered":"<p>Nombre: Pa\u00fal Andr\u00e9s Morocho Jaramillo Fecha de nacimiento: 23 de octubre de 1992 Estudios:Biolog\u00eda Marina(ESPOL) Hobbies: Soy pianista y amo el baile Correo Electronico:paulandres94@hotmail.com<\/p>\n","protected":false},"author":5939,"featured_media":0,"parent":0,"menu_order":0,"comment_status":"open","ping_status":"open","template":"","meta":{"footnotes":""},"class_list":["post-17","page","type-page","status-publish","hentry"],"_links":{"self":[{"href":"https:\/\/blog.espol.edu.ec\/pmorocho\/wp-json\/wp\/v2\/pages\/17","targetHints":{"allow":["GET"]}}],"collection":[{"href":"https:\/\/blog.espol.edu.ec\/pmorocho\/wp-json\/wp\/v2\/pages"}],"about":[{"href":"https:\/\/blog.espol.edu.ec\/pmorocho\/wp-json\/wp\/v2\/types\/page"}],"author":[{"embeddable":true,"href":"https:\/\/blog.espol.edu.ec\/pmorocho\/wp-json\/wp\/v2\/users\/5939"}],"replies":[{"embeddable":true,"href":"https:\/\/blog.espol.edu.ec\/pmorocho\/wp-json\/wp\/v2\/comments?post=17"}],"version-history":[{"count":6,"href":"https:\/\/blog.espol.edu.ec\/pmorocho\/wp-json\/wp\/v2\/pages\/17\/revisions"}],"predecessor-version":[{"id":23,"href":"https:\/\/blog.espol.edu.ec\/pmorocho\/wp-json\/wp\/v2\/pages\/17\/revisions\/23"}],"wp:attachment":[{"href":"https:\/\/blog.espol.edu.ec\/pmorocho\/wp-json\/wp\/v2\/media?parent=17"}],"curies":[{"name":"wp","href":"https:\/\/api.w.org\/{rel}","templated":true}]}}