{"id":66,"date":"2014-11-11T04:30:53","date_gmt":"2014-11-11T04:30:53","guid":{"rendered":"http:\/\/blog.espol.edu.ec\/polecarr\/?page_id=66"},"modified":"2014-11-11T04:30:53","modified_gmt":"2014-11-11T04:30:53","slug":"decoraciones","status":"publish","type":"page","link":"https:\/\/blog.espol.edu.ec\/polecarr\/decoraciones\/","title":{"rendered":"Decoraciones"},"content":{"rendered":"<p>Recuerda siempre que el lugar antes de decorarlo debe de ser de acuerdo a la ocasi\u00f3n, si es por cumplir meses o ya sea a\u00f1os; las decoraciones cambian y tambi\u00e9n var\u00edan de acuerdo al gusto de la persona; pero la imaginaci\u00f3n jam\u00e1s dejara de faltar si no llegaras a poder con uno de estos tutoriales o peque\u00f1as ayudas, cont\u00e1ctanos en nuestras redes sociales y nosotros te ayudaremos.<\/p>\n<p>TU NOVIO\/A:<\/p>\n<p>Amar es enamorarse de la misma persona todos los d\u00edas, sin hacer antig\u00fcedad, evitando la monoton\u00eda.<\/p>\n<p>&nbsp;<\/p>\n<div class=\"embed-container\"><iframe loading=\"lazy\" width=\"750\" height=\"422\" src=\"https:\/\/www.youtube.com\/embed\/xRlPjvobQ5Y?feature=oembed\" frameborder=\"0\" allow=\"autoplay; encrypted-media\" allowfullscreen><\/iframe><\/div>\n<p><a href=\"http:\/\/blog.espol.edu.ec\/polecarr\/files\/2014\/11\/10-manualidades-para-regalar-a-tu-novio-en-San-Valentin411.jpg\"><img loading=\"lazy\" decoding=\"async\" class=\"alignnone size-medium wp-image-67\" src=\"http:\/\/blog.espol.edu.ec\/polecarr\/files\/2014\/11\/10-manualidades-para-regalar-a-tu-novio-en-San-Valentin411-225x300.jpg\" alt=\"10-manualidades-para-regalar-a-tu-novio-en-San-Valentin41\" width=\"225\" height=\"300\" srcset=\"https:\/\/blog.espol.edu.ec\/polecarr\/files\/2014\/11\/10-manualidades-para-regalar-a-tu-novio-en-San-Valentin411-225x300.jpg 225w, https:\/\/blog.espol.edu.ec\/polecarr\/files\/2014\/11\/10-manualidades-para-regalar-a-tu-novio-en-San-Valentin411.jpg 525w\" sizes=\"auto, (max-width: 225px) 100vw, 225px\" \/><\/a> <a href=\"http:\/\/blog.espol.edu.ec\/polecarr\/files\/2014\/11\/Mural-de-fotos-San-Valent\u00edn.-LasBodasdeAlgodon-1.jpg\"><img loading=\"lazy\" decoding=\"async\" class=\"alignnone size-medium wp-image-68\" src=\"http:\/\/blog.espol.edu.ec\/polecarr\/files\/2014\/11\/Mural-de-fotos-San-Valent\u00edn.-LasBodasdeAlgodon-1-300x202.jpg\" alt=\"Mural de fotos San Valent\u00edn. LasBodasdeAlgodon (1)\" width=\"300\" height=\"202\" srcset=\"https:\/\/blog.espol.edu.ec\/polecarr\/files\/2014\/11\/Mural-de-fotos-San-Valent\u00edn.-LasBodasdeAlgodon-1-300x202.jpg 300w, https:\/\/blog.espol.edu.ec\/polecarr\/files\/2014\/11\/Mural-de-fotos-San-Valent\u00edn.-LasBodasdeAlgodon-1-1024x692.jpg 1024w, https:\/\/blog.espol.edu.ec\/polecarr\/files\/2014\/11\/Mural-de-fotos-San-Valent\u00edn.-LasBodasdeAlgodon-1.jpg 1035w\" sizes=\"auto, (max-width: 300px) 100vw, 300px\" \/><\/a><\/p>\n<p>TU AMIGA\/O CUMPLEA\u00d1OS:<\/p>\n<p>Los amigos son personas que siempre est\u00e1n ah\u00ed, los amigos agradables compa\u00f1\u00edas que a veces incordian, que te quieren, pero sobretodo que hacen que la risa sea m\u00e1s agradable.<\/p>\n<p>&nbsp;<\/p>\n<div class=\"embed-container\"><iframe loading=\"lazy\" width=\"750\" height=\"422\" src=\"https:\/\/www.youtube.com\/embed\/6Vo_O4AyHF8?feature=oembed\" frameborder=\"0\" allow=\"autoplay; encrypted-media\" allowfullscreen><\/iframe><\/div>\n<h2>http:\/\/youtu.be\/B4DweEjhMAM<\/h2>\n<p><a href=\"http:\/\/blog.espol.edu.ec\/polecarr\/files\/2014\/11\/CADFAF.jpg\"><img loading=\"lazy\" decoding=\"async\" class=\"alignnone size-medium wp-image-70\" src=\"http:\/\/blog.espol.edu.ec\/polecarr\/files\/2014\/11\/CADFAF-300x199.jpg\" alt=\"CADFAF}\" width=\"300\" height=\"199\" srcset=\"https:\/\/blog.espol.edu.ec\/polecarr\/files\/2014\/11\/CADFAF-300x199.jpg 300w, https:\/\/blog.espol.edu.ec\/polecarr\/files\/2014\/11\/CADFAF.jpg 600w\" sizes=\"auto, (max-width: 300px) 100vw, 300px\" \/><\/a> <a href=\"http:\/\/blog.espol.edu.ec\/polecarr\/files\/2014\/11\/ASDADV.jpg\"><img loading=\"lazy\" decoding=\"async\" class=\"alignnone size-medium wp-image-71\" src=\"http:\/\/blog.espol.edu.ec\/polecarr\/files\/2014\/11\/ASDADV.jpg\" alt=\"ASDADV\" width=\"274\" height=\"184\" \/><\/a><\/p>\n<p>&nbsp;<\/p>\n<p>DIA DEL NI\u00d1O:<\/p>\n<p>Un ni\u00f1o siempre puede ense\u00f1ar tres cosas a un adulto: a ponerse contento sin motivo, a estar siempre ocupado con algo y a saber exigir con todas sus fuerzas aqu\u00e9llo que desea.<\/p>\n<div class=\"embed-container\"><iframe loading=\"lazy\" width=\"750\" height=\"422\" src=\"https:\/\/www.youtube.com\/embed\/Gcd8FRO2ZZM?feature=oembed\" frameborder=\"0\" allow=\"autoplay; encrypted-media\" allowfullscreen><\/iframe><\/div>\n<div class=\"embed-container\"><iframe loading=\"lazy\" width=\"750\" height=\"422\" src=\"https:\/\/www.youtube.com\/embed\/bXeCdyrGLVM?feature=oembed\" frameborder=\"0\" allow=\"autoplay; encrypted-media\" allowfullscreen><\/iframe><\/div>\n<p><a href=\"http:\/\/blog.espol.edu.ec\/polecarr\/files\/2014\/11\/czxc.jpg\"><img loading=\"lazy\" decoding=\"async\" class=\"alignnone size-medium wp-image-73\" src=\"http:\/\/blog.espol.edu.ec\/polecarr\/files\/2014\/11\/czxc-300x199.jpg\" alt=\"czxc\" width=\"300\" height=\"199\" srcset=\"https:\/\/blog.espol.edu.ec\/polecarr\/files\/2014\/11\/czxc-300x199.jpg 300w, https:\/\/blog.espol.edu.ec\/polecarr\/files\/2014\/11\/czxc.jpg 500w\" sizes=\"auto, (max-width: 300px) 100vw, 300px\" \/><\/a> <a href=\"http:\/\/blog.espol.edu.ec\/polecarr\/files\/2014\/11\/Fiesta-Peppa-Pig.jpg\"><img loading=\"lazy\" decoding=\"async\" class=\"alignnone size-medium wp-image-74\" src=\"http:\/\/blog.espol.edu.ec\/polecarr\/files\/2014\/11\/Fiesta-Peppa-Pig-300x245.jpg\" alt=\"Fiesta-Peppa-Pig\" width=\"300\" height=\"245\" srcset=\"https:\/\/blog.espol.edu.ec\/polecarr\/files\/2014\/11\/Fiesta-Peppa-Pig-300x245.jpg 300w, https:\/\/blog.espol.edu.ec\/polecarr\/files\/2014\/11\/Fiesta-Peppa-Pig.jpg 600w\" sizes=\"auto, (max-width: 300px) 100vw, 300px\" \/><\/a> <a href=\"http:\/\/blog.espol.edu.ec\/polecarr\/files\/2014\/11\/zxfxcv.jpg\"><img loading=\"lazy\" decoding=\"async\" class=\"alignnone size-medium wp-image-75\" src=\"http:\/\/blog.espol.edu.ec\/polecarr\/files\/2014\/11\/zxfxcv.jpg\" alt=\"zxfxcv\" width=\"274\" height=\"184\" \/><\/a> <a href=\"http:\/\/blog.espol.edu.ec\/polecarr\/files\/2014\/11\/recursos-propuestas-celebrar-carnaval-educaci-L-WkutHg.jpeg\"><img loading=\"lazy\" decoding=\"async\" class=\"alignnone size-medium wp-image-76\" src=\"http:\/\/blog.espol.edu.ec\/polecarr\/files\/2014\/11\/recursos-propuestas-celebrar-carnaval-educaci-L-WkutHg-300x185.jpeg\" alt=\"recursos-propuestas-celebrar-carnaval-educaci-L-WkutHg\" width=\"300\" height=\"185\" srcset=\"https:\/\/blog.espol.edu.ec\/polecarr\/files\/2014\/11\/recursos-propuestas-celebrar-carnaval-educaci-L-WkutHg-300x185.jpeg 300w, https:\/\/blog.espol.edu.ec\/polecarr\/files\/2014\/11\/recursos-propuestas-celebrar-carnaval-educaci-L-WkutHg-1024x632.jpeg 1024w, https:\/\/blog.espol.edu.ec\/polecarr\/files\/2014\/11\/recursos-propuestas-celebrar-carnaval-educaci-L-WkutHg.jpeg 1600w\" sizes=\"auto, (max-width: 300px) 100vw, 300px\" \/><\/a><\/p>\n<p>TU MAM\u00c1:<\/p>\n<p>\u201cTus brazos siempre se abr\u00edan cuando quer\u00eda un abrazo. Tu\u00a0coraz\u00f3n comprend\u00eda cuando necesitaba una amiga. Tus ojos\u00a0tiernos se endurec\u00edan cuando me hacia falta una lecci\u00f3n. Tu\u00a0fuerza y tu amor me guiaron y me dieron alas para volar\u201d<\/p>\n<div class=\"embed-container\"><iframe loading=\"lazy\" width=\"750\" height=\"563\" src=\"https:\/\/www.youtube.com\/embed\/LNqqxcabkEg?feature=oembed\" frameborder=\"0\" allow=\"autoplay; encrypted-media\" allowfullscreen><\/iframe><\/div>\n<p><a href=\"http:\/\/blog.espol.edu.ec\/polecarr\/files\/2014\/11\/kit-dia-de-la-madre.jpg\"><img loading=\"lazy\" decoding=\"async\" class=\"alignnone size-medium wp-image-77\" src=\"http:\/\/blog.espol.edu.ec\/polecarr\/files\/2014\/11\/kit-dia-de-la-madre-300x215.jpg\" alt=\"kit-dia-de-la-madre\" width=\"300\" height=\"215\" srcset=\"https:\/\/blog.espol.edu.ec\/polecarr\/files\/2014\/11\/kit-dia-de-la-madre-300x215.jpg 300w, https:\/\/blog.espol.edu.ec\/polecarr\/files\/2014\/11\/kit-dia-de-la-madre-1024x736.jpg 1024w, https:\/\/blog.espol.edu.ec\/polecarr\/files\/2014\/11\/kit-dia-de-la-madre.jpg 1669w\" sizes=\"auto, (max-width: 300px) 100vw, 300px\" \/><\/a> <a href=\"http:\/\/blog.espol.edu.ec\/polecarr\/files\/2014\/11\/asdd.jpg\"><img loading=\"lazy\" decoding=\"async\" class=\"alignnone size-medium wp-image-78\" src=\"http:\/\/blog.espol.edu.ec\/polecarr\/files\/2014\/11\/asdd.jpg\" alt=\"asdd\" width=\"300\" height=\"168\" \/><\/a><br \/>\nHALLOWEEN:<\/p>\n<p><span style=\"font-size: small\">\u201cHalloween es el d\u00eda perfecto para asustar a quien tu elijas, pero ten cuidado porque al final un alma puede apoderarse de ti\u201d <\/span><\/p>\n<div class=\"embed-container\"><iframe loading=\"lazy\" width=\"750\" height=\"422\" src=\"https:\/\/www.youtube.com\/embed\/qNtzm8lm6pc?feature=oembed\" frameborder=\"0\" allow=\"autoplay; encrypted-media\" allowfullscreen><\/iframe><\/div>\n<p><a href=\"http:\/\/blog.espol.edu.ec\/polecarr\/files\/2014\/11\/Cuales-son-los-tips-para-decorar-mi-casa-de-manera-economica-para-Halloween.jpg\"><img loading=\"lazy\" decoding=\"async\" class=\"alignnone size-medium wp-image-79\" src=\"http:\/\/blog.espol.edu.ec\/polecarr\/files\/2014\/11\/Cuales-son-los-tips-para-decorar-mi-casa-de-manera-economica-para-Halloween-226x300.jpg\" alt=\"Cuales-son-los-tips-para-decorar-mi-casa-de-manera-economica-para-Halloween\" width=\"226\" height=\"300\" srcset=\"https:\/\/blog.espol.edu.ec\/polecarr\/files\/2014\/11\/Cuales-son-los-tips-para-decorar-mi-casa-de-manera-economica-para-Halloween-226x300.jpg 226w, https:\/\/blog.espol.edu.ec\/polecarr\/files\/2014\/11\/Cuales-son-los-tips-para-decorar-mi-casa-de-manera-economica-para-Halloween.jpg 358w\" sizes=\"auto, (max-width: 226px) 100vw, 226px\" \/><\/a> <a href=\"http:\/\/blog.espol.edu.ec\/polecarr\/files\/2014\/11\/17_halloween-party-decoration-ideas-papercrafts-kit-bat-vampire-printable-halloween-candy-corn-box-favor-party-kit-activity-kawai-face-cute-idea-kids-printables-paper-craft-copy.jpg\"><img loading=\"lazy\" decoding=\"async\" class=\"alignnone size-medium wp-image-80\" src=\"http:\/\/blog.espol.edu.ec\/polecarr\/files\/2014\/11\/17_halloween-party-decoration-ideas-papercrafts-kit-bat-vampire-printable-halloween-candy-corn-box-favor-party-kit-activity-kawai-face-cute-idea-kids-printables-paper-craft-copy-300x190.jpg\" alt=\"17_halloween+party+decoration+ideas+papercrafts+kit+bat+vampire+printable+halloween+candy+corn+box+favor+party+kit+activity+kawai+face+cute+idea+kids+printables+paper+craft-copy\" width=\"300\" height=\"190\" srcset=\"https:\/\/blog.espol.edu.ec\/polecarr\/files\/2014\/11\/17_halloween-party-decoration-ideas-papercrafts-kit-bat-vampire-printable-halloween-candy-corn-box-favor-party-kit-activity-kawai-face-cute-idea-kids-printables-paper-craft-copy-300x190.jpg 300w, https:\/\/blog.espol.edu.ec\/polecarr\/files\/2014\/11\/17_halloween-party-decoration-ideas-papercrafts-kit-bat-vampire-printable-halloween-candy-corn-box-favor-party-kit-activity-kawai-face-cute-idea-kids-printables-paper-craft-copy.jpg 610w\" sizes=\"auto, (max-width: 300px) 100vw, 300px\" \/><\/a><br \/>\nNAVIDAD:<\/p>\n<p>La Navidad es ese dulce espacio donde los recuerdos, los abrazos y las risas imperan radiantes.<\/p>\n<div class=\"embed-container\"><iframe loading=\"lazy\" width=\"750\" height=\"422\" src=\"https:\/\/www.youtube.com\/embed\/9IArCXQdFHA?feature=oembed\" frameborder=\"0\" allow=\"autoplay; encrypted-media\" allowfullscreen><\/iframe><\/div>\n<p><a href=\"http:\/\/blog.espol.edu.ec\/polecarr\/files\/2014\/11\/hjj.jpg\"><img loading=\"lazy\" decoding=\"async\" class=\"alignnone size-full wp-image-81\" src=\"http:\/\/blog.espol.edu.ec\/polecarr\/files\/2014\/11\/hjj.jpg\" alt=\"hjj\" width=\"209\" height=\"241\" \/><\/a> <a href=\"http:\/\/blog.espol.edu.ec\/polecarr\/files\/2014\/11\/mesa-infantil-navidad.jpg\"><img loading=\"lazy\" decoding=\"async\" class=\"alignnone size-medium wp-image-82\" src=\"http:\/\/blog.espol.edu.ec\/polecarr\/files\/2014\/11\/mesa-infantil-navidad-245x300.jpg\" alt=\"mesa-infantil-navidad\" width=\"245\" height=\"300\" srcset=\"https:\/\/blog.espol.edu.ec\/polecarr\/files\/2014\/11\/mesa-infantil-navidad-245x300.jpg 245w, https:\/\/blog.espol.edu.ec\/polecarr\/files\/2014\/11\/mesa-infantil-navidad.jpg 500w\" sizes=\"auto, (max-width: 245px) 100vw, 245px\" \/><\/a><\/p>\n","protected":false},"excerpt":{"rendered":"<p>Recuerda siempre que el lugar antes de decorarlo debe de ser de acuerdo a la ocasi\u00f3n, si es por cumplir meses o ya sea a\u00f1os; las decoraciones cambian y tambi\u00e9n var\u00edan de acuerdo al gusto de la persona; pero la imaginaci\u00f3n jam\u00e1s dejara de faltar si no llegaras a poder con uno de estos tutoriales &hellip; <\/p>\n<p><a class=\"more-link btn\" href=\"https:\/\/blog.espol.edu.ec\/polecarr\/decoraciones\/\">Seguir leyendo<\/a><\/p>\n","protected":false},"author":9306,"featured_media":0,"parent":0,"menu_order":0,"comment_status":"open","ping_status":"open","template":"","meta":{"footnotes":""},"class_list":["post-66","page","type-page","status-publish","hentry","nodate","item-wrap"],"_links":{"self":[{"href":"https:\/\/blog.espol.edu.ec\/polecarr\/wp-json\/wp\/v2\/pages\/66","targetHints":{"allow":["GET"]}}],"collection":[{"href":"https:\/\/blog.espol.edu.ec\/polecarr\/wp-json\/wp\/v2\/pages"}],"about":[{"href":"https:\/\/blog.espol.edu.ec\/polecarr\/wp-json\/wp\/v2\/types\/page"}],"author":[{"embeddable":true,"href":"https:\/\/blog.espol.edu.ec\/polecarr\/wp-json\/wp\/v2\/users\/9306"}],"replies":[{"embeddable":true,"href":"https:\/\/blog.espol.edu.ec\/polecarr\/wp-json\/wp\/v2\/comments?post=66"}],"version-history":[{"count":1,"href":"https:\/\/blog.espol.edu.ec\/polecarr\/wp-json\/wp\/v2\/pages\/66\/revisions"}],"predecessor-version":[{"id":83,"href":"https:\/\/blog.espol.edu.ec\/polecarr\/wp-json\/wp\/v2\/pages\/66\/revisions\/83"}],"wp:attachment":[{"href":"https:\/\/blog.espol.edu.ec\/polecarr\/wp-json\/wp\/v2\/media?parent=66"}],"curies":[{"name":"wp","href":"https:\/\/api.w.org\/{rel}","templated":true}]}}