{"id":85,"date":"2014-11-11T05:29:07","date_gmt":"2014-11-11T05:29:07","guid":{"rendered":"http:\/\/blog.espol.edu.ec\/polecarr\/?page_id=85"},"modified":"2014-11-12T04:22:49","modified_gmt":"2014-11-12T04:22:49","slug":"entretenimiento","status":"publish","type":"page","link":"https:\/\/blog.espol.edu.ec\/polecarr\/entretenimiento\/","title":{"rendered":"Entretenimiento"},"content":{"rendered":"<p><span style=\"color: #800080\">M\u00fasica:<\/span><\/p>\n<p><a title=\"paginas de musica para dedicar\" href=\"http:\/\/www.buenamusicagratis.com\/\" target=\"_blank\">http:\/\/www.buenamusicagratis.com\/<\/a><\/p>\n<p><a href=\"http:\/\/www.exitosmp3.com\/\" target=\"_blank\">http:\/\/www.exitosmp3.com\/<\/a><\/p>\n<p><a href=\"http:\/\/www.mp3xd.com\/descargar-mp3\/musica-para-xo-1.html\" target=\"_blank\">http:\/\/www.mp3xd.com\/descargar-mp3\/musica-para-xo-1.html<\/a><\/p>\n<p><a href=\"https:\/\/www.spotify.com\/ec\/\" target=\"_blank\">https:\/\/www.spotify.com\/ec\/<\/a><\/p>\n<p><span style=\"color: #800080\">Innovaci\u00f3n:<\/span><\/p>\n<div class=\"embed-container\"><iframe loading=\"lazy\" width=\"750\" height=\"422\" src=\"https:\/\/www.youtube.com\/embed\/irH8go0iXU0?feature=oembed\" frameborder=\"0\" allow=\"autoplay; encrypted-media\" allowfullscreen><\/iframe><\/div>\n<div class=\"embed-container\"><iframe loading=\"lazy\" width=\"750\" height=\"422\" src=\"https:\/\/www.youtube.com\/embed\/2IPWbaV5dBM?feature=oembed\" frameborder=\"0\" allow=\"autoplay; encrypted-media\" allowfullscreen><\/iframe><\/div>\n<p><span style=\"color: #800080\">Dedicatorias:<\/span><\/p>\n<div class=\"embed-container\"><iframe loading=\"lazy\" width=\"750\" height=\"422\" src=\"https:\/\/www.youtube.com\/embed\/ujJcCNg6tw4?feature=oembed\" frameborder=\"0\" allow=\"autoplay; encrypted-media\" allowfullscreen><\/iframe><\/div>\n<p>http:\/\/youtu.be\/nk3uGe0I_O0<\/p>\n<div class=\"embed-container\"><iframe loading=\"lazy\" width=\"750\" height=\"563\" src=\"https:\/\/www.youtube.com\/embed\/LS2av_C60rI?feature=oembed\" frameborder=\"0\" allow=\"autoplay; encrypted-media\" allowfullscreen><\/iframe><\/div>\n<div class=\"embed-container\"><iframe loading=\"lazy\" width=\"750\" height=\"563\" src=\"https:\/\/www.youtube.com\/embed\/8YWypj6iwXc?feature=oembed\" frameborder=\"0\" allow=\"autoplay; encrypted-media\" allowfullscreen><\/iframe><\/div>\n<div class=\"embed-container\"><iframe loading=\"lazy\" width=\"750\" height=\"422\" src=\"https:\/\/www.youtube.com\/embed\/K9ULvb_FD-s?feature=oembed\" frameborder=\"0\" allow=\"autoplay; encrypted-media\" allowfullscreen><\/iframe><\/div>\n<p><span style=\"color: #800080\">Frases:<\/span><br \/>\n<span style=\"color: #33cccc\">-Amistad:<\/span><br \/>\n*Un amigo es uno que lo sabe todo de ti y a pesar de ello te quiere.<br \/>\nEnviar frase<br \/>\n*Si sientes que todo perdi\u00f3 su sentido, siempre habr\u00e1 un \u00a8te quiero\u00a8, siempre habr\u00e1 un amigo.<br \/>\nEnviar frase<br \/>\nEmerson (1803-1882) Poeta y pensador estadounidense.<br \/>\n*La amistad es m\u00e1s dif\u00edcil y m\u00e1s rara que el amor. Por eso, hay que salvarla como sea.<br \/>\nEnviar frase<br \/>\nAlberto Moravia (1907-1990) Alberto Pincherle. Escritor italiano.<br \/>\n*Un hermano puede no ser un amigo, pero un amigo ser\u00e1 siempre un hermano.<br \/>\nEnviar frase<br \/>\nDemetrio de Falero (350 AC-280 AC) Orador, fil\u00f3sofo y gobernante ateniense.<br \/>\n*El que busca un amigo sin defectos se queda sin amigos.<br \/>\nEnviar frase<br \/>\nProverbio turco<br \/>\n*La amistad es un alma que habita en dos cuerpos; un coraz\u00f3n que habita en dos almas.<br \/>\nEnviar frase<br \/>\nArist\u00f3teles (384 AC-322 AC) Fil\u00f3sofo griego.<br \/>\n*Los verdaderos amigos se tienen que enfadar de vez en cuando.<br \/>\nEnviar frase<br \/>\nLouis Pasteur (1822-1895) Qu\u00edmico y microbi\u00f3logo franc\u00e9s.<br \/>\n*Los amigos que tienes y cuya amistad ya has puesto a prueba \/ eng\u00e1nchalos a tu alma con ganchos de acero.<\/p>\n<p><span style=\"color: #33cccc\">-Amor:<\/span><br \/>\n*Un hombre quiere ser el primer amor de su amada. Una mujer quiere que su amado sea su \u00faltimo amor.<br \/>\n*Te quiero no solo por como eres, sino por como soy yo cuando estoy contigo.<br \/>\n*Un d\u00eda dej\u00e9 caer una l\u00e1grima en el oc\u00e9ano. El d\u00eda que la encuentre ser\u00e1 el d\u00eda que deje de quererte.<br \/>\n*Sabes que est\u00e1s enamorado cuando no quieres dormir por la noche, porque tu vida real supera a tus sue\u00f1os<br \/>\n*Anoche mir\u00e9 al cielo y empec\u00e9 a dar a cada estrella una raz\u00f3n por la que te quiero tanto. Me faltaron estrellas.<br \/>\n*Aunque no sepa quererte de la forma que a t\u00ed te gustar\u00eda, siempre te querr\u00e9 con toda mi coraz\u00f3n de la mejor forma que sepa.<br \/>\n*Anoche ped\u00ed a un \u00e1ngel que fuese a protegerte mientras dorm\u00edas. Al rato volvi\u00f3 y le pregunt\u00e9 por qu\u00e9 hab\u00eda vuelto. Una \u00e1ngel no necesita que otro lo proteja, me respondi\u00f3.<br \/>\n*Si realmente quieres a alguien, lo \u00fanico que quieres para \u00e9l es su felicidad, incluso si t\u00fa no se la puedes dar<br \/>\n*Verte es un soplo de aire que me inspira, me alimenta, me excita, me tranquiliza, me perturba, me mata... compad\u00e9cete de mi...<br \/>\n*Solo me lamento de no haberte conocido desde el primer d\u00eda que empezaste a ser mujer.<br \/>\n*Besarte es como perder la noci\u00f3n del tiempo y del espacio, es ver el cielo, las estrellas... es verte a ti.<br \/>\n*Queriendo ser fr\u00edo, me derrito nada m\u00e1s rozar tu piel.<br \/>\n*No cambiar\u00eda un minuto de ayer contigo por cien a\u00f1os de vida sin ti.<br \/>\n*Tus manos me comprenden, me hablan, me tocan, me llevan, me hacen tierna... no dejes de abrazarme cada segundo.<br \/>\n*Quisiera que me besaras hasta dejarme sin aliento. Perder el conocimiento, tocar el cielo contigo...<br \/>\n*Si Dios hiciera de nuevo a Eva y fueras como tu, se olvidar\u00eda de hacer hombres.<br \/>\n*AMAME CUANDO MENOS LO MEREZCA PORQUE SERA CUANDO MAS LO NECESITE (Martha)<br \/>\n*Fuiste la estrella que siempre so\u00f1e la que robo mi dolor en la ma\u00f1ana que siempre espere. Eres el sol que calienta mi mundo y la luna que me alumbra en la noche. Eres todo lo que siempre e buscado y lo que nunca antes avia encontrado. You are my dream. (Juan Blanco)<\/p>\n","protected":false},"excerpt":{"rendered":"<p>M\u00fasica: http:\/\/www.buenamusicagratis.com\/ http:\/\/www.exitosmp3.com\/ http:\/\/www.mp3xd.com\/descargar-mp3\/musica-para-xo-1.html https:\/\/www.spotify.com\/ec\/ Innovaci\u00f3n: Dedicatorias: http:\/\/youtu.be\/nk3uGe0I_O0 Frases: -Amistad: *Un amigo es uno que lo sabe todo de ti y a pesar de ello te quiere. Enviar frase *Si sientes que todo perdi\u00f3 su sentido, siempre habr\u00e1 un \u00a8te quiero\u00a8, siempre habr\u00e1 un amigo. Enviar frase Emerson (1803-1882) Poeta y pensador estadounidense. *La amistad &hellip; <\/p>\n<p><a class=\"more-link btn\" href=\"https:\/\/blog.espol.edu.ec\/polecarr\/entretenimiento\/\">Seguir leyendo<\/a><\/p>\n","protected":false},"author":9306,"featured_media":0,"parent":0,"menu_order":0,"comment_status":"open","ping_status":"open","template":"","meta":{"footnotes":""},"class_list":["post-85","page","type-page","status-publish","hentry","nodate","item-wrap"],"_links":{"self":[{"href":"https:\/\/blog.espol.edu.ec\/polecarr\/wp-json\/wp\/v2\/pages\/85","targetHints":{"allow":["GET"]}}],"collection":[{"href":"https:\/\/blog.espol.edu.ec\/polecarr\/wp-json\/wp\/v2\/pages"}],"about":[{"href":"https:\/\/blog.espol.edu.ec\/polecarr\/wp-json\/wp\/v2\/types\/page"}],"author":[{"embeddable":true,"href":"https:\/\/blog.espol.edu.ec\/polecarr\/wp-json\/wp\/v2\/users\/9306"}],"replies":[{"embeddable":true,"href":"https:\/\/blog.espol.edu.ec\/polecarr\/wp-json\/wp\/v2\/comments?post=85"}],"version-history":[{"count":4,"href":"https:\/\/blog.espol.edu.ec\/polecarr\/wp-json\/wp\/v2\/pages\/85\/revisions"}],"predecessor-version":[{"id":150,"href":"https:\/\/blog.espol.edu.ec\/polecarr\/wp-json\/wp\/v2\/pages\/85\/revisions\/150"}],"wp:attachment":[{"href":"https:\/\/blog.espol.edu.ec\/polecarr\/wp-json\/wp\/v2\/media?parent=85"}],"curies":[{"name":"wp","href":"https:\/\/api.w.org\/{rel}","templated":true}]}}