{"id":16,"date":"2015-11-19T19:39:02","date_gmt":"2015-11-19T19:39:02","guid":{"rendered":"http:\/\/blog.espol.edu.ec\/prevelo\/?page_id=16"},"modified":"2015-11-19T21:07:33","modified_gmt":"2015-11-19T21:07:33","slug":"la-trilogia-original","status":"publish","type":"page","link":"https:\/\/blog.espol.edu.ec\/prevelo\/la-trilogia-original\/","title":{"rendered":"La Trilog\u00eda Original"},"content":{"rendered":"<p>La Trilog\u00eda Original\u00a0fueron las primeras pel\u00edculas de la saga Star Wars\u00a0en ser producidas, realizadas entre 1977 y 1983. En orden cronol\u00f3gico en lo que se refiere a historia, estas pel\u00edculas son los episodios 4, 5 y 6. Estos filmes son cl\u00e1sicos y considerados como los mejores trabajos de toda la franquicia, en contrario a las precuelas.<\/p>\n<p><strong>Star Wars Episode IV: A New Hope (Una Nueva Esperanza)<\/strong><\/p>\n<p>Se estren\u00f3 en el a\u00f1o 1977 y fue la primera pel\u00edcula de la saga que, sin que nadie lo esperara, cambio la historia del cine para siempre.\u00a0La pel\u00edcula se sit\u00faa diecinueve a\u00f1os despu\u00e9s de\u00a0la creaci\u00f3n del Imperio.\u00a0Luke Skywalker (Mark Hamill) se ve envuelto en la\u00a0Rebeli\u00f3n\u00a0despu\u00e9s de encontrarse con\u00a0Obi-Wan Kenobi (Alec Guinness), quien ha vivido recluido durante dos d\u00e9cadas en el austero planeta\u00a0Tatooine. Obi-Wan empieza a entrenar a Luke como Jedi y este lo ayuda\u00a0en la misi\u00f3n de rescatar a la l\u00edder de la Rebeli\u00f3n, la\u00a0Princesa Leia (Carrie Fisher), que se encuentra prisionera por el\u00a0Imperio Gal\u00e1ctico. Cuentan tambi\u00e9n con la ayuda del contrabandista\u00a0Han Solo (Harrison Ford) y su valiente amigo\u00a0wookiee\u00a0Chewbacca.<\/p>\n<p><a href=\"http:\/\/blog.espol.edu.ec\/prevelo\/files\/2015\/11\/star-wars-new-hope-coaster.jpg\"><img loading=\"lazy\" decoding=\"async\" class=\"alignnone size-medium wp-image-21\" src=\"http:\/\/blog.espol.edu.ec\/prevelo\/files\/2015\/11\/star-wars-new-hope-coaster-300x300.jpg\" alt=\"star-wars-new-hope-coaster\" width=\"300\" height=\"300\" srcset=\"https:\/\/blog.espol.edu.ec\/prevelo\/files\/2015\/11\/star-wars-new-hope-coaster-300x300.jpg 300w, https:\/\/blog.espol.edu.ec\/prevelo\/files\/2015\/11\/star-wars-new-hope-coaster-150x150.jpg 150w, https:\/\/blog.espol.edu.ec\/prevelo\/files\/2015\/11\/star-wars-new-hope-coaster-1024x1024.jpg 1024w, https:\/\/blog.espol.edu.ec\/prevelo\/files\/2015\/11\/star-wars-new-hope-coaster-50x50.jpg 50w, https:\/\/blog.espol.edu.ec\/prevelo\/files\/2015\/11\/star-wars-new-hope-coaster.jpg 1289w\" sizes=\"auto, (max-width: 300px) 100vw, 300px\" \/><\/a><\/p>\n<p>Cuando el Imperio Gal\u00e1ctico persigue a la princesa Leia a bordo de la nave consular Tantive IV por el destructor imperial Devastador al mando de lord Vader y la captura, el capitan Antilles muere y R2-D2 acompa\u00f1ado de C3-P0 logran escapar con los planos secretos, la princesa es torturada en la Estrella de la Muerte. Mientras tanto, Luke que se ha hecho cargo de los droides, conoce a Obi-Wan Kenobi, un ermita\u00f1o que vive recluido en el desierto, al cual R2 reproduce un mensaje grabado por la princesa Leia pidiendole ayuda. Obi Wan trata de persuadir al muchacho para que le acompa\u00f1e a Alderaan, a lo que Luke responde de que no puede dejar atr\u00e1s sus obligaciones. As\u00ed que promete acompa\u00f1ar hasta Mos Eisly a Kenobi y conocen a Han y Chewie un par de contrabandistas necesitados de dinero. El viaje resulta mas accidentado de lo previsto y acaban en el interior de la Estrella de la Muerte donde gracias a varios golpes de la fortuna, rescatan a la princesa. Su huida culmina con el acto final de la vida de Obi-Wan, presenciando su muerte a manos de su antiguo aprendiz, Darth Vader. Se re\u00fanen despu\u00e9s con la Alianza Rebelde y destruyen la Estrella de la Muerte.<\/p>\n<p><a href=\"http:\/\/blog.espol.edu.ec\/prevelo\/files\/2015\/11\/Star-wars-anh1.jpg\"><img loading=\"lazy\" decoding=\"async\" class=\"alignnone size-medium wp-image-20\" src=\"http:\/\/blog.espol.edu.ec\/prevelo\/files\/2015\/11\/Star-wars-anh1-300x169.jpg\" alt=\"Star-wars-anh1\" width=\"300\" height=\"169\" srcset=\"https:\/\/blog.espol.edu.ec\/prevelo\/files\/2015\/11\/Star-wars-anh1-300x169.jpg 300w, https:\/\/blog.espol.edu.ec\/prevelo\/files\/2015\/11\/Star-wars-anh1-1024x576.jpg 1024w, https:\/\/blog.espol.edu.ec\/prevelo\/files\/2015\/11\/Star-wars-anh1.jpg 1920w\" sizes=\"auto, (max-width: 300px) 100vw, 300px\" \/><\/a><\/p>\n<p><strong>Star Wars Episode V: The Empire Strikes Back (El Imperio Contraataca)<\/strong><\/p>\n<p>El Imperio Contraataca es la segunda instalaci\u00f3n de la trilog\u00eda original y es considerada por muchos, incluyendo a su servidor, como la mejor de la serie; e inclusive uno de los mejores filmes de la historia. Fue estrenada en el a\u00f1o 1980, siendo un \u00e9xito en la taquilla al igual que en las cr\u00edticas.<\/p>\n<p><a href=\"http:\/\/blog.espol.edu.ec\/prevelo\/files\/2015\/11\/images.jpeg\"><img loading=\"lazy\" decoding=\"async\" class=\"alignnone size-full wp-image-24\" src=\"http:\/\/blog.espol.edu.ec\/prevelo\/files\/2015\/11\/images.jpeg\" alt=\"images\" width=\"183\" height=\"275\" \/><\/a><\/p>\n<p>La ficci\u00f3n de la pel\u00edcula se sit\u00faa tres a\u00f1os despu\u00e9s de la destrucci\u00f3n de la estaci\u00f3n espacial de combate conocida como la\u00a0Estrella de la muerte, destrucci\u00f3n acaecida al final del episodio anterior. En\u00a0<i>El Imperio contraataca<\/i>\u00a0Luke Skywalker,\u00a0Han Solo,\u00a0Leia Organa\u00a0y el resto de la\u00a0Alianza Rebelde\u00a0son perseguidos por\u00a0Darth Vader\u00a0y las fuerzas de \u00e9lite del\u00a0Imperio Gal\u00e1ctico. En este episodio se desarrolla la historia de amor entre Han y Leia y Luke aprende m\u00e1s sobre los caminos de\u00a0la Fuerza\u00a0de la mano del maestro\u00a0Yoda. Con Han y Leia capturados por el Imperio, Luke luchar\u00e1 contra Darth Vader en una confrontaci\u00f3n sin igual, pero Vader esconde una terrible revelaci\u00f3n. Vader es el padre de Luke.<\/p>\n<p><a href=\"http:\/\/blog.espol.edu.ec\/prevelo\/files\/2015\/11\/star-wars-episode-v-the-empire-strikes-back.jpg\"><img loading=\"lazy\" decoding=\"async\" class=\"alignnone size-medium wp-image-23\" src=\"http:\/\/blog.espol.edu.ec\/prevelo\/files\/2015\/11\/star-wars-episode-v-the-empire-strikes-back-300x169.jpg\" alt=\"star-wars-episode-v-the-empire-strikes-back\" width=\"300\" height=\"169\" srcset=\"https:\/\/blog.espol.edu.ec\/prevelo\/files\/2015\/11\/star-wars-episode-v-the-empire-strikes-back-300x169.jpg 300w, https:\/\/blog.espol.edu.ec\/prevelo\/files\/2015\/11\/star-wars-episode-v-the-empire-strikes-back-1024x576.jpg 1024w, https:\/\/blog.espol.edu.ec\/prevelo\/files\/2015\/11\/star-wars-episode-v-the-empire-strikes-back.jpg 1280w\" sizes=\"auto, (max-width: 300px) 100vw, 300px\" \/><\/a><\/p>\n\n<p><strong>Star Wars Episode VI: The Return Of The Jedi (El Regreso del Jedi)<\/strong><\/p>\n<p>La tercera y \u00faltima pel\u00edcula de esta trilog\u00eda fue estrenada en 1983. En esta pel\u00edcula se presenta a un Luke ya convertido en un caballero Jedi, despu\u00e9s de recibir entrenamiento con el maestro Yoda, dispuesto a acabar con el Imperio y con la amenaza de los Sith. Adem\u00e1s, se presenta la construcci\u00f3n de una segunda Estrella de la Muerte el doble de peligrosa.<\/p>\n<p><a href=\"http:\/\/blog.espol.edu.ec\/prevelo\/files\/2015\/11\/KGrHqVHJEgFEnN3PmMUBRLWLtKw60_57.jpg\"><img loading=\"lazy\" decoding=\"async\" class=\"alignnone size-medium wp-image-29\" src=\"http:\/\/blog.espol.edu.ec\/prevelo\/files\/2015\/11\/KGrHqVHJEgFEnN3PmMUBRLWLtKw60_57-203x300.jpg\" alt=\"$(KGrHqVHJEgFEnN3PmMUBRL!WLtK)w~~60_57\" width=\"203\" height=\"300\" srcset=\"https:\/\/blog.espol.edu.ec\/prevelo\/files\/2015\/11\/KGrHqVHJEgFEnN3PmMUBRLWLtKw60_57-203x300.jpg 203w, https:\/\/blog.espol.edu.ec\/prevelo\/files\/2015\/11\/KGrHqVHJEgFEnN3PmMUBRLWLtKw60_57-692x1024.jpg 692w, https:\/\/blog.espol.edu.ec\/prevelo\/files\/2015\/11\/KGrHqVHJEgFEnN3PmMUBRLWLtKw60_57.jpg 1050w\" sizes=\"auto, (max-width: 203px) 100vw, 203px\" \/><\/a><\/p>\n<p>Luke Skywalker viaja junto con sus amigos al des\u00e9rtico planeta Tatooine, en un intento de rescatar a Han Solo de las garras del temido g\u00e1nster intergal\u00e1ctico Jabba el Hutt. Luke vuelve a Dagobah para completar su entrenamiento Jedi, pero Yoda est\u00e1 enfermo y le dice que su entrenamiento con \u00e9l ha concluido. Antes de morir, Yoda le dice a Luke que debe enfrentarse Darth Vader para completar su entrenamiento, pues es su destino y le confirma que es su padre.<\/p>\n<p><a href=\"http:\/\/blog.espol.edu.ec\/prevelo\/files\/2015\/11\/Luke_vs_Vader_DS2.jpg\"><img loading=\"lazy\" decoding=\"async\" class=\"alignnone size-medium wp-image-28\" src=\"http:\/\/blog.espol.edu.ec\/prevelo\/files\/2015\/11\/Luke_vs_Vader_DS2-300x182.jpg\" alt=\"Luke_vs_Vader_DS2\" width=\"300\" height=\"182\" srcset=\"https:\/\/blog.espol.edu.ec\/prevelo\/files\/2015\/11\/Luke_vs_Vader_DS2-300x182.jpg 300w, https:\/\/blog.espol.edu.ec\/prevelo\/files\/2015\/11\/Luke_vs_Vader_DS2.jpg 578w\" sizes=\"auto, (max-width: 300px) 100vw, 300px\" \/><\/a><\/p>\n<p>Luke se enfrenta por \u00faltima vez con Vader, pero esta vez el Emperador est\u00e1 observando el duelo. Aqu\u00ed Luke desata su ira y es incitado por Darth Sidious a matar a su padre. El h\u00e9roe se niega y por esto es atacado con electricidad por el Emperador. En un cambio de coraz\u00f3n, Vader carga a Sidious y lo tira por el precipicio mat\u00e1ndolo, pero quedando terriblemente herido. Luke lo consuela en su lecho de muerte, en donde reconoce su error y pide perd\u00f3n en sus \u00faltimos momentos. De esta forma, el Imperio es destruido y la Galaxia vuelve a la paz.<\/p>\n<p><a href=\"http:\/\/blog.espol.edu.ec\/prevelo\/files\/2015\/11\/my-alternate-ending-for-star-wars-episode-vi-return-of-the-jedi-a44094f3-b1d5-49d7-bfef-ab7bc32988e3-png-284871.jpg\"><img loading=\"lazy\" decoding=\"async\" class=\"alignnone size-medium wp-image-30\" src=\"http:\/\/blog.espol.edu.ec\/prevelo\/files\/2015\/11\/my-alternate-ending-for-star-wars-episode-vi-return-of-the-jedi-a44094f3-b1d5-49d7-bfef-ab7bc32988e3-png-284871-300x128.jpg\" alt=\"my-alternate-ending-for-star-wars-episode-vi-return-of-the-jedi-a44094f3-b1d5-49d7-bfef-ab7bc32988e3-png-284871\" width=\"300\" height=\"128\" srcset=\"https:\/\/blog.espol.edu.ec\/prevelo\/files\/2015\/11\/my-alternate-ending-for-star-wars-episode-vi-return-of-the-jedi-a44094f3-b1d5-49d7-bfef-ab7bc32988e3-png-284871-300x128.jpg 300w, https:\/\/blog.espol.edu.ec\/prevelo\/files\/2015\/11\/my-alternate-ending-for-star-wars-episode-vi-return-of-the-jedi-a44094f3-b1d5-49d7-bfef-ab7bc32988e3-png-284871-1024x436.jpg 1024w, https:\/\/blog.espol.edu.ec\/prevelo\/files\/2015\/11\/my-alternate-ending-for-star-wars-episode-vi-return-of-the-jedi-a44094f3-b1d5-49d7-bfef-ab7bc32988e3-png-284871.jpg 1918w\" sizes=\"auto, (max-width: 300px) 100vw, 300px\" \/><\/a><\/p>\n","protected":false},"excerpt":{"rendered":"<p>La Trilog\u00eda Original\u00a0fueron las primeras pel\u00edculas de la saga Star Wars\u00a0en ser producidas, realizadas entre 1977 y 1983. En orden cronol\u00f3gico en lo que se refiere a historia, estas pel\u00edculas son los episodios 4, 5 y 6. Estos filmes son cl\u00e1sicos y considerados como los mejores trabajos de toda la franquicia, en contrario a las [&hellip;]<\/p>\n","protected":false},"author":10056,"featured_media":0,"parent":0,"menu_order":0,"comment_status":"closed","ping_status":"closed","template":"","meta":{"footnotes":""},"class_list":["post-16","page","type-page","status-publish","hentry"],"_links":{"self":[{"href":"https:\/\/blog.espol.edu.ec\/prevelo\/wp-json\/wp\/v2\/pages\/16","targetHints":{"allow":["GET"]}}],"collection":[{"href":"https:\/\/blog.espol.edu.ec\/prevelo\/wp-json\/wp\/v2\/pages"}],"about":[{"href":"https:\/\/blog.espol.edu.ec\/prevelo\/wp-json\/wp\/v2\/types\/page"}],"author":[{"embeddable":true,"href":"https:\/\/blog.espol.edu.ec\/prevelo\/wp-json\/wp\/v2\/users\/10056"}],"replies":[{"embeddable":true,"href":"https:\/\/blog.espol.edu.ec\/prevelo\/wp-json\/wp\/v2\/comments?post=16"}],"version-history":[{"count":8,"href":"https:\/\/blog.espol.edu.ec\/prevelo\/wp-json\/wp\/v2\/pages\/16\/revisions"}],"predecessor-version":[{"id":32,"href":"https:\/\/blog.espol.edu.ec\/prevelo\/wp-json\/wp\/v2\/pages\/16\/revisions\/32"}],"wp:attachment":[{"href":"https:\/\/blog.espol.edu.ec\/prevelo\/wp-json\/wp\/v2\/media?parent=16"}],"curies":[{"name":"wp","href":"https:\/\/api.w.org\/{rel}","templated":true}]}}