{"id":2,"date":"2015-11-12T19:42:34","date_gmt":"2015-11-12T19:42:34","guid":{"rendered":"http:\/\/blog.espol.edu.ec\/prevelo\/?page_id=2"},"modified":"2015-11-19T21:32:35","modified_gmt":"2015-11-19T21:32:35","slug":"precuelas","status":"publish","type":"page","link":"https:\/\/blog.espol.edu.ec\/prevelo\/precuelas\/","title":{"rendered":"Las Precuelas"},"content":{"rendered":"<p>Esta nueva trilog\u00eda fueron pel\u00edculas, realizadas entre 1999 y 2005, que se sit\u00faan 35 a\u00f1os antes del episodio 4 y se centra en contar como Anakin Skywalker se hizo Jedi y como se inclin\u00f3 al lado Oscuro, convirti\u00e9ndose en Darth Vader. Aunque la idea parezca muy buena, estas pel\u00edculas no destacaron tanto como las originales, debido a una mala direcci\u00f3n y aburrido gui\u00f3n. Pero el modo en que expandieron este mundo es lo que se destaca de esta franquicia.<\/p>\n<p><strong>Star Wars Episode I: The Phantom Menace (La Amenaza Fantasma)<\/strong><\/p>\n<p>La saga comienza con un peque\u00f1o\u00a0Anakin Skywalker, el futuro\u00a0Darth Vader, siendo descubierto por el\u00a0Maestro Jedi\u00a0Qui-Gon Jinn, quien siente el gran potencial del chico. Es aqu\u00ed cuando Skywalker se encuentra por primera vez con el legendario\u00a0Obi-Wan Kenobi, quien a\u00fan es un alumno. Mientras la pel\u00edcula desenvuelve, personajes clave aparecen, tales como\u00a0Padm\u00e9 Amidala,\u00a0R2-D2,\u00a0C-3PO,\u00a0Yoda\u00a0y el villano\u00a0Palpatine\u00a0quien es un simple\u00a0Senador\u00a0de la\u00a0Rep\u00fablica Gal\u00e1ctica\u00a0por entonces. Luego de un debate con el\u00a0Consejo Jedi, en el que se incluye el posible resurgimiento de los\u00a0Sith\u00a0adem\u00e1s de Skywalker, se decide que Anakin no ser\u00e1 entrenado para convertirse en un\u00a0Jedi. Al final de la pel\u00edcula, el Sith,\u00a0Darth Maul, lidera un ataque contra los Jedi en\u00a0Naboo, y s\u00f3lo la tr\u00e1gica muerte de Qui-Gon por su parte convence a los Jedi de conciliar su decisi\u00f3n. Luego, Anakin Skywalker se convierte en el padawan de Obi-Wan Kenobi, siguiendo los caminos de\u00a0La Fuerza.<\/p>\n<p><a href=\"http:\/\/blog.espol.edu.ec\/prevelo\/files\/2015\/11\/images-2.jpeg\"><img loading=\"lazy\" decoding=\"async\" class=\"alignnone size-medium wp-image-34\" src=\"http:\/\/blog.espol.edu.ec\/prevelo\/files\/2015\/11\/images-2-300x125.jpeg\" alt=\"images-2\" width=\"300\" height=\"125\" srcset=\"https:\/\/blog.espol.edu.ec\/prevelo\/files\/2015\/11\/images-2-300x125.jpeg 300w, https:\/\/blog.espol.edu.ec\/prevelo\/files\/2015\/11\/images-2.jpeg 347w\" sizes=\"auto, (max-width: 300px) 100vw, 300px\" \/><\/a> <a href=\"http:\/\/blog.espol.edu.ec\/prevelo\/files\/2015\/11\/3402b.jpg\"><img loading=\"lazy\" decoding=\"async\" class=\"alignnone size-medium wp-image-35\" src=\"http:\/\/blog.espol.edu.ec\/prevelo\/files\/2015\/11\/3402b-300x177.jpg\" alt=\"3402b\" width=\"300\" height=\"177\" srcset=\"https:\/\/blog.espol.edu.ec\/prevelo\/files\/2015\/11\/3402b-300x177.jpg 300w, https:\/\/blog.espol.edu.ec\/prevelo\/files\/2015\/11\/3402b-1024x605.jpg 1024w, https:\/\/blog.espol.edu.ec\/prevelo\/files\/2015\/11\/3402b.jpg 1250w\" sizes=\"auto, (max-width: 300px) 100vw, 300px\" \/><\/a> <a href=\"http:\/\/blog.espol.edu.ec\/prevelo\/files\/2015\/11\/Ewan-McGregor-Star-Wars-Episode-1-The-Phantom-Menace_gallery_primary.jpg\"><img loading=\"lazy\" decoding=\"async\" class=\"alignnone size-medium wp-image-36\" src=\"http:\/\/blog.espol.edu.ec\/prevelo\/files\/2015\/11\/Ewan-McGregor-Star-Wars-Episode-1-The-Phantom-Menace_gallery_primary-242x300.jpg\" alt=\"Ewan-McGregor-Star-Wars-Episode-1--The-Phantom-Menace_gallery_primary\" width=\"242\" height=\"300\" srcset=\"https:\/\/blog.espol.edu.ec\/prevelo\/files\/2015\/11\/Ewan-McGregor-Star-Wars-Episode-1-The-Phantom-Menace_gallery_primary-242x300.jpg 242w, https:\/\/blog.espol.edu.ec\/prevelo\/files\/2015\/11\/Ewan-McGregor-Star-Wars-Episode-1-The-Phantom-Menace_gallery_primary.jpg 452w\" sizes=\"auto, (max-width: 242px) 100vw, 242px\" \/><\/a><\/p>\n<p><strong>Star\u00a0Wars Episode II: The Attack Of The Clones (El Ataque de los Clones)<\/strong><\/p>\n<p>En el transcurso de las dos siguientes pel\u00edculas, las\u00a0Guerras Clon\u00a0comienzan; una furiosa batalla entre la\u00a0Rep\u00fablica Gal\u00e1ctica\u00a0y la\u00a0Confederaci\u00f3n de Sistemas Independientes. La pel\u00edcula comienza con la misteriosa voluntad de acabar con la vida de Padm\u00e9 Amidala. Mientras Obi-Wan investiga al atacante, Anakin lleva a Padm\u00e9 fuera de\u00a0Coruscant, hacia su planeta natal, Naboo. Durante el curso de su protecci\u00f3n, ambos se encuentran entrelazados en una relaci\u00f3n amorosa, fomentando la futura ca\u00edda de Anakin del camino de los Jedi. Mientras, Obi-Wan descubre que, por a\u00f1os, clones estuvieron creciendo y siendo entrenados para el uso de la Rep\u00fablica. Este descubrimiento tambi\u00e9n trae a\u00a0Jango Fett\u00a0y su hijo\u00a0Boba\u00a0fuera de su situaci\u00f3n de ocultamiento. Ambos escapan rumbo a\u00a0Geonosis, hacia donde Obi-Wan los sigue y descubre a los miembros de la Confederaci\u00f3n de Sistemas Independientes, incluyendo al\u00a0Jedi ca\u00eddo,\u00a0Conde Dooku.<\/p>\n<p><a href=\"http:\/\/blog.espol.edu.ec\/prevelo\/files\/2015\/11\/4821068-5608290029-47977.jpg\"><img loading=\"lazy\" decoding=\"async\" class=\"alignnone size-medium wp-image-39\" src=\"http:\/\/blog.espol.edu.ec\/prevelo\/files\/2015\/11\/4821068-5608290029-47977-300x225.jpg\" alt=\"4821068-5608290029-47977\" width=\"300\" height=\"225\" srcset=\"https:\/\/blog.espol.edu.ec\/prevelo\/files\/2015\/11\/4821068-5608290029-47977-300x225.jpg 300w, https:\/\/blog.espol.edu.ec\/prevelo\/files\/2015\/11\/4821068-5608290029-47977.jpg 800w\" sizes=\"auto, (max-width: 300px) 100vw, 300px\" \/><\/a><\/p>\n<p>Anakin, luego de que\u00a0su madre\u00a0fuera asesinada brutalmente por\u00a0moradores de las arenas\u00a0en Tatooine, siente la presi\u00f3n del lado oscuro creciendo dentro suyo y a su alrededor. En Geonosis, Obi-Wan es capturado, y los Jedi ordenan a Anakin y Padm\u00e9 que se mantuvieran donde se encontraban. Sin embargo, Padm\u00e9 decide irse, obligando a Anakin a seguirla. Son tambi\u00e9n capturados luego de una peque\u00f1a lucha, y el tr\u00edo es casi ejecutado en la\u00a0arena. Momentos antes de esto, varios Jedi aparecen y comienzan a atacar tanto a los nativos\u00a0geonosianos\u00a0como a los\u00a0droides de combate.<\/p>\n<p><a href=\"http:\/\/blog.espol.edu.ec\/prevelo\/files\/2015\/11\/Geonosis.jpg\"><img loading=\"lazy\" decoding=\"async\" class=\"alignnone size-medium wp-image-40\" src=\"http:\/\/blog.espol.edu.ec\/prevelo\/files\/2015\/11\/Geonosis-300x169.jpg\" alt=\"Geonosis\" width=\"300\" height=\"169\" srcset=\"https:\/\/blog.espol.edu.ec\/prevelo\/files\/2015\/11\/Geonosis-300x169.jpg 300w, https:\/\/blog.espol.edu.ec\/prevelo\/files\/2015\/11\/Geonosis-1024x576.jpg 1024w, https:\/\/blog.espol.edu.ec\/prevelo\/files\/2015\/11\/Geonosis.jpg 1280w\" sizes=\"auto, (max-width: 300px) 100vw, 300px\" \/><\/a><\/p>\n<p>El recientemente nombrado\u00a0Supremo Canciller\u00a0Palpatine\u00a0recibe poderes de emergencia para crear un\u00a0ej\u00e9rcito de clones\u00a0(clonados del notorio\u00a0cazarrecompensas\u00a0Jango Fett) para combatir la naciente amenaza separatista. Estos clones tambi\u00e9n fueron enviados a Geonosis para atacar a la Confederaci\u00f3n. Mientras la gran batalla se desarrolla, mostrando en lo que las Guerras Clon se convertir\u00e1n, el Conde Dooku escapa, los clones se transforman en el Gran Ej\u00e9rcito de la Rep\u00fablica y Anakin y Padm\u00e9 se enamoran, un amor que deber\u00e1 ocultarsele a los Jedi, incluyendo a Obi-Wan.<\/p>\n<p><a href=\"http:\/\/blog.espol.edu.ec\/prevelo\/files\/2015\/11\/tumblr_l2i0rixbdx1qc1c4ao1_500.jpg\"><img loading=\"lazy\" decoding=\"async\" class=\"alignnone size-medium wp-image-38\" src=\"http:\/\/blog.espol.edu.ec\/prevelo\/files\/2015\/11\/tumblr_l2i0rixbdx1qc1c4ao1_500-300x195.jpg\" alt=\"tumblr_l2i0rixbdx1qc1c4ao1_500\" width=\"300\" height=\"195\" srcset=\"https:\/\/blog.espol.edu.ec\/prevelo\/files\/2015\/11\/tumblr_l2i0rixbdx1qc1c4ao1_500-300x195.jpg 300w, https:\/\/blog.espol.edu.ec\/prevelo\/files\/2015\/11\/tumblr_l2i0rixbdx1qc1c4ao1_500.jpg 468w\" sizes=\"auto, (max-width: 300px) 100vw, 300px\" \/><\/a><\/p>\n<p><strong>Star\u00a0Wars Episode III: The Revenge\u00a0Of The Sith\u00a0(La Venganza de los Sith)<\/strong><\/p>\n<p>La pel\u00edcula comienza con un brutal ataque sobre Coruscant. El\u00a0General Grievous\u00a0lidera el ataque, mientras el Conde Dooku mantiene como reh\u00e9n al Supremo Canciller. Cuando los veteranos de las Guerras Clon Anakin Skywalker y Obi-Wan Kenobi lo rescatan, Dooku muere y el General Droide escapa. Palpatine se las arregl\u00f3 para poseer un poder pr\u00e1cticamente ilimitado sobre el\u00a0Senado Gal\u00e1ctico, y Anakin, quien es cada vez m\u00e1s empujado hacia el lado oscuro de la fuerza, se convierte en un amigo muy cercano de Palpatine, lo que genera disgusto en los otros Jedi. Padm\u00e9 est\u00e1 embarazada y se queda en su departamento en Coruscant mientras Obi-Wan se va hacia el sistema\u00a0Utapau\u00a0buscando a Grievous. Liderando un ej\u00e9rcito de clones, Kenobi encuentra y destruye al General Droide.<\/p>\n<p><a href=\"http:\/\/blog.espol.edu.ec\/prevelo\/files\/2015\/11\/Kenobi_faces_Grievous_ROTS.png\"><img loading=\"lazy\" decoding=\"async\" class=\"alignnone size-medium wp-image-44\" src=\"http:\/\/blog.espol.edu.ec\/prevelo\/files\/2015\/11\/Kenobi_faces_Grievous_ROTS-300x128.png\" alt=\"Kenobi_faces_Grievous_ROTS\" width=\"300\" height=\"128\" srcset=\"https:\/\/blog.espol.edu.ec\/prevelo\/files\/2015\/11\/Kenobi_faces_Grievous_ROTS-300x128.png 300w, https:\/\/blog.espol.edu.ec\/prevelo\/files\/2015\/11\/Kenobi_faces_Grievous_ROTS-1024x435.png 1024w, https:\/\/blog.espol.edu.ec\/prevelo\/files\/2015\/11\/Kenobi_faces_Grievous_ROTS.png 1919w\" sizes=\"auto, (max-width: 300px) 100vw, 300px\" \/><\/a><\/p>\n<p>Los Jedi dan esta noticia a Palpatine, quien fue reci\u00e9n descubierto como el\u00a0Lord Sith\u00a0que controlaba el Senado. El maestro\u00a0Mace Windu\u00a0intenta arrestar al Canciller Supremo, pero muere a manos de Palpatine y Anakin Skywalker, quien se tranforma en Darth Vader con este acto. Creyendo que los Jedi est\u00e1n detr\u00e1s de una traici\u00f3n a la Rep\u00fablica, se le ordena a Anakin eliminar a la\u00a0Orden Jedi\u00a0(Orden 66). Luego de que la\u00a0Orden 66\u00a0es dada, Obi-Wan sabe sobre el matrimonio de Anakin y Padm\u00e9, pero m\u00e1s crucialmente sobre el embarazo de Padm\u00e9. Padm\u00e9, sintiendo temor por Anakin, se va hacia el mundo de lava de\u00a0Mustafar, donde Anakin acababa de matar a los miembros que quedaban del\u00a0Consejo Separatista, terminando efectivamente con la guerra. Luego de que Obi-Wan se encondiera en la nave de Padm\u00e9, ambos llegaron a Mustafar. Obi-Wan y Anakin inician una \u00e9pica batalla, la cual trae como resultado que Anakin, ahora Darth Vader, pierda sus extremidades y sufra quemaduras varias y problemas en los pulmones. Obi-Wan abandona a su amigo desde hacia mucho tiempo, pensando que su muerte pronto llegar\u00eda, y lleva el gravemente herido cuerpo de Padm\u00e9 Amidala con \u00e9l.<\/p>\n<p><a href=\"http:\/\/blog.espol.edu.ec\/prevelo\/files\/2015\/11\/sw10-soundtrack-07.jpg.4c93ab85b837cfc8a0b463aeaa244bbe.jpg\"><img loading=\"lazy\" decoding=\"async\" class=\"alignnone size-medium wp-image-43\" src=\"http:\/\/blog.espol.edu.ec\/prevelo\/files\/2015\/11\/sw10-soundtrack-07.jpg.4c93ab85b837cfc8a0b463aeaa244bbe-300x127.jpg\" alt=\"sw10-soundtrack-07.jpg.4c93ab85b837cfc8a0b463aeaa244bbe\" width=\"300\" height=\"127\" srcset=\"https:\/\/blog.espol.edu.ec\/prevelo\/files\/2015\/11\/sw10-soundtrack-07.jpg.4c93ab85b837cfc8a0b463aeaa244bbe-300x127.jpg 300w, https:\/\/blog.espol.edu.ec\/prevelo\/files\/2015\/11\/sw10-soundtrack-07.jpg.4c93ab85b837cfc8a0b463aeaa244bbe.jpg 1000w\" sizes=\"auto, (max-width: 300px) 100vw, 300px\" \/><\/a>\u00a0\u00a0<a href=\"http:\/\/blog.espol.edu.ec\/prevelo\/files\/2015\/11\/tumblr_mvjn95mO8N1qgqlkco5_500.gif\"><img loading=\"lazy\" decoding=\"async\" class=\"alignnone size-medium wp-image-42\" src=\"http:\/\/blog.espol.edu.ec\/prevelo\/files\/2015\/11\/tumblr_mvjn95mO8N1qgqlkco5_500-300x127.gif\" alt=\"tumblr_mvjn95mO8N1qgqlkco5_500\" width=\"300\" height=\"127\" \/><\/a><\/p>\n<p>Luego de esto, Vader es rescatado por Palpatine y encerrado en un\u00a0traje especial\u00a0para mantenerse con vida. Los gemelos Skywalker,\u00a0Luke\u00a0y\u00a0Leia, son separados luego de su nacimiento, el cual termin\u00f3 con la vida de Padm\u00e9. Los Jedi restantes, Obi-Wan y\u00a0Yoda, se van al exilio, y Palpatine y Vader se apoderan del\u00a0Imperio Gal\u00e1ctico, ya viendo la construcci\u00f3n de la primera\u00a0Estrella de la Muerte\u00a0por su ventana; una idea de los horrores que estar\u00edan por venir.<\/p>\n<p><a href=\"http:\/\/blog.espol.edu.ec\/prevelo\/files\/2015\/11\/Darth-Vader-2.jpg\"><img loading=\"lazy\" decoding=\"async\" class=\"alignnone size-medium wp-image-41\" src=\"http:\/\/blog.espol.edu.ec\/prevelo\/files\/2015\/11\/Darth-Vader-2-300x225.jpg\" alt=\"Darth-Vader (2)\" width=\"300\" height=\"225\" srcset=\"https:\/\/blog.espol.edu.ec\/prevelo\/files\/2015\/11\/Darth-Vader-2-300x225.jpg 300w, https:\/\/blog.espol.edu.ec\/prevelo\/files\/2015\/11\/Darth-Vader-2.jpg 1024w\" sizes=\"auto, (max-width: 300px) 100vw, 300px\" \/><\/a><\/p>\n","protected":false},"excerpt":{"rendered":"<p>Esta nueva trilog\u00eda fueron pel\u00edculas, realizadas entre 1999 y 2005, que se sit\u00faan 35 a\u00f1os antes del episodio 4 y se centra en contar como Anakin Skywalker se hizo Jedi y como se inclin\u00f3 al lado Oscuro, convirti\u00e9ndose en Darth Vader. Aunque la idea parezca muy buena, estas pel\u00edculas no destacaron tanto como las originales, [&hellip;]<\/p>\n","protected":false},"author":10056,"featured_media":0,"parent":0,"menu_order":0,"comment_status":"closed","ping_status":"open","template":"","meta":{"footnotes":""},"class_list":["post-2","page","type-page","status-publish","hentry"],"_links":{"self":[{"href":"https:\/\/blog.espol.edu.ec\/prevelo\/wp-json\/wp\/v2\/pages\/2","targetHints":{"allow":["GET"]}}],"collection":[{"href":"https:\/\/blog.espol.edu.ec\/prevelo\/wp-json\/wp\/v2\/pages"}],"about":[{"href":"https:\/\/blog.espol.edu.ec\/prevelo\/wp-json\/wp\/v2\/types\/page"}],"author":[{"embeddable":true,"href":"https:\/\/blog.espol.edu.ec\/prevelo\/wp-json\/wp\/v2\/users\/10056"}],"replies":[{"embeddable":true,"href":"https:\/\/blog.espol.edu.ec\/prevelo\/wp-json\/wp\/v2\/comments?post=2"}],"version-history":[{"count":3,"href":"https:\/\/blog.espol.edu.ec\/prevelo\/wp-json\/wp\/v2\/pages\/2\/revisions"}],"predecessor-version":[{"id":46,"href":"https:\/\/blog.espol.edu.ec\/prevelo\/wp-json\/wp\/v2\/pages\/2\/revisions\/46"}],"wp:attachment":[{"href":"https:\/\/blog.espol.edu.ec\/prevelo\/wp-json\/wp\/v2\/media?parent=2"}],"curies":[{"name":"wp","href":"https:\/\/api.w.org\/{rel}","templated":true}]}}