{"id":132,"date":"2009-01-24T21:04:51","date_gmt":"2009-01-25T02:04:51","guid":{"rendered":"http:\/\/blog.espol.edu.ec\/programando\/?page_id=132"},"modified":"2009-01-24T22:01:04","modified_gmt":"2009-01-25T03:01:04","slug":"curso-php","status":"publish","type":"page","link":"https:\/\/blog.espol.edu.ec\/programando\/curso-php\/","title":{"rendered":"Curso PHP"},"content":{"rendered":"<p>Paseando por Youtube encontr\u00e9 estos videotutoriales de PHP. Es bueno aclarar que el autor de estos v\u00eddeos se llama <a href=\"http:\/\/www.aprende-gratis.com\/\">Mario Raja<\/a>.<\/p>\n<p><strong>Acerca de PHP<\/strong><\/p>\n<p><strong>Cap\u00edtulo Introducci\u00f3n<\/strong><br \/>\nUn poquito de HTML antes de empezar \ud83d\ude42<\/p>\n<p><object width=\"338\" height=\"274\"><param name=\"allowFullScreen\" value=\"true\" \/><param name=\"allowscriptaccess\" value=\"always\" \/><param name=\"src\" value=\"http:\/\/www.youtube.com\/v\/Ii3dsCOU5xw&amp;hl=es&amp;fs=1\" \/><embed type=\"application\/x-shockwave-flash\" width=\"338\" height=\"274\" src=\"http:\/\/www.youtube.com\/v\/Ii3dsCOU5xw&amp;hl=es&amp;fs=1\"><\/embed><\/object><\/p>\n<p><strong>Cap\u00edtulo 1.- Implementaci\u00f3n, comentarios y sentencias<\/strong><br \/>\n<object width=\"340\" height=\"275\"><param name=\"allowFullScreen\" value=\"true\" \/><param name=\"allowscriptaccess\" value=\"always\" \/><param name=\"src\" value=\"http:\/\/www.youtube.com\/v\/WscAFYhM9qw&amp;hl=es&amp;fs=1\" \/><embed type=\"application\/x-shockwave-flash\" width=\"340\" height=\"275\" src=\"http:\/\/www.youtube.com\/v\/WscAFYhM9qw&amp;hl=es&amp;fs=1\"><\/embed><\/object><\/p>\n<p><strong>Cap\u00edtulo 2.- Declaraci\u00f3n de variables<\/strong><br \/>\n<object width=\"340\" height=\"276\"><param name=\"allowFullScreen\" value=\"true\" \/><param name=\"allowscriptaccess\" value=\"always\" \/><param name=\"src\" value=\"http:\/\/www.youtube.com\/v\/pm8sC5krg3I&amp;hl=es&amp;fs=1\" \/><embed type=\"application\/x-shockwave-flash\" width=\"340\" height=\"276\" src=\"http:\/\/www.youtube.com\/v\/pm8sC5krg3I&amp;hl=es&amp;fs=1\"><\/embed><\/object><\/p>\n<p><strong>Cap\u00edtulo 3.- Operaciones b\u00e1sicas con variables<\/strong><br \/>\n<object width=\"341\" height=\"276\"><param name=\"allowFullScreen\" value=\"true\" \/><param name=\"allowscriptaccess\" value=\"always\" \/><param name=\"src\" value=\"http:\/\/www.youtube.com\/v\/52bBqNWDigg&amp;hl=es&amp;fs=1\" \/><embed type=\"application\/x-shockwave-flash\" width=\"341\" height=\"276\" src=\"http:\/\/www.youtube.com\/v\/52bBqNWDigg&amp;hl=es&amp;fs=1\"><\/embed><\/object><\/p>\n<p><strong>Cap\u00edtulo 4.- Concatenacion fundamental de variables<\/strong><br \/>\n<object width=\"343\" height=\"277\"><param name=\"allowFullScreen\" value=\"true\" \/><param name=\"allowscriptaccess\" value=\"always\" \/><param name=\"src\" value=\"http:\/\/www.youtube.com\/v\/yCcKrb1NFy4&amp;hl=es&amp;fs=1\" \/><embed type=\"application\/x-shockwave-flash\" width=\"343\" height=\"277\" src=\"http:\/\/www.youtube.com\/v\/yCcKrb1NFy4&amp;hl=es&amp;fs=1\"><\/embed><\/object><\/p>\n<p><strong>Cap\u00edtulo 5.- Repaso de los cap\u00edtulos del 1 al  4<\/strong><br \/>\n<object width=\"343\" height=\"281\"><param name=\"allowFullScreen\" value=\"true\" \/><param name=\"allowscriptaccess\" value=\"always\" \/><param name=\"src\" value=\"http:\/\/www.youtube.com\/v\/4eCmkNYEqRQ&amp;hl=es&amp;fs=1\" \/><embed type=\"application\/x-shockwave-flash\" width=\"343\" height=\"281\" src=\"http:\/\/www.youtube.com\/v\/4eCmkNYEqRQ&amp;hl=es&amp;fs=1\"><\/embed><\/object><\/p>\n<p><strong>Cap\u00edtulo 6.- Manejo fundamental de matrices<\/strong><br \/>\n<object width=\"346\" height=\"280\"><param name=\"allowFullScreen\" value=\"true\" \/><param name=\"allowscriptaccess\" value=\"always\" \/><param name=\"src\" value=\"http:\/\/www.youtube.com\/v\/Ezar30Z28fE&amp;hl=es&amp;fs=1\" \/><embed type=\"application\/x-shockwave-flash\" width=\"346\" height=\"280\" src=\"http:\/\/www.youtube.com\/v\/Ezar30Z28fE&amp;hl=es&amp;fs=1\"><\/embed><\/object><\/p>\n<p><strong>Cap\u00edtulo 7.- Operaciones b\u00e1sicas con elementos de array<\/strong><br \/>\n<object width=\"351\" height=\"284\"><param name=\"allowFullScreen\" value=\"true\" \/><param name=\"allowscriptaccess\" value=\"always\" \/><param name=\"src\" value=\"http:\/\/www.youtube.com\/v\/7HgxG8CsPgE&amp;hl=es&amp;fs=1\" \/><embed type=\"application\/x-shockwave-flash\" width=\"351\" height=\"284\" src=\"http:\/\/www.youtube.com\/v\/7HgxG8CsPgE&amp;hl=es&amp;fs=1\"><\/embed><\/object><\/p>\n<p><strong>Cap\u00edtulo 8.- Matrices o arrays asociativos<\/strong><br \/>\n<object width=\"355\" height=\"287\"><param name=\"allowFullScreen\" value=\"true\" \/><param name=\"allowscriptaccess\" value=\"always\" \/><param name=\"src\" value=\"http:\/\/www.youtube.com\/v\/hj8XaGsRZY4&amp;hl=es&amp;fs=1\" \/><embed type=\"application\/x-shockwave-flash\" width=\"355\" height=\"287\" src=\"http:\/\/www.youtube.com\/v\/hj8XaGsRZY4&amp;hl=es&amp;fs=1\"><\/embed><\/object><\/p>\n<p><strong>Cap\u00edtulo 9.- Matrices o arrays multidimensionales<\/strong><br \/>\n<object width=\"356\" height=\"288\"><param name=\"allowFullScreen\" value=\"true\" \/><param name=\"allowscriptaccess\" value=\"always\" \/><param name=\"src\" value=\"http:\/\/www.youtube.com\/v\/gCT_TrqeyOw&amp;hl=es&amp;fs=1\" \/><embed type=\"application\/x-shockwave-flash\" width=\"356\" height=\"288\" src=\"http:\/\/www.youtube.com\/v\/gCT_TrqeyOw&amp;hl=es&amp;fs=1\"><\/embed><\/object><\/p>\n<p><strong>Cap\u00edtulo 10.- Repaso del cap\u00edtulo del 6 al 9<\/strong><br \/>\n<object width=\"358\" height=\"290\"><param name=\"allowFullScreen\" value=\"true\" \/><param name=\"allowscriptaccess\" value=\"always\" \/><param name=\"src\" value=\"http:\/\/www.youtube.com\/v\/F5FIyLmeJo0&amp;hl=es&amp;fs=1\" \/><embed type=\"application\/x-shockwave-flash\" width=\"358\" height=\"290\" src=\"http:\/\/www.youtube.com\/v\/F5FIyLmeJo0&amp;hl=es&amp;fs=1\"><\/embed><\/object><\/p>\n<p><strong>Cap\u00edtulo 11.- Manejo fundamental de formularios<\/strong><br \/>\n<object width=\"360\" height=\"291\"><param name=\"allowFullScreen\" value=\"true\" \/><param name=\"allowscriptaccess\" value=\"always\" \/><param name=\"src\" value=\"http:\/\/www.youtube.com\/v\/VfM9kWuLENc&amp;hl=es&amp;fs=1\" \/><embed type=\"application\/x-shockwave-flash\" width=\"360\" height=\"291\" src=\"http:\/\/www.youtube.com\/v\/VfM9kWuLENc&amp;hl=es&amp;fs=1\"><\/embed><\/object><\/p>\n<p><strong>Cap\u00edtulo 12.- M\u00e9todo get y post en formularios<\/strong><br \/>\n<object width=\"360\" height=\"292\"><param name=\"allowFullScreen\" value=\"true\" \/><param name=\"allowscriptaccess\" value=\"always\" \/><param name=\"src\" value=\"http:\/\/www.youtube.com\/v\/aQoAhXJXrTQ&amp;hl=es&amp;fs=1\" \/><embed type=\"application\/x-shockwave-flash\" width=\"360\" height=\"292\" src=\"http:\/\/www.youtube.com\/v\/aQoAhXJXrTQ&amp;hl=es&amp;fs=1\"><\/embed><\/object><\/p>\n<p><strong>Cap\u00edtulo 13.- Formularios y arrays<\/strong><br \/>\n<object width=\"360\" height=\"293\"><param name=\"allowFullScreen\" value=\"true\" \/><param name=\"allowscriptaccess\" value=\"always\" \/><param name=\"src\" value=\"http:\/\/www.youtube.com\/v\/Gj2P3fRwcbo&amp;hl=es&amp;fs=1\" \/><embed type=\"application\/x-shockwave-flash\" width=\"360\" height=\"293\" src=\"http:\/\/www.youtube.com\/v\/Gj2P3fRwcbo&amp;hl=es&amp;fs=1\"><\/embed><\/object><\/p>\n<p><strong>Cap\u00edtulo 14.- Los arrays predefinidos post y get<\/strong><br \/>\n<object width=\"358\" height=\"291\"><param name=\"allowFullScreen\" value=\"true\" \/><param name=\"allowscriptaccess\" value=\"always\" \/><param name=\"src\" value=\"http:\/\/www.youtube.com\/v\/aOJJda6TwEw&amp;hl=es&amp;fs=1\" \/><embed type=\"application\/x-shockwave-flash\" width=\"358\" height=\"291\" src=\"http:\/\/www.youtube.com\/v\/aOJJda6TwEw&amp;hl=es&amp;fs=1\"><\/embed><\/object><\/p>\n<p><strong>Cap\u00edtulo 15.- Repaso de los cap\u00edtulos del 11 al 14<\/strong><br \/>\n<object width=\"360\" height=\"292\"><param name=\"allowFullScreen\" value=\"true\" \/><param name=\"allowscriptaccess\" value=\"always\" \/><param name=\"src\" value=\"http:\/\/www.youtube.com\/v\/DAmYxaEKApA&amp;hl=es&amp;fs=1\" \/><embed type=\"application\/x-shockwave-flash\" width=\"360\" height=\"292\" src=\"http:\/\/www.youtube.com\/v\/DAmYxaEKApA&amp;hl=es&amp;fs=1\"><\/embed><\/object><\/p>\n<p><strong>Cap\u00edtulo 16.- Sentencia if<\/strong><br \/>\n<object width=\"362\" height=\"294\"><param name=\"allowFullScreen\" value=\"true\" \/><param name=\"allowscriptaccess\" value=\"always\" \/><param name=\"src\" value=\"http:\/\/www.youtube.com\/v\/Ezar30Z28fE&amp;hl=es&amp;fs=1\" \/><embed type=\"application\/x-shockwave-flash\" width=\"362\" height=\"294\" src=\"http:\/\/www.youtube.com\/v\/Ezar30Z28fE&amp;hl=es&amp;fs=1\"><\/embed><\/object><\/p>\n<p><strong>Cap\u00edtulo 17.- Sentencia else<\/strong><br \/>\n<object width=\"364\" height=\"295\"><param name=\"allowFullScreen\" value=\"true\" \/><param name=\"allowscriptaccess\" value=\"always\" \/><param name=\"src\" value=\"http:\/\/www.youtube.com\/v\/0KVwiVPMIp8&amp;hl=es&amp;fs=1\" \/><embed type=\"application\/x-shockwave-flash\" width=\"364\" height=\"295\" src=\"http:\/\/www.youtube.com\/v\/0KVwiVPMIp8&amp;hl=es&amp;fs=1\"><\/embed><\/object><\/p>\n","protected":false},"excerpt":{"rendered":"<p>Paseando por Youtube encontr\u00e9 estos videotutoriales de PHP. Es bueno aclarar que el autor de estos v\u00eddeos se llama Mario Raja. Acerca de PHP Cap\u00edtulo Introducci\u00f3n Un poquito de HTML antes de empezar \ud83d\ude42 Cap\u00edtulo 1.- Implementaci\u00f3n, comentarios y sentencias Cap\u00edtulo 2.- Declaraci\u00f3n de variables Cap\u00edtulo 3.- Operaciones b\u00e1sicas con variables Cap\u00edtulo 4.- Concatenacion fundamental [&hellip;]<\/p>\n","protected":false},"author":385,"featured_media":0,"parent":0,"menu_order":0,"comment_status":"open","ping_status":"open","template":"","meta":{"_monsterinsights_skip_tracking":false,"_monsterinsights_sitenote_active":false,"_monsterinsights_sitenote_note":"","_monsterinsights_sitenote_category":0,"footnotes":""},"class_list":["post-132","page","type-page","status-publish","hentry"],"aioseo_notices":[],"_links":{"self":[{"href":"https:\/\/blog.espol.edu.ec\/programando\/wp-json\/wp\/v2\/pages\/132","targetHints":{"allow":["GET"]}}],"collection":[{"href":"https:\/\/blog.espol.edu.ec\/programando\/wp-json\/wp\/v2\/pages"}],"about":[{"href":"https:\/\/blog.espol.edu.ec\/programando\/wp-json\/wp\/v2\/types\/page"}],"author":[{"embeddable":true,"href":"https:\/\/blog.espol.edu.ec\/programando\/wp-json\/wp\/v2\/users\/385"}],"replies":[{"embeddable":true,"href":"https:\/\/blog.espol.edu.ec\/programando\/wp-json\/wp\/v2\/comments?post=132"}],"version-history":[{"count":6,"href":"https:\/\/blog.espol.edu.ec\/programando\/wp-json\/wp\/v2\/pages\/132\/revisions"}],"predecessor-version":[{"id":143,"href":"https:\/\/blog.espol.edu.ec\/programando\/wp-json\/wp\/v2\/pages\/132\/revisions\/143"}],"wp:attachment":[{"href":"https:\/\/blog.espol.edu.ec\/programando\/wp-json\/wp\/v2\/media?parent=132"}],"curies":[{"name":"wp","href":"https:\/\/api.w.org\/{rel}","templated":true}]}}