{"id":3,"date":"2010-06-14T19:12:32","date_gmt":"2010-06-14T19:12:32","guid":{"rendered":"http:\/\/blog.espol.edu.ec\/protmec\/?page_id=3"},"modified":"2010-07-23T15:55:41","modified_gmt":"2010-07-23T15:55:41","slug":"autoridades-de-espol","status":"publish","type":"page","link":"https:\/\/blog.espol.edu.ec\/protmec\/autoridades-de-espol\/","title":{"rendered":"AUTORIDADES DE ESPOL"},"content":{"rendered":"<div>\n<address><strong>RECTOR:<\/strong><\/address>\n<address>PhD. Mois\u00e9s Tacle Gal\u00e1rraga\u00a0<\/address>\n<address>Recepci\u00f3n: 2269 101 -\u00a0 Secretar\u00eda: 2269 100<\/address>\n<address><strong>\u00a0<\/strong><\/address>\n<address><strong><\/strong><\/address>\n<address><strong><\/strong><\/address>\n<address><strong><\/strong><\/address>\n<address><strong>VICERRECTOR GENERAL:<\/strong><\/address>\n<address>Ing. Armando Altamirano Ch\u00e1vez<\/address>\n<address>Recepci\u00f3n: 2269 117 -\u00a0 Secretar\u00eda: 2269 114<\/address>\n<address><\/address>\n<address>\n<address><strong><\/strong><\/address>\n<address><strong><\/strong><\/address>\n<address><strong><\/strong><\/address>\n<address><strong>VICERRECTOR ESTUDIANTIL:<\/strong><\/address>\n<address>Ing. Miguel Fierro<\/address>\n<address>Secretar\u00eda: 2269 119<\/address>\n<address>\n<address><strong><\/strong><\/address>\n<address><strong><\/strong><\/address>\n<address><strong><\/strong><\/address>\n<address><strong><\/strong><\/address>\n<address><strong>DIRECTOR DEL INTEC:<\/strong><\/address>\n<address>MBA. Edwin Tamayo Acosta<\/address>\n<address>Secretar\u00eda: 2269 601<\/address>\n<address>\n<address><strong><\/strong><\/address>\n<address><strong><\/strong><\/address>\n<address><strong><\/strong><\/address>\n<address><strong>SUBDIRECTORA DEL INTEC:<\/strong><\/address>\n<address>MBA. Mariela Reyes<\/address>\n<address>Secretar\u00eda: 2269 603<\/address>\n<address><\/address>\n<address>\n<address><strong><\/strong><\/address>\n<address><strong><\/strong><\/address>\n<address><strong><\/strong><\/address>\n<address><strong>COORDINADOR DE PROTMEC:<\/strong><\/address>\n<address>Ing. Cristobal Villacis<\/address>\n<\/address>\n<\/address>\n<\/address>\n<\/address>\n<address>Secretar\u00eda: 2269 700<\/address>\n<address>\u00a0<\/address>\n<address><a href=\"http:\/\/www.espol.edu.ec\/espol\/main.jsp?id=10\">http:\/\/www.espol.edu.ec\/espol\/main.jsp?id=10<\/a><\/address>\n<\/div>\n","protected":false},"excerpt":{"rendered":"<p>RECTOR: PhD. Mois\u00e9s Tacle Gal\u00e1rraga\u00a0 Recepci\u00f3n: 2269 101 -\u00a0 Secretar\u00eda: 2269 100 \u00a0 VICERRECTOR GENERAL: Ing. Armando Altamirano Ch\u00e1vez Recepci\u00f3n: 2269 117 -\u00a0 Secretar\u00eda: 2269 114 VICERRECTOR ESTUDIANTIL: Ing. Miguel Fierro Secretar\u00eda: 2269 119 DIRECTOR DEL INTEC: MBA. Edwin Tamayo Acosta Secretar\u00eda: 2269 601 SUBDIRECTORA DEL INTEC: MBA. Mariela Reyes Secretar\u00eda: 2269 603 COORDINADOR DE [&hellip;]<\/p>\n","protected":false},"author":4331,"featured_media":0,"parent":0,"menu_order":0,"comment_status":"open","ping_status":"open","template":"","meta":{"footnotes":""},"class_list":["post-3","page","type-page","status-publish","hentry"],"_links":{"self":[{"href":"https:\/\/blog.espol.edu.ec\/protmec\/wp-json\/wp\/v2\/pages\/3","targetHints":{"allow":["GET"]}}],"collection":[{"href":"https:\/\/blog.espol.edu.ec\/protmec\/wp-json\/wp\/v2\/pages"}],"about":[{"href":"https:\/\/blog.espol.edu.ec\/protmec\/wp-json\/wp\/v2\/types\/page"}],"author":[{"embeddable":true,"href":"https:\/\/blog.espol.edu.ec\/protmec\/wp-json\/wp\/v2\/users\/4331"}],"replies":[{"embeddable":true,"href":"https:\/\/blog.espol.edu.ec\/protmec\/wp-json\/wp\/v2\/comments?post=3"}],"version-history":[{"count":3,"href":"https:\/\/blog.espol.edu.ec\/protmec\/wp-json\/wp\/v2\/pages\/3\/revisions"}],"predecessor-version":[{"id":59,"href":"https:\/\/blog.espol.edu.ec\/protmec\/wp-json\/wp\/v2\/pages\/3\/revisions\/59"}],"wp:attachment":[{"href":"https:\/\/blog.espol.edu.ec\/protmec\/wp-json\/wp\/v2\/media?parent=3"}],"curies":[{"name":"wp","href":"https:\/\/api.w.org\/{rel}","templated":true}]}}