{"id":6,"date":"2010-06-14T19:16:23","date_gmt":"2010-06-14T19:16:23","guid":{"rendered":"http:\/\/blog.espol.edu.ec\/protmec\/?page_id=6"},"modified":"2010-06-14T19:17:25","modified_gmt":"2010-06-14T19:17:25","slug":"carreras","status":"publish","type":"page","link":"https:\/\/blog.espol.edu.ec\/protmec\/carreras\/","title":{"rendered":"CARRERAS"},"content":{"rendered":"<p><strong>LAS CARRERAS QUE NOS BRINDA PROTMEC\u00a0 SON LAS SIGUIENTES :<\/strong><\/p>\n<ul>\n<li><a href=\"http:\/\/www.protmec.espol.edu.ec\/index.php\/carreras\/35-mecanica-indsutrial\">Tecnolog\u00eda en Mec\u00e1nica Industrial<\/a><\/li>\n<li><a href=\"http:\/\/www.protmec.espol.edu.ec\/index.php\/carreras\/36-mecanica-automotriz\">Tecnolog\u00eda en Mec\u00e1nica Automotriz<\/a><\/li>\n<li><a href=\"http:\/\/www.protmec.espol.edu.ec\/index.php\/carreras\/37-refrigeracion\">Tecnolog\u00eda en Refrigeraci\u00f3n y Aire Acondicionado<\/a><\/li>\n<li><a href=\"http:\/\/www.protmec.espol.edu.ec\/index.php\/carreras\/38-plasticos\">Tecnolog\u00eda en Pl\u00e1sticos<\/a><\/li>\n<\/ul>\n","protected":false},"excerpt":{"rendered":"<p>LAS CARRERAS QUE NOS BRINDA PROTMEC\u00a0 SON LAS SIGUIENTES : Tecnolog\u00eda en Mec\u00e1nica Industrial Tecnolog\u00eda en Mec\u00e1nica Automotriz Tecnolog\u00eda en Refrigeraci\u00f3n y Aire Acondicionado Tecnolog\u00eda en Pl\u00e1sticos<\/p>\n","protected":false},"author":4331,"featured_media":0,"parent":0,"menu_order":0,"comment_status":"open","ping_status":"open","template":"","meta":{"footnotes":""},"class_list":["post-6","page","type-page","status-publish","hentry"],"_links":{"self":[{"href":"https:\/\/blog.espol.edu.ec\/protmec\/wp-json\/wp\/v2\/pages\/6","targetHints":{"allow":["GET"]}}],"collection":[{"href":"https:\/\/blog.espol.edu.ec\/protmec\/wp-json\/wp\/v2\/pages"}],"about":[{"href":"https:\/\/blog.espol.edu.ec\/protmec\/wp-json\/wp\/v2\/types\/page"}],"author":[{"embeddable":true,"href":"https:\/\/blog.espol.edu.ec\/protmec\/wp-json\/wp\/v2\/users\/4331"}],"replies":[{"embeddable":true,"href":"https:\/\/blog.espol.edu.ec\/protmec\/wp-json\/wp\/v2\/comments?post=6"}],"version-history":[{"count":3,"href":"https:\/\/blog.espol.edu.ec\/protmec\/wp-json\/wp\/v2\/pages\/6\/revisions"}],"predecessor-version":[{"id":8,"href":"https:\/\/blog.espol.edu.ec\/protmec\/wp-json\/wp\/v2\/pages\/6\/revisions\/8"}],"wp:attachment":[{"href":"https:\/\/blog.espol.edu.ec\/protmec\/wp-json\/wp\/v2\/media?parent=6"}],"curies":[{"name":"wp","href":"https:\/\/api.w.org\/{rel}","templated":true}]}}