{"id":95,"date":"2010-08-17T16:54:26","date_gmt":"2010-08-17T16:54:26","guid":{"rendered":"http:\/\/blog.espol.edu.ec\/protmec\/?page_id=95"},"modified":"2011-02-22T17:12:54","modified_gmt":"2011-02-22T17:12:54","slug":"historial-de-pasantias","status":"publish","type":"page","link":"https:\/\/blog.espol.edu.ec\/protmec\/historial-de-pasantias\/","title":{"rendered":"HISTORIAL DE PASANTIAS"},"content":{"rendered":"<p style=\"text-align: left\"><span style=\"color: #993300\"><span style=\"text-decoration: underline\"><span style=\"color: #ff6600\"><a href=\"http:\/\/blog.espol.edu.ec\/protmec\/files\/2010\/08\/Dibujo1.jpg\"><\/a><a href=\"http:\/\/blog.espol.edu.ec\/protmec\/files\/2010\/08\/Dibujo1.jpg\"><\/a><a href=\"http:\/\/blog.espol.edu.ec\/protmec\/files\/2010\/08\/Dibujo1.jpg\"><\/a><span style=\"color: #993300\"><a href=\"http:\/\/blog.espol.edu.ec\/protmec\/files\/2010\/08\/PASANTIAS-2009.jpg\"><\/a><a href=\"http:\/\/blog.espol.edu.ec\/protmec\/files\/2010\/08\/PASANTIAS-2008.jpg\"><\/a><a href=\"http:\/\/blog.espol.edu.ec\/protmec\/files\/2010\/08\/PASANTIAS-2008.jpg\"><\/a><a href=\"http:\/\/blog.espol.edu.ec\/protmec\/files\/2010\/08\/PASANTIAS-2009.jpg\"><\/a><a href=\"http:\/\/blog.espol.edu.ec\/protmec\/files\/2010\/08\/PASANTIAS-2009.jpg\"><\/a><\/span><\/span><\/span><\/span><\/p>\n<p style=\"text-align: left\"><span style=\"color: #993300\"><span style=\"text-decoration: underline\"><span style=\"color: #ff6600\"><span style=\"color: #993300\">FORMATO Y LO QUE DEBE CONTENER TU INFORME DE PANTIAS<\/span><\/span><\/span><\/span><\/p>\n<ul>\n<li>\n<div style=\"text-align: left\"><span style=\"color: #993300\"><span style=\"text-decoration: underline\"><span style=\"color: #ff6600\"><span style=\"color: #993300\"><a href=\"http:\/\/blog.espol.edu.ec\/protmec\/files\/2010\/08\/Formatos-de-Informes_CARATULA.doc\">Formatos de Informes_CARATULA<\/a><\/span><\/span><\/span><\/span><\/div>\n<\/li>\n<\/ul>\n<p style=\"text-align: left\"><span style=\"color: #993300\"><span style=\"text-decoration: underline\"><span style=\"color: #ff6600\"><span style=\"color: #993300\">ENCUESTA DE EVALUACI\u00d3N DE DESEMPE\u00d1O<\/span><\/span><\/span><\/span><\/p>\n<ul>\n<li>\n<div style=\"text-align: left\"><span style=\"color: #993300\"><span style=\"text-decoration: underline\"><span style=\"color: #ff6600\"><span style=\"color: #993300\"><a href=\"http:\/\/blog.espol.edu.ec\/protmec\/files\/2010\/08\/Evaluaci\u00f3n-de-desempe\u00f1o.doc\">Evaluaci\u00f3n de desempe\u00f1o<\/a><\/span><\/span><\/span><\/span><\/div>\n<\/li>\n<\/ul>\n<p style=\"text-align: left\"><span style=\"color: #993300\"><span style=\"text-decoration: underline\"><span style=\"color: #ff6600\"><span style=\"color: #993300\">IMPORTANTE<\/span><\/span><\/span><\/span><\/p>\n<p style=\"text-align: left\"><span style=\"color: #993300\"><span style=\"text-decoration: underline\"><span style=\"color: #ff6600\"><span style=\"color: #993300\"><a href=\"http:\/\/blog.espol.edu.ec\/protmec\/files\/2010\/08\/Seran-recibido-los-informes.jpg\"><img loading=\"lazy\" decoding=\"async\" class=\"aligncenter size-full wp-image-346\" title=\"Seran recibido los informes\" src=\"http:\/\/blog.espol.edu.ec\/protmec\/files\/2010\/08\/Seran-recibido-los-informes.jpg\" alt=\"\" width=\"544\" height=\"279\" \/><\/a><\/span><\/span><\/span><\/span><\/p>\n<p style=\"text-align: left\"><span style=\"color: #993300\"><span style=\"text-decoration: underline\"><span style=\"color: #ff6600\"><span style=\"color: #993300\">\u00a0<\/span><\/span><\/span><\/span><\/p>\n<p style=\"text-align: left\"><span style=\"color: #993300\"><span style=\"text-decoration: underline\"><span style=\"color: #ff6600\"><span style=\"color: #993300\">ACONTINUACI\u00d3N SE MUESTRAN\u00a0LOS INFORMES MAS DETALLADOS DE LAS PASANTIAS REALIZADAS POR LOS ESTUDIANTES<\/span><\/span><\/span><\/span><\/p>\n<ol>\n<li>\n<div style=\"text-align: left\"><span style=\"color: #993300\"><span style=\"text-decoration: underline\"><span style=\"color: #ff6600\"><span style=\"color: #993300\">\u00a0<span style=\"text-decoration: underline\"><a href=\"http:\/\/blog.espol.edu.ec\/protmec\/files\/2010\/08\/Dibujo1.jpg\"><\/a><a href=\"http:\/\/blog.espol.edu.ec\/protmec\/files\/2010\/08\/Dibujo1.jpg\"><\/a><a href=\"http:\/\/blog.espol.edu.ec\/protmec\/files\/2010\/08\/Dibujo1.jpg\"><\/a><a href=\"http:\/\/blog.espol.edu.ec\/protmec\/files\/2010\/08\/PASANTIAS-2009.jpg\"><\/a><a href=\"http:\/\/blog.espol.edu.ec\/protmec\/files\/2010\/08\/PASANTIAS-2008.jpg\"><\/a><a href=\"http:\/\/blog.espol.edu.ec\/protmec\/files\/2010\/08\/Rigoberto-Castillo.2009-2010.doc\">Rigoberto Castillo.2009-2010<\/a><\/span><\/span><\/span><\/span><\/span><\/div>\n<\/li>\n<li>\n<div style=\"text-align: left\"><span style=\"color: #993300\"><span style=\"text-decoration: underline\"><span style=\"color: #ff6600\"><span style=\"color: #993300\"><a href=\"http:\/\/blog.espol.edu.ec\/protmec\/files\/2010\/08\/reporte-de-pasantias.RepsolYPF.cando-luis.doc\">Luis Fernando Cando.2009-2010<\/a><\/span><\/span><\/span><\/span><\/div>\n<\/li>\n<li>\n<div style=\"text-align: left\"><span style=\"color: #993300\"><span style=\"text-decoration: underline\"><span style=\"color: #ff6600\"><span style=\"color: #993300\"><a href=\"http:\/\/blog.espol.edu.ec\/protmec\/files\/2010\/08\/INF-Efrain-Machoa-Duragas-Repsol.doc\">Efrain Machoa 2009-2010<\/a><\/span><\/span><\/span><\/span><span style=\"color: #993300\"><span style=\"text-decoration: underline\"><span style=\"color: #ff6600\"><span style=\"color: #993300\">\u00a0<\/span><\/span><\/span><\/span><\/div>\n<\/li>\n<li>\n<div style=\"text-align: left\"><span style=\"color: #993300\"><span style=\"text-decoration: underline\"><span style=\"color: #ff6600\"><span style=\"color: #993300\"><a href=\"http:\/\/blog.espol.edu.ec\/protmec\/files\/2010\/08\/Informe.doc\">Willington Wladimir Valencia 2008-2009<\/a>\u00a0<\/span><\/span><\/span><\/span><\/div>\n<\/li>\n<\/ol>\n<p style=\"text-align: left\"><span style=\"color: #993300\"><span style=\"text-decoration: underline\"><span style=\"color: #ff6600\"><span style=\"color: #993300\">EN ESTE CUADRO LES MOSTRAMOS LAS DIFERENTES EMPRESAS DONDE PUEDEN REALIZAR LAS PASANTIAS<\/span><\/span><\/span><\/span><span style=\"color: #993300\"><span style=\"text-decoration: underline\"><span style=\"color: #ff6600\"><a href=\"http:\/\/blog.espol.edu.ec\/protmec\/files\/2010\/08\/Dibujo1.jpg\"><span style=\"color: #993300\"><img loading=\"lazy\" decoding=\"async\" class=\"aligncenter size-medium wp-image-79\" title=\"EMPRESAS\" src=\"http:\/\/blog.espol.edu.ec\/protmec\/files\/2010\/08\/Dibujo1-300x169.jpg\" alt=\"\" width=\"300\" height=\"169\" srcset=\"https:\/\/blog.espol.edu.ec\/protmec\/files\/2010\/08\/Dibujo1-300x169.jpg 300w, https:\/\/blog.espol.edu.ec\/protmec\/files\/2010\/08\/Dibujo1-1024x579.jpg 1024w, https:\/\/blog.espol.edu.ec\/protmec\/files\/2010\/08\/Dibujo1.jpg 1158w\" sizes=\"auto, (max-width: 300px) 100vw, 300px\" \/><\/span><\/a><\/span><\/span><\/span><\/p>\n<p><span style=\"color: #993300\">Y EN ESTOS CUADROS VEMOS LAS PASANTIAS REALIZADAS EN LOS A\u00d1OS\u00a0 2008, 2009 Y 2<a href=\"http:\/\/blog.espol.edu.ec\/protmec\/files\/2010\/08\/TODO.jpg\"><\/a>010 <\/span><\/p>\n<p><span style=\"color: #993300\"><a href=\"http:\/\/blog.espol.edu.ec\/protmec\/files\/2010\/08\/TODO.jpg\"><\/a><\/span><\/p>\n<p><span style=\"color: #993300\"><a href=\"http:\/\/blog.espol.edu.ec\/protmec\/files\/2010\/08\/TODO.jpg\"><img loading=\"lazy\" decoding=\"async\" class=\"aligncenter size-medium wp-image-106\" title=\"TODO\" src=\"http:\/\/blog.espol.edu.ec\/protmec\/files\/2010\/08\/TODO-262x300.jpg\" alt=\"\" width=\"262\" height=\"300\" srcset=\"https:\/\/blog.espol.edu.ec\/protmec\/files\/2010\/08\/TODO-262x300.jpg 262w, https:\/\/blog.espol.edu.ec\/protmec\/files\/2010\/08\/TODO-896x1024.jpg 896w, https:\/\/blog.espol.edu.ec\/protmec\/files\/2010\/08\/TODO.jpg 1158w\" sizes=\"auto, (max-width: 262px) 100vw, 262px\" \/><\/a>\u00a0<\/span><\/p>\n<p><a href=\"http:\/\/blog.espol.edu.ec\/protmec\/files\/2010\/08\/PASANTIAS-2008.jpg\"><\/a><\/p>\n","protected":false},"excerpt":{"rendered":"<p>FORMATO Y LO QUE DEBE CONTENER TU INFORME DE PANTIAS Formatos de Informes_CARATULA ENCUESTA DE EVALUACI\u00d3N DE DESEMPE\u00d1O Evaluaci\u00f3n de desempe\u00f1o IMPORTANTE \u00a0 ACONTINUACI\u00d3N SE MUESTRAN\u00a0LOS INFORMES MAS DETALLADOS DE LAS PASANTIAS REALIZADAS POR LOS ESTUDIANTES \u00a0Rigoberto Castillo.2009-2010 Luis Fernando Cando.2009-2010 Efrain Machoa 2009-2010\u00a0 Willington Wladimir Valencia 2008-2009\u00a0 EN ESTE CUADRO LES MOSTRAMOS LAS DIFERENTES [&hellip;]<\/p>\n","protected":false},"author":4331,"featured_media":0,"parent":0,"menu_order":0,"comment_status":"open","ping_status":"open","template":"","meta":{"footnotes":""},"class_list":["post-95","page","type-page","status-publish","hentry"],"_links":{"self":[{"href":"https:\/\/blog.espol.edu.ec\/protmec\/wp-json\/wp\/v2\/pages\/95","targetHints":{"allow":["GET"]}}],"collection":[{"href":"https:\/\/blog.espol.edu.ec\/protmec\/wp-json\/wp\/v2\/pages"}],"about":[{"href":"https:\/\/blog.espol.edu.ec\/protmec\/wp-json\/wp\/v2\/types\/page"}],"author":[{"embeddable":true,"href":"https:\/\/blog.espol.edu.ec\/protmec\/wp-json\/wp\/v2\/users\/4331"}],"replies":[{"embeddable":true,"href":"https:\/\/blog.espol.edu.ec\/protmec\/wp-json\/wp\/v2\/comments?post=95"}],"version-history":[{"count":21,"href":"https:\/\/blog.espol.edu.ec\/protmec\/wp-json\/wp\/v2\/pages\/95\/revisions"}],"predecessor-version":[{"id":352,"href":"https:\/\/blog.espol.edu.ec\/protmec\/wp-json\/wp\/v2\/pages\/95\/revisions\/352"}],"wp:attachment":[{"href":"https:\/\/blog.espol.edu.ec\/protmec\/wp-json\/wp\/v2\/media?parent=95"}],"curies":[{"name":"wp","href":"https:\/\/api.w.org\/{rel}","templated":true}]}}