{"id":2,"date":"2010-05-25T19:08:15","date_gmt":"2010-05-25T19:08:15","guid":{"rendered":""},"modified":"2010-08-10T11:14:26","modified_gmt":"2010-08-10T11:14:26","slug":"about","status":"publish","type":"page","link":"https:\/\/blog.espol.edu.ec\/pruebaxd\/about\/","title":{"rendered":"REDES SOCIALES *FACEBOOK*"},"content":{"rendered":"<p style=\"text-align: center\">Las redes sociales en Internet han ganado su lugar de una manera vertiginosa convirti\u00e9ndose en promisorios negocios para empresas y sobretodo en lugares para encuentros humanos.<\/p>\n<p style=\"text-align: center\">Para comprender un poco este fen\u00f3meno en crecimiento presuroso cabe citar en principio alguna definici\u00f3n b\u00e1sica que nos permita comprender que es una red social, c\u00f3mo funcionan en Internet y algunas nociones sobre su historia.<\/p>\n<p style=\"text-align: center\">Me pareci\u00f3 por dem\u00e1s interesante el trabajo del Dr. Gustavo Aruguete acerca de Redes Sociales. Le recomiendo a quienes deseen trascender la informaci\u00f3n elemental, cruda y repetitiva que suele difundirse sobre redes sociales en \u00e1mbitos inform\u00e1ticos bajarse los archivos que est\u00e1n disponibles en el sitio de <a href=\"http:\/\/www.practicasgrupales.com.ar\/htm\/redes.shtml\">Pr\u00e1cticas Grupales<\/a>.<\/p>\n<h3 style=\"text-align: center\">Definiendo a las redes sociales<\/h3>\n<p style=\"text-align: center\">Me permitir\u00e9 extractarles de la ponencia en las Jornadas sobre Gesti\u00f3n en Organizaciones del Tercer Sector en la Universidad Di Tella de Buenos Aires, Argentina, en noviembre de 2001:<\/p>\n<p style=\"text-align: center\">\u201cLas Redes son formas de interacci\u00f3n social, definida como un intercambio din\u00e1mico entre personas, grupos e instituciones en contextos de complejidad. Un sistema abierto y en construcci\u00f3n permanente que involucra a conjuntos que se identifican en las mismas necesidades y problem\u00e1ticas y que se organizan para potenciar sus recursos.<\/p>\n<p style=\"text-align: center\">Una sociedad fragmentada en minor\u00edas aisladas, discriminadas, que ha desvitalizado sus redes vinculares, con ciudadanos carentes de protagonismo en procesos transformadores, se condena a una democracia restringida. La intervenci\u00f3n en red es un intento reflexivo y organizador de esas interacciones e intercambios, donde el sujeto se funda a s\u00ed mismo diferenci\u00e1ndose de otros.\u201d<\/p>\n<p style=\"text-align: center\"><img loading=\"lazy\" decoding=\"async\" class=\"aligncenter\" src=\"http:\/\/www.maestrosdelweb.com\/images\/editorial\/redessociales.jpg\" alt=\"\" width=\"193\" height=\"178\" \/><\/p>\n<p style=\"text-align: center\"><strong>FACEBOOK <a href=\"http:\/\/blog.espol.edu.ec\/pruebaxd\/files\/2010\/05\/fb.jpg\"><img loading=\"lazy\" decoding=\"async\" class=\"alignright size-thumbnail wp-image-55\" title=\"fb\" src=\"http:\/\/blog.espol.edu.ec\/pruebaxd\/files\/2010\/05\/fb-150x150.jpg\" alt=\"\" width=\"150\" height=\"150\" srcset=\"https:\/\/blog.espol.edu.ec\/pruebaxd\/files\/2010\/05\/fb-150x150.jpg 150w, https:\/\/blog.espol.edu.ec\/pruebaxd\/files\/2010\/05\/fb-300x300.jpg 300w, https:\/\/blog.espol.edu.ec\/pruebaxd\/files\/2010\/05\/fb.jpg 311w\" sizes=\"auto, (max-width: 150px) 100vw, 150px\" \/><\/a><\/strong><\/p>\n<p><strong>Facebook<\/strong> es un sitio web de redes sociales. Fue creado originalmente para estudiantes de la Universidad de Harvard, pero ha sido abierto a cualquier persona que tenga una cuenta de correo electr\u00f3nico. Los usuarios pueden participar en una o m\u00e1s redes sociales, en relaci\u00f3n con su situaci\u00f3n acad\u00e9mica, su lugar de trabajo o regi\u00f3n geogr\u00e1fica.<\/p>\n<p>En febrero de 2007 lleg\u00f3 a tener la mayor cantidad de usuarios registrados en comparaci\u00f3n con otros sitios web orientados a estudiantes de nivel superior, teniendo m\u00e1s de 19 millones de miembros en todo el mundo, debido a que originalmente s\u00f3lo fue publicado en ingl\u00e9s. En 2008 lanz\u00f3 su versi\u00f3n en franc\u00e9s, alem\u00e1n y espa\u00f1ol para impulsar su expansi\u00f3n fuera de Estados Unidos, ya que sus usuarios se concentran en Estados Unidos, Canad\u00e1 y Gran Breta\u00f1a. La mayor cantidad de usuarios de Iberoam\u00e9rica, proviene de Colombia, superando a pa\u00edses con mayor poblaci\u00f3n como M\u00e9xico, Brasil y Argentina.<\/p>\n<h2>Historia de la empresa<\/h2>\n<p>El creador de Facebook es Mark Zuckerberg, estudiante de la Universidad de Harvard. La compa\u00f1\u00eda tiene sus oficinas centrales en Palo Alto, California.\u00a0<\/p>\n<p>Facebook compite por abrirse espacio entre empresas de \u00e9xito como Google y MySpace, por lo que se enfrenta a grandes desaf\u00edos para lograr crecer y desarrollarse. Una de las estrategias de Zuckerberg ha sido abrir la plataforma Facebook a otros desarrolladores.<\/p>\n<p>La fortaleza de Facebook radica en la red social de 90 millones de usuarios que ha creado, basada en conexiones de gente real. Actualmente, se ha puesto en marcha Facebook en espa\u00f1ol, extendi\u00e9ndose no s\u00f3lo a personas de una espec\u00edfica clase social, sino que est\u00e1 abarcando toda una gama social. Casi cualquier persona con conocimientos inform\u00e1ticos b\u00e1sicos puede tener acceso a todo este mundo de comunidades virtuales.<\/p>\n<p><object width=\"640\" height=\"385\"><param name=\"movie\" value=\"http:\/\/www.youtube.com\/v\/EfvtXx_kZNA&amp;hl=es_ES&amp;fs=1\"><\/param><param name=\"allowFullScreen\" value=\"true\"><\/param><param name=\"allowscriptaccess\" value=\"always\"><\/param><embed src=\"http:\/\/www.youtube.com\/v\/EfvtXx_kZNA&amp;hl=es_ES&amp;fs=1\" type=\"application\/x-shockwave-flash\" allowscriptaccess=\"always\" allowfullscreen=\"true\" width=\"540\" height=\"385\"><\/embed><\/object><\/p>\n","protected":false},"excerpt":{"rendered":"<p>Las redes sociales en Internet han ganado su lugar de una manera vertiginosa convirti\u00e9ndose en promisorios negocios para empresas y sobretodo en lugares para encuentros humanos. Para comprender un poco este fen\u00f3meno en crecimiento presuroso cabe citar en principio alguna definici\u00f3n b\u00e1sica que nos permita comprender que es una red social, c\u00f3mo funcionan en Internet [&hellip;]<\/p>\n","protected":false},"author":3975,"featured_media":0,"parent":0,"menu_order":0,"comment_status":"open","ping_status":"open","template":"","meta":{"footnotes":""},"class_list":["post-2","page","type-page","status-publish","hentry"],"_links":{"self":[{"href":"https:\/\/blog.espol.edu.ec\/pruebaxd\/wp-json\/wp\/v2\/pages\/2","targetHints":{"allow":["GET"]}}],"collection":[{"href":"https:\/\/blog.espol.edu.ec\/pruebaxd\/wp-json\/wp\/v2\/pages"}],"about":[{"href":"https:\/\/blog.espol.edu.ec\/pruebaxd\/wp-json\/wp\/v2\/types\/page"}],"author":[{"embeddable":true,"href":"https:\/\/blog.espol.edu.ec\/pruebaxd\/wp-json\/wp\/v2\/users\/3975"}],"replies":[{"embeddable":true,"href":"https:\/\/blog.espol.edu.ec\/pruebaxd\/wp-json\/wp\/v2\/comments?post=2"}],"version-history":[{"count":12,"href":"https:\/\/blog.espol.edu.ec\/pruebaxd\/wp-json\/wp\/v2\/pages\/2\/revisions"}],"predecessor-version":[{"id":60,"href":"https:\/\/blog.espol.edu.ec\/pruebaxd\/wp-json\/wp\/v2\/pages\/2\/revisions\/60"}],"wp:attachment":[{"href":"https:\/\/blog.espol.edu.ec\/pruebaxd\/wp-json\/wp\/v2\/media?parent=2"}],"curies":[{"name":"wp","href":"https:\/\/api.w.org\/{rel}","templated":true}]}}