{"id":61,"date":"2010-08-10T11:25:48","date_gmt":"2010-08-10T11:25:48","guid":{"rendered":"http:\/\/blog.espol.edu.ec\/pruebaxd\/?page_id=61"},"modified":"2011-05-30T18:14:04","modified_gmt":"2011-05-30T18:14:04","slug":"twitter","status":"publish","type":"page","link":"https:\/\/blog.espol.edu.ec\/pruebaxd\/twitter\/","title":{"rendered":"*TWITTER*"},"content":{"rendered":"<p><span style=\"font-family: arial\"><strong><a href=\"http:\/\/blog.espol.edu.ec\/pruebaxd\/files\/2010\/08\/twitter.jpg\"><img loading=\"lazy\" decoding=\"async\" class=\"alignright size-thumbnail wp-image-62\" title=\"twitter\" src=\"http:\/\/blog.espol.edu.ec\/pruebaxd\/files\/2010\/08\/twitter-150x150.jpg\" alt=\"\" width=\"150\" height=\"150\" srcset=\"https:\/\/blog.espol.edu.ec\/pruebaxd\/files\/2010\/08\/twitter-150x150.jpg 150w, https:\/\/blog.espol.edu.ec\/pruebaxd\/files\/2010\/08\/twitter.jpg 300w\" sizes=\"auto, (max-width: 150px) 100vw, 150px\" \/><\/a><\/strong><\/span><\/p>\n<p style=\"text-align: center\"><strong><span style=\"font-family: Arial;font-size: x-small\">TWITTER<\/span><\/strong><\/p>\n<p><span style=\"font-family: arial\"><strong>Twitter<\/strong> es un servicio gratuito de microblogging, que hace las veces de red social y que permite a sus usuarios enviar micro-entradas basadas en texto, denominadas \"tweets\", de una longitud m\u00e1xima de 140 caracteres.<br \/>\nLo interesante es que esta tecnolog\u00eda v\u00edncula la web con los tel\u00e9fonos celulares v\u00eda SMS o a trav\u00e9s de programas de mensajer\u00eda instant\u00e1nea como MSN, Gtalk, etc., o incluso desde cualquier aplicaci\u00f3n de terceros, como puede ser Twitterrific, Tweetie, <a href=\"http:\/\/www.cad.com.mx\/historia_de_facebook.htm\" target=\"_blank\"><span style=\"color: #0000ff\">Facebook<\/span><\/a>, Twinter, Tweetboard o TweetDeck-en ingl\u00e9s.<\/span><\/p>\n<p><span style=\"font-family: arial\">Estas actualizaciones se muestran en la p\u00e1gina de perfil del usuario, y son tambi\u00e9n enviadas de forma inmediata a otros usuarios que han elegido la opci\u00f3n de recibirlas. A estos usuarios se les puede restringir el env\u00edo de estos mensajes s\u00f3lo a miembros de su c\u00edrculo de amigos o permitir su acceso a todos los usuarios, que es la opci\u00f3n por defecto.<\/span><\/p>\n<p><span style=\"font-family: arial\">Los usuarios pueden recibir las actualizaciones desde la p\u00e1gina de Twitter, v\u00eda mensajer\u00eda instant\u00e1nea, SMS, RSS y correo electr\u00f3nico. La recepci\u00f3n de actualizaciones v\u00eda SMS no est\u00e1 disponible en todos los pa\u00edses y para solicitar el servicio es necesario enviar un c\u00f3digo de confirmaci\u00f3n a un n\u00famero extranjero.<\/span><\/p>\n<p><span style=\"font-family: arial\">Twitter naci\u00f3 en el a\u00f1o 2006, una serie de j\u00f3venes emprendedores que trabajaban para la compa\u00f1\u00eda de <em>Podcasts Odeo, Inc.<\/em>, de San Francisco, Estados Unidos, se vieron inmersos en un d\u00eda completo de brainstorming de ideas.<\/span><\/p>\n<p><span style=\"font-family: arial\">Una vez iniciado el proyecto probaron varios nombres. El nombre original durante un tiempo fue <em>\"Status\"<\/em> (Stat.us), pasando por <em>twitch<\/em> (tic) a causa del tipo de vibraciones de los m\u00f3viles, pero se quedaron con <em>Twitter<\/em>. Que en palabras de Dorsey era perfecta, y la definici\u00f3n era <em>\"una corta r\u00e1faga de informaci\u00f3n intrascendente\"<\/em>, el \"<em>pio de un p\u00e1jaro\"<\/em>, que en ingl\u00e9s es twitt.<br \/>\nSi recibes muchos mensajes, est\u00e1s <em>\"twitterpated\"<\/em><\/span><\/p>\n<p><object width=\"640\" height=\"385\"><param name=\"movie\" value=\"http:\/\/www.youtube.com\/v\/DGghKEc5Onc&amp;hl=es_ES&amp;fs=1\"><\/param><param name=\"allowFullScreen\" value=\"true\"><\/param><param name=\"allowscriptaccess\" value=\"always\"><\/param><embed src=\"http:\/\/www.youtube.com\/v\/DGghKEc5Onc&amp;hl=es_ES&amp;fs=1\" type=\"application\/x-shockwave-flash\" allowscriptaccess=\"always\" allowfullscreen=\"true\" width=\"540\" height=\"385\"><\/embed><\/object><\/p>\n<p><strong>REFERENCIA:<\/strong><br \/>\nComputaci\u00f3n Aplicada al Desarrollo SA de CV<br \/>\nAdelfa 213-A, Villa de las Flores, Le\u00f3n Guanajuato.<\/p>\n<p>Tel (01477) 772-39-93, (01477) 7-72-09-82<\/p>\n","protected":false},"excerpt":{"rendered":"<p>TWITTER Twitter es un servicio gratuito de microblogging, que hace las veces de red social y que permite a sus usuarios enviar micro-entradas basadas en texto, denominadas \"tweets\", de una longitud m\u00e1xima de 140 caracteres. Lo interesante es que esta tecnolog\u00eda v\u00edncula la web con los tel\u00e9fonos celulares v\u00eda SMS o a trav\u00e9s de programas [&hellip;]<\/p>\n","protected":false},"author":3975,"featured_media":0,"parent":0,"menu_order":0,"comment_status":"open","ping_status":"open","template":"","meta":{"footnotes":""},"class_list":["post-61","page","type-page","status-publish","hentry"],"_links":{"self":[{"href":"https:\/\/blog.espol.edu.ec\/pruebaxd\/wp-json\/wp\/v2\/pages\/61","targetHints":{"allow":["GET"]}}],"collection":[{"href":"https:\/\/blog.espol.edu.ec\/pruebaxd\/wp-json\/wp\/v2\/pages"}],"about":[{"href":"https:\/\/blog.espol.edu.ec\/pruebaxd\/wp-json\/wp\/v2\/types\/page"}],"author":[{"embeddable":true,"href":"https:\/\/blog.espol.edu.ec\/pruebaxd\/wp-json\/wp\/v2\/users\/3975"}],"replies":[{"embeddable":true,"href":"https:\/\/blog.espol.edu.ec\/pruebaxd\/wp-json\/wp\/v2\/comments?post=61"}],"version-history":[{"count":7,"href":"https:\/\/blog.espol.edu.ec\/pruebaxd\/wp-json\/wp\/v2\/pages\/61\/revisions"}],"predecessor-version":[{"id":76,"href":"https:\/\/blog.espol.edu.ec\/pruebaxd\/wp-json\/wp\/v2\/pages\/61\/revisions\/76"}],"wp:attachment":[{"href":"https:\/\/blog.espol.edu.ec\/pruebaxd\/wp-json\/wp\/v2\/media?parent=61"}],"curies":[{"name":"wp","href":"https:\/\/api.w.org\/{rel}","templated":true}]}}