{"id":87,"date":"2009-08-23T14:06:09","date_gmt":"2009-08-23T18:06:09","guid":{"rendered":"http:\/\/blog.espol.edu.ec\/psruiz\/?page_id=87"},"modified":"2009-08-23T14:09:23","modified_gmt":"2009-08-23T18:09:23","slug":"tecnologia","status":"publish","type":"page","link":"https:\/\/blog.espol.edu.ec\/psruiz\/tecnologia\/","title":{"rendered":"AVAST HOME 4.8"},"content":{"rendered":"<h1 style=\"text-align: center\">AVAST<\/h1>\n<p style=\"text-align: justify\"><strong>avast!<\/strong> es un\u00a0<a title=\"Software\" href=\"http:\/\/es.wikipedia.org\/wiki\/Software\">software<\/a> <a title=\"Antivirus\" href=\"http:\/\/es.wikipedia.org\/wiki\/Antivirus\">antivirus<\/a> de la firma\u00a0<a title=\"Rep\u00fablica Checa\" href=\"http:\/\/es.wikipedia.org\/wiki\/Rep%C3%BAblica_Checa\">checa<\/a> <em><a class=\"new\" title=\"Alwil Software (a\u00fan no redactado)\" href=\"http:\/\/es.wikipedia.org\/w\/index.php?title=Alwil_Software&amp;action=edit&amp;redlink=1\">Alwil Software<\/a><\/em>. Cuenta con varias versiones<\/p>\n<p style=\"text-align: justify\">Existen dos versiones, la Profesional y la \"Home\" (gratuita). Esta \u00faltima puede ser utilizada siempre que sea para uso dom\u00e9stico (descartando todo tipo de empresa, asociaciones, club, etc.) y que en el ordenador instalado no se desarrollen actividades con \u00e1nimo de lucro.\u00a0<em>avast! Home<\/em> se puede considerar una versi\u00f3n \"recortada\" de\u00a0<em>avast! Profesional<\/em>, aunque el motor de detecci\u00f3n y las actualizaciones son las mismas y con la misma frecuencia.<img loading=\"lazy\" decoding=\"async\" class=\"alignright\" src=\"http:\/\/4.bp.blogspot.com\/_fAEqObjPWt0\/ScQLrJgpjWI\/AAAAAAAAAhU\/cyq6hvSDKOM\/s320\/avast.png\" alt=\"\" width=\"180\" height=\"180\" \/><\/p>\n<p>En la versi\u00f3n avast! Profesional se pueden incorporar \"skins\" a la\u00a0<a title=\"Interfaz de usuario\" href=\"http:\/\/es.wikipedia.org\/wiki\/Interfaz_de_usuario\"><span style=\"text-decoration: none\">interfaz de usuario<\/span><\/a> (la cual puede establecerse en dos modalidades: b\u00e1sica y avanzada), actualizaciones PUSH, protecci\u00f3n espec\u00edfica para mensajer\u00eda instant\u00e1nea y programas\u00a0<a class=\"mw-redirect\" title=\"P2P\" href=\"http:\/\/es.wikipedia.org\/wiki\/P2P\"><span style=\"text-decoration: none\">P2P<\/span><\/a>, posibilidad de establecer par\u00e1metros desde l\u00ednea de comandos, bajo consumo de recursos del sistema, etc. Adem\u00e1s permite el \"escaneo al inicio\", es decir, examina el sistema antes de que arranque el\u00a0<a title=\"Sistema operativo\" href=\"http:\/\/es.wikipedia.org\/wiki\/Sistema_operativo\">sistema operativo<\/a>, para tratar de impedir que cualquier tipo de\u00a0<a title=\"Malware\" href=\"http:\/\/es.wikipedia.org\/wiki\/Malware\">malware<\/a> se instale en la memoria.<\/p>\n<p>La empresa ofrece descuentos muy importantes a escuelas,\u00a0<a class=\"mw-redirect\" title=\"ONG\" href=\"http:\/\/es.wikipedia.org\/wiki\/ONG\">ONGs<\/a>, organizaciones caritativas, Administraciones P\u00fablicas, etc. para ayudar a estas instituciones a la protecci\u00f3n de sus equipos de la manera m\u00e1s econ\u00f3mica posible.<\/p>\n<p>Para usuarios corporativos est\u00e1n disponibles las Suites y las versiones Profesional, Server, Linux, SBS, Kerio, ADNM, BartCD, PDA... Para usuarios dom\u00e9sticos, adem\u00e1s de la Home y la Profesional, tambi\u00e9n pueden usarse la variante PDA, BartCD y Linux.<\/p>\n<p style=\"text-align: center\">En 2008 surge el pack Familiar (Family Pack) que proporciona licencias de avast! Profesional para 10 pcs y 1 licencia de avast! WHS para 1 servidor WHS (Windows Home Server) a un precio \u00fanico muy econ\u00f3mico. Esta tendencia se est\u00e1 desarrollando en muchos productos antivirus, ya que cada vez es m\u00e1s com\u00fan que las familias dispongan de varios ordenadores en casa (tanto fijos como port\u00e1tiles). avast! se distingue de las dem\u00e1s opciones en la cantidad de licencias ofrecidas, ya que el resto de marcas suelen dar \u00fanicamente 2 o 3 licencias.\u00a0<img loading=\"lazy\" decoding=\"async\" class=\"aligncenter\" src=\"http:\/\/lovesoft.ru\/uploads\/posts\/2008-03\/1205354275_1196957220_avast.jpg\" alt=\"\" width=\"219\" height=\"258\" \/>Es importante remarcar que el Family Pack puede ser usado por personas que dispongan de una oficina en casa, es decir puede usarse aunque haya \u00e1nimo de lucro (pensemos por ejemplo en un dise\u00f1ador web freelance que trabaje desde su domicilio). Sin embargo no se admite su compra a las empresas y negocios que tengan local propio, y en definitiva todo lo que quede fuera del \u00e1mbito dom\u00e9stico (como ejemplo una S.L. o S.A. quedar\u00eda fuera del \u00e1mbito de este pack).<\/p>\n<p style=\"text-align: center\">\n<h2 style=\"text-align: center\">\u00bfC\u00f3mo descargarlo Gratuitamente?<\/h2>\n<p style=\"text-align: center\"><a title=\"Avast Home 4.8\" href=\"http:\/\/avast.softonic.com\/descargar\">http:\/\/avast.softonic.com\/descargar<\/a><\/p>\n<p style=\"text-align: center\">\n<h2 style=\"text-align: center\">\u00bfC\u00f3mo obtener la licencia para avast Home 4.8?<\/h2>\n<p style=\"text-align: center\"><a title=\"Licencia\" href=\"http:\/\/www.avast.com\/esp\/download-avast-home.html\">http:\/\/www.avast.com\/esp\/download-avast-home.html<\/a><\/p>\n<ol>\n<li>Entrar a registro gratuito (Lado Izquierdo).<\/li>\n<li>llenar los datos de cuenta.<\/li>\n<li>Llegar\u00e1 un mensaje a tu correo con el c\u00f3digo de la licencia.<\/li>\n<li>Abrir Avast Home 4.8<\/li>\n<li>copiar el c\u00f3digo de licencia y pegarlo en el programa .<\/li>\n<\/ol>\n","protected":false},"excerpt":{"rendered":"<p>AVAST avast! es un\u00a0software antivirus de la firma\u00a0checa Alwil Software. Cuenta con varias versiones Existen dos versiones, la Profesional y la \"Home\" (gratuita). Esta \u00faltima puede ser utilizada siempre que sea para uso dom\u00e9stico (descartando todo tipo de empresa, asociaciones, club, etc.) y que en el ordenador instalado no se desarrollen actividades con \u00e1nimo de [&hellip;]<\/p>\n","protected":false},"author":2122,"featured_media":0,"parent":0,"menu_order":0,"comment_status":"open","ping_status":"open","template":"","meta":{"footnotes":""},"class_list":["post-87","page","type-page","status-publish","hentry"],"_links":{"self":[{"href":"https:\/\/blog.espol.edu.ec\/psruiz\/wp-json\/wp\/v2\/pages\/87","targetHints":{"allow":["GET"]}}],"collection":[{"href":"https:\/\/blog.espol.edu.ec\/psruiz\/wp-json\/wp\/v2\/pages"}],"about":[{"href":"https:\/\/blog.espol.edu.ec\/psruiz\/wp-json\/wp\/v2\/types\/page"}],"author":[{"embeddable":true,"href":"https:\/\/blog.espol.edu.ec\/psruiz\/wp-json\/wp\/v2\/users\/2122"}],"replies":[{"embeddable":true,"href":"https:\/\/blog.espol.edu.ec\/psruiz\/wp-json\/wp\/v2\/comments?post=87"}],"version-history":[{"count":4,"href":"https:\/\/blog.espol.edu.ec\/psruiz\/wp-json\/wp\/v2\/pages\/87\/revisions"}],"predecessor-version":[{"id":91,"href":"https:\/\/blog.espol.edu.ec\/psruiz\/wp-json\/wp\/v2\/pages\/87\/revisions\/91"}],"wp:attachment":[{"href":"https:\/\/blog.espol.edu.ec\/psruiz\/wp-json\/wp\/v2\/media?parent=87"}],"curies":[{"name":"wp","href":"https:\/\/api.w.org\/{rel}","templated":true}]}}