{"id":92,"date":"2009-08-23T14:38:32","date_gmt":"2009-08-23T18:38:32","guid":{"rendered":"http:\/\/blog.espol.edu.ec\/psruiz\/?page_id=92"},"modified":"2009-08-23T14:38:32","modified_gmt":"2009-08-23T18:38:32","slug":"bump-top-escritorio-en-3d","status":"publish","type":"page","link":"https:\/\/blog.espol.edu.ec\/psruiz\/bump-top-escritorio-en-3d\/","title":{"rendered":"BUMP TOP - Escritorio en 3D"},"content":{"rendered":"<h1 style=\"text-align: center\">BUMP TOP<\/h1>\n<p style=\"text-align: justify\">La mayor\u00eda de sistemas operativos utilizan la met\u00e1fora del escritorio para organizar nuestra pantalla, pero la verdad es que esta met\u00e1fora se aleja mucho de la realidad.\u00a0<strong>BumpTop<\/strong> quiere hacer m\u00e1s sencillo el uso del escritorio en nuestro ordenador y acercarlo un poco m\u00e1s a lo que hacemos en la vida real.<img loading=\"lazy\" decoding=\"async\" class=\"alignright\" src=\"http:\/\/tbn1.google.com\/images?q=tbn:iFthaw2LFAvxsM:http:\/\/farm4.static.flickr.com\/3122\/2734506458_22bdf21865.jpg\" alt=\"\" width=\"130\" height=\"98\" \/><\/p>\n<p style=\"text-align: justify\">Para ello, nos ofrece un escritorio tridimensional, en el que las paredes nos sirven como soporte para los documentos m\u00e1s importantes, as\u00ed como v\u00eda de salida para algunas funciones. De este modo, podemos colgar en ellas\u00a0<em>post-its<\/em>, im\u00e1genes, documentos,... y tener disponibles de un vistazo.<\/p>\n<p style=\"text-align: justify\">En el escritorio, la organizaci\u00f3n cambia ligeramente respecto a lo que estamos acostumbrados. Las im\u00e1genes y los documentos se pueden previsualizar, permitiendo adem\u00e1s cambiar el tama\u00f1o de estos dependiendo de su importancia. Por ejemplo, los m\u00e1s usados se hacen autom\u00e1ticamente de mayor tama\u00f1o, aunque siempre podemos cambiarlo nosotros a mano.<img loading=\"lazy\" decoding=\"async\" class=\"alignright\" src=\"http:\/\/www.brightsideofnews.com\/data\/2009_4_9\/BumTops-3D-desktop-uses-touchscreen2c-OpenGL-and-nVidia-PhysX\/BumpTop_01_675.jpg\" alt=\"\" width=\"405\" height=\"253\" \/><\/p>\n<p style=\"text-align: justify\">Adem\u00e1s, una de las caracter\u00edsticas que encontramos en cualquier escritorio real, las pilas de documentos, tambi\u00e9n aparece en\u00a0<strong>BumpTop<\/strong>, permitiendo organizar documentos sin necesidad de crear una carpeta espec\u00edfica que los contenga.<\/p>\n<p style=\"text-align: justify\"><strong>BumpTop<\/strong> ofrece muchas m\u00e1s caracter\u00edsticas, entre las que encontramos b\u00fasquedas sencillas de documentos o la posibilidad de enviar fotos a Facebook o a Twitter desde el propio escritorio, aunque lo mejor es echar un vistazo al v\u00eddeo para comprobar su funcionamiento.<\/p>\n<p style=\"text-align: justify\">La verdad es que una aplicaci\u00f3n as\u00ed cobra todo su sentido si disponemos de una pantalla t\u00e1ctil, aunque tambi\u00e9n es usable con el rat\u00f3n.<\/p>\n<p style=\"text-align: justify\">\n<p style=\"text-align: justify\">\n<h2 style=\"text-align: center\">\u00bfC\u00f3mo descargarlo?<\/h2>\n<p style=\"text-align: center\"><a title=\"Escritorio en 3D\" href=\"http:\/\/bumptop.softonic.com\/\">http:\/\/bumptop.softonic.com\/<\/a><\/p>\n","protected":false},"excerpt":{"rendered":"<p>BUMP TOP La mayor\u00eda de sistemas operativos utilizan la met\u00e1fora del escritorio para organizar nuestra pantalla, pero la verdad es que esta met\u00e1fora se aleja mucho de la realidad.\u00a0BumpTop quiere hacer m\u00e1s sencillo el uso del escritorio en nuestro ordenador y acercarlo un poco m\u00e1s a lo que hacemos en la vida real. Para ello, [&hellip;]<\/p>\n","protected":false},"author":2122,"featured_media":0,"parent":0,"menu_order":0,"comment_status":"open","ping_status":"open","template":"","meta":{"footnotes":""},"class_list":["post-92","page","type-page","status-publish","hentry"],"_links":{"self":[{"href":"https:\/\/blog.espol.edu.ec\/psruiz\/wp-json\/wp\/v2\/pages\/92","targetHints":{"allow":["GET"]}}],"collection":[{"href":"https:\/\/blog.espol.edu.ec\/psruiz\/wp-json\/wp\/v2\/pages"}],"about":[{"href":"https:\/\/blog.espol.edu.ec\/psruiz\/wp-json\/wp\/v2\/types\/page"}],"author":[{"embeddable":true,"href":"https:\/\/blog.espol.edu.ec\/psruiz\/wp-json\/wp\/v2\/users\/2122"}],"replies":[{"embeddable":true,"href":"https:\/\/blog.espol.edu.ec\/psruiz\/wp-json\/wp\/v2\/comments?post=92"}],"version-history":[{"count":1,"href":"https:\/\/blog.espol.edu.ec\/psruiz\/wp-json\/wp\/v2\/pages\/92\/revisions"}],"predecessor-version":[{"id":93,"href":"https:\/\/blog.espol.edu.ec\/psruiz\/wp-json\/wp\/v2\/pages\/92\/revisions\/93"}],"wp:attachment":[{"href":"https:\/\/blog.espol.edu.ec\/psruiz\/wp-json\/wp\/v2\/media?parent=92"}],"curies":[{"name":"wp","href":"https:\/\/api.w.org\/{rel}","templated":true}]}}