{"id":99,"date":"2009-08-28T23:01:35","date_gmt":"2009-08-29T03:01:35","guid":{"rendered":"http:\/\/blog.espol.edu.ec\/psruiz\/?page_id=99"},"modified":"2009-08-28T23:01:35","modified_gmt":"2009-08-29T03:01:35","slug":"programas-utiles","status":"publish","type":"page","link":"https:\/\/blog.espol.edu.ec\/psruiz\/programas-utiles\/","title":{"rendered":"PROGRAMAS \u00daTILES"},"content":{"rendered":"<h2>Para descargar m\u00fasica,videos,im\u00e1genes,etc...<\/h2>\n<h1 style=\"text-align: center\">ARES DESTINY 5.0<\/h1>\n<p style=\"text-align: center\"><img loading=\"lazy\" decoding=\"async\" class=\"aligncenter\" src=\"http:\/\/www.milbits.com\/archivos\/2007\/08\/109-ares.jpg\" alt=\"\" width=\"300\" height=\"225\" \/><\/p>\n<p style=\"text-align: center\">\n<p style=\"text-align: center\">\u00bfC\u00d3MO DESCARGARLO GRATUITAMENTE?<\/p>\n<p style=\"text-align: center\"><a title=\"ARES\" href=\"http:\/\/www.softonic.com\/s\/ares-gratis\">http:\/\/www.softonic.com\/s\/ares-gratis<\/a><\/p>\n<p style=\"text-align: center\">\n<p style=\"text-align: center\">\n<h2>PARA DESCARGAR LOS VIDEOS DE YOU TUBE EN VARIOS FORMATOS...<\/h2>\n<h1 style=\"text-align: center\">A TUBE CATCHER<\/h1>\n<p style=\"text-align: center\">\n<p style=\"text-align: center\"><img decoding=\"async\" src=\"http:\/\/www.zona-net.com\/wp-content\/uploads\/2008\/04\/atube-catcher.jpg\" alt=\"\" \/><\/p>\n<p style=\"text-align: center\">\n<p style=\"text-align: center\">\u00bfC\u00d3MO DESCARGARLO GRATUITAMENTE?<\/p>\n<p style=\"text-align: center\"><a title=\"a tube catcher\" href=\"http:\/\/atube-catcher.softonic.com\/descargar\">http:\/\/atube-catcher.softonic.com\/descargar<\/a><\/p>\n","protected":false},"excerpt":{"rendered":"<p>Para descargar m\u00fasica,videos,im\u00e1genes,etc... ARES DESTINY 5.0 \u00bfC\u00d3MO DESCARGARLO GRATUITAMENTE? http:\/\/www.softonic.com\/s\/ares-gratis PARA DESCARGAR LOS VIDEOS DE YOU TUBE EN VARIOS FORMATOS... A TUBE CATCHER \u00bfC\u00d3MO DESCARGARLO GRATUITAMENTE? http:\/\/atube-catcher.softonic.com\/descargar<\/p>\n","protected":false},"author":2122,"featured_media":0,"parent":0,"menu_order":0,"comment_status":"open","ping_status":"open","template":"","meta":{"footnotes":""},"class_list":["post-99","page","type-page","status-publish","hentry"],"_links":{"self":[{"href":"https:\/\/blog.espol.edu.ec\/psruiz\/wp-json\/wp\/v2\/pages\/99","targetHints":{"allow":["GET"]}}],"collection":[{"href":"https:\/\/blog.espol.edu.ec\/psruiz\/wp-json\/wp\/v2\/pages"}],"about":[{"href":"https:\/\/blog.espol.edu.ec\/psruiz\/wp-json\/wp\/v2\/types\/page"}],"author":[{"embeddable":true,"href":"https:\/\/blog.espol.edu.ec\/psruiz\/wp-json\/wp\/v2\/users\/2122"}],"replies":[{"embeddable":true,"href":"https:\/\/blog.espol.edu.ec\/psruiz\/wp-json\/wp\/v2\/comments?post=99"}],"version-history":[{"count":1,"href":"https:\/\/blog.espol.edu.ec\/psruiz\/wp-json\/wp\/v2\/pages\/99\/revisions"}],"predecessor-version":[{"id":100,"href":"https:\/\/blog.espol.edu.ec\/psruiz\/wp-json\/wp\/v2\/pages\/99\/revisions\/100"}],"wp:attachment":[{"href":"https:\/\/blog.espol.edu.ec\/psruiz\/wp-json\/wp\/v2\/media?parent=99"}],"curies":[{"name":"wp","href":"https:\/\/api.w.org\/{rel}","templated":true}]}}