{"id":44,"date":"2012-07-09T02:35:41","date_gmt":"2012-07-09T02:35:41","guid":{"rendered":"http:\/\/blog.espol.edu.ec\/pstacey\/?page_id=44"},"modified":"2012-07-09T02:38:16","modified_gmt":"2012-07-09T02:38:16","slug":"13procedimiento-de-fabricacion-de-jabon-a-base-de-aceites-reciclados-por-el-metodo-de-saponificacion","status":"publish","type":"page","link":"https:\/\/blog.espol.edu.ec\/pstacey\/13procedimiento-de-fabricacion-de-jabon-a-base-de-aceites-reciclados-por-el-metodo-de-saponificacion\/","title":{"rendered":"PROCEDIMIENTO DE FABRICACI\u00d3N DE JAB\u00d3N A BASE DE ACEITES RECICLADOS POR EL M\u00c9TODO DE SAPONIFICACI\u00d3N."},"content":{"rendered":"<p>Primer paso<br \/>\nConocer el tipo de aceite que se va a trabajar (soya, girasol, maizola, aceite de palma, de oliva, etc.).<br \/>\nConociendo el tipo de aceite, miramos en una tabla universal de saponificaci\u00f3n del aceite, para saber cu\u00e1l es el factor que se debe usar seg\u00fan el tipo de aceite, para poder calcular la cantidad de soda c\u00e1ustica.<\/p>\n<p>Tomaremos como ejemplo el aceite de girasol, para mostrar el proceso:<\/p>\n<p>Segundo paso<br \/>\nDiluir la soda c\u00e1ustica en agua.<br \/>\n1.\tColocar el agua en un recipiente.<br \/>\n2.\tVerter lentamente la soda c\u00e1ustica en el agua hasta diluirla.<br \/>\n3.\tCuando se hace esta mezcla se torna caliente, debemos dejarla enfriar hasta unos 40\u00b0c antes de iniciar a hacer el jab\u00f3n. Se debe tener en cuenta todas las precauciones de seguridad con el uso de este producto en el momento de diluirla: (usar gafas, guantes y mascarilla).<\/p>\n<p>Tercer paso<br \/>\nMezclar los ingredientes.<br \/>\n1.\tTener el aceite (300 gr.) en un recipiente, preferiblemente, de acero inoxidable y verter la soda c\u00e1ustica lentamente, adicionar al mismo tiempo un pu\u00f1ado de sal comestible, para controlar el pH.<br \/>\n2.\tIniciar a mezclar lentamente en un mismo sentido.<br \/>\n3.\tAumentar la temperatura hasta punto de ebullici\u00f3n (hasta hervir), revolver por una hora y media aproximadamente sin parar si se hace manualmente. (con batidora el\u00e9ctrica puede tarda menos tiempo).<br \/>\n4.\tMezclar hasta que espese.<br \/>\n5.\tUna vez que empiece a espesar, agregar color y aroma si se quiere.<br \/>\n6.\tSin dejarlo espesar demasiado, pasarlo a los moldes pl\u00e1sticos.<br \/>\n7.\tImportante colocar aceite para beb\u00e9 en los moldes antes de vaciar el jab\u00f3n caliente.<br \/>\n8.\tDejar reposar en un lugar fresco y cubrir los moldes con pl\u00e1stico adherente m\u00ednimo por una semana antes de sacarlos.<\/p>\n","protected":false},"excerpt":{"rendered":"<p>Primer paso Conocer el tipo de aceite que se va a trabajar (soya, girasol, maizola, aceite de palma, de oliva, etc.). Conociendo el tipo de aceite, miramos en una tabla universal de saponificaci\u00f3n del aceite, para saber cu\u00e1l es el factor que se debe usar seg\u00fan el tipo de aceite, para poder calcular la cantidad [&hellip;]<\/p>\n","protected":false},"author":7555,"featured_media":0,"parent":0,"menu_order":0,"comment_status":"open","ping_status":"closed","template":"","meta":{"footnotes":""},"class_list":["post-44","page","type-page","status-publish","hentry"],"_links":{"self":[{"href":"https:\/\/blog.espol.edu.ec\/pstacey\/wp-json\/wp\/v2\/pages\/44","targetHints":{"allow":["GET"]}}],"collection":[{"href":"https:\/\/blog.espol.edu.ec\/pstacey\/wp-json\/wp\/v2\/pages"}],"about":[{"href":"https:\/\/blog.espol.edu.ec\/pstacey\/wp-json\/wp\/v2\/types\/page"}],"author":[{"embeddable":true,"href":"https:\/\/blog.espol.edu.ec\/pstacey\/wp-json\/wp\/v2\/users\/7555"}],"replies":[{"embeddable":true,"href":"https:\/\/blog.espol.edu.ec\/pstacey\/wp-json\/wp\/v2\/comments?post=44"}],"version-history":[{"count":2,"href":"https:\/\/blog.espol.edu.ec\/pstacey\/wp-json\/wp\/v2\/pages\/44\/revisions"}],"predecessor-version":[{"id":50,"href":"https:\/\/blog.espol.edu.ec\/pstacey\/wp-json\/wp\/v2\/pages\/44\/revisions\/50"}],"wp:attachment":[{"href":"https:\/\/blog.espol.edu.ec\/pstacey\/wp-json\/wp\/v2\/media?parent=44"}],"curies":[{"name":"wp","href":"https:\/\/api.w.org\/{rel}","templated":true}]}}