{"id":46,"date":"2012-07-09T02:37:13","date_gmt":"2012-07-09T02:37:13","guid":{"rendered":"http:\/\/blog.espol.edu.ec\/pstacey\/?page_id=46"},"modified":"2012-07-09T02:38:25","modified_gmt":"2012-07-09T02:38:25","slug":"13-1tabla-basica-de-valores-de-saponificacion","status":"publish","type":"page","link":"https:\/\/blog.espol.edu.ec\/pstacey\/13-1tabla-basica-de-valores-de-saponificacion\/","title":{"rendered":"TABLA B\u00c1SICA DE VALORES DE SAPONIFICACI\u00d3N"},"content":{"rendered":"<p><strong>Tipo de aceite \u00cdndice de saponificaci\u00f3n<\/strong><br \/>\nAceite de oliva 0,134<br \/>\nAceite de coco 0,190<br \/>\nAceite de palma 0,141<br \/>\nAceite de girasol 0,134<br \/>\nAceite de ricino 0,128<br \/>\nAceite de almendras 0,136<br \/>\nAceite de aguacate 0,133<br \/>\nAceite de soja 0,135<br \/>\nAceite de ma\u00edz 0,136<br \/>\nAceite de s\u00e9samo 0,133<br \/>\nAceite de jojoba 0,069<br \/>\nAceite de palma africana 0,156<br \/>\nAceite de germen de trigo 0,132<br \/>\nCera de abeja 0,069<br \/>\nManteca de cacao 0,137<br \/>\nManteca de karit\u00e9 0,128<\/p>\n","protected":false},"excerpt":{"rendered":"<p>Tipo de aceite \u00cdndice de saponificaci\u00f3n Aceite de oliva 0,134 Aceite de coco 0,190 Aceite de palma 0,141 Aceite de girasol 0,134 Aceite de ricino 0,128 Aceite de almendras 0,136 Aceite de aguacate 0,133 Aceite de soja 0,135 Aceite de ma\u00edz 0,136 Aceite de s\u00e9samo 0,133 Aceite de jojoba 0,069 Aceite de palma africana 0,156 [&hellip;]<\/p>\n","protected":false},"author":7555,"featured_media":0,"parent":0,"menu_order":0,"comment_status":"open","ping_status":"closed","template":"","meta":{"footnotes":""},"class_list":["post-46","page","type-page","status-publish","hentry"],"_links":{"self":[{"href":"https:\/\/blog.espol.edu.ec\/pstacey\/wp-json\/wp\/v2\/pages\/46","targetHints":{"allow":["GET"]}}],"collection":[{"href":"https:\/\/blog.espol.edu.ec\/pstacey\/wp-json\/wp\/v2\/pages"}],"about":[{"href":"https:\/\/blog.espol.edu.ec\/pstacey\/wp-json\/wp\/v2\/types\/page"}],"author":[{"embeddable":true,"href":"https:\/\/blog.espol.edu.ec\/pstacey\/wp-json\/wp\/v2\/users\/7555"}],"replies":[{"embeddable":true,"href":"https:\/\/blog.espol.edu.ec\/pstacey\/wp-json\/wp\/v2\/comments?post=46"}],"version-history":[{"count":3,"href":"https:\/\/blog.espol.edu.ec\/pstacey\/wp-json\/wp\/v2\/pages\/46\/revisions"}],"predecessor-version":[{"id":51,"href":"https:\/\/blog.espol.edu.ec\/pstacey\/wp-json\/wp\/v2\/pages\/46\/revisions\/51"}],"wp:attachment":[{"href":"https:\/\/blog.espol.edu.ec\/pstacey\/wp-json\/wp\/v2\/media?parent=46"}],"curies":[{"name":"wp","href":"https:\/\/api.w.org\/{rel}","templated":true}]}}