{"id":61,"date":"2012-07-09T02:54:10","date_gmt":"2012-07-09T02:54:10","guid":{"rendered":"http:\/\/blog.espol.edu.ec\/pstacey\/?page_id=61"},"modified":"2012-07-09T02:54:10","modified_gmt":"2012-07-09T02:54:10","slug":"costos-de-inversion-del-proyecto","status":"publish","type":"page","link":"https:\/\/blog.espol.edu.ec\/pstacey\/costos-de-inversion-del-proyecto\/","title":{"rendered":"COSTOS DE INVERSI\u00d3N DEL PROYECTO"},"content":{"rendered":"<p>&nbsp;<\/p>\n<p>Para la fabricaci\u00f3n de jabones con aceites reciclados se requiere inicialmente hacer una peque\u00f1a inversi\u00f3n de algunas herramientas necesarias. Estas<\/p>\n<table width=\"519\" border=\"0\" cellspacing=\"0\" cellpadding=\"0\">\n<col span=\"2\" width=\"80\" \/>\n<col width=\"80\" \/>\n<col width=\"80\" \/>\n<col width=\"86\" \/>\n<col width=\"113\" \/>\n<tbody>\n<tr>\n<td width=\"80\" height=\"20\"><\/td>\n<td colspan=\"4\" width=\"326\"><\/td>\n<td width=\"113\"><\/td>\n<\/tr>\n<tr>\n<td height=\"20\">1<\/td>\n<td colspan=\"4\">Recipiente pl\u00e1stico (balde 20 lts.)<\/td>\n<td>\u00a0$\u00a0\u00a0\u00a0\u00a0\u00a0\u00a0\u00a0\u00a0\u00a0\u00a0\u00a0\u00a0\u00a0 2,90<\/td>\n<\/tr>\n<tr>\n<td height=\"20\">2<\/td>\n<td colspan=\"4\">Cuchara de palo de m\u00ednimo 40 cm.<\/td>\n<td>\u00a0$\u00a0\u00a0\u00a0\u00a0\u00a0\u00a0\u00a0\u00a0\u00a0\u00a0\u00a0\u00a0\u00a0 2,62<\/td>\n<\/tr>\n<tr>\n<td height=\"20\">3<\/td>\n<td colspan=\"4\">Olla de acero inoxidable<\/td>\n<td>\u00a0$\u00a0\u00a0\u00a0\u00a0\u00a0\u00a0\u00a0\u00a0\u00a0\u00a0\u00a0 40,00<\/td>\n<\/tr>\n<tr>\n<td height=\"20\">4<\/td>\n<td colspan=\"4\">Cocina de una sola hornilla para calentar<\/td>\n<td>\u00a0$\u00a0\u00a0\u00a0\u00a0\u00a0\u00a0\u00a0\u00a0\u00a0\u00a0\u00a0 16,00<\/td>\n<\/tr>\n<tr>\n<td height=\"20\">5<\/td>\n<td colspan=\"4\">Taza con medidas de volumen<\/td>\n<td>\u00a0$\u00a0\u00a0\u00a0\u00a0\u00a0\u00a0\u00a0\u00a0\u00a0\u00a0\u00a0\u00a0\u00a0 5,00<\/td>\n<\/tr>\n<tr>\n<td height=\"20\">6<\/td>\n<td colspan=\"4\">Rollo Cintas pH<\/td>\n<td>\u00a0$\u00a0\u00a0\u00a0\u00a0\u00a0\u00a0\u00a0\u00a0\u00a0\u00a0\u00a0 16,80<\/td>\n<\/tr>\n<tr>\n<td height=\"20\">7<\/td>\n<td colspan=\"4\">Moldes para 20 jabones aprox.<\/td>\n<td>\u00a0$\u00a0\u00a0\u00a0\u00a0\u00a0\u00a0\u00a0\u00a0\u00a0\u00a0\u00a0\u00a0\u00a0 2,00<\/td>\n<\/tr>\n<tr>\n<td height=\"20\">8<\/td>\n<td colspan=\"4\">Gafas de protecci\u00f3n<\/td>\n<td>\u00a0$\u00a0\u00a0\u00a0\u00a0\u00a0\u00a0\u00a0\u00a0\u00a0\u00a0\u00a0\u00a0\u00a0 3,19<\/td>\n<\/tr>\n<tr>\n<td height=\"21\"><\/td>\n<td colspan=\"4\"><\/td>\n<td><\/td>\n<\/tr>\n<tr>\n<td height=\"21\"><\/td>\n<td colspan=\"4\">TOTAL DINERO A INVERTIR<\/td>\n<td>\u00a0$\u00a0\u00a0\u00a0\u00a0\u00a0\u00a0\u00a0\u00a0\u00a0\u00a0\u00a0 88,51<\/td>\n<\/tr>\n<\/tbody>\n<\/table>\n","protected":false},"excerpt":{"rendered":"<p>&nbsp; Para la fabricaci\u00f3n de jabones con aceites reciclados se requiere inicialmente hacer una peque\u00f1a inversi\u00f3n de algunas herramientas necesarias. Estas 1 Recipiente pl\u00e1stico (balde 20 lts.) \u00a0$\u00a0\u00a0\u00a0\u00a0\u00a0\u00a0\u00a0\u00a0\u00a0\u00a0\u00a0\u00a0\u00a0 2,90 2 Cuchara de palo de m\u00ednimo 40 cm. \u00a0$\u00a0\u00a0\u00a0\u00a0\u00a0\u00a0\u00a0\u00a0\u00a0\u00a0\u00a0\u00a0\u00a0 2,62 3 Olla de acero inoxidable \u00a0$\u00a0\u00a0\u00a0\u00a0\u00a0\u00a0\u00a0\u00a0\u00a0\u00a0\u00a0 40,00 4 Cocina de una sola hornilla para calentar \u00a0$\u00a0\u00a0\u00a0\u00a0\u00a0\u00a0\u00a0\u00a0\u00a0\u00a0\u00a0 [&hellip;]<\/p>\n","protected":false},"author":7555,"featured_media":0,"parent":0,"menu_order":0,"comment_status":"open","ping_status":"open","template":"","meta":{"footnotes":""},"class_list":["post-61","page","type-page","status-publish","hentry"],"_links":{"self":[{"href":"https:\/\/blog.espol.edu.ec\/pstacey\/wp-json\/wp\/v2\/pages\/61","targetHints":{"allow":["GET"]}}],"collection":[{"href":"https:\/\/blog.espol.edu.ec\/pstacey\/wp-json\/wp\/v2\/pages"}],"about":[{"href":"https:\/\/blog.espol.edu.ec\/pstacey\/wp-json\/wp\/v2\/types\/page"}],"author":[{"embeddable":true,"href":"https:\/\/blog.espol.edu.ec\/pstacey\/wp-json\/wp\/v2\/users\/7555"}],"replies":[{"embeddable":true,"href":"https:\/\/blog.espol.edu.ec\/pstacey\/wp-json\/wp\/v2\/comments?post=61"}],"version-history":[{"count":1,"href":"https:\/\/blog.espol.edu.ec\/pstacey\/wp-json\/wp\/v2\/pages\/61\/revisions"}],"predecessor-version":[{"id":62,"href":"https:\/\/blog.espol.edu.ec\/pstacey\/wp-json\/wp\/v2\/pages\/61\/revisions\/62"}],"wp:attachment":[{"href":"https:\/\/blog.espol.edu.ec\/pstacey\/wp-json\/wp\/v2\/media?parent=61"}],"curies":[{"name":"wp","href":"https:\/\/api.w.org\/{rel}","templated":true}]}}