{"id":2,"date":"2010-11-15T15:24:33","date_gmt":"2010-11-15T15:24:33","guid":{"rendered":""},"modified":"2013-09-18T12:16:01","modified_gmt":"2013-09-18T17:16:01","slug":"about","status":"publish","type":"page","link":"https:\/\/blog.espol.edu.ec\/publicacionesfen\/about\/","title":{"rendered":"Nosotros"},"content":{"rendered":"<p style=\"text-align: center\"><a href=\"http:\/\/blog.espol.edu.ec\/publicacionesfen\/files\/2010\/11\/logo_fcsh.png\"><img loading=\"lazy\" decoding=\"async\" class=\"aligncenter  wp-image-2284\" src=\"http:\/\/blog.espol.edu.ec\/publicacionesfen\/files\/2010\/11\/logo_fcsh.png\" alt=\"\" width=\"648\" height=\"218\" \/><\/a><\/p>\n<p style=\"text-align: justify;line-height: 150%\">Bienvenido al Blog de Publicaciones y Comunicados de la Facultad de Ciencias Sociales y Human\u00edsticas (FCSH - ExFEN) de la Escuela Superior Polit\u00e9cnica del Litoral. En dicho espacio pondremos a disposici\u00f3n de los estudiantes y p\u00fablico en general todos los eventos y\/o acontecimientos realizados en nuestra Facultad.<\/p>\n<p style=\"text-align: justify;line-height: 150%\">Dentro de los comunicados o publicaciones que estar\u00e1n en nuestro Blog est\u00e1n los de tipo acad\u00e9micos, sociales, generales, culturales y dem\u00e1s actos realizados por nuestros estudiantes, profesores y personal administrativo.<\/p>\n","protected":false},"excerpt":{"rendered":"<p>Bienvenido al Blog de Publicaciones y Comunicados de la Facultad de Ciencias Sociales y Human\u00edsticas (FCSH - ExFEN) de la Escuela Superior Polit\u00e9cnica del Litoral. En dicho espacio pondremos a disposici\u00f3n de los estudiantes y p\u00fablico en general todos los eventos y\/o acontecimientos realizados en nuestra Facultad. Dentro de los comunicados o publicaciones que estar\u00e1n [&hellip;]<\/p>\n","protected":false},"author":5508,"featured_media":0,"parent":0,"menu_order":0,"comment_status":"open","ping_status":"open","template":"","meta":{"footnotes":""},"class_list":["post-2","page","type-page","status-publish","hentry"],"_links":{"self":[{"href":"https:\/\/blog.espol.edu.ec\/publicacionesfen\/wp-json\/wp\/v2\/pages\/2","targetHints":{"allow":["GET"]}}],"collection":[{"href":"https:\/\/blog.espol.edu.ec\/publicacionesfen\/wp-json\/wp\/v2\/pages"}],"about":[{"href":"https:\/\/blog.espol.edu.ec\/publicacionesfen\/wp-json\/wp\/v2\/types\/page"}],"author":[{"embeddable":true,"href":"https:\/\/blog.espol.edu.ec\/publicacionesfen\/wp-json\/wp\/v2\/users\/5508"}],"replies":[{"embeddable":true,"href":"https:\/\/blog.espol.edu.ec\/publicacionesfen\/wp-json\/wp\/v2\/comments?post=2"}],"version-history":[{"count":12,"href":"https:\/\/blog.espol.edu.ec\/publicacionesfen\/wp-json\/wp\/v2\/pages\/2\/revisions"}],"predecessor-version":[{"id":27,"href":"https:\/\/blog.espol.edu.ec\/publicacionesfen\/wp-json\/wp\/v2\/pages\/2\/revisions\/27"}],"wp:attachment":[{"href":"https:\/\/blog.espol.edu.ec\/publicacionesfen\/wp-json\/wp\/v2\/media?parent=2"}],"curies":[{"name":"wp","href":"https:\/\/api.w.org\/{rel}","templated":true}]}}