{"id":28,"date":"2009-10-29T16:08:24","date_gmt":"2009-10-29T21:08:24","guid":{"rendered":"http:\/\/blog.espol.edu.ec\/puli\/?page_id=28"},"modified":"2009-11-23T20:08:57","modified_gmt":"2009-11-24T01:08:57","slug":"video-08","status":"publish","type":"page","link":"https:\/\/blog.espol.edu.ec\/puli\/video-08\/","title":{"rendered":"gRaDuAcI\u00f3N d mI pA y d mI mA..."},"content":{"rendered":"<p>Mis pas estuvieron estudiando una maestr\u00eda...a ellos les encanta estudiar...y bueno pues estos son los videitos que tom\u00e9 de la graduation...FELICIDADES POR SU NUEVO LOGRO PA Y MA!!<\/p>\n<p><object width=\"425\" height=\"344\" data=\"http:\/\/www.youtube.com\/v\/UdVsis261EA&amp;hl=es_ES&amp;fs=1&amp;\" type=\"application\/x-shockwave-flash\"><param name=\"allowFullScreen\" value=\"true\" \/><param name=\"allowscriptaccess\" value=\"always\" \/><param name=\"src\" value=\"http:\/\/www.youtube.com\/v\/UdVsis261EA&amp;hl=es_ES&amp;fs=1&amp;\" \/><\/object><\/p>\n<p>moments of graduation:....<br \/>\n<object width=\"425\" height=\"344\" data=\"http:\/\/www.youtube.com\/v\/_4MTwNRKPmw&amp;hl=es_ES&amp;fs=1&amp;\" type=\"application\/x-shockwave-flash\"><param name=\"allowFullScreen\" value=\"true\" \/><param name=\"allowscriptaccess\" value=\"always\" \/><param name=\"src\" value=\"http:\/\/www.youtube.com\/v\/_4MTwNRKPmw&amp;hl=es_ES&amp;fs=1&amp;\" \/><param name=\"allowfullscreen\" value=\"true\" \/><\/object><\/p>\n<p>another moment of graduation:...<br \/>\n<object width=\"425\" height=\"344\" data=\"http:\/\/www.youtube.com\/v\/B0ODFh8Kv2c&amp;hl=es_ES&amp;fs=1&amp;\" type=\"application\/x-shockwave-flash\"><param name=\"allowFullScreen\" value=\"true\" \/><param name=\"allowscriptaccess\" value=\"always\" \/><param name=\"src\" value=\"http:\/\/www.youtube.com\/v\/B0ODFh8Kv2c&amp;hl=es_ES&amp;fs=1&amp;\" \/><param name=\"allowfullscreen\" value=\"true\" \/><\/object><\/p>\n<p>vean estos videos en la direc:<\/p>\n<p><a title=\"video de graduacion\" href=\"http:\/\/www.youtube.com\/watch?v=B0ODFh8Kv2c\" target=\"_blank\">http:\/\/www.youtube.com\/watch?v=B0ODFh8Kv2c<\/a><\/p>\n<p><a href=\"http:\/\/www.youtube.com\/watch?v=UdVsis261EA\">http:\/\/www.youtube.com\/watch?v=UdVsis261EA<\/a><\/p>\n<p><a href=\"http:\/\/www.youtube.com\/watch?v=_4MTwNRKPmw\">http:\/\/www.youtube.com\/watch?v=_4MTwNRKPmw<\/a><\/p>\n","protected":false},"excerpt":{"rendered":"<p>Mis pas estuvieron estudiando una maestr\u00eda...a ellos les encanta estudiar...y bueno pues estos son los videitos que tom\u00e9 de la graduation...FELICIDADES POR SU NUEVO LOGRO PA Y MA!! moments of graduation:.... another moment of graduation:... vean estos videos en la direc: http:\/\/www.youtube.com\/watch?v=B0ODFh8Kv2c http:\/\/www.youtube.com\/watch?v=UdVsis261EA http:\/\/www.youtube.com\/watch?v=_4MTwNRKPmw<\/p>\n","protected":false},"author":3124,"featured_media":0,"parent":0,"menu_order":0,"comment_status":"open","ping_status":"open","template":"","meta":{"footnotes":""},"class_list":["post-28","page","type-page","status-publish","hentry"],"_links":{"self":[{"href":"https:\/\/blog.espol.edu.ec\/puli\/wp-json\/wp\/v2\/pages\/28","targetHints":{"allow":["GET"]}}],"collection":[{"href":"https:\/\/blog.espol.edu.ec\/puli\/wp-json\/wp\/v2\/pages"}],"about":[{"href":"https:\/\/blog.espol.edu.ec\/puli\/wp-json\/wp\/v2\/types\/page"}],"author":[{"embeddable":true,"href":"https:\/\/blog.espol.edu.ec\/puli\/wp-json\/wp\/v2\/users\/3124"}],"replies":[{"embeddable":true,"href":"https:\/\/blog.espol.edu.ec\/puli\/wp-json\/wp\/v2\/comments?post=28"}],"version-history":[{"count":6,"href":"https:\/\/blog.espol.edu.ec\/puli\/wp-json\/wp\/v2\/pages\/28\/revisions"}],"predecessor-version":[{"id":80,"href":"https:\/\/blog.espol.edu.ec\/puli\/wp-json\/wp\/v2\/pages\/28\/revisions\/80"}],"wp:attachment":[{"href":"https:\/\/blog.espol.edu.ec\/puli\/wp-json\/wp\/v2\/media?parent=28"}],"curies":[{"name":"wp","href":"https:\/\/api.w.org\/{rel}","templated":true}]}}