{"id":31,"date":"2009-10-29T16:13:19","date_gmt":"2009-10-29T21:13:19","guid":{"rendered":"http:\/\/blog.espol.edu.ec\/puli\/?page_id=31"},"modified":"2009-11-23T20:42:10","modified_gmt":"2009-11-24T01:42:10","slug":"una-kncion-blla","status":"publish","type":"page","link":"https:\/\/blog.espol.edu.ec\/puli\/una-kncion-blla\/","title":{"rendered":"unA knCi\u00f3N bLla"},"content":{"rendered":"<p>me encanta el d\u00fao musical <a title=\"music\" href=\"http:\/\/es.wikipedia.org\/wiki\/Sin_Bandera\" target=\"_blank\">Sin Bandera<\/a>, por el momento est\u00e1n separados, pero oigan bien, por el momento, esperemos alg\u00fan d\u00eda escucharlos juntos de nuevo...aqu\u00ed un video de ellos con Victor Manuelle...:...<\/p>\n<p><object width=\"425\" height=\"344\" data=\"http:\/\/www.youtube.com\/v\/7n9U4XKk2R4&amp;hl=en&amp;fs=1&amp;\" type=\"application\/x-shockwave-flash\"><param name=\"allowFullScreen\" value=\"true\" \/><param name=\"allowscriptaccess\" value=\"always\" \/><param name=\"src\" value=\"http:\/\/www.youtube.com\/v\/7n9U4XKk2R4&amp;hl=en&amp;fs=1&amp;\" \/><\/object><\/p>\n<p>aqu\u00ed hay otra song de ellos (<a title=\"music\" href=\"http:\/\/www.musica.com\/letras.asp?letra=841966\" target=\"_blank\">Que lloro<\/a>):<br \/>\n<object width=\"425\" height=\"344\" data=\"http:\/\/www.youtube.com\/v\/vbYHB91_bVY&amp;hl=es_ES&amp;fs=1&amp;\" type=\"application\/x-shockwave-flash\"><param name=\"allowFullScreen\" value=\"true\" \/><param name=\"allowscriptaccess\" value=\"always\" \/><param name=\"src\" value=\"http:\/\/www.youtube.com\/v\/vbYHB91_bVY&amp;hl=es_ES&amp;fs=1&amp;\" \/><param name=\"allowfullscreen\" value=\"true\" \/><\/object><\/p>\n<p>he aqu\u00ed otro gran cantante <a title=\"music\" href=\"http:\/\/es.wikipedia.org\/wiki\/Luis_Fonsi\" target=\"_blank\">Luis Fonsi<\/a>...esta canci\u00f3n en particular a m\u00ed me gusta, me hace pensar en el amor...uuuhhh...jaja...soy muy sensitiva aunque no parezca eh...jaja..., aqu\u00ed los dejo con: Llueve por dentro:...<br \/>\n<object width=\"425\" height=\"344\" data=\"http:\/\/www.youtube.com\/v\/WgRs1rg4IIs&amp;hl=es_ES&amp;fs=1&amp;\" type=\"application\/x-shockwave-flash\"><param name=\"allowFullScreen\" value=\"true\" \/><param name=\"allowscriptaccess\" value=\"always\" \/><param name=\"src\" value=\"http:\/\/www.youtube.com\/v\/WgRs1rg4IIs&amp;hl=es_ES&amp;fs=1&amp;\" \/><param name=\"allowfullscreen\" value=\"true\" \/><\/object><\/p>\n<p><a title=\"music\" href=\"http:\/\/es.wikipedia.org\/wiki\/Alejandro_Sanz\" target=\"_blank\">Alejandro Sanz<\/a>...el \u00eddolo de mi sister...es un espa\u00f1ol con mucho talento pa cantar...hay q admitirlo...es bueno cantando...de \u00e9l me gusta esta canci\u00f3n: <a title=\"music\" href=\"http:\/\/letras.terra.com.br\/alejandro-sanz\/35084\/\" target=\"_blank\">Mi soledad y yo<\/a>...espero a uds tambi\u00e9n les guste:....<\/p>\n<p><object width=\"425\" height=\"344\" data=\"http:\/\/www.youtube.com\/v\/s2Glf0vMnzQ&amp;hl=es_ES&amp;fs=1&amp;\" type=\"application\/x-shockwave-flash\"><param name=\"allowFullScreen\" value=\"true\" \/><param name=\"allowscriptaccess\" value=\"always\" \/><param name=\"src\" value=\"http:\/\/www.youtube.com\/v\/s2Glf0vMnzQ&amp;hl=es_ES&amp;fs=1&amp;\" \/><param name=\"allowfullscreen\" value=\"true\" \/><\/object><\/p>\n<p><a title=\"music\" href=\"http:\/\/es.wikipedia.org\/wiki\/Laura_Pausini\" target=\"_blank\">Laura Pausini<\/a> otra grande...llega a notas agudas con tanta facilidad...wow...esc\u00fachenla y me dar\u00e1n la raz\u00f3n...:<\/p>\n<p><object width=\"425\" height=\"344\" data=\"http:\/\/www.youtube.com\/v\/jV6O8QLXkDc&amp;hl=es_ES&amp;fs=1&amp;\" type=\"application\/x-shockwave-flash\"><param name=\"allowFullScreen\" value=\"true\" \/><param name=\"allowscriptaccess\" value=\"always\" \/><param name=\"src\" value=\"http:\/\/www.youtube.com\/v\/jV6O8QLXkDc&amp;hl=es_ES&amp;fs=1&amp;\" \/><param name=\"allowfullscreen\" value=\"true\" \/><\/object><\/p>\n<p>I love music...aqu\u00ed hay otros cantantes que me gustan:<\/p>\n<p><a title=\"music\" href=\"http:\/\/www.sitiooficialricardoarjona.com\/\" target=\"_blank\">Ricardo Arjona<\/a><\/p>\n<p><a title=\"music\" href=\"http:\/\/es.wikipedia.org\/wiki\/Man%C3%A1_(banda)\" target=\"_blank\">Man\u00e1<\/a><\/p>\n<p><a title=\"music\" href=\"http:\/\/www.coldplay.com\/\" target=\"_blank\">Coldplay<\/a><\/p>\n<p><a title=\"music\" href=\"http:\/\/video.google.com.ec\/videosearch?hl=es&amp;q=30+seconds+to+mars&amp;um=1&amp;ie=UTF-8&amp;ei=0jgLS8zDLNGUtgeLh9TlAg&amp;sa=X&amp;oi=video_result_group&amp;ct=title&amp;resnum=1&amp;ved=0CBQQqwQwAA\" target=\"_blank\">30 seconds to mars<\/a><\/p>\n<p><a title=\"music\" href=\"http:\/\/es.wikipedia.org\/wiki\/Simple_Plan\" target=\"_blank\">Simple Plan<\/a><\/p>\n<p>etc...<\/p>\n<p>\u00a0<\/p>\n<p>\u00a0<\/p>\n<p>\u00a0<\/p>\n<p>ViSiTeN mI pAgE iN <a title=\"my\" href=\"http:\/\/www.twitter.com\/pvilelag\" target=\"_blank\">tWiTtER<\/a>, y tb mI <a title=\"my\" href=\"http:\/\/www.facebook.com\/profile.php?ref=profile&amp;id=509351618\" target=\"_blank\">fAceBooK<\/a><\/p>\n","protected":false},"excerpt":{"rendered":"<p>me encanta el d\u00fao musical Sin Bandera, por el momento est\u00e1n separados, pero oigan bien, por el momento, esperemos alg\u00fan d\u00eda escucharlos juntos de nuevo...aqu\u00ed un video de ellos con Victor Manuelle...:... aqu\u00ed hay otra song de ellos (Que lloro): he aqu\u00ed otro gran cantante Luis Fonsi...esta canci\u00f3n en particular a m\u00ed me gusta, me [&hellip;]<\/p>\n","protected":false},"author":3124,"featured_media":0,"parent":0,"menu_order":0,"comment_status":"open","ping_status":"open","template":"","meta":{"footnotes":""},"class_list":["post-31","page","type-page","status-publish","hentry"],"_links":{"self":[{"href":"https:\/\/blog.espol.edu.ec\/puli\/wp-json\/wp\/v2\/pages\/31","targetHints":{"allow":["GET"]}}],"collection":[{"href":"https:\/\/blog.espol.edu.ec\/puli\/wp-json\/wp\/v2\/pages"}],"about":[{"href":"https:\/\/blog.espol.edu.ec\/puli\/wp-json\/wp\/v2\/types\/page"}],"author":[{"embeddable":true,"href":"https:\/\/blog.espol.edu.ec\/puli\/wp-json\/wp\/v2\/users\/3124"}],"replies":[{"embeddable":true,"href":"https:\/\/blog.espol.edu.ec\/puli\/wp-json\/wp\/v2\/comments?post=31"}],"version-history":[{"count":4,"href":"https:\/\/blog.espol.edu.ec\/puli\/wp-json\/wp\/v2\/pages\/31\/revisions"}],"predecessor-version":[{"id":84,"href":"https:\/\/blog.espol.edu.ec\/puli\/wp-json\/wp\/v2\/pages\/31\/revisions\/84"}],"wp:attachment":[{"href":"https:\/\/blog.espol.edu.ec\/puli\/wp-json\/wp\/v2\/media?parent=31"}],"curies":[{"name":"wp","href":"https:\/\/api.w.org\/{rel}","templated":true}]}}