{"id":5,"date":"2009-10-27T17:02:59","date_gmt":"2009-10-27T22:02:59","guid":{"rendered":"http:\/\/blog.espol.edu.ec\/puli\/?page_id=5"},"modified":"2009-11-23T21:13:11","modified_gmt":"2009-11-24T02:13:11","slug":"paralelo08","status":"publish","type":"page","link":"https:\/\/blog.espol.edu.ec\/puli\/paralelo08\/","title":{"rendered":"fOtIcOs y mUsEitO..."},"content":{"rendered":"<p><img loading=\"lazy\" decoding=\"async\" class=\"aligncenter size-large wp-image-88\" src=\"http:\/\/blog.espol.edu.ec\/puli\/files\/2009\/10\/dsc01560-1024x576.jpg\" alt=\"museo...\" width=\"1024\" height=\"576\" srcset=\"https:\/\/blog.espol.edu.ec\/puli\/files\/2009\/10\/dsc01560-1024x576.jpg 1024w, https:\/\/blog.espol.edu.ec\/puli\/files\/2009\/10\/dsc01560-300x168.jpg 300w, https:\/\/blog.espol.edu.ec\/puli\/files\/2009\/10\/dsc01560.jpg 1920w\" sizes=\"auto, (max-width: 1024px) 100vw, 1024px\" \/><\/p>\n<p>this is in the museum whit a friend...jeje...fuimos al <a title=\"museo\" href=\"http:\/\/www.museojuliojaramillo.com\/\" target=\"_blank\">museo de Julio Jaramillo y estuvo <\/a>ch\u00e9vere...vis\u00edtenlo aprender\u00e1n a querer lo propio, es decir, lo de nuestro Ecuador es siempre primero....viva Ecuador!!!!...<\/p>\n<p>\u00a0<\/p>\n<p>eN mI kSiTa\u00a0this is mE, mmmm,\u00a0 lA pOnGo pA' q mE cOnOzkN....<\/p>\n<div id=\"attachment_3\" style=\"width: 298px\" class=\"wp-caption aligncenter\"><img loading=\"lazy\" decoding=\"async\" aria-describedby=\"caption-attachment-3\" class=\"size-full wp-image-3 \" src=\"http:\/\/blog.espol.edu.ec\/puli\/files\/2009\/10\/fotografia-0114-1.jpg\" alt=\"eN mI kSiTa tRaNqUiLiTa\" width=\"288\" height=\"384\" srcset=\"https:\/\/blog.espol.edu.ec\/puli\/files\/2009\/10\/fotografia-0114-1.jpg 480w, https:\/\/blog.espol.edu.ec\/puli\/files\/2009\/10\/fotografia-0114-1-225x300.jpg 225w\" sizes=\"auto, (max-width: 288px) 100vw, 288px\" \/><p id=\"caption-attachment-3\" class=\"wp-caption-text\">eN mI kSiTa tRaNqUiLiTa<\/p><\/div>\n","protected":false},"excerpt":{"rendered":"<p>this is in the museum whit a friend...jeje...fuimos al museo de Julio Jaramillo y estuvo ch\u00e9vere...vis\u00edtenlo aprender\u00e1n a querer lo propio, es decir, lo de nuestro Ecuador es siempre primero....viva Ecuador!!!!... \u00a0 eN mI kSiTa\u00a0this is mE, mmmm,\u00a0 lA pOnGo pA' q mE cOnOzkN....<\/p>\n","protected":false},"author":3124,"featured_media":0,"parent":0,"menu_order":0,"comment_status":"open","ping_status":"open","template":"","meta":{"footnotes":""},"class_list":["post-5","page","type-page","status-publish","hentry"],"_links":{"self":[{"href":"https:\/\/blog.espol.edu.ec\/puli\/wp-json\/wp\/v2\/pages\/5","targetHints":{"allow":["GET"]}}],"collection":[{"href":"https:\/\/blog.espol.edu.ec\/puli\/wp-json\/wp\/v2\/pages"}],"about":[{"href":"https:\/\/blog.espol.edu.ec\/puli\/wp-json\/wp\/v2\/types\/page"}],"author":[{"embeddable":true,"href":"https:\/\/blog.espol.edu.ec\/puli\/wp-json\/wp\/v2\/users\/3124"}],"replies":[{"embeddable":true,"href":"https:\/\/blog.espol.edu.ec\/puli\/wp-json\/wp\/v2\/comments?post=5"}],"version-history":[{"count":5,"href":"https:\/\/blog.espol.edu.ec\/puli\/wp-json\/wp\/v2\/pages\/5\/revisions"}],"predecessor-version":[{"id":8,"href":"https:\/\/blog.espol.edu.ec\/puli\/wp-json\/wp\/v2\/pages\/5\/revisions\/8"}],"wp:attachment":[{"href":"https:\/\/blog.espol.edu.ec\/puli\/wp-json\/wp\/v2\/media?parent=5"}],"curies":[{"name":"wp","href":"https:\/\/api.w.org\/{rel}","templated":true}]}}