{"id":71,"date":"2009-11-21T14:08:37","date_gmt":"2009-11-21T19:08:37","guid":{"rendered":"http:\/\/blog.espol.edu.ec\/puli\/?page_id=71"},"modified":"2009-11-23T20:54:04","modified_gmt":"2009-11-24T01:54:04","slug":"yop-en-una-lesson-de-quimikel-profe-me-tomo-de-sorprise-yo-ni-cuenta-q-el-estaba-grabando","status":"publish","type":"page","link":"https:\/\/blog.espol.edu.ec\/puli\/yop-en-una-lesson-de-quimikel-profe-me-tomo-de-sorprise-yo-ni-cuenta-q-el-estaba-grabando\/","title":{"rendered":"ViDeOs (vIdEoS)..."},"content":{"rendered":"<p><strong>yOp eN uNa LeSsOn dE qU\u00edMiK...eL pRoFe mE tOm\u00d3 dE sOrPrIsE!! nI cUeNtA q \u00c9l eStAbA gRaBaNdO...<\/strong><\/p>\n<p><object width=\"560\" height=\"340\" data=\"http:\/\/www.youtube.com\/v\/rTFkIuc16FU&amp;hl=es_ES&amp;fs=1&amp;\" type=\"application\/x-shockwave-flash\"><param name=\"allowFullScreen\" value=\"true\" \/><param name=\"allowscriptaccess\" value=\"always\" \/><param name=\"src\" value=\"http:\/\/www.youtube.com\/v\/rTFkIuc16FU&amp;hl=es_ES&amp;fs=1&amp;\" \/><\/object><\/p>\n<p><object width=\"425\" height=\"344\" data=\"http:\/\/www.youtube.com\/v\/vbYHB91_bVY&amp;hl=es_ES&amp;fs=1&amp;\" type=\"application\/x-shockwave-flash\"><param name=\"allowFullScreen\" value=\"true\" \/><param name=\"allowscriptaccess\" value=\"always\" \/><param name=\"src\" value=\"http:\/\/www.youtube.com\/v\/vbYHB91_bVY&amp;hl=es_ES&amp;fs=1&amp;\" \/><\/object><\/p>\n<p>Rosita y yo preparando el yogurt pa el CSECT...nos qued\u00f3 \"riqu\u00edsimo\"...<\/p>\n<p><object width=\"425\" height=\"344\"><param name=\"movie\" value=\"http:\/\/www.youtube.com\/v\/3fGFFM7iEy4&amp;hl=es_ES&amp;fs=1&amp;\"><\/param><param name=\"allowFullScreen\" value=\"true\"><\/param><param name=\"allowscriptaccess\" value=\"always\"><\/param><embed src=\"http:\/\/www.youtube.com\/v\/3fGFFM7iEy4&amp;hl=es_ES&amp;fs=1&amp;\" type=\"application\/x-shockwave-flash\" width=\"425\" height=\"344\"><\/embed><\/object><\/p>\n","protected":false},"excerpt":{"rendered":"<p>yOp eN uNa LeSsOn dE qU\u00edMiK...eL pRoFe mE tOm\u00d3 dE sOrPrIsE!! nI cUeNtA q \u00c9l eStAbA gRaBaNdO... Rosita y yo preparando el yogurt pa el CSECT...nos qued\u00f3 \"riqu\u00edsimo\"...<\/p>\n","protected":false},"author":3124,"featured_media":0,"parent":0,"menu_order":0,"comment_status":"open","ping_status":"open","template":"","meta":{"footnotes":""},"class_list":["post-71","page","type-page","status-publish","hentry"],"_links":{"self":[{"href":"https:\/\/blog.espol.edu.ec\/puli\/wp-json\/wp\/v2\/pages\/71","targetHints":{"allow":["GET"]}}],"collection":[{"href":"https:\/\/blog.espol.edu.ec\/puli\/wp-json\/wp\/v2\/pages"}],"about":[{"href":"https:\/\/blog.espol.edu.ec\/puli\/wp-json\/wp\/v2\/types\/page"}],"author":[{"embeddable":true,"href":"https:\/\/blog.espol.edu.ec\/puli\/wp-json\/wp\/v2\/users\/3124"}],"replies":[{"embeddable":true,"href":"https:\/\/blog.espol.edu.ec\/puli\/wp-json\/wp\/v2\/comments?post=71"}],"version-history":[{"count":6,"href":"https:\/\/blog.espol.edu.ec\/puli\/wp-json\/wp\/v2\/pages\/71\/revisions"}],"predecessor-version":[{"id":74,"href":"https:\/\/blog.espol.edu.ec\/puli\/wp-json\/wp\/v2\/pages\/71\/revisions\/74"}],"wp:attachment":[{"href":"https:\/\/blog.espol.edu.ec\/puli\/wp-json\/wp\/v2\/media?parent=71"}],"curies":[{"name":"wp","href":"https:\/\/api.w.org\/{rel}","templated":true}]}}