{"id":136,"date":"2008-12-05T12:45:31","date_gmt":"2008-12-05T16:45:31","guid":{"rendered":"http:\/\/blog.espol.edu.ec\/punk\/?page_id=136"},"modified":"2008-12-05T12:45:31","modified_gmt":"2008-12-05T16:45:31","slug":"chistes-y-algo-mas","status":"publish","type":"page","link":"https:\/\/blog.espol.edu.ec\/punk\/chistes-y-algo-mas\/","title":{"rendered":"chistes y algo mas"},"content":{"rendered":"<p><span style=\"font-family: Helvetica\"><span style=\"font-size: small\"><\/p>\n<p class=\"MsoNormal\" style=\"margin: 0in 0in 13.5pt\"><span style=\"font-size: 13.5pt;font-family: Helvetica\"><br \/>\nJesucristo estaba realizando uno de sus habituales paseos por el cielo, cuando de repente se cruza con un hombre de largas barbas, vestido con una t\u00fanica, con un rostro venerable. Y Jes\u00fas, mir\u00e1ndolo con una mezclade emoci\u00f3n y sorpresa, le dice:<br \/>\n- Perdone, buen hombre. Yo a usted le conozco de algo... Usted en la otra vida...<br \/>\n- Yo hace muchos a\u00f1os que ya no estoy en la otra vida. En la tierra era carpintero y tuve un hijo que se hizo muy famoso en toda la humanidad.<br \/>\nAl oir estas palabras, Jes\u00fas abraza al venerable anciano y gita:<br \/>\n- \u00a1Padre!<br \/>\n- \u00a1Padre!<br \/>\nA lo que el viejo replica:<br \/>\n- \u00a1Pinocho! <\/span><\/p>\n<div class=\"MsoNormal\" style=\"margin: 0in 0in 0pt\"><span style=\"font-size: 13.5pt;font-family: Helvetica\"><\/p>\n<hr size=\"2\" \/><\/span><\/div>\n<p><\/span><\/span><\/p>\n<p class=\"MsoNormal\" style=\"margin: 0in 0in 13.5pt\"><span style=\"font-size: 13.5pt;font-family: Helvetica\">- Esta noche un hombre ha entrado en la habitaci\u00f3n de una monja. Este hombre uso un dispositivo contraceptivo. El jardinero lo ha encontrado en el jard\u00edn esta ma\u00f1ana.<br \/>\n99 monjas exclamaron: \"Ooooooooooooooooh!\"<br \/>\nUna exclamo: \"Je, je, je!\"<br \/>\nContinu\u00f3 la madre superiora:<br \/>\n- Sin embargo, el dispositivo contraceptivo en cuestion ha resultado tener un agujero.<br \/>\n99 monjas exclamaron: \"Je, je, je!\"<br \/>\nUna exclamo: \"Ooooooooooooooooh!\" <\/span><\/p>\n<div class=\"MsoNormal\" style=\"margin: 0in 0in 0pt\"><span style=\"font-size: 13.5pt;font-family: Helvetica\"><\/p>\n<hr size=\"2\" \/>\n<p class=\"MsoNormal\" style=\"margin: 0in 0in 0pt\"><span style=\"font-size: 13.5pt;font-family: Helvetica\">El castigo del diablo<\/span><\/p>\n<p class=\"MsoNormal\" style=\"margin: 0in 0in 0pt\"><span style=\"font-size: 13.5pt;font-family: Helvetica\"><span>\u00a0<\/span><\/span><\/p>\n<p class=\"MsoNormal\" style=\"margin: 0in 0in 0pt\"><span style=\"font-size: 13.5pt;font-family: Helvetica\">Un hombre muri\u00f3 y fue enviado al infierno. All\u00ed encontr\u00f3 al diablo, quien le dijo que acababan de introducir algunas mejoras y que ahora cada nuevo inquilino pod\u00eda elegir entre tres tipos de tortura. El demonio le explic\u00f3 que estas torturas corr\u00edan en ciclos de mil a\u00f1os y que pod\u00eda elegir en cu\u00e1l ciclo empezar. <\/span><\/p>\n<p class=\"MsoNormal\" style=\"margin: 0in 0in 0pt\"><span style=\"font-size: 13.5pt;font-family: Helvetica\">\u00a0<\/span><\/p>\n<p class=\"MsoNormal\" style=\"margin: 0in 0in 0pt\"><span style=\"font-size: 13.5pt;font-family: Helvetica\">El tipo fue conducido por el diablo a la primer sala de torturas donde un hombre estaba siendo azotado con cadenas. <\/span><\/p>\n<p class=\"MsoNormal\" style=\"margin: 0in 0in 0pt\"><span style=\"font-size: 13.5pt;font-family: Helvetica\">\u00a0<\/span><\/p>\n<p class=\"MsoNormal\" style=\"margin: 0in 0in 0pt\"><span style=\"font-size: 13.5pt;font-family: Helvetica\">\"Paso al siguiente\", dijo el fulano. <\/span><\/p>\n<p class=\"MsoNormal\" style=\"margin: 0in 0in 0pt\"><span style=\"font-size: 13.5pt;font-family: Helvetica\">\u00a0<\/span><\/p>\n<p class=\"MsoNormal\" style=\"margin: 0in 0in 0pt\"><span style=\"font-size: 13.5pt;font-family: Helvetica\">En la siguiente sala, un hombre estaba colgado de los brazos y lo estaban azotando con un l\u00e1tigo con puntas de hierro. El tipo sacudi\u00f3 la cabeza en se\u00f1al de disgusto. <\/span><\/p>\n<p class=\"MsoNormal\" style=\"margin: 0in 0in 0pt\"><span style=\"font-size: 13.5pt;font-family: Helvetica\">\u00a0<\/span><\/p>\n<p class=\"MsoNormal\" style=\"margin: 0in 0in 0pt\"><span style=\"font-size: 13.5pt;font-family: Helvetica\">Finalmente, pasaron a la \u00faltima sala, donde otro hombre estaba atado a la pared, totalmente desnudo. Una mujer escultural le estaba pr\u00e1cticando sexo oral. El tipo indica: <\/span><\/p>\n<p class=\"MsoNormal\" style=\"margin: 0in 0in 0pt\"><span style=\"font-size: 13.5pt;font-family: Helvetica\">\u00a0<\/span><\/p>\n<p class=\"MsoNormal\" style=\"margin: 0in 0in 0pt\"><span style=\"font-size: 13.5pt;font-family: Helvetica\">\"S\u00ed, s\u00ed, aqu\u00ed es donde quiero empezar\". <\/span><\/p>\n<p class=\"MsoNormal\" style=\"margin: 0in 0in 0pt\"><span style=\"font-size: 13.5pt;font-family: Helvetica\">\u00a0<\/span><\/p>\n<p class=\"MsoNormal\" style=\"margin: 0in 0in 0pt\"><span style=\"font-size: 13.5pt;font-family: Helvetica\">El diablo le pregunt\u00f3: <\/span><\/p>\n<p class=\"MsoNormal\" style=\"margin: 0in 0in 0pt\"><span style=\"font-size: 13.5pt;font-family: Helvetica\">\u00a0<\/span><\/p>\n<p class=\"MsoNormal\" style=\"margin: 0in 0in 0pt\"><span style=\"font-size: 13.5pt;font-family: Helvetica\">\"\u00bfEst\u00e1s seguro? Te recuerdo que esto va a durar mil a\u00f1os\". <\/span><\/p>\n<p class=\"MsoNormal\" style=\"margin: 0in 0in 0pt\"><span style=\"font-size: 13.5pt;font-family: Helvetica\">\u00a0<\/span><\/p>\n<p class=\"MsoNormal\" style=\"margin: 0in 0in 0pt\"><span style=\"font-size: 13.5pt;font-family: Helvetica\">\"S\u00ed, estoy seguro. \u00c9ste es el lugar\". <\/span><\/p>\n<p class=\"MsoNormal\" style=\"margin: 0in 0in 0pt\"><span style=\"font-size: 13.5pt;font-family: Helvetica\">\u00a0<\/span><\/p>\n<p class=\"MsoNormal\" style=\"margin: 0in 0in 0pt\"><span style=\"font-size: 13.5pt;font-family: Helvetica\">\"Bueno\", acepta el demonio encogi\u00e9ndose de hombros. <\/span><\/p>\n<p class=\"MsoNormal\" style=\"margin: 0in 0in 0pt\"><span style=\"font-size: 13.5pt;font-family: Helvetica\">\u00a0<\/span><\/p>\n<p class=\"MsoNormal\" style=\"margin: 0in 0in 0pt\"><span style=\"font-size: 13.5pt;font-family: Helvetica\">El diablo camin\u00f3 hasta donde estaba la hermosa rubia, le toc\u00f3 el hombro y le dijo: <\/span><\/p>\n<p class=\"MsoNormal\" style=\"margin: 0in 0in 0pt\"><span style=\"font-size: 13.5pt;font-family: Helvetica\">\u00a0<\/span><\/p>\n<p class=\"MsoNormal\" style=\"margin: 0in 0in 0pt\"><span style=\"font-size: 13.5pt;font-family: Helvetica\">\"Ya lleg\u00f3 tu reemplazo\".<\/span><\/p>\n<p><span style=\"font-size: 13.5pt;font-family: Helvetica\"><\/p>\n<hr size=\"2\" \/><\/span><\/p>\n<p class=\"MsoNormal\" style=\"margin: 0in 0in 0pt\">\u00a0<\/p>\n<p class=\"MsoNormal\" style=\"margin: 0in 0in 0pt\"><span style=\"font-size: 13.5pt;font-family: Helvetica\"><span style=\"font-size: 13.5pt;color: black;font-family: &quot;Times New Roman&quot\">Estaban unos curitas misioneros pidiendo caridad para los pobres en las casas de un barrio de clase alta. Cuando llegan a una de estas casas, tocan la puerta y abre una se\u00f1ora. Los curitas dicen:<br \/>\n- Dios la bendiga, buena dama. Somos hermanos de Cristo.<br \/>\n- \u00a1Pues qu\u00e9 bien se conservan<\/span><\/span><\/p>\n<p><\/span><\/div>\n<p><span style=\"font-size: 13.5pt;font-family: Helvetica\"><\/p>\n<hr size=\"2\" \/><span style=\"font-family: Times New Roman\"><span style=\"font-size: 13.5pt;color: black\">LOS PASAJES BIBLICOS DE LAS SOLTERAS:<\/span><span style=\"color: black\"><\/span><\/span><\/p>\n<p><span style=\"font-size: 13.5pt;color: black\"><span style=\"font-family: Times New Roman\">-Cuando tienen de 15 a 20 a\u00f1os dicen: \"MUCHOS SON LOS LLAMADOS POCOS SON LOS ESCOGIDOS\"<br \/>\n-Cuando pasan los 20 a\u00f1os dicen: \"EXAMINADLOS A TODOS Y RETENED LOS BUENOS\"<br \/>\n-Cuando tienen 30 y siguen solteros dicen: \"VENID A MI TODOS LOS QUE EST\u00c1IS TRABAJADOS Y CARGADOS...\"<br \/>\n-Cuando cumplen 40 dicen: \"EL QUE VIENE A MI YO NO LE ECHO FUERA\"<br \/>\n-Y si pasan de los 50 dicen: \"JUNTAMENTE CON EL ESTOY CRUCIFICADO\"<\/span><\/span><span style=\"color: black\"><\/span><\/p>\n<p><\/span><\/p>\n<hr size=\"2\" \/><\/p>\n<p><span style=\"font-size: 13.5pt;color: black\"><span style=\"font-family: Times New Roman\">Esto son tres religiosos, un cura, un musulm\u00e1n, y un rabino que est\u00e1n discutiendo la manera de repartir las limosnas. El cura dice: Nosotros tenemos un m\u00e9todo que nos resulta muy bien, trazamos un circulo en el suelo, tiramos las monedas al aire, las que caen dentro, se las ofrecemos a Dios, y las otras para la parroquia.<br \/>\nEl musulm\u00e1n explica:<br \/>\nAh!, el nuestro, es mejor, trazamos una l\u00ednea recta en el suelo y tiramos las monedas, las que caen a la derecha se las ofrecemos a Dios, y las otras, para la parroquia.<br \/>\nAhora el turno al jud\u00edo:<br \/>\nEl nuestro es el mejor, tiramos las monedas al aire, \u00a1Las que coge Dios, son para \u00c9l, y las otras para la parroquia!<\/span><\/span><\/p>\n<p><span style=\"color: black\"><\/p>\n<hr size=\"2\" \/><\/span><\/p>\n<p>\u00a0<\/p>\n<p class=\"chiste\" style=\"margin: auto 0in\"><span style=\"font-size: 13.5pt;color: black\"><span style=\"font-family: Times New Roman\">Una se\u00f1ora va a la iglesia, durante la misa el padre pregunta: \u00bfCu\u00e1ntos quieren ir al cielo?<br \/>\nTodos responden: \u00a1Yo!, y la se\u00f1ora se queda callada.<br \/>\nEl padre pregunta de nuevo: \u00bfCu\u00e1ntos quieren ir al cielo?<br \/>\nDe nuevo todos dicen: \u00a1Yo!, y la se\u00f1ora callada.<br \/>\nEl padre pregunta: Se\u00f1ora, \u00bfUsted no quiere ir al cielo?<br \/>\nLa se\u00f1ora responde: Yo si quiero, pero me voy en otro viaje porque este est\u00e1 muy lleno.<\/span><\/span><span style=\"color: black\"><\/span><\/p>\n<p><\/p>\n","protected":false},"excerpt":{"rendered":"<p>Jesucristo estaba realizando uno de sus habituales paseos por el cielo, cuando de repente se cruza con un hombre de largas barbas, vestido con una t\u00fanica, con un rostro venerable. Y Jes\u00fas, mir\u00e1ndolo con una mezclade emoci\u00f3n y sorpresa, le dice: - Perdone, buen hombre. Yo a usted le conozco de algo... Usted en la [&hellip;]<\/p>\n","protected":false},"author":378,"featured_media":0,"parent":0,"menu_order":0,"comment_status":"open","ping_status":"open","template":"","meta":{"footnotes":""},"class_list":["post-136","page","type-page","status-publish","hentry"],"_links":{"self":[{"href":"https:\/\/blog.espol.edu.ec\/punk\/wp-json\/wp\/v2\/pages\/136","targetHints":{"allow":["GET"]}}],"collection":[{"href":"https:\/\/blog.espol.edu.ec\/punk\/wp-json\/wp\/v2\/pages"}],"about":[{"href":"https:\/\/blog.espol.edu.ec\/punk\/wp-json\/wp\/v2\/types\/page"}],"author":[{"embeddable":true,"href":"https:\/\/blog.espol.edu.ec\/punk\/wp-json\/wp\/v2\/users\/378"}],"replies":[{"embeddable":true,"href":"https:\/\/blog.espol.edu.ec\/punk\/wp-json\/wp\/v2\/comments?post=136"}],"version-history":[{"count":1,"href":"https:\/\/blog.espol.edu.ec\/punk\/wp-json\/wp\/v2\/pages\/136\/revisions"}],"predecessor-version":[{"id":137,"href":"https:\/\/blog.espol.edu.ec\/punk\/wp-json\/wp\/v2\/pages\/136\/revisions\/137"}],"wp:attachment":[{"href":"https:\/\/blog.espol.edu.ec\/punk\/wp-json\/wp\/v2\/media?parent=136"}],"curies":[{"name":"wp","href":"https:\/\/api.w.org\/{rel}","templated":true}]}}