{"id":38,"date":"2008-11-07T13:04:26","date_gmt":"2008-11-07T17:04:26","guid":{"rendered":"http:\/\/blog.espol.edu.ec\/punk\/?page_id=38"},"modified":"2008-11-07T13:04:26","modified_gmt":"2008-11-07T17:04:26","slug":"%c2%bfque-dice-la-ciencia-2","status":"publish","type":"page","link":"https:\/\/blog.espol.edu.ec\/punk\/%c2%bfque-dice-la-ciencia-2\/","title":{"rendered":"\u00bfQu\u00e9 dice la ciencia?"},"content":{"rendered":"<p class=\"MsoNormal\" style=\"margin: 6.75pt 0in\"><span style=\"color: #445555;font-family: Georgia\"><span style=\"font-size: small\">Tal vez ahora mismo lo est\u00e9s pensando, \"la <\/span><a href=\"http:\/\/www.monografias.com\/trabajos10\/fciencia\/fciencia.shtml\"><span style=\"color: #008040\"><span style=\"font-size: small\">ciencia<\/span><\/span><\/a><span style=\"font-size: small\"> no ha comprobado la existencia de Dios\", o \"ninguna prueba cient\u00edfica dice que Dios existe\". Ahora bien, <\/span><a href=\"http:\/\/www.monografias.com\/trabajos16\/ciencia-y-tecnologia\/ciencia-y-tecnologia.shtml\"><span style=\"color: #008040\"><span style=\"font-size: small\">la ciencia<\/span><\/span><\/a><span style=\"font-size: small\"> no puede medir a Dios como algunos han querido hacer, \u00bfporqu\u00e9?, porque Dios es esp\u00edritu. D\u00e9jame hacer otra afirmaci\u00f3n, la <\/span><a href=\"http:\/\/www.monografias.com\/trabajos10\/fciencia\/fciencia.shtml\"><span style=\"color: #008040\"><span style=\"font-size: small\">ciencia<\/span><\/span><\/a><span style=\"font-size: small\">no puede encontrar a Dios ni mucho menos explorarlo. Si pudiera, \u00c9l ya no ser\u00eda Dios o quien lo explora ser\u00eda un dios. Pues bien, la ciencia misma no contradice la existencia de Dios, por el contrario parece que siempre apunta, en todos su <\/span><a href=\"http:\/\/www.monografias.com\/trabajos13\/gaita\/gaita.shtml\"><span style=\"color: #008040\"><span style=\"font-size: small\">eventos<\/span><\/span><\/a><span style=\"font-size: small\">, hacia un Ser Supremo.<\/span><\/span><\/p>\n","protected":false},"excerpt":{"rendered":"<p>Tal vez ahora mismo lo est\u00e9s pensando, \"la ciencia no ha comprobado la existencia de Dios\", o \"ninguna prueba cient\u00edfica dice que Dios existe\". Ahora bien, la ciencia no puede medir a Dios como algunos han querido hacer, \u00bfporqu\u00e9?, porque Dios es esp\u00edritu. D\u00e9jame hacer otra afirmaci\u00f3n, la cienciano puede encontrar a Dios ni mucho [&hellip;]<\/p>\n","protected":false},"author":378,"featured_media":0,"parent":0,"menu_order":0,"comment_status":"open","ping_status":"open","template":"","meta":{"footnotes":""},"class_list":["post-38","page","type-page","status-publish","hentry"],"_links":{"self":[{"href":"https:\/\/blog.espol.edu.ec\/punk\/wp-json\/wp\/v2\/pages\/38","targetHints":{"allow":["GET"]}}],"collection":[{"href":"https:\/\/blog.espol.edu.ec\/punk\/wp-json\/wp\/v2\/pages"}],"about":[{"href":"https:\/\/blog.espol.edu.ec\/punk\/wp-json\/wp\/v2\/types\/page"}],"author":[{"embeddable":true,"href":"https:\/\/blog.espol.edu.ec\/punk\/wp-json\/wp\/v2\/users\/378"}],"replies":[{"embeddable":true,"href":"https:\/\/blog.espol.edu.ec\/punk\/wp-json\/wp\/v2\/comments?post=38"}],"version-history":[{"count":1,"href":"https:\/\/blog.espol.edu.ec\/punk\/wp-json\/wp\/v2\/pages\/38\/revisions"}],"predecessor-version":[{"id":39,"href":"https:\/\/blog.espol.edu.ec\/punk\/wp-json\/wp\/v2\/pages\/38\/revisions\/39"}],"wp:attachment":[{"href":"https:\/\/blog.espol.edu.ec\/punk\/wp-json\/wp\/v2\/media?parent=38"}],"curies":[{"name":"wp","href":"https:\/\/api.w.org\/{rel}","templated":true}]}}