{"id":56,"date":"2012-09-04T21:34:33","date_gmt":"2012-09-04T21:34:33","guid":{"rendered":"http:\/\/blog.espol.edu.ec\/pvpotes\/?page_id=56"},"modified":"2012-09-04T21:37:49","modified_gmt":"2012-09-04T21:37:49","slug":"ms-surface-tableta","status":"publish","type":"page","link":"https:\/\/blog.espol.edu.ec\/pvpotes\/ms-surface-tableta\/","title":{"rendered":"\"Ms Surface (Tableta)\""},"content":{"rendered":"<p><em>Fueron dise\u00f1adas para el sistema operativo Windows\u00a0 8 . \u00a0Windows 8 para tabletas usa los procesadores de Intel mientras la versi\u00f3n Windows RT usa procesadores de ARM.<\/em><\/p>\n<p><em>Utilizan un teclado que se puede incorporar cuando sea necesario , La medida de pantalla standart entre las pantallas t\u00e1ctiles es de 11,6 pulgadas. La de Surface tiene un 10,6 \", 16:9 de pantalla ancha de alta definici\u00f3n, <strong>y<\/strong><strong> <\/strong><strong>protecci\u00f3n<\/strong><strong> <\/strong><strong>Gorilla<\/strong><strong> <\/strong><strong>Glass<\/strong>, un dise\u00f1o biselado con una carcasa VaporMg y\u00a0un acabado en PVD y\u00a0un grosor de 9,3 mm en 680 gramos de peso. Cuenta con conectividad <strong>WiFi<\/strong><strong> <\/strong><strong>y<\/strong><strong>\u00a0<\/strong><strong>DisplayPort<\/strong><strong>, <\/strong><strong>puerto USB, \u00a0Lifecam<\/strong><strong> <\/strong>frontal para videoconferencias,\u00a0as\u00ed como capacidades de<strong> <\/strong><strong>32 y<\/strong><strong> <\/strong><strong>64<\/strong><strong> <\/strong><strong>GB<\/strong> (en modelo ARM) y ranura para tarjetas microSD La tecnolog\u00eda HD ofrece una gran calidad de imagen de las pel\u00edculas, con un angulo de visi\u00f3n ultra ancho.<\/em><\/p>\n<p><em>Tiene ajuste automatico de claridad visual, tambi\u00e9n cuenta con ranuras de micro SD lo que significa se puede llevar gran cantidad de informaci\u00f3n , pel\u00edculas o m\u00fasica. Y cuando se necesite de un teclado este viene incorporado en la cubierta\u00a0 f\u00e1cil de poner y poder estar mas comodo como una compu tradicional, destaca la integraci\u00f3n de un <strong>atril<\/strong> en el respaldo (solo para la posici\u00f3n horizontal) y un accesorio que combina la funci\u00f3n protectora <strong>Touch Cover<\/strong>\u00a0de una<strong> tapa <\/strong><strong>por<\/strong><strong> el exterior con la utilidad de un teclado -con trackpad- en su interior<\/strong>, disponible en diversos colores.<\/em><\/p>\n<p><em>Se ha recuperado el puntero tipo stylus que lo han llamado Pen y que sirve para escribir con tinta electr\u00f3nica en la pantalla y al momento de detectar el pen se desactiva el reconocimiento dactilar. Tanto el pen como la tapa\/teclado usa un enganche magn\u00e9tico.<\/em><\/p>\n<p><em>Con dos c\u00e1maras incorporadas , una mirando hacia el frente y otra hacia atr\u00e1s con un angulo de 22 grados para que pueda voltear.<\/em><\/p>\n<p><em>Tiene incorporado altavoces stereo\u00a0 y micr\u00f3fonos duales ajustados por Skype que ayuda a escuchar como si estuviera a lado.<\/em><\/p>\n<p><em>Una cubierta de colores para que se pueda elegir seg\u00fan los gustos de cada uno.<\/em><\/p>\n<p><em>Hay dos clases de tablets\u00a0 Surface Windows RT que tiene un chip ARM\u00a0 que\u00a0 una familia de microprocesadores producidos por la empresa ARM Holdings, y\u00a0 Surface\u00a0 Windows 8 Pro que tiene un Intel i5 , la primera es para uso casual y la segunda de uso mas\u00a0 profesional, para lo cual ambas son potentes. Tienen almacenamiento interno y conductividad.<\/em><\/p>\n<p><em>Mencionamos algunas caracter\u00edsticas de las tablets antes mencionadas:<\/em><\/p>\n<p><em><strong>Surface para Windows RT<\/strong><\/em><\/p>\n<ul>\n<li><em>Procesador NVIDA Tegra basado en ARM.<\/em><\/li>\n<li><em>Peso: 676 gramos.<\/em><\/li>\n<li><em>Grososr: 9.3 milimetros.<\/em><\/li>\n<li><em>Pantalla t\u00e1ctil de 10.6 pulgadas ClearType HD.<\/em><\/li>\n<li><em>Conectividad: microSD, USB 2.0, Micro HD Video, antena 22 MIMO.<\/em><\/li>\n<li><em>Software: Windows RT + Office Home &amp; Student 2013 RT.<\/em><\/li>\n<li><em>Almacenamiento interno: 32 GB\/ 64GB.<\/em><\/li>\n<li><em>Bater\u00edas 31.5 Wh.<\/em><\/li>\n<li><em>Disponibilidad en la misma temporada que se lanza Windows 8 (oto\u00f1o septentrional de este a\u00f1o).<\/em><\/li>\n<li><em>Precio desconocido pero cercano a lo que cuesta una tablet cara.<\/em><\/li>\n<\/ul>\n<p><em><strong>Surface para Windows 8 Pro<\/strong><\/em><\/p>\n<ul>\n<li><em>\u00a0Procesador Intel Core i5 (Ivy Bridge)<\/em><\/li>\n<li><em>Peso: 903 gramos.<\/em><\/li>\n<li><em>Grosor: 13.5 milimetros.<\/em><\/li>\n<li><em>Pantalla t\u00e1ctil de 10.6 pulgadas ClearType Full HD (1080p).<\/em><\/li>\n<li><em>Conectividad: microSDXC, USB 3.0, Mini DisplayPort, antena 2\u00d72 MIMO.<\/em><\/li>\n<li><em>Soware: Windows 8 Pro.<\/em><\/li>\n<li><em>Accesorios: Touch Cover, Type Coer, Estuche y soporte VaporMg, Stylus con Palm Block.<\/em><\/li>\n<li><em>Almacenamiento interno: 64 GB\/128 GB.<\/em><\/li>\n<li><em>Bater\u00eda 42 Wh.<\/em><\/li>\n<li><em>Disponible aproximadamente tres meses despu\u00e9s del lanzamiento de Windows 8.<\/em><\/li>\n<li><em>Precio desconocido pero dicen que como una Ultra-book.<\/em><\/li>\n<\/ul>\n<p><em>Diferencias entre Windows RT y 8Pro<\/em><\/p>\n<p><em>Surface con microprocesador de Intel es una copia de un ultrabook sin teclado, pesa casi lo mismo. Funciona con Windows 8 pro de igual que cualquier PC con una capacidad hasta 128 GB de SSD , en cambio con microprocesador ARM tiene una versi\u00f3n reducida del S:O. , es algo mas gruesa 13,5 frente a 9,3 mm tiene un consumo de bater\u00eda de\u00a0 42 vatios por hora.<\/em><\/p>\n<p><em>El modelo mas sencillo tiene puertos usb 2.0 y en el m\u00e1s potente tiene 3.0, asi como el lector de tarjetas microSD frente a microSDXC.<\/em><\/p>\n<p><em>Me parece algo muy novedoso y entra al mercado r\u00e1pidamente, aunque muchos digan que es una copia de la Tablet de Apple pero todos tienen diferentes caracter\u00edsticas para diferentes gustos y personalidades. Solo es cuesti\u00f3n de gusto y costumbres.<\/em><\/p>\n<p><a href=\"http:\/\/blog.espol.edu.ec\/pvpotes\/files\/2012\/09\/surface.jpg\"><img loading=\"lazy\" decoding=\"async\" class=\"aligncenter size-full wp-image-57\" src=\"http:\/\/blog.espol.edu.ec\/pvpotes\/files\/2012\/09\/surface.jpg\" alt=\"\" width=\"287\" height=\"176\" \/><\/a><\/p>\n","protected":false},"excerpt":{"rendered":"<p>Fueron dise\u00f1adas para el sistema operativo Windows\u00a0 8 . \u00a0Windows 8 para tabletas usa los procesadores de Intel mientras la versi\u00f3n Windows RT usa procesadores de ARM. Utilizan un teclado que se puede incorporar cuando sea necesario , La medida de pantalla standart entre las pantallas t\u00e1ctiles es de 11,6 pulgadas. La de Surface tiene [&hellip;]<\/p>\n","protected":false},"author":6766,"featured_media":0,"parent":0,"menu_order":0,"comment_status":"open","ping_status":"open","template":"","meta":{"footnotes":""},"class_list":["post-56","page","type-page","status-publish","hentry"],"_links":{"self":[{"href":"https:\/\/blog.espol.edu.ec\/pvpotes\/wp-json\/wp\/v2\/pages\/56","targetHints":{"allow":["GET"]}}],"collection":[{"href":"https:\/\/blog.espol.edu.ec\/pvpotes\/wp-json\/wp\/v2\/pages"}],"about":[{"href":"https:\/\/blog.espol.edu.ec\/pvpotes\/wp-json\/wp\/v2\/types\/page"}],"author":[{"embeddable":true,"href":"https:\/\/blog.espol.edu.ec\/pvpotes\/wp-json\/wp\/v2\/users\/6766"}],"replies":[{"embeddable":true,"href":"https:\/\/blog.espol.edu.ec\/pvpotes\/wp-json\/wp\/v2\/comments?post=56"}],"version-history":[{"count":3,"href":"https:\/\/blog.espol.edu.ec\/pvpotes\/wp-json\/wp\/v2\/pages\/56\/revisions"}],"predecessor-version":[{"id":60,"href":"https:\/\/blog.espol.edu.ec\/pvpotes\/wp-json\/wp\/v2\/pages\/56\/revisions\/60"}],"wp:attachment":[{"href":"https:\/\/blog.espol.edu.ec\/pvpotes\/wp-json\/wp\/v2\/media?parent=56"}],"curies":[{"name":"wp","href":"https:\/\/api.w.org\/{rel}","templated":true}]}}