{"id":100,"date":"2012-07-12T19:57:40","date_gmt":"2012-07-12T19:57:40","guid":{"rendered":"http:\/\/blog.espol.edu.ec\/raareval\/?page_id=100"},"modified":"2012-07-12T19:57:40","modified_gmt":"2012-07-12T19:57:40","slug":"medicina-natural-en-ecuador","status":"publish","type":"page","link":"https:\/\/blog.espol.edu.ec\/raareval\/medicina-natural-en-ecuador\/","title":{"rendered":"medicina natural en ecuador"},"content":{"rendered":"<p><img loading=\"lazy\" decoding=\"async\" src=\"http:\/\/2.bp.blogspot.com\/-VjmZkKG4FIo\/T4ib94_QWFI\/AAAAAAAAAuE\/Jtxy62O8KIU\/s1600\/DSC00381.JPG\" alt=\"\" width=\"960\" height=\"540\" \/><\/p>\n<div style=\"text-align: center\"><strong>Reserva de Bi\u00f3sfera: Podocarpus, una depresi\u00f3n de los Andes...<\/strong><\/div>\n<div style=\"text-align: center\">Declaratoria: 18 de septiembre del 2007.<\/div>\n<div style=\"text-align: center\">Ubicaci\u00f3n: Zona sur oriental del Ecuador.<\/div>\n<div style=\"text-align: center\">Extensi\u00f3n territorial:<\/div>\n<div style=\"text-align: center\">1'140.000 hect\u00e1reas.<\/div>\n<div style=\"text-align: center\">Divisi\u00f3n: \u00c1reas n\u00facleo, de amortiguamiento y de transici\u00f3n o influencia. Provincias: Loja y Zamora Chinchipe.<\/div>\n<div style=\"text-align: center\">Cantones Loja: Esp\u00edndola,Loja, Saraguro, Catamayo, Quilanga.<\/div>\n<div style=\"text-align: center\">Cantones Zamora: Nangaritza, Palanda, Chinchipe, Zamora y Yacuamb\u00ed.<\/div>\n<div style=\"text-align: center\">Habitantes: 272. 619 personas. Etnias y culturas: saraguros, shuaras y mestizos.<\/div>\n<div style=\"text-align: center\"><\/div>\n<div style=\"text-align: center\">Zona N\u00facleo: La conforma el Parque Nacional Podocarpus, cuyos fines de conservaci\u00f3n permiten solo la intervenci\u00f3n humana de comunas ind\u00edgenas.<\/div>\n<div style=\"text-align: center\"><\/div>\n<div style=\"text-align: center\">Zona de Amortiguamiento: Es circundante a la zona n\u00facleo e intervenida parcialmente por el hombre. Sirve como un cintur\u00f3n para las \u00e1reas protegidas.<\/div>\n<div style=\"text-align: center\"><\/div>\n<div style=\"text-align: center\">Zona de Transici\u00f3n: \u00c1rea urbana, agrupa a los poblados inmersos en la Reserva. Es un sector de mayor producci\u00f3n y de desarrollo econ\u00f3mico sostenible.<\/div>\n","protected":false},"excerpt":{"rendered":"<p>Reserva de Bi\u00f3sfera: Podocarpus, una depresi\u00f3n de los Andes... Declaratoria: 18 de septiembre del 2007. Ubicaci\u00f3n: Zona sur oriental del Ecuador. Extensi\u00f3n territorial: 1'140.000 hect\u00e1reas. Divisi\u00f3n: \u00c1reas n\u00facleo, de amortiguamiento y de transici\u00f3n o influencia. Provincias: Loja y Zamora Chinchipe. Cantones Loja: Esp\u00edndola,Loja, Saraguro, Catamayo, Quilanga. Cantones Zamora: Nangaritza, Palanda, Chinchipe, Zamora y Yacuamb\u00ed. Habitantes: [&hellip;]<\/p>\n","protected":false},"author":7532,"featured_media":0,"parent":0,"menu_order":0,"comment_status":"open","ping_status":"open","template":"","meta":{"footnotes":""},"class_list":["post-100","page","type-page","status-publish","hentry"],"_links":{"self":[{"href":"https:\/\/blog.espol.edu.ec\/raareval\/wp-json\/wp\/v2\/pages\/100","targetHints":{"allow":["GET"]}}],"collection":[{"href":"https:\/\/blog.espol.edu.ec\/raareval\/wp-json\/wp\/v2\/pages"}],"about":[{"href":"https:\/\/blog.espol.edu.ec\/raareval\/wp-json\/wp\/v2\/types\/page"}],"author":[{"embeddable":true,"href":"https:\/\/blog.espol.edu.ec\/raareval\/wp-json\/wp\/v2\/users\/7532"}],"replies":[{"embeddable":true,"href":"https:\/\/blog.espol.edu.ec\/raareval\/wp-json\/wp\/v2\/comments?post=100"}],"version-history":[{"count":2,"href":"https:\/\/blog.espol.edu.ec\/raareval\/wp-json\/wp\/v2\/pages\/100\/revisions"}],"predecessor-version":[{"id":102,"href":"https:\/\/blog.espol.edu.ec\/raareval\/wp-json\/wp\/v2\/pages\/100\/revisions\/102"}],"wp:attachment":[{"href":"https:\/\/blog.espol.edu.ec\/raareval\/wp-json\/wp\/v2\/media?parent=100"}],"curies":[{"name":"wp","href":"https:\/\/api.w.org\/{rel}","templated":true}]}}