{"id":105,"date":"2012-07-12T20:05:27","date_gmt":"2012-07-12T20:05:27","guid":{"rendered":"http:\/\/blog.espol.edu.ec\/raareval\/?page_id=105"},"modified":"2012-07-12T20:05:27","modified_gmt":"2012-07-12T20:05:27","slug":"productos-naturales-del-ecuador","status":"publish","type":"page","link":"https:\/\/blog.espol.edu.ec\/raareval\/productos-naturales-del-ecuador\/","title":{"rendered":"Productos naturales del ecuador"},"content":{"rendered":"<p>&nbsp;<\/p>\n<p><img decoding=\"async\" src=\"http:\/\/www.naturesgarden.com.ec\/wp-content\/uploads\/2012\/06\/colonlive.jpg\" alt=\"colonlive\" \/><\/p>\n<p>Fibras Vegetales.<\/p>\n<ul>\n<li>Desintoxica el colon de residuos t\u00f3xicos<\/li>\n<li>Alivia y previene el estre\u00f1imiento cr\u00f3nico y ocasional<\/li>\n<li>Promueve una buena digesti\u00f3n Gastro-Intestinal<\/li>\n<\/ul>\n<p><strong>Usos Sugeridos:<\/strong>\u00a0Tomar dos cucharadas el la ma\u00f1ana y dos por la noche en un vaso lleno de agua o jugo de su preferencia (NO LACTEOS).<\/p>\n<p><strong>Recomendaciones:<\/strong>\u00a0Beber abundante agua durante el d\u00eda, minimo 8 vasos (la fibra necesita de agua para causar efecto digestivo)<\/p>\n<p><strong>Contiene:<\/strong>\u00a0400 Gr<\/p>\n<p><img decoding=\"async\" src=\"http:\/\/www.aromasdeltungurahua.com\/productos\/infusiones\/medicinales\/TeChancapiedra.jpg\" alt=\"\" \/><\/p>\n<table width=\"100%\" border=\"0\" cellspacing=\"3\" cellpadding=\"0\">\n<tbody>\n<tr>\n<td width=\"29%\">\n<div align=\"right\">Nombre:<\/div>\n<\/td>\n<td width=\"71%\">Chancapiedra<\/td>\n<\/tr>\n<tr>\n<td valign=\"top\">\n<div align=\"right\">Descripci\u00f3n:<\/div>\n<\/td>\n<td>Diur\u00e9tica, Desinflamatoria, Emoliente y Litotricica.<\/td>\n<\/tr>\n<\/tbody>\n<\/table>\n<p>&nbsp;<\/p>\n<p><img decoding=\"async\" src=\"http:\/\/www.naturesgarden.com.ec\/wp-content\/uploads\/2011\/09\/reserva-especial-noni-jugo1-300x300.jpg\" alt=\"EnergyLive en T\u00f3nico\" \/><\/p>\n<p><strong>Beneficios:<\/strong><\/p>\n<ul>\n<li>Optimiza la capacidad intelectual<\/li>\n<li>Aumenta la energ\u00eda<\/li>\n<li>Combate y previene el envejecimiento celular<\/li>\n<li>Combate el estr\u00e9s<\/li>\n<li>Estimula las defensas del cuerpo<\/li>\n<\/ul>\n<p><strong>Dosis Medicinal<\/strong><br \/>\nV\u00eda de Administraci\u00f3n: Oral<br \/>\n<strong>Adultos:<\/strong><br \/>\nTomar 2 copitas despu\u00e9s almuerzo.<br \/>\n<strong>Contenido:<\/strong>\u00a0500 ml.<br \/>\n<strong>Un consejo pr\u00e1ctico para su salud:<\/strong><br \/>\nLas frutas y las hortalizas coloreadas son la mejor fuente de antioxidantes. Cuanto m\u00e1s intenso es el color, tanto mayor es el efecto antioxidante sobre el cerebro.<\/p>\n<p><img decoding=\"async\" src=\"http:\/\/xermyd.com\/images\/productosnaturales.jpg\" alt=\"\" \/><\/p>\n<table width=\"616\" border=\"0\">\n<tbody>\n<tr>\n<td valign=\"top\" width=\"201\">\n<div align=\"center\"><img loading=\"lazy\" decoding=\"async\" src=\"http:\/\/xermyd.com\/images\/cremadecoco.jpg\" alt=\"Crema de Coco\" width=\"200\" height=\"133\" \/><\/div>\n<\/td>\n<td valign=\"top\" width=\"405\">\n<table width=\"410\" border=\"0\">\n<tbody>\n<tr>\n<td valign=\"top\" height=\"212\">\n<p align=\"justify\">Productos Naturales.<\/p>\n<p align=\"justify\"><strong>Cuidado de la piel y el cuerpo:<\/strong><\/p>\n<p>- Crema de Aguacate y Manzanilla<br \/>\n- Crema de Aguacate y Romero<br \/>\n- Crema de Zanahoria<br \/>\n- Crema de Col\u00e1geno y Vitamina E<br \/>\n- Crema de Rosa Mosqueta<br \/>\n- Crema de Lim\u00f3n<br \/>\n- Jab\u00f3n Rosa Mosqueta<br \/>\n- Chancapiedra<br \/>\n- Achochilla China<br \/>\n- U\u00f1a de Gato<\/td>\n<\/tr>\n<\/tbody>\n<\/table>\n<div align=\"center\">Tenemos diferentes industrias que pueden satisfacer su requerimiento.<br \/>\nDetalle su pedido en nuestro formulario de contacto.<\/div>\n<\/td>\n<\/tr>\n<\/tbody>\n<\/table>\n","protected":false},"excerpt":{"rendered":"<p>&nbsp; Fibras Vegetales. Desintoxica el colon de residuos t\u00f3xicos Alivia y previene el estre\u00f1imiento cr\u00f3nico y ocasional Promueve una buena digesti\u00f3n Gastro-Intestinal Usos Sugeridos:\u00a0Tomar dos cucharadas el la ma\u00f1ana y dos por la noche en un vaso lleno de agua o jugo de su preferencia (NO LACTEOS). Recomendaciones:\u00a0Beber abundante agua durante el d\u00eda, minimo 8 [&hellip;]<\/p>\n","protected":false},"author":7532,"featured_media":0,"parent":0,"menu_order":0,"comment_status":"open","ping_status":"open","template":"","meta":{"footnotes":""},"class_list":["post-105","page","type-page","status-publish","hentry"],"_links":{"self":[{"href":"https:\/\/blog.espol.edu.ec\/raareval\/wp-json\/wp\/v2\/pages\/105","targetHints":{"allow":["GET"]}}],"collection":[{"href":"https:\/\/blog.espol.edu.ec\/raareval\/wp-json\/wp\/v2\/pages"}],"about":[{"href":"https:\/\/blog.espol.edu.ec\/raareval\/wp-json\/wp\/v2\/types\/page"}],"author":[{"embeddable":true,"href":"https:\/\/blog.espol.edu.ec\/raareval\/wp-json\/wp\/v2\/users\/7532"}],"replies":[{"embeddable":true,"href":"https:\/\/blog.espol.edu.ec\/raareval\/wp-json\/wp\/v2\/comments?post=105"}],"version-history":[{"count":2,"href":"https:\/\/blog.espol.edu.ec\/raareval\/wp-json\/wp\/v2\/pages\/105\/revisions"}],"predecessor-version":[{"id":107,"href":"https:\/\/blog.espol.edu.ec\/raareval\/wp-json\/wp\/v2\/pages\/105\/revisions\/107"}],"wp:attachment":[{"href":"https:\/\/blog.espol.edu.ec\/raareval\/wp-json\/wp\/v2\/media?parent=105"}],"curies":[{"name":"wp","href":"https:\/\/api.w.org\/{rel}","templated":true}]}}