{"id":95,"date":"2012-07-12T19:49:17","date_gmt":"2012-07-12T19:49:17","guid":{"rendered":"http:\/\/blog.espol.edu.ec\/raareval\/?page_id=95"},"modified":"2012-07-12T19:49:17","modified_gmt":"2012-07-12T19:49:17","slug":"historia-de-la-medicina-natural","status":"publish","type":"page","link":"https:\/\/blog.espol.edu.ec\/raareval\/historia-de-la-medicina-natural\/","title":{"rendered":"historia de la medicina natural"},"content":{"rendered":"<p style=\"text-align: center\"><img decoding=\"async\" src=\"https:\/\/www.latahonacultural.com\/blog\/wp-content\/uploads\/2012\/05\/06-Amazonas-415x276.jpg\" alt=\"\" \/>\u00a0\u00a0<img decoding=\"async\" src=\"http:\/\/t1.gstatic.com\/images?q=tbn:ANd9GcTleGN-50xXktSJqjhF_Ro685o0KIwpaGJ09IrfLeeJxr7KakAa\" alt=\"\" \/><\/p>\n<p style=\"text-align: center\"><em><strong>El t\u00e9rmino\u00a0medicina natural,\u00a0<a title=\"Medicina naturista\" href=\"http:\/\/es.wikipedia.org\/wiki\/Medicina_naturista\">medicina naturista<\/a>,\u00a0<a title=\"Naturopat\u00eda\" href=\"http:\/\/es.wikipedia.org\/wiki\/Naturopat%C3%ADa\">naturopat\u00eda<\/a>,\u00a0<a title=\"Naturismo (desambiguaci\u00f3n)\" href=\"http:\/\/es.wikipedia.org\/wiki\/Naturismo_(desambiguaci%C3%B3n)\">Naturismo<\/a>\u00a0o\u00a0<a title=\"Medicina naturop\u00e1tica (a\u00fan no redactado)\" href=\"http:\/\/es.wikipedia.org\/w\/index.php?title=Medicina_naturop%C3%A1tica&amp;action=edit&amp;redlink=1\">medicina naturop\u00e1tica<\/a>, es usado generalmente para designar una pr\u00e1ctica o terapia de intenci\u00f3n preventiva o curativa, que se ha originado paralelamente al desarrollo moderno de la\u00a0<a title=\"Medicina\" href=\"http:\/\/es.wikipedia.org\/wiki\/Medicina\">medicina<\/a>\u00a0y la\u00a0<a title=\"Farmacolog\u00eda\" href=\"http:\/\/es.wikipedia.org\/wiki\/Farmacolog%C3%ADa\">farmacolog\u00eda<\/a>. Se emplea para cualquier\u00a0<a title=\"Medicina alternativa\" href=\"http:\/\/es.wikipedia.org\/wiki\/Medicina_alternativa\">medicina alternativa<\/a>\u00a0o complementaria que utiliza remedios tradicionales o no industriales, como las\u00a0<a title=\"Plantas medicinales\" href=\"http:\/\/es.wikipedia.org\/wiki\/Plantas_medicinales\">plantas medicinales<\/a>. Seg\u00fan la\u00a0<a title=\"OMS\" href=\"http:\/\/es.wikipedia.org\/wiki\/OMS\">Organizaci\u00f3n Mundial de la Salud (OMS)<\/a>\u00a0el t\u00e9rmino usado se refiere\u00a0tanto a los sistemas de\u00a0<a title=\"Medicina\" href=\"http:\/\/es.wikipedia.org\/wiki\/Medicina\">medicina<\/a>\u00a0tradicional como a las diversas formas de medicina ind\u00edgena. Esta pr\u00e1ctica est\u00e1 reconocida de manera acad\u00e9mica en algunos pa\u00edses.<\/strong><\/em><\/p>\n<p style=\"text-align: center\"><em><strong>El\u00a0<a title=\"Diccionario de la Real Academia Espa\u00f1ola\" href=\"http:\/\/es.wikipedia.org\/wiki\/Diccionario_de_la_Real_Academia_Espa%C3%B1ola\">diccionario de la Real Academia Espa\u00f1ola<\/a>, en su \u00faltima edici\u00f3n, vig\u00e9sima segunda edici\u00f3n, da un \u00fanico significado para la palabra \"<a title=\"Naturismo (desambiguaci\u00f3n)\" href=\"http:\/\/es.wikipedia.org\/wiki\/Naturismo_(desambiguaci%C3%B3n)\">Naturismo<\/a>\":<\/strong><\/em><\/p>\n<blockquote><p><em><strong>\"(De natura e -ismo). 1. m. Doctrina que preconiza el empleo de los agentes naturales para la conservaci\u00f3n de la salud y el tratamiento de las enfermedades.\"<\/strong><\/em><\/p>\n<div><em><strong>REAL ACADEMIA ESPA\u00d1OLA. Diccionario de la Lengua Espa\u00f1ola.<\/strong><\/em><\/div>\n<\/blockquote>\n<p style=\"text-align: center\"><em><strong>Por ejemplo, el Dr.\u00a0<a title=\"Jaime Scolnik (a\u00fan no redactado)\" href=\"http:\/\/es.wikipedia.org\/w\/index.php?title=Jaime_Scolnik&amp;action=edit&amp;redlink=1\">Jaime Scolnik<\/a>, MD, el m\u00e1s prestigioso m\u00e9dico naturista argentino, graduado como m\u00e9dico en 1933 en la Universidad Nacional de C\u00f3rdoba, Rep\u00fablica Argentina, en una entrevista radial del a\u00f1o 1990, en Radio Nacional de Argentina, da testimonio de que en cincuenta a\u00f1os de ejercicio de la medicina no recet\u00f3 jam\u00e1s un f\u00e1rmaco, y atendi\u00f3 pacientes de toda Argentina y pa\u00edses vecinos. En la entrevista, da un completo panorama del \"naturismo\".<sup><a href=\"http:\/\/es.wikipedia.org\/wiki\/Medicina_natural#cite_note-0\">1<\/a><\/sup><\/strong><\/em><\/p>\n<h2 style=\"text-align: center\"><strong>Diferencia en los preparados<\/strong><\/h2>\n<p style=\"text-align: center\"><strong>Aunque se dice medicina natural para distinguirla de la medicina reglada, muchos preparados naturales utilizados en la medicina natural, como los usos en\u00a0<a title=\"Fitoterapia\" href=\"http:\/\/es.wikipedia.org\/wiki\/Fitoterapia\">fitoterapia<\/a>\u00a0contienen el mismo principio activo o\u00a0<a title=\"F\u00e1rmaco\" href=\"http:\/\/es.wikipedia.org\/wiki\/F%C3%A1rmaco\">f\u00e1rmaco<\/a>\u00a0que los usados en la medicina convencional, pero preparados de un modo diferente al de los procedimientos industriales, empleando formas tradicionales como la maceraci\u00f3n, la infusi\u00f3n o la cocci\u00f3n entre otras muchas accesibles. Ver\u00a0<a title=\"Farmacognosia\" href=\"http:\/\/es.wikipedia.org\/wiki\/Farmacognosia\">Farmacognosia<\/a>.<\/strong><\/p>\n<p style=\"text-align: center\"><strong>N\u00f3tese que como cualquier medicamento, algunas plantas pueden provocar reacciones adversas, intoxicaci\u00f3n por sobredosis o interacciones perniciosas con otras sustancias. El consumo de plantas naturales por cualquier v\u00eda realmente es un proceso de medicaci\u00f3n y es importante que sea informado al m\u00e9dico en caso de necesidad, porque cualquier otro f\u00e1rmaco podr\u00eda interaccionar negativamente con la planta. Por lo tanto, es necesario el mismo control m\u00e9dico estricto con las plantas medicinales que con los medicamentos de s\u00edntesis.<sup><a href=\"http:\/\/es.wikipedia.org\/wiki\/Medicina_natural#cite_note-test-1\">2<\/a><\/sup><\/strong><\/p>\n","protected":false},"excerpt":{"rendered":"<p>\u00a0\u00a0 El t\u00e9rmino\u00a0medicina natural,\u00a0medicina naturista,\u00a0naturopat\u00eda,\u00a0Naturismo\u00a0o\u00a0medicina naturop\u00e1tica, es usado generalmente para designar una pr\u00e1ctica o terapia de intenci\u00f3n preventiva o curativa, que se ha originado paralelamente al desarrollo moderno de la\u00a0medicina\u00a0y la\u00a0farmacolog\u00eda. Se emplea para cualquier\u00a0medicina alternativa\u00a0o complementaria que utiliza remedios tradicionales o no industriales, como las\u00a0plantas medicinales. Seg\u00fan la\u00a0Organizaci\u00f3n Mundial de la Salud (OMS)\u00a0el t\u00e9rmino [&hellip;]<\/p>\n","protected":false},"author":7532,"featured_media":0,"parent":0,"menu_order":0,"comment_status":"open","ping_status":"open","template":"","meta":{"footnotes":""},"class_list":["post-95","page","type-page","status-publish","hentry"],"_links":{"self":[{"href":"https:\/\/blog.espol.edu.ec\/raareval\/wp-json\/wp\/v2\/pages\/95","targetHints":{"allow":["GET"]}}],"collection":[{"href":"https:\/\/blog.espol.edu.ec\/raareval\/wp-json\/wp\/v2\/pages"}],"about":[{"href":"https:\/\/blog.espol.edu.ec\/raareval\/wp-json\/wp\/v2\/types\/page"}],"author":[{"embeddable":true,"href":"https:\/\/blog.espol.edu.ec\/raareval\/wp-json\/wp\/v2\/users\/7532"}],"replies":[{"embeddable":true,"href":"https:\/\/blog.espol.edu.ec\/raareval\/wp-json\/wp\/v2\/comments?post=95"}],"version-history":[{"count":2,"href":"https:\/\/blog.espol.edu.ec\/raareval\/wp-json\/wp\/v2\/pages\/95\/revisions"}],"predecessor-version":[{"id":97,"href":"https:\/\/blog.espol.edu.ec\/raareval\/wp-json\/wp\/v2\/pages\/95\/revisions\/97"}],"wp:attachment":[{"href":"https:\/\/blog.espol.edu.ec\/raareval\/wp-json\/wp\/v2\/media?parent=95"}],"curies":[{"name":"wp","href":"https:\/\/api.w.org\/{rel}","templated":true}]}}