{"id":101,"date":"2015-06-24T15:47:36","date_gmt":"2015-06-24T15:47:36","guid":{"rendered":"http:\/\/blog.espol.edu.ec\/rabasco\/?page_id=101"},"modified":"2015-06-26T02:48:13","modified_gmt":"2015-06-26T02:48:13","slug":"lumia","status":"publish","type":"page","link":"https:\/\/blog.espol.edu.ec\/rabasco\/lumia\/","title":{"rendered":"Windows 8.1"},"content":{"rendered":"<div class=\"embed-container\"><iframe loading=\"lazy\" width=\"750\" height=\"422\" src=\"https:\/\/www.youtube.com\/embed\/SFZF3FKviT4?feature=oembed\" frameborder=\"0\" allow=\"autoplay; encrypted-media\" allowfullscreen><\/iframe><\/div>\n<p><strong><\/strong><\/p>\n<h2><strong><em>Cambios en la interfaz.<\/em><\/strong><\/h2>\n<p>&nbsp;<\/p>\n<p>Ahora Windows Phone 8.1 nos permite a\u00f1adir m\u00e1s Live Tiles. Es decir, ganamos m\u00e1s espacio al permitirnos colocar \u00edconos m\u00e1s peque\u00f1os. Esto ha cambiado bastante la manera en la que configuro ahora mi homescreen (en un Lumia 1020). Con este espacio extra, mi scrolling vertical ha disminuido consierablemente, pues casi todo lo que neccesito, est\u00e1 a la mano. Al menos en la pantalla del Lumia 1020 no tuve problemas con hacer m\u00e1s peque\u00f1os los tiles. No tuve dificultad con ver notificaciones, ni contadores, ni ning\u00fan otro tipo de mensaje.<\/p>\n<p>Adem\u00e1s de mayor espacio, tambi\u00e9n ahora Windows Phone nos permite colocar una imagen de fondo en la pantalla principal. Pero en lugar de sacrificar el tema de los Live Tiles en favor de poner un wallpaper (como en las interfaces m\u00e1s tradicionales usadas por iOS y Android), Windows Phone coge la imagen que queramos configurar como fondo, y las aplica en algunos Live Tiles transparentes. El efecto es bastante bueno, pero <em>s\u00f3lo si encontramos una imagen que cree cierta harmon\u00eda o usamos una de las incluidas<\/em>.<\/p>\n<p>El tiempo de animaciones tambi\u00e9n ha sido reducido, lo que finalmente da la impresi\u00f3n de mayor velocidad en el sistema operativo. Por otro lado, <em>por fin el indicador de bater\u00eda, wifi y se\u00f1al est\u00e1 siempre visible<\/em>. En WP8, ten\u00edamos que deslizar el dedo hacia abajo para ver esta informaci\u00f3n vital. Como ahora este gesto descubre el Action Center, por fin tenemos esta informaci\u00f3n siempre visible.<\/p>\n<p>A todos los niveles, los cambios en el UI mantienen lo que hace a Windows Phone \u00fanico; pero al lado del excelente homescreen, ahora obtenemos finalmente un sistema de notificaciones decente. Todav\u00eda hay trabajo por hacer (sobre todo en la lista de apps que vemos a la mano derecha), pero por lo general, es un genial upgrade.<\/p>\n<p>&nbsp;<\/p>\n<h2><strong><em>Cortana<\/em><\/strong><\/h2>\n<p>Cortana es una propuesta muy interesante por parte de Microsoft. No por lo innovadora, sino porque parece cementar algo que debemos tomar por hecho: en un futuro muy cercano, todos estaremos hablando con nuestro tel\u00e9fono en todo momento, agendando citas, realizando breves investigaciones o b\u00fasquedas, y consiguiendo respuestas a todo tipo de preguntas. Windows Phone, como tercer gran sistema operativo m\u00f3vil (ya establecido, ahora que cuenta con poco m\u00e1s del 10% de la cuota de mercado mundial), ha tambi\u00e9n mostrado la importancia de contar con un sistema de asistencia digital personal.<\/p>\n<p>Lamentablemente, Cortana s\u00f3lo est\u00e1 disponible en ingl\u00e9s, ahora que est\u00e1 en Beta. Consiste en que lo podemos usar, pero a condici\u00f3n de que tengamos nuestro tel\u00e9fono configurado con Ingl\u00e9s (Estados Unidos) para utilizarlo. Por este motivo, no ahondaremos mucho en el tema. Pero s\u00ed vale la pena comentar que Microsoft ha implementado algunas funciones que no hab\u00edamos visto en otros sistemas operativos.<\/p>\n<p>Cortana, por ejemplo, mantiene un Notebook o cuaderno con informaci\u00f3n que va aprendiendo de nosotros. As\u00ed, Cortana tiene una base de datos a la cual puede acceder para aprender, por ejemplo, cu\u00e1ndo es nuestro cumplea\u00f1os, c\u00f3mo nos llamamos, qui\u00e9n es nuestro padre o madre y m\u00e1s. Y lo mejor de todo es que es un cuaderno al cual nosotros podemos acceder en cualquier momento y corregir la info (si es que Cortana est\u00e1 equivocada), o limitar los conocimientos de la misma.<\/p>\n<p>Una pena que el servicio est\u00e9 disponible s\u00f3lo en ingl\u00e9s. Es algo que, esperemos, Microsoft internacionalice pronto.<\/p>\n<p><img loading=\"lazy\" decoding=\"async\" class=\"\" src=\"https:\/\/d1rzqtazjnx4zi.cloudfront.net\/wp-content\/uploads\/2014\/04\/wpid-Photo-201404151153212.jpg\" alt=\"\" width=\"621\" height=\"466\" \/><\/p>\n<h2><strong><em>Conclusi\u00f3n<\/em><\/strong><\/h2>\n<p>&nbsp;<\/p>\n<p>Windows Phone 8.1 es no s\u00f3lo una alternativa viable, sino una opci\u00f3n a sumamente atractiva frente a Android o iOS. El sistema operativo ha llegado a tal punto de maduraci\u00f3n, que es un serio contrincante de los otros dos sistema operativos. Puede no tener todav\u00eda la cuota de mercado de Android, pero no me sorprender\u00eda ver un gran crecimiento durante el 2014; sobre todo porque no s\u00f3lo tenemos a un robusto sistema operativo con este update (que, sinceramente, debi\u00f3 ser llamado cuando menos Windows Phone 8.5 o incluso 9), sino que Nokia sigue creando excelente hardware, a un buen precio.<\/p>\n<p>Todav\u00eda no tenemos un \u201cecosistema de apps\u201d comparable al de Android (y menos al de iOS), pero todas las apps esenciales est\u00e1n. Facebook, Twitter, Evernote, Spotify est\u00e1n todas disponibles en la plataforma. Hay varias otras que todav\u00eda no llegan a Windows Phone, pero dado el constante crecimiento en popularidad, no me sorprender\u00eda ver c\u00f3mo las empresas empiezan a dedicarle m\u00e1s y m\u00e1s personal para el desarrollo de apps a esta plataforma.<\/p>\n<p>Windows Phone 8.1 no s\u00f3lo se trata de una opci\u00f3n viable, sino una que quiz\u00e1s muchas personas terminen prefiriendo. No s\u00f3lo se trata de un robusto y veloz sistema operativo, sino que los terminales que lo utilizan, como la l\u00ednea Lumia de Nokia, est\u00e1 entre los mejores tel\u00e9fonos disponibles. Si estuvieron ignorando Windows Phone debido a que el sistema operativo no se sent\u00eda lo suficientemente maduro, o nos obligaba a sacrificar ciertas funcionalidades, denle una segunda oportunidad.<\/p>\n<p>Ahora, solo falta que los desarrolladores empiecen a prestarle m\u00e1s atenci\u00f3n, para cubrir ciertos ligeros vac\u00edos en apps.<\/p>\n<form id=\"vozme_form_b588c9038f24955be098bc02667199e6\" method=\"post\" name=\"vozme_form_b588c9038f24955be098bc02667199e6\" target=\"b588c9038f24955be098bc02667199e6\" action=\"http:\/\/vozme.com\/text2voice.php\"><input name=\"text\" type=\"hidden\" value=\"Windows 8.1. \n\nCambios en la interfaz.\n&nbsp;\nAhora Windows Phone 8.1 nos permite a\u00f1adir m\u00e1s Live Tiles. Es decir, ganamos m\u00e1s espacio al permitirnos colocar \u00edconos m\u00e1s peque\u00f1os. Esto ha cambiado bastante la manera en la que configuro ahora mi homescreen (en un Lumia 1020). Con este espacio extra, mi scrolling vertical ha disminuido consierablemente, pues casi todo lo que neccesito, est\u00e1 a la mano. Al menos en la pantalla del Lumia 1020 no tuve problemas con hacer m\u00e1s peque\u00f1os los tiles. No tuve dificultad con ver notificaciones, ni contadores, ni ning\u00fan otro tipo de mensaje.\nAdem\u00e1s de mayor espacio, tambi\u00e9n ahora Windows Phone nos permite colocar una imagen de fondo en la pantalla principal. Pero en lugar de sacrificar el tema de los Live Tiles en favor de poner un wallpaper (como en las interfaces m\u00e1s tradicionales usadas por iOS y Android), Windows Phone coge la imagen que queramos configurar como fondo, y las aplica en algunos Live Tiles transparentes. El efecto es bastante bueno, pero s\u00f3lo si encontramos una imagen que cree cierta harmon\u00eda o usamos una de las incluidas.\nEl tiempo de animaciones tambi\u00e9n ha sido reducido, lo que finalmente da la impresi\u00f3n de mayor velocidad en el sistema operativo. Por otro lado, por fin el indicador de bater\u00eda, wifi y se\u00f1al est\u00e1 siempre visible. En WP8, ten\u00edamos que deslizar el dedo hacia abajo para ver esta informaci\u00f3n vital. Como ahora este gesto descubre el Action Center, por fin tenemos esta informaci\u00f3n siempre visible.\nA todos los niveles, los cambios en el UI mantienen lo que hace a Windows Phone \u00fanico; pero al lado del excelente homescreen, ahora obtenemos finalmente un sistema de notificaciones decente. Todav\u00eda hay trabajo por hacer (sobre todo en la lista de apps que vemos a la mano derecha), pero por lo general, es un genial upgrade.\n&nbsp;\nCortana\nCortana es una propuesta muy interesante por parte de Microsoft. No por lo innovadora, sino porque parece cementar algo que debemos tomar por hecho: en un futuro muy cercano, todos estaremos hablando con nuestro tel\u00e9fono en todo momento, agendando citas, realizando breves investigaciones o b\u00fasquedas, y consiguiendo respuestas a todo tipo de preguntas. Windows Phone, como tercer gran sistema operativo m\u00f3vil (ya establecido, ahora que cuenta con poco m\u00e1s del 10% de la cuota de mercado mundial), ha tambi\u00e9n mostrado la importancia de contar con un sistema de asistencia digital personal.\nLamentablemente, Cortana s\u00f3lo est\u00e1 disponible en ingl\u00e9s, ahora que est\u00e1 en Beta. Consiste en que lo podemos usar, pero a condici\u00f3n de que tengamos nuestro tel\u00e9fono configurado con Ingl\u00e9s (Estados Unidos) para utilizarlo. Por este motivo, no ahondaremos mucho en el tema. Pero s\u00ed vale la pena comentar que Microsoft ha implementado algunas funciones que no hab\u00edamos visto en otros sistemas operativos.\nCortana, por ejemplo, mantiene un Notebook o cuaderno con informaci\u00f3n que va aprendiendo de nosotros. As\u00ed, Cortana tiene una base de datos a la cual puede acceder para aprender, por ejemplo, cu\u00e1ndo es nuestro cumplea\u00f1os, c\u00f3mo nos llamamos, qui\u00e9n es nuestro padre o madre y m\u00e1s. Y lo mejor de todo es que es un cuaderno al cual nosotros podemos acceder en cualquier momento y corregir la info (si es que Cortana est\u00e1 equivocada), o limitar los conocimientos de la misma.\nUna pena que el servicio est\u00e9 disponible s\u00f3lo en ingl\u00e9s. Es algo que, esperemos, Microsoft internacionalice pronto.\n\nConclusi\u00f3n\n&nbsp;\nWindows Phone 8.1 es no s\u00f3lo una alternativa viable, sino una opci\u00f3n a sumamente atractiva frente a Android o iOS. El sistema operativo ha llegado a tal punto de maduraci\u00f3n, que es un serio contrincante de los otros dos sistema operativos. Puede no tener todav\u00eda la cuota de mercado de Android, pero no me sorprender\u00eda ver un gran crecimiento durante el 2014; sobre todo porque no s\u00f3lo tenemos a un robusto sistema operativo con este update (que, sinceramente, debi\u00f3 ser llamado cuando menos Windows Phone 8.5 o incluso 9), sino que Nokia sigue creando excelente hardware, a un buen precio.\nTodav\u00eda no tenemos un \u201cecosistema de apps\u201d comparable al de Android (y menos al de iOS), pero todas las apps esenciales est\u00e1n. Facebook, Twitter, Evernote, Spotify est\u00e1n todas disponibles en la plataforma. Hay varias otras que todav\u00eda no llegan a Windows Phone, pero dado el constante crecimiento en popularidad, no me sorprender\u00eda ver c\u00f3mo las empresas empiezan a dedicarle m\u00e1s y m\u00e1s personal para el desarrollo de apps a esta plataforma.\nWindows Phone 8.1 no s\u00f3lo se trata de una opci\u00f3n viable, sino una que quiz\u00e1s muchas personas terminen prefiriendo. No s\u00f3lo se trata de un robusto y veloz sistema operativo, sino que los terminales que lo utilizan, como la l\u00ednea Lumia de Nokia, est\u00e1 entre los mejores tel\u00e9fonos disponibles. Si estuvieron ignorando Windows Phone debido a que el sistema operativo no se sent\u00eda lo suficientemente maduro, o nos obligaba a sacrificar ciertas funcionalidades, denle una segunda oportunidad.\nAhora, solo falta que los desarrolladores empiecen a prestarle m\u00e1s atenci\u00f3n, para cubrir ciertos ligeros vac\u00edos en apps.\n\" \/><input name=\"lang\" type=\"hidden\" value=\"en\" \/><input name=\"gn\" type=\"hidden\" value=\"ml\" \/><input type=\"hidden\" id=\"interface\" name=\"interface\" value=\"full\" \/>\n\t\t\t<div style=\"margin-left:40%;\">\n\t\t\t\n\t\t\t\t<input style=\"float:left;\" type=\"image\" width=\"40\" height=\"40\" src=\"http:\/\/blog.espol.edu.ec\/rabasco\/wp-content\/plugins\/vozme\/img\/megaphone40x40w.gif\" alt=\"Hear this post\" onclick=\"window.open('', 'b588c9038f24955be098bc02667199e6', 'width=600,height=370,scrollbars=yes,location=yes,menubar=yes,resizable=yes,status=yes,toolbar=yes');\">\n\t\t\t\t<div style=\"margin-left:48px; text-align:left;\"><a style=\"font-size:12px;\" href=\"javascript:void(0);\" onclick=\"window.open('', 'b588c9038f24955be098bc02667199e6', 'width=600,height=370,scrollbars=yes,location=yes,menubar=yes,resizable=yes,status=yes,toolbar=yes'); document.getElementById('vozme_form_b588c9038f24955be098bc02667199e6').submit();\">Hear<br\/>this post<\/a><\/div>\n\t\t\t<\/div><\/form>","protected":false},"excerpt":{"rendered":"<p>Cambios en la interfaz. &nbsp; Ahora Windows Phone 8.1 nos permite a\u00f1adir m\u00e1s Live Tiles. Es decir, ganamos m\u00e1s espacio al permitirnos colocar \u00edconos m\u00e1s peque\u00f1os. Esto ha cambiado bastante la manera en la que configuro ahora mi homescreen (en un Lumia 1020). Con este espacio extra, mi scrolling vertical ha disminuido consierablemente, pues casi &hellip; <\/p>\n<p><a class=\"more-link btn\" href=\"https:\/\/blog.espol.edu.ec\/rabasco\/lumia\/\">Seguir leyendo<\/a><\/p>\n","protected":false},"author":9687,"featured_media":0,"parent":0,"menu_order":0,"comment_status":"open","ping_status":"closed","template":"","meta":{"footnotes":""},"class_list":["post-101","page","type-page","status-publish","hentry","nodate","item-wrap"],"_links":{"self":[{"href":"https:\/\/blog.espol.edu.ec\/rabasco\/wp-json\/wp\/v2\/pages\/101","targetHints":{"allow":["GET"]}}],"collection":[{"href":"https:\/\/blog.espol.edu.ec\/rabasco\/wp-json\/wp\/v2\/pages"}],"about":[{"href":"https:\/\/blog.espol.edu.ec\/rabasco\/wp-json\/wp\/v2\/types\/page"}],"author":[{"embeddable":true,"href":"https:\/\/blog.espol.edu.ec\/rabasco\/wp-json\/wp\/v2\/users\/9687"}],"replies":[{"embeddable":true,"href":"https:\/\/blog.espol.edu.ec\/rabasco\/wp-json\/wp\/v2\/comments?post=101"}],"version-history":[{"count":3,"href":"https:\/\/blog.espol.edu.ec\/rabasco\/wp-json\/wp\/v2\/pages\/101\/revisions"}],"predecessor-version":[{"id":111,"href":"https:\/\/blog.espol.edu.ec\/rabasco\/wp-json\/wp\/v2\/pages\/101\/revisions\/111"}],"wp:attachment":[{"href":"https:\/\/blog.espol.edu.ec\/rabasco\/wp-json\/wp\/v2\/media?parent=101"}],"curies":[{"name":"wp","href":"https:\/\/api.w.org\/{rel}","templated":true}]}}